{"id":4754,"date":"2024-08-09T07:48:40","date_gmt":"2024-08-09T07:48:40","guid":{"rendered":"https:\/\/www.isoltech.it\/massetto-isolante-doppio-strato-in-cemento-cellulare\/"},"modified":"2024-11-26T09:25:41","modified_gmt":"2024-11-26T09:25:41","slug":"solera-aislante-ligera-hormigon-celular","status":"publish","type":"page","link":"https:\/\/www.isoltech.it\/es\/solera-aislante-ligera-hormigon-celular\/","title":{"rendered":"Solera aislante de doble capa en hormig\u00f3n celular"},"content":{"rendered":"\t\t<div data-elementor-type=\"wp-page\" data-elementor-id=\"4754\" class=\"elementor elementor-4754 elementor-1119\" data-elementor-post-type=\"page\">\n\t\t\t\t<div class=\"elementor-element elementor-element-e09f93f e-flex e-con-boxed e-con e-parent\" data-id=\"e09f93f\" data-element_type=\"container\" data-settings=\"{&quot;background_background&quot;:&quot;classic&quot;}\">\n\t\t\t\t\t<div class=\"e-con-inner\">\n\t\t<div class=\"elementor-element elementor-element-e19a7b3 e-con-full e-flex e-con e-child\" data-id=\"e19a7b3\" data-element_type=\"container\">\n\t\t\t\t<div class=\"elementor-element elementor-element-74cacce animated-slow elementor-invisible elementor-widget elementor-widget-jkit_heading\" data-id=\"74cacce\" data-element_type=\"widget\" data-settings=\"{&quot;_animation&quot;:&quot;fadeInUp&quot;}\" data-widget_type=\"jkit_heading.default\">\n\t\t\t\t<div class=\"elementor-widget-container\">\n\t\t\t\t\t<div  class=\"jeg-elementor-kit jkit-heading  align- align-tablet- align-mobile- jeg_module___69e5e2dec5a80\" ><div class=\"heading-section-title  display-inline-block\"><h5 class=\"heading-title\">APLICACIONES<\/h5><\/div><\/div>\t\t\t\t<\/div>\n\t\t\t\t<\/div>\n\t\t\t\t<div class=\"elementor-element elementor-element-35c3754 elementor-widget elementor-widget-heading\" data-id=\"35c3754\" data-element_type=\"widget\" data-widget_type=\"heading.default\">\n\t\t\t\t<div class=\"elementor-widget-container\">\n\t\t\t\t\t<h1 class=\"elementor-heading-title elementor-size-default\">Solera aislante de doble capa en hormig\u00f3n celular<\/h1>\t\t\t\t<\/div>\n\t\t\t\t<\/div>\n\t\t\t\t<div class=\"elementor-element elementor-element-b8a913f elementor-widget elementor-widget-text-editor\" data-id=\"b8a913f\" data-element_type=\"widget\" data-widget_type=\"text-editor.default\">\n\t\t\t\t<div class=\"elementor-widget-container\">\n\t\t\t\t\t\t\t\t\t<p><strong>La solera aislante de doble capa utiliza hormig\u00f3n celular principalmente como base aislante. <\/strong><\/p>\n<p><span style=\"font-weight: 400;\">Este material, empleado como solera ligera, nivela los tubos, sirviendo de soporte para la base tradicional, reduciendo tanto el espesor como el peso. <\/span><\/p>\n<p><span style=\"font-weight: 400;\">Adem\u00e1s, gracias a su estructura discontinua, el hormig\u00f3n celular mejora significativamente el aislamiento ac\u00fastico frente al ruido de impacto.<\/span><\/p>\t\t\t\t\t\t\t\t<\/div>\n\t\t\t\t<\/div>\n\t\t\t\t<\/div>\n\t\t<div class=\"elementor-element elementor-element-f6c8caf e-con-full e-flex e-con e-child\" data-id=\"f6c8caf\" data-element_type=\"container\">\n\t\t\t\t<div class=\"elementor-element elementor-element-6242f6b elementor-widget__width-initial elementor-widget elementor-widget-image\" data-id=\"6242f6b\" data-element_type=\"widget\" data-widget_type=\"image.default\">\n\t\t\t\t<div class=\"elementor-widget-container\">\n\t\t\t\t\t\t\t\t\t\t\t\t\t\t\t<img decoding=\"async\" src=\"https:\/\/www.isoltech.it\/wp-content\/uploads\/elementor\/thumbs\/sottofondi-per-pavimentazioni-isoltech-qx1j9t91le0rujb4ryuttsulspmma3a4ibjakfooja.jpg\" title=\"sottofondi-per-pavimentazioni-isoltech\" alt=\"pompaggio del cemento cellulare per creare il sottofondo di una pavimentazione\" loading=\"lazy\" \/>\t\t\t\t\t\t\t\t\t\t\t\t\t\t\t<\/div>\n\t\t\t\t<\/div>\n\t\t\t\t<\/div>\n\t\t\t\t\t<\/div>\n\t\t\t\t<\/div>\n\t\t<div class=\"elementor-element elementor-element-480c15b e-flex e-con-boxed e-con e-parent\" data-id=\"480c15b\" data-element_type=\"container\" data-settings=\"{&quot;background_background&quot;:&quot;classic&quot;}\">\n\t\t\t\t\t<div class=\"e-con-inner\">\n\t\t\t\t<div class=\"elementor-element elementor-element-5bb66a2 elementor-widget-divider--view-line elementor-widget elementor-widget-divider\" data-id=\"5bb66a2\" data-element_type=\"widget\" data-widget_type=\"divider.default\">\n\t\t\t\t<div class=\"elementor-widget-container\">\n\t\t\t\t\t\t\t<div class=\"elementor-divider\">\n\t\t\t<span class=\"elementor-divider-separator\">\n\t\t\t\t\t\t<\/span>\n\t\t<\/div>\n\t\t\t\t\t\t<\/div>\n\t\t\t\t<\/div>\n\t\t<div class=\"elementor-element elementor-element-534c328 e-con-full e-flex e-con e-child\" data-id=\"534c328\" data-element_type=\"container\" data-settings=\"{&quot;background_background&quot;:&quot;classic&quot;}\">\n\t\t<div class=\"elementor-element elementor-element-fc2e63e e-con-full e-flex e-con e-child\" data-id=\"fc2e63e\" data-element_type=\"container\">\n\t\t\t\t<div class=\"elementor-element elementor-element-d3bcc8f elementor-widget elementor-widget-heading\" data-id=\"d3bcc8f\" data-element_type=\"widget\" data-widget_type=\"heading.default\">\n\t\t\t\t<div class=\"elementor-widget-container\">\n\t\t\t\t\t<h2 class=\"elementor-heading-title elementor-size-default\">Caracter\u00edsticas t\u00e9cnicas de la solera aislante <br>de doble capa en hormig\u00f3n celular<\/h2>\t\t\t\t<\/div>\n\t\t\t\t<\/div>\n\t\t\t\t<div class=\"elementor-element elementor-element-fb18efa elementor-hidden-desktop elementor-hidden-tablet elementor-hidden-mobile elementor-widget elementor-widget-text-editor\" data-id=\"fb18efa\" data-element_type=\"widget\" data-widget_type=\"text-editor.default\">\n\t\t\t\t<div class=\"elementor-widget-container\">\n\t\t\t\t\t\t\t\t\t<p>Isocem S\/X conferisce le migliori resistenze, specialmente iniziali, agli impasti di cemento cellulare a media densit\u00e0:<\/p>\t\t\t\t\t\t\t\t<\/div>\n\t\t\t\t<\/div>\n\t\t<div class=\"elementor-element elementor-element-6f7d3c8 e-con-full e-flex e-con e-child\" data-id=\"6f7d3c8\" data-element_type=\"container\">\n\t\t<div class=\"elementor-element elementor-element-5650618 e-con-full e-flex e-con e-child\" data-id=\"5650618\" data-element_type=\"container\" data-settings=\"{&quot;background_background&quot;:&quot;classic&quot;}\">\n\t\t\t\t<div class=\"elementor-element elementor-element-64b618b elementor-widget elementor-widget-image\" data-id=\"64b618b\" data-element_type=\"widget\" data-widget_type=\"image.default\">\n\t\t\t\t<div class=\"elementor-widget-container\">\n\t\t\t\t\t\t\t\t\t\t\t\t\t\t\t<img fetchpriority=\"high\" decoding=\"async\" width=\"1484\" height=\"566\" src=\"https:\/\/www.isoltech.it\/wp-content\/uploads\/2024\/10\/TABELLA-1-FORMULAZIONI-PER-SOTTOFONDI-A-DIVERSE-DENSITA-SPAGNOLO-CORRETTA-.png\" class=\"attachment-full size-full wp-image-6235\" alt=\"\" srcset=\"https:\/\/www.isoltech.it\/wp-content\/uploads\/2024\/10\/TABELLA-1-FORMULAZIONI-PER-SOTTOFONDI-A-DIVERSE-DENSITA-SPAGNOLO-CORRETTA-.png 1484w, https:\/\/www.isoltech.it\/wp-content\/uploads\/2024\/10\/TABELLA-1-FORMULAZIONI-PER-SOTTOFONDI-A-DIVERSE-DENSITA-SPAGNOLO-CORRETTA--300x114.png 300w, https:\/\/www.isoltech.it\/wp-content\/uploads\/2024\/10\/TABELLA-1-FORMULAZIONI-PER-SOTTOFONDI-A-DIVERSE-DENSITA-SPAGNOLO-CORRETTA--1024x391.png 1024w, https:\/\/www.isoltech.it\/wp-content\/uploads\/2024\/10\/TABELLA-1-FORMULAZIONI-PER-SOTTOFONDI-A-DIVERSE-DENSITA-SPAGNOLO-CORRETTA--768x293.png 768w\" sizes=\"(max-width: 1484px) 100vw, 1484px\" \/>\t\t\t\t\t\t\t\t\t\t\t\t\t\t\t<\/div>\n\t\t\t\t<\/div>\n\t\t\t\t<div class=\"elementor-element elementor-element-e7ea17a elementor-hidden-desktop elementor-hidden-tablet elementor-hidden-mobile jkit-equal-height-disable elementor-widget elementor-widget-jkit_icon_box\" data-id=\"e7ea17a\" data-element_type=\"widget\" data-widget_type=\"jkit_icon_box.default\">\n\t\t\t\t<div class=\"elementor-widget-container\">\n\t\t\t\t\t<div  class=\"jeg-elementor-kit jkit-icon-box icon-position- elementor-animation- jeg_module__1_69e5e2decc074\" ><div class=\"jkit-icon-box-wrapper hover-from-left\"><div class=\"icon-box icon-box-body\">\n                <h3 class=\"title\">FORMULAZIONI PER SOTTOFONDI A DIVERSE DENSITA'<\/h3>\n            <\/div>\n            \n            <\/div><\/div>\t\t\t\t<\/div>\n\t\t\t\t<\/div>\n\t\t\t\t<\/div>\n\t\t\t\t<\/div>\n\t\t\t\t<\/div>\n\t\t\t\t<\/div>\n\t\t\t\t\t<\/div>\n\t\t\t\t<\/div>\n\t\t<div class=\"elementor-element elementor-element-c144747 e-flex e-con-boxed e-con e-parent\" data-id=\"c144747\" data-element_type=\"container\" data-settings=\"{&quot;background_background&quot;:&quot;classic&quot;}\">\n\t\t\t\t\t<div class=\"e-con-inner\">\n\t\t\t\t<div class=\"elementor-element elementor-element-36ba657 elementor-widget-divider--view-line elementor-widget elementor-widget-divider\" data-id=\"36ba657\" data-element_type=\"widget\" data-widget_type=\"divider.default\">\n\t\t\t\t<div class=\"elementor-widget-container\">\n\t\t\t\t\t\t\t<div class=\"elementor-divider\">\n\t\t\t<span class=\"elementor-divider-separator\">\n\t\t\t\t\t\t<\/span>\n\t\t<\/div>\n\t\t\t\t\t\t<\/div>\n\t\t\t\t<\/div>\n\t\t\t\t\t<\/div>\n\t\t\t\t<\/div>\n\t\t<div class=\"elementor-element elementor-element-fba3f25 e-con-full e-flex e-con e-parent\" data-id=\"fba3f25\" data-element_type=\"container\">\n\t\t<div class=\"elementor-element elementor-element-710cf06 e-flex e-con-boxed e-con e-child\" data-id=\"710cf06\" data-element_type=\"container\" data-settings=\"{&quot;background_background&quot;:&quot;classic&quot;}\">\n\t\t\t\t\t<div class=\"e-con-inner\">\n\t\t\t\t<div class=\"elementor-element elementor-element-07dde92 elementor-widget elementor-widget-heading\" data-id=\"07dde92\" data-element_type=\"widget\" data-widget_type=\"heading.default\">\n\t\t\t\t<div class=\"elementor-widget-container\">\n\t\t\t\t\t<h1 class=\"elementor-heading-title elementor-size-default\">Galer\u00eda de im\u00e1genes<\/h1>\t\t\t\t<\/div>\n\t\t\t\t<\/div>\n\t\t<div class=\"elementor-element elementor-element-efbf061 e-con-full e-flex e-con e-child\" data-id=\"efbf061\" data-element_type=\"container\" data-settings=\"{&quot;background_background&quot;:&quot;classic&quot;}\">\n\t\t\t\t<div class=\"elementor-element elementor-element-7fe23b2 elementor-pagination-position-inside elementor-widget elementor-widget-image-carousel\" data-id=\"7fe23b2\" data-element_type=\"widget\" data-settings=\"{&quot;slides_to_show&quot;:&quot;4&quot;,&quot;navigation&quot;:&quot;dots&quot;,&quot;image_spacing_custom&quot;:{&quot;unit&quot;:&quot;px&quot;,&quot;size&quot;:30,&quot;sizes&quot;:[]},&quot;autoplay&quot;:&quot;yes&quot;,&quot;pause_on_hover&quot;:&quot;yes&quot;,&quot;pause_on_interaction&quot;:&quot;yes&quot;,&quot;autoplay_speed&quot;:5000,&quot;infinite&quot;:&quot;yes&quot;,&quot;speed&quot;:500,&quot;image_spacing_custom_tablet&quot;:{&quot;unit&quot;:&quot;px&quot;,&quot;size&quot;:&quot;&quot;,&quot;sizes&quot;:[]},&quot;image_spacing_custom_mobile&quot;:{&quot;unit&quot;:&quot;px&quot;,&quot;size&quot;:&quot;&quot;,&quot;sizes&quot;:[]}}\" data-widget_type=\"image-carousel.default\">\n\t\t\t\t<div class=\"elementor-widget-container\">\n\t\t\t\t\t\t\t<div class=\"elementor-image-carousel-wrapper swiper\" role=\"region\" aria-roledescription=\"carousel\" aria-label=\"Carrusel de im\u00e1genes\" dir=\"ltr\">\n\t\t\t<div class=\"elementor-image-carousel swiper-wrapper\" aria-live=\"off\">\n\t\t\t\t\t\t\t\t<div class=\"swiper-slide\" role=\"group\" aria-roledescription=\"slide\" aria-label=\"1 de 3\"><a data-elementor-open-lightbox=\"yes\" data-elementor-lightbox-slideshow=\"7fe23b2\" data-elementor-lightbox-title=\"cemento-cellulare-con-increment-tixo-sversamento\" data-e-action-hash=\"#elementor-action%3Aaction%3Dlightbox%26settings%3DeyJpZCI6MjU1MCwidXJsIjoiaHR0cHM6XC9cL3d3dy5pc29sdGVjaC5pdFwvd3AtY29udGVudFwvdXBsb2Fkc1wvMjAyNFwvMDlcL2NlbWVudG8tY2VsbHVsYXJlLWNvbi1pbmNyZW1lbnQtdGl4by1zdmVyc2FtZW50by0xLmpwZyIsInNsaWRlc2hvdyI6IjdmZTIzYjIifQ%3D%3D\" href=\"https:\/\/www.isoltech.it\/wp-content\/uploads\/2024\/09\/cemento-cellulare-con-increment-tixo-sversamento-1.jpg\"><figure class=\"swiper-slide-inner\"><img decoding=\"async\" class=\"swiper-slide-image\" src=\"https:\/\/www.isoltech.it\/wp-content\/uploads\/2024\/09\/cemento-cellulare-con-increment-tixo-sversamento-1.jpg\" alt=\"cemento-cellulare-con-increment-tixo-sversamento\" \/><\/figure><\/a><\/div><div class=\"swiper-slide\" role=\"group\" aria-roledescription=\"slide\" aria-label=\"2 de 3\"><a data-elementor-open-lightbox=\"yes\" data-elementor-lightbox-slideshow=\"7fe23b2\" data-elementor-lightbox-title=\"massetto-doppio-strato-dettaglio-dei-tubi-a-pavimento\" data-e-action-hash=\"#elementor-action%3Aaction%3Dlightbox%26settings%3DeyJpZCI6MjU1MSwidXJsIjoiaHR0cHM6XC9cL3d3dy5pc29sdGVjaC5pdFwvd3AtY29udGVudFwvdXBsb2Fkc1wvMjAyNFwvMDlcL21hc3NldHRvLWRvcHBpby1zdHJhdG8tZGV0dGFnbGlvLWRlaS10dWJpLWEtcGF2aW1lbnRvLTEuanBnIiwic2xpZGVzaG93IjoiN2ZlMjNiMiJ9\" href=\"https:\/\/www.isoltech.it\/wp-content\/uploads\/2024\/09\/massetto-doppio-strato-dettaglio-dei-tubi-a-pavimento-1.jpg\"><figure class=\"swiper-slide-inner\"><img decoding=\"async\" class=\"swiper-slide-image\" src=\"https:\/\/www.isoltech.it\/wp-content\/uploads\/2024\/09\/massetto-doppio-strato-dettaglio-dei-tubi-a-pavimento-1.jpg\" alt=\"massetto-doppio-strato-dettaglio-dei-tubi-a-pavimento\" \/><\/figure><\/a><\/div><div class=\"swiper-slide\" role=\"group\" aria-roledescription=\"slide\" aria-label=\"3 de 3\"><a data-elementor-open-lightbox=\"yes\" data-elementor-lightbox-slideshow=\"7fe23b2\" data-elementor-lightbox-title=\"massetto-doppio-strato-steso\" data-e-action-hash=\"#elementor-action%3Aaction%3Dlightbox%26settings%3DeyJpZCI6MjU1MiwidXJsIjoiaHR0cHM6XC9cL3d3dy5pc29sdGVjaC5pdFwvd3AtY29udGVudFwvdXBsb2Fkc1wvMjAyNFwvMDlcL21hc3NldHRvLWRvcHBpby1zdHJhdG8tc3Rlc28tMS5qcGciLCJzbGlkZXNob3ciOiI3ZmUyM2IyIn0%3D\" href=\"https:\/\/www.isoltech.it\/wp-content\/uploads\/2024\/09\/massetto-doppio-strato-steso-1.jpg\"><figure class=\"swiper-slide-inner\"><img decoding=\"async\" class=\"swiper-slide-image\" src=\"https:\/\/www.isoltech.it\/wp-content\/uploads\/2024\/09\/massetto-doppio-strato-steso-1.jpg\" alt=\"massetto-doppio-strato-steso\" \/><\/figure><\/a><\/div>\t\t\t<\/div>\n\t\t\t\t\t\t\t\n\t\t\t\t\t\t\t\t\t<div class=\"swiper-pagination\"><\/div>\n\t\t\t\t\t\t\t\t\t<\/div>\n\t\t\t\t\t\t<\/div>\n\t\t\t\t<\/div>\n\t\t\t\t<\/div>\n\t\t\t\t\t<\/div>\n\t\t\t\t<\/div>\n\t\t<div class=\"elementor-element elementor-element-934b0d9 e-con-full e-flex e-con e-child\" data-id=\"934b0d9\" data-element_type=\"container\" data-settings=\"{&quot;background_background&quot;:&quot;classic&quot;}\">\n\t\t<div class=\"elementor-element elementor-element-44352b1 e-con-full e-flex e-con e-child\" data-id=\"44352b1\" data-element_type=\"container\">\n\t\t\t\t<div class=\"elementor-element elementor-element-2c50fdf animated-slow elementor-invisible elementor-widget elementor-widget-jkit_heading\" data-id=\"2c50fdf\" data-element_type=\"widget\" data-settings=\"{&quot;_animation&quot;:&quot;fadeInUp&quot;}\" data-widget_type=\"jkit_heading.default\">\n\t\t\t\t<div class=\"elementor-widget-container\">\n\t\t\t\t\t<div  class=\"jeg-elementor-kit jkit-heading  align-center align-tablet- align-mobile- jeg_module__2_69e5e2decd1c8\" ><div class=\"heading-section-title  display-inline-block\"><h5 class=\"heading-title\"><span class=\"style-color\"><span>INFORMACI\u00d3N<\/span><\/span><\/h5><\/div><\/div>\t\t\t\t<\/div>\n\t\t\t\t<\/div>\n\t\t\t\t<div class=\"elementor-element elementor-element-93f099f elementor-widget elementor-widget-heading\" data-id=\"93f099f\" data-element_type=\"widget\" data-widget_type=\"heading.default\">\n\t\t\t\t<div class=\"elementor-widget-container\">\n\t\t\t\t\t<h2 class=\"elementor-heading-title elementor-size-default\">\u00bfNecesita una aplicaci\u00f3n distinta a las enumeradas?<\/h2>\t\t\t\t<\/div>\n\t\t\t\t<\/div>\n\t\t\t\t<div class=\"elementor-element elementor-element-923d9e5 elementor-widget elementor-widget-text-editor\" data-id=\"923d9e5\" data-element_type=\"widget\" data-widget_type=\"text-editor.default\">\n\t\t\t\t<div class=\"elementor-widget-container\">\n\t\t\t\t\t\t\t\t\t<p>Nuestro personal especializado est\u00e1 a su disposici\u00f3n<\/p>\t\t\t\t\t\t\t\t<\/div>\n\t\t\t\t<\/div>\n\t\t\t\t<div class=\"elementor-element elementor-element-656457c elementor-align-center elementor-widget elementor-widget-button\" data-id=\"656457c\" data-element_type=\"widget\" data-widget_type=\"button.default\">\n\t\t\t\t<div class=\"elementor-widget-container\">\n\t\t\t\t\t\t\t\t\t<div class=\"elementor-button-wrapper\">\n\t\t\t\t\t<a class=\"elementor-button elementor-button-link elementor-size-sm\" href=\"https:\/\/www.isoltech.it\/es\/contacto\/\">\n\t\t\t\t\t\t<span class=\"elementor-button-content-wrapper\">\n\t\t\t\t\t\t\t\t\t<span class=\"elementor-button-text\">Cont\u00e1ctenos ahora<\/span>\n\t\t\t\t\t<\/span>\n\t\t\t\t\t<\/a>\n\t\t\t\t<\/div>\n\t\t\t\t\t\t\t\t<\/div>\n\t\t\t\t<\/div>\n\t\t\t\t<\/div>\n\t\t\t\t<\/div>\n\t\t\t\t<\/div>\n\t\t\t\t<\/div>\n\t\t","protected":false},"excerpt":{"rendered":"<p>APLICACIONES Solera aislante de doble capa en hormig\u00f3n celular La solera aislante de doble capa utiliza hormig\u00f3n celular principalmente como base aislante. Este material, empleado como solera ligera, nivela los tubos, sirviendo de soporte para la base tradicional, reduciendo tanto el espesor como el peso. Adem\u00e1s, gracias a su estructura discontinua, el hormig\u00f3n celular mejora [&hellip;]<\/p>\n","protected":false},"author":1,"featured_media":0,"parent":0,"menu_order":0,"comment_status":"closed","ping_status":"closed","template":"elementor_header_footer","meta":{"footnotes":""},"class_list":["post-4754","page","type-page","status-publish","hentry"],"yoast_head":"<!-- This site is optimized with the Yoast SEO plugin v25.3 - https:\/\/yoast.com\/wordpress\/plugins\/seo\/ -->\n<title>Solera aislante de doble capa en hormig\u00f3n celular - Isoltech<\/title>\n<meta name=\"description\" content=\"La solera bicapa en hormig\u00f3n celular es la base aislante sobre la que se coloca la solera tradicional para reducir el espesor y el peso.\" \/>\n<meta name=\"robots\" content=\"index, follow, max-snippet:-1, max-image-preview:large, max-video-preview:-1\" \/>\n<link rel=\"canonical\" href=\"https:\/\/www.isoltech.it\/es\/solera-aislante-ligera-hormigon-celular\/\" \/>\n<meta property=\"og:locale\" content=\"es_ES\" \/>\n<meta property=\"og:type\" content=\"article\" \/>\n<meta property=\"og:title\" content=\"Solera aislante de doble capa en hormig\u00f3n celular - Isoltech\" \/>\n<meta property=\"og:description\" content=\"La solera bicapa en hormig\u00f3n celular es la base aislante sobre la que se coloca la solera tradicional para reducir el espesor y el peso.\" \/>\n<meta property=\"og:url\" content=\"https:\/\/www.isoltech.it\/es\/solera-aislante-ligera-hormigon-celular\/\" \/>\n<meta property=\"og:site_name\" content=\"Isoltech\" \/>\n<meta property=\"article:modified_time\" content=\"2024-11-26T09:25:41+00:00\" \/>\n<meta property=\"og:image\" content=\"https:\/\/www.isoltech.it\/wp-content\/uploads\/elementor\/thumbs\/sottofondi-per-pavimentazioni-isoltech-qx1j9t91le0rujb4ryuttsulspmma3a4ibjakfonc8.jpg\" \/>\n<meta name=\"twitter:card\" content=\"summary_large_image\" \/>\n<meta name=\"twitter:label1\" content=\"Tiempo de lectura\" \/>\n\t<meta name=\"twitter:data1\" content=\"2 minutos\" \/>\n<script type=\"application\/ld+json\" class=\"yoast-schema-graph\">{\"@context\":\"https:\/\/schema.org\",\"@graph\":[{\"@type\":\"WebPage\",\"@id\":\"https:\/\/www.isoltech.it\/es\/solera-aislante-ligera-hormigon-celular\/\",\"url\":\"https:\/\/www.isoltech.it\/es\/solera-aislante-ligera-hormigon-celular\/\",\"name\":\"Solera aislante de doble capa en hormig\u00f3n celular - Isoltech\",\"isPartOf\":{\"@id\":\"https:\/\/www.isoltech.it\/es\/#website\"},\"primaryImageOfPage\":{\"@id\":\"https:\/\/www.isoltech.it\/es\/solera-aislante-ligera-hormigon-celular\/#primaryimage\"},\"image\":{\"@id\":\"https:\/\/www.isoltech.it\/es\/solera-aislante-ligera-hormigon-celular\/#primaryimage\"},\"thumbnailUrl\":\"https:\/\/www.isoltech.it\/wp-content\/uploads\/elementor\/thumbs\/sottofondi-per-pavimentazioni-isoltech-qx1j9t91le0rujb4ryuttsulspmma3a4ibjakfonc8.jpg\",\"datePublished\":\"2024-08-09T07:48:40+00:00\",\"dateModified\":\"2024-11-26T09:25:41+00:00\",\"description\":\"La solera bicapa en hormig\u00f3n celular es la base aislante sobre la que se coloca la solera tradicional para reducir el espesor y el peso.\",\"breadcrumb\":{\"@id\":\"https:\/\/www.isoltech.it\/es\/solera-aislante-ligera-hormigon-celular\/#breadcrumb\"},\"inLanguage\":\"es\",\"potentialAction\":[{\"@type\":\"ReadAction\",\"target\":[\"https:\/\/www.isoltech.it\/es\/solera-aislante-ligera-hormigon-celular\/\"]}]},{\"@type\":\"ImageObject\",\"inLanguage\":\"es\",\"@id\":\"https:\/\/www.isoltech.it\/es\/solera-aislante-ligera-hormigon-celular\/#primaryimage\",\"url\":\"https:\/\/www.isoltech.it\/wp-content\/uploads\/elementor\/thumbs\/sottofondi-per-pavimentazioni-isoltech-qx1j9t91le0rujb4ryuttsulspmma3a4ibjakfonc8.jpg\",\"contentUrl\":\"https:\/\/www.isoltech.it\/wp-content\/uploads\/elementor\/thumbs\/sottofondi-per-pavimentazioni-isoltech-qx1j9t91le0rujb4ryuttsulspmma3a4ibjakfonc8.jpg\"},{\"@type\":\"BreadcrumbList\",\"@id\":\"https:\/\/www.isoltech.it\/es\/solera-aislante-ligera-hormigon-celular\/#breadcrumb\",\"itemListElement\":[{\"@type\":\"ListItem\",\"position\":1,\"name\":\"Home\",\"item\":\"https:\/\/www.isoltech.it\/es\/\"},{\"@type\":\"ListItem\",\"position\":2,\"name\":\"Solera aislante de doble capa en hormig\u00f3n celular\"}]},{\"@type\":\"WebSite\",\"@id\":\"https:\/\/www.isoltech.it\/es\/#website\",\"url\":\"https:\/\/www.isoltech.it\/es\/\",\"name\":\"Isoltech\",\"description\":\"cemento cellulare\",\"potentialAction\":[{\"@type\":\"SearchAction\",\"target\":{\"@type\":\"EntryPoint\",\"urlTemplate\":\"https:\/\/www.isoltech.it\/es\/?s={search_term_string}\"},\"query-input\":{\"@type\":\"PropertyValueSpecification\",\"valueRequired\":true,\"valueName\":\"search_term_string\"}}],\"inLanguage\":\"es\"}]}<\/script>\n<!-- \/ Yoast SEO plugin. -->","yoast_head_json":{"title":"Solera aislante de doble capa en hormig\u00f3n celular - Isoltech","description":"La solera bicapa en hormig\u00f3n celular es la base aislante sobre la que se coloca la solera tradicional para reducir el espesor y el peso.","robots":{"index":"index","follow":"follow","max-snippet":"max-snippet:-1","max-image-preview":"max-image-preview:large","max-video-preview":"max-video-preview:-1"},"canonical":"https:\/\/www.isoltech.it\/es\/solera-aislante-ligera-hormigon-celular\/","og_locale":"es_ES","og_type":"article","og_title":"Solera aislante de doble capa en hormig\u00f3n celular - Isoltech","og_description":"La solera bicapa en hormig\u00f3n celular es la base aislante sobre la que se coloca la solera tradicional para reducir el espesor y el peso.","og_url":"https:\/\/www.isoltech.it\/es\/solera-aislante-ligera-hormigon-celular\/","og_site_name":"Isoltech","article_modified_time":"2024-11-26T09:25:41+00:00","og_image":[{"url":"https:\/\/www.isoltech.it\/wp-content\/uploads\/elementor\/thumbs\/sottofondi-per-pavimentazioni-isoltech-qx1j9t91le0rujb4ryuttsulspmma3a4ibjakfonc8.jpg","type":"","width":"","height":""}],"twitter_card":"summary_large_image","twitter_misc":{"Tiempo de lectura":"2 minutos"},"schema":{"@context":"https:\/\/schema.org","@graph":[{"@type":"WebPage","@id":"https:\/\/www.isoltech.it\/es\/solera-aislante-ligera-hormigon-celular\/","url":"https:\/\/www.isoltech.it\/es\/solera-aislante-ligera-hormigon-celular\/","name":"Solera aislante de doble capa en hormig\u00f3n celular - Isoltech","isPartOf":{"@id":"https:\/\/www.isoltech.it\/es\/#website"},"primaryImageOfPage":{"@id":"https:\/\/www.isoltech.it\/es\/solera-aislante-ligera-hormigon-celular\/#primaryimage"},"image":{"@id":"https:\/\/www.isoltech.it\/es\/solera-aislante-ligera-hormigon-celular\/#primaryimage"},"thumbnailUrl":"https:\/\/www.isoltech.it\/wp-content\/uploads\/elementor\/thumbs\/sottofondi-per-pavimentazioni-isoltech-qx1j9t91le0rujb4ryuttsulspmma3a4ibjakfonc8.jpg","datePublished":"2024-08-09T07:48:40+00:00","dateModified":"2024-11-26T09:25:41+00:00","description":"La solera bicapa en hormig\u00f3n celular es la base aislante sobre la que se coloca la solera tradicional para reducir el espesor y el peso.","breadcrumb":{"@id":"https:\/\/www.isoltech.it\/es\/solera-aislante-ligera-hormigon-celular\/#breadcrumb"},"inLanguage":"es","potentialAction":[{"@type":"ReadAction","target":["https:\/\/www.isoltech.it\/es\/solera-aislante-ligera-hormigon-celular\/"]}]},{"@type":"ImageObject","inLanguage":"es","@id":"https:\/\/www.isoltech.it\/es\/solera-aislante-ligera-hormigon-celular\/#primaryimage","url":"https:\/\/www.isoltech.it\/wp-content\/uploads\/elementor\/thumbs\/sottofondi-per-pavimentazioni-isoltech-qx1j9t91le0rujb4ryuttsulspmma3a4ibjakfonc8.jpg","contentUrl":"https:\/\/www.isoltech.it\/wp-content\/uploads\/elementor\/thumbs\/sottofondi-per-pavimentazioni-isoltech-qx1j9t91le0rujb4ryuttsulspmma3a4ibjakfonc8.jpg"},{"@type":"BreadcrumbList","@id":"https:\/\/www.isoltech.it\/es\/solera-aislante-ligera-hormigon-celular\/#breadcrumb","itemListElement":[{"@type":"ListItem","position":1,"name":"Home","item":"https:\/\/www.isoltech.it\/es\/"},{"@type":"ListItem","position":2,"name":"Solera aislante de doble capa en hormig\u00f3n celular"}]},{"@type":"WebSite","@id":"https:\/\/www.isoltech.it\/es\/#website","url":"https:\/\/www.isoltech.it\/es\/","name":"Isoltech","description":"cemento cellulare","potentialAction":[{"@type":"SearchAction","target":{"@type":"EntryPoint","urlTemplate":"https:\/\/www.isoltech.it\/es\/?s={search_term_string}"},"query-input":{"@type":"PropertyValueSpecification","valueRequired":true,"valueName":"search_term_string"}}],"inLanguage":"es"}]}},"_links":{"self":[{"href":"https:\/\/www.isoltech.it\/es\/wp-json\/wp\/v2\/pages\/4754","targetHints":{"allow":["GET"]}}],"collection":[{"href":"https:\/\/www.isoltech.it\/es\/wp-json\/wp\/v2\/pages"}],"about":[{"href":"https:\/\/www.isoltech.it\/es\/wp-json\/wp\/v2\/types\/page"}],"author":[{"embeddable":true,"href":"https:\/\/www.isoltech.it\/es\/wp-json\/wp\/v2\/users\/1"}],"replies":[{"embeddable":true,"href":"https:\/\/www.isoltech.it\/es\/wp-json\/wp\/v2\/comments?post=4754"}],"version-history":[{"count":13,"href":"https:\/\/www.isoltech.it\/es\/wp-json\/wp\/v2\/pages\/4754\/revisions"}],"predecessor-version":[{"id":7068,"href":"https:\/\/www.isoltech.it\/es\/wp-json\/wp\/v2\/pages\/4754\/revisions\/7068"}],"wp:attachment":[{"href":"https:\/\/www.isoltech.it\/es\/wp-json\/wp\/v2\/media?parent=4754"}],"curies":[{"name":"wp","href":"https:\/\/api.w.org\/{rel}","templated":true}]}}