{"id":4789,"date":"2024-08-09T08:31:40","date_gmt":"2024-08-09T08:31:40","guid":{"rendered":"https:\/\/www.isoltech.it\/tetti-e-pendenze-di-terrazze\/"},"modified":"2024-11-26T10:05:27","modified_gmt":"2024-11-26T10:05:27","slug":"techos-pendientes-terrazas-hormigon-celular","status":"publish","type":"page","link":"https:\/\/www.isoltech.it\/es\/techos-pendientes-terrazas-hormigon-celular\/","title":{"rendered":"Techos y pendientes de terrazas en hormig\u00f3n celular"},"content":{"rendered":"\t\t<div data-elementor-type=\"wp-page\" data-elementor-id=\"4789\" class=\"elementor elementor-4789 elementor-1171\" data-elementor-post-type=\"page\">\n\t\t\t\t<div class=\"elementor-element elementor-element-a32d5d2 e-flex e-con-boxed e-con e-parent\" data-id=\"a32d5d2\" data-element_type=\"container\" data-settings=\"{&quot;background_background&quot;:&quot;classic&quot;}\">\n\t\t\t\t\t<div class=\"e-con-inner\">\n\t\t<div class=\"elementor-element elementor-element-847817e e-con-full e-flex e-con e-child\" data-id=\"847817e\" data-element_type=\"container\">\n\t\t\t\t<div class=\"elementor-element elementor-element-0fb7145 animated-slow elementor-invisible elementor-widget elementor-widget-jkit_heading\" data-id=\"0fb7145\" data-element_type=\"widget\" data-settings=\"{&quot;_animation&quot;:&quot;fadeInUp&quot;}\" data-widget_type=\"jkit_heading.default\">\n\t\t\t\t<div class=\"elementor-widget-container\">\n\t\t\t\t\t<div  class=\"jeg-elementor-kit jkit-heading  align- align-tablet- align-mobile- jeg_module___69e1cff3b7f4f\" ><div class=\"heading-section-title  display-inline-block\"><h5 class=\"heading-title\">APLICACIONES<\/h5><\/div><\/div>\t\t\t\t<\/div>\n\t\t\t\t<\/div>\n\t\t\t\t<div class=\"elementor-element elementor-element-1e404d2 elementor-widget elementor-widget-heading\" data-id=\"1e404d2\" data-element_type=\"widget\" data-widget_type=\"heading.default\">\n\t\t\t\t<div class=\"elementor-widget-container\">\n\t\t\t\t\t<h1 class=\"elementor-heading-title elementor-size-default\">Techos y pendientes de terrazas en hormig\u00f3n celular<\/h1>\t\t\t\t<\/div>\n\t\t\t\t<\/div>\n\t\t\t\t<div class=\"elementor-element elementor-element-e9c97ff elementor-widget elementor-widget-text-editor\" data-id=\"e9c97ff\" data-element_type=\"widget\" data-widget_type=\"text-editor.default\">\n\t\t\t\t<div class=\"elementor-widget-container\">\n\t\t\t\t\t\t\t\t\t<p><span style=\"font-weight: 400;\">El hormig\u00f3n celular es una opci\u00f3n particularmente eficiente para la construcci\u00f3n de techos y pendientes de terrazas, con un excelente rendimiento en t\u00e9rminos de resistencia y aislamiento t\u00e9rmico.\u00a0\u00a0<\/span><\/p>\n<p><span style=\"font-weight: 400;\">Las densidades m\u00e1s com\u00fanmente utilizadas para estas aplicaciones var\u00edan entre 300 y 500 kg\/m\u00b3, garantizando un equilibrio ideal entre ligereza y resistencia.<\/span><\/p>\n<p><span style=\"font-weight: 400;\">Gracias a su versatilidad, el hormig\u00f3n celular no solo forma pendientes eficaces, sino que tambi\u00e9n act\u00faa como una capa aislante, mejorando la eficiencia energ\u00e9tica de los edificios.<\/span><\/p>\t\t\t\t\t\t\t\t<\/div>\n\t\t\t\t<\/div>\n\t\t\t\t<\/div>\n\t\t<div class=\"elementor-element elementor-element-ae4f0ab e-con-full e-flex e-con e-child\" data-id=\"ae4f0ab\" data-element_type=\"container\">\n\t\t\t\t<div class=\"elementor-element elementor-element-b781427 elementor-widget__width-initial elementor-widget elementor-widget-image\" data-id=\"b781427\" data-element_type=\"widget\" data-widget_type=\"image.default\">\n\t\t\t\t<div class=\"elementor-widget-container\">\n\t\t\t\t\t\t\t\t\t\t\t\t\t\t\t<img decoding=\"async\" src=\"https:\/\/www.isoltech.it\/wp-content\/uploads\/elementor\/thumbs\/applicazione-cemento-cellulare-per-tetti-e-pendenze-qx1k8fn1bpezhh0olxm4o2bthmzbsqq79ol4xccncm.jpg\" title=\"applicazione-cemento-cellulare-per-tetti-e-pendenze\" alt=\"applicazione cemento cellulare su un tetto\" loading=\"lazy\" \/>\t\t\t\t\t\t\t\t\t\t\t\t\t\t\t<\/div>\n\t\t\t\t<\/div>\n\t\t\t\t<\/div>\n\t\t\t\t\t<\/div>\n\t\t\t\t<\/div>\n\t\t<div class=\"elementor-element elementor-element-480c15b elementor-hidden-desktop elementor-hidden-tablet elementor-hidden-mobile e-flex e-con-boxed e-con e-parent\" data-id=\"480c15b\" data-element_type=\"container\" data-settings=\"{&quot;background_background&quot;:&quot;classic&quot;}\">\n\t\t\t\t\t<div class=\"e-con-inner\">\n\t\t\t\t<div class=\"elementor-element elementor-element-5bb66a2 elementor-widget-divider--view-line elementor-widget elementor-widget-divider\" data-id=\"5bb66a2\" data-element_type=\"widget\" data-widget_type=\"divider.default\">\n\t\t\t\t<div class=\"elementor-widget-container\">\n\t\t\t\t\t\t\t<div class=\"elementor-divider\">\n\t\t\t<span class=\"elementor-divider-separator\">\n\t\t\t\t\t\t<\/span>\n\t\t<\/div>\n\t\t\t\t\t\t<\/div>\n\t\t\t\t<\/div>\n\t\t<div class=\"elementor-element elementor-element-534c328 e-con-full e-flex e-con e-child\" data-id=\"534c328\" data-element_type=\"container\" data-settings=\"{&quot;background_background&quot;:&quot;classic&quot;}\">\n\t\t<div class=\"elementor-element elementor-element-fc2e63e e-con-full e-flex e-con e-child\" data-id=\"fc2e63e\" data-element_type=\"container\">\n\t\t\t\t<div class=\"elementor-element elementor-element-d3bcc8f elementor-widget elementor-widget-heading\" data-id=\"d3bcc8f\" data-element_type=\"widget\" data-widget_type=\"heading.default\">\n\t\t\t\t<div class=\"elementor-widget-container\">\n\t\t\t\t\t<h2 class=\"elementor-heading-title elementor-size-default\">Caratteristiche tecniche del Massetto <br>solante doppio strato in cemento cellulare\n<\/h2>\t\t\t\t<\/div>\n\t\t\t\t<\/div>\n\t\t\t\t<div class=\"elementor-element elementor-element-fb18efa elementor-hidden-desktop elementor-hidden-tablet elementor-hidden-mobile elementor-widget elementor-widget-text-editor\" data-id=\"fb18efa\" data-element_type=\"widget\" data-widget_type=\"text-editor.default\">\n\t\t\t\t<div class=\"elementor-widget-container\">\n\t\t\t\t\t\t\t\t\t<p>Isocem S\/X conferisce le migliori resistenze, specialmente iniziali, agli impasti di cemento cellulare a media densit\u00e0:<\/p>\t\t\t\t\t\t\t\t<\/div>\n\t\t\t\t<\/div>\n\t\t<div class=\"elementor-element elementor-element-6f7d3c8 e-con-full e-flex e-con e-child\" data-id=\"6f7d3c8\" data-element_type=\"container\">\n\t\t<div class=\"elementor-element elementor-element-5650618 e-con-full e-flex e-con e-child\" data-id=\"5650618\" data-element_type=\"container\" data-settings=\"{&quot;background_background&quot;:&quot;classic&quot;}\">\n\t\t\t\t<div class=\"elementor-element elementor-element-64b618b elementor-widget elementor-widget-image\" data-id=\"64b618b\" data-element_type=\"widget\" data-widget_type=\"image.default\">\n\t\t\t\t<div class=\"elementor-widget-container\">\n\t\t\t\t\t\t\t\t\t\t\t\t\t\t\t<img fetchpriority=\"high\" decoding=\"async\" width=\"1448\" height=\"396\" src=\"https:\/\/www.isoltech.it\/wp-content\/uploads\/2024\/08\/1-FORMULAZIONI-PER-SOTTOFONDI-A-DIVERSE-DENSITA_jpg.jpg\" class=\"attachment-full size-full wp-image-4756\" alt=\"\" srcset=\"https:\/\/www.isoltech.it\/wp-content\/uploads\/2024\/08\/1-FORMULAZIONI-PER-SOTTOFONDI-A-DIVERSE-DENSITA_jpg.jpg 1448w, https:\/\/www.isoltech.it\/wp-content\/uploads\/2024\/08\/1-FORMULAZIONI-PER-SOTTOFONDI-A-DIVERSE-DENSITA_jpg-300x82.jpg 300w, https:\/\/www.isoltech.it\/wp-content\/uploads\/2024\/08\/1-FORMULAZIONI-PER-SOTTOFONDI-A-DIVERSE-DENSITA_jpg-1024x280.jpg 1024w, https:\/\/www.isoltech.it\/wp-content\/uploads\/2024\/08\/1-FORMULAZIONI-PER-SOTTOFONDI-A-DIVERSE-DENSITA_jpg-768x210.jpg 768w\" sizes=\"(max-width: 1448px) 100vw, 1448px\" \/>\t\t\t\t\t\t\t\t\t\t\t\t\t\t\t<\/div>\n\t\t\t\t<\/div>\n\t\t\t\t<div class=\"elementor-element elementor-element-e7ea17a elementor-hidden-desktop elementor-hidden-tablet elementor-hidden-mobile jkit-equal-height-disable elementor-widget elementor-widget-jkit_icon_box\" data-id=\"e7ea17a\" data-element_type=\"widget\" data-widget_type=\"jkit_icon_box.default\">\n\t\t\t\t<div class=\"elementor-widget-container\">\n\t\t\t\t\t<div  class=\"jeg-elementor-kit jkit-icon-box icon-position- elementor-animation- jeg_module__1_69e1cff3bd561\" ><div class=\"jkit-icon-box-wrapper hover-from-left\"><div class=\"icon-box icon-box-body\">\n                <h3 class=\"title\">FORMULAZIONI PER SOTTOFONDI A DIVERSE DENSITA'<\/h3>\n            <\/div>\n            \n            <\/div><\/div>\t\t\t\t<\/div>\n\t\t\t\t<\/div>\n\t\t\t\t<\/div>\n\t\t\t\t<\/div>\n\t\t\t\t<\/div>\n\t\t\t\t<\/div>\n\t\t\t\t\t<\/div>\n\t\t\t\t<\/div>\n\t\t<div class=\"elementor-element elementor-element-c144747 e-flex e-con-boxed e-con e-parent\" data-id=\"c144747\" data-element_type=\"container\" data-settings=\"{&quot;background_background&quot;:&quot;classic&quot;}\">\n\t\t\t\t\t<div class=\"e-con-inner\">\n\t\t\t\t<div class=\"elementor-element elementor-element-36ba657 elementor-widget-divider--view-line elementor-widget elementor-widget-divider\" data-id=\"36ba657\" data-element_type=\"widget\" data-widget_type=\"divider.default\">\n\t\t\t\t<div class=\"elementor-widget-container\">\n\t\t\t\t\t\t\t<div class=\"elementor-divider\">\n\t\t\t<span class=\"elementor-divider-separator\">\n\t\t\t\t\t\t<\/span>\n\t\t<\/div>\n\t\t\t\t\t\t<\/div>\n\t\t\t\t<\/div>\n\t\t\t\t<div class=\"elementor-element elementor-element-2cab76c elementor-widget elementor-widget-heading\" data-id=\"2cab76c\" data-element_type=\"widget\" data-widget_type=\"heading.default\">\n\t\t\t\t<div class=\"elementor-widget-container\">\n\t\t\t\t\t<h1 class=\"elementor-heading-title elementor-size-default\">Galer\u00eda de im\u00e1genes<\/h1>\t\t\t\t<\/div>\n\t\t\t\t<\/div>\n\t\t<div class=\"elementor-element elementor-element-544b2bb e-con-full e-flex e-con e-child\" data-id=\"544b2bb\" data-element_type=\"container\" data-settings=\"{&quot;background_background&quot;:&quot;classic&quot;}\">\n\t\t\t\t<div class=\"elementor-element elementor-element-0da74cd elementor-pagination-position-inside elementor-widget elementor-widget-image-carousel\" data-id=\"0da74cd\" data-element_type=\"widget\" data-settings=\"{&quot;slides_to_show&quot;:&quot;3&quot;,&quot;navigation&quot;:&quot;dots&quot;,&quot;image_spacing_custom&quot;:{&quot;unit&quot;:&quot;px&quot;,&quot;size&quot;:30,&quot;sizes&quot;:[]},&quot;autoplay&quot;:&quot;yes&quot;,&quot;pause_on_hover&quot;:&quot;yes&quot;,&quot;pause_on_interaction&quot;:&quot;yes&quot;,&quot;autoplay_speed&quot;:5000,&quot;infinite&quot;:&quot;yes&quot;,&quot;speed&quot;:500,&quot;image_spacing_custom_tablet&quot;:{&quot;unit&quot;:&quot;px&quot;,&quot;size&quot;:&quot;&quot;,&quot;sizes&quot;:[]},&quot;image_spacing_custom_mobile&quot;:{&quot;unit&quot;:&quot;px&quot;,&quot;size&quot;:&quot;&quot;,&quot;sizes&quot;:[]}}\" data-widget_type=\"image-carousel.default\">\n\t\t\t\t<div class=\"elementor-widget-container\">\n\t\t\t\t\t\t\t<div class=\"elementor-image-carousel-wrapper swiper\" role=\"region\" aria-roledescription=\"carousel\" aria-label=\"Carrusel de im\u00e1genes\" dir=\"ltr\">\n\t\t\t<div class=\"elementor-image-carousel swiper-wrapper\" aria-live=\"off\">\n\t\t\t\t\t\t\t\t<div class=\"swiper-slide\" role=\"group\" aria-roledescription=\"slide\" aria-label=\"1 de 3\"><a data-elementor-open-lightbox=\"yes\" data-elementor-lightbox-slideshow=\"0da74cd\" data-elementor-lightbox-title=\"pompaggio-cemento-cellulare-su-terrazza\" data-e-action-hash=\"#elementor-action%3Aaction%3Dlightbox%26settings%3DeyJpZCI6MjQ5OSwidXJsIjoiaHR0cHM6XC9cL3d3dy5pc29sdGVjaC5pdFwvd3AtY29udGVudFwvdXBsb2Fkc1wvMjAyNFwvMDlcL3BvbXBhZ2dpby1jZW1lbnRvLWNlbGx1bGFyZS1zdS10ZXJyYXp6YS5qcGciLCJzbGlkZXNob3ciOiIwZGE3NGNkIn0%3D\" href=\"https:\/\/www.isoltech.it\/wp-content\/uploads\/2024\/09\/pompaggio-cemento-cellulare-su-terrazza.jpg\"><figure class=\"swiper-slide-inner\"><img decoding=\"async\" class=\"swiper-slide-image\" src=\"https:\/\/www.isoltech.it\/wp-content\/uploads\/2024\/09\/pompaggio-cemento-cellulare-su-terrazza.jpg\" alt=\"pompaggio-cemento-cellulare-su-terrazza\" \/><\/figure><\/a><\/div><div class=\"swiper-slide\" role=\"group\" aria-roledescription=\"slide\" aria-label=\"2 de 3\"><a data-elementor-open-lightbox=\"yes\" data-elementor-lightbox-slideshow=\"0da74cd\" data-elementor-lightbox-title=\"posa-sottofondo\" data-e-action-hash=\"#elementor-action%3Aaction%3Dlightbox%26settings%3DeyJpZCI6MjUwMCwidXJsIjoiaHR0cHM6XC9cL3d3dy5pc29sdGVjaC5pdFwvd3AtY29udGVudFwvdXBsb2Fkc1wvMjAyNFwvMDlcL3Bvc2Etc290dG9mb25kby5qcGciLCJzbGlkZXNob3ciOiIwZGE3NGNkIn0%3D\" href=\"https:\/\/www.isoltech.it\/wp-content\/uploads\/2024\/09\/posa-sottofondo.jpg\"><figure class=\"swiper-slide-inner\"><img decoding=\"async\" class=\"swiper-slide-image\" src=\"https:\/\/www.isoltech.it\/wp-content\/uploads\/2024\/09\/posa-sottofondo.jpg\" alt=\"posa-sottofondo\" \/><\/figure><\/a><\/div><div class=\"swiper-slide\" role=\"group\" aria-roledescription=\"slide\" aria-label=\"3 de 3\"><a data-elementor-open-lightbox=\"yes\" data-elementor-lightbox-slideshow=\"0da74cd\" data-elementor-lightbox-title=\"pompaggio-cemento-cellulare-su-terrazza-2\" data-e-action-hash=\"#elementor-action%3Aaction%3Dlightbox%26settings%3DeyJpZCI6MjUwOSwidXJsIjoiaHR0cHM6XC9cL3d3dy5pc29sdGVjaC5pdFwvd3AtY29udGVudFwvdXBsb2Fkc1wvMjAyNFwvMDlcL3BvbXBhZ2dpby1jZW1lbnRvLWNlbGx1bGFyZS1zdS10ZXJyYXp6YS0yLTEuanBnIiwic2xpZGVzaG93IjoiMGRhNzRjZCJ9\" href=\"https:\/\/www.isoltech.it\/wp-content\/uploads\/2024\/09\/pompaggio-cemento-cellulare-su-terrazza-2-1.jpg\"><figure class=\"swiper-slide-inner\"><img decoding=\"async\" class=\"swiper-slide-image\" src=\"https:\/\/www.isoltech.it\/wp-content\/uploads\/2024\/09\/pompaggio-cemento-cellulare-su-terrazza-2-1.jpg\" alt=\"pompaggio-cemento-cellulare-su-terrazza-2\" \/><\/figure><\/a><\/div>\t\t\t<\/div>\n\t\t\t\t\t\t\t\n\t\t\t\t\t\t\t\t\t<div class=\"swiper-pagination\"><\/div>\n\t\t\t\t\t\t\t\t\t<\/div>\n\t\t\t\t\t\t<\/div>\n\t\t\t\t<\/div>\n\t\t\t\t<\/div>\n\t\t\t\t\t<\/div>\n\t\t\t\t<\/div>\n\t\t<div class=\"elementor-element elementor-element-fba3f25 e-con-full e-flex e-con e-parent\" data-id=\"fba3f25\" data-element_type=\"container\">\n\t\t<div class=\"elementor-element elementor-element-934b0d9 e-con-full e-flex e-con e-child\" data-id=\"934b0d9\" data-element_type=\"container\" data-settings=\"{&quot;background_background&quot;:&quot;classic&quot;}\">\n\t\t<div class=\"elementor-element elementor-element-44352b1 e-con-full e-flex e-con e-child\" data-id=\"44352b1\" data-element_type=\"container\">\n\t\t\t\t<div class=\"elementor-element elementor-element-2c50fdf animated-slow elementor-invisible elementor-widget elementor-widget-jkit_heading\" data-id=\"2c50fdf\" data-element_type=\"widget\" data-settings=\"{&quot;_animation&quot;:&quot;fadeInUp&quot;}\" data-widget_type=\"jkit_heading.default\">\n\t\t\t\t<div class=\"elementor-widget-container\">\n\t\t\t\t\t<div  class=\"jeg-elementor-kit jkit-heading  align-center align-tablet- align-mobile- jeg_module__2_69e1cff3be299\" ><div class=\"heading-section-title  display-inline-block\"><h5 class=\"heading-title\"><span class=\"style-color\"><span>INFORMACI\u00d3N<\/span><\/span><\/h5><\/div><\/div>\t\t\t\t<\/div>\n\t\t\t\t<\/div>\n\t\t\t\t<div class=\"elementor-element elementor-element-93f099f elementor-widget elementor-widget-heading\" data-id=\"93f099f\" data-element_type=\"widget\" data-widget_type=\"heading.default\">\n\t\t\t\t<div class=\"elementor-widget-container\">\n\t\t\t\t\t<h2 class=\"elementor-heading-title elementor-size-default\">\u00bfNecesita una aplicaci\u00f3n distinta a las enumeradas?<\/h2>\t\t\t\t<\/div>\n\t\t\t\t<\/div>\n\t\t\t\t<div class=\"elementor-element elementor-element-923d9e5 elementor-widget elementor-widget-text-editor\" data-id=\"923d9e5\" data-element_type=\"widget\" data-widget_type=\"text-editor.default\">\n\t\t\t\t<div class=\"elementor-widget-container\">\n\t\t\t\t\t\t\t\t\t<p>Nuestro personal especializado est\u00e1 a su disposici\u00f3n<\/p>\t\t\t\t\t\t\t\t<\/div>\n\t\t\t\t<\/div>\n\t\t\t\t<div class=\"elementor-element elementor-element-656457c elementor-align-center elementor-widget elementor-widget-button\" data-id=\"656457c\" data-element_type=\"widget\" data-widget_type=\"button.default\">\n\t\t\t\t<div class=\"elementor-widget-container\">\n\t\t\t\t\t\t\t\t\t<div class=\"elementor-button-wrapper\">\n\t\t\t\t\t<a class=\"elementor-button elementor-button-link elementor-size-sm\" href=\"https:\/\/www.isoltech.it\/es\/contacto\/\">\n\t\t\t\t\t\t<span class=\"elementor-button-content-wrapper\">\n\t\t\t\t\t\t\t\t\t<span class=\"elementor-button-text\">Cont\u00e1ctenos ahora<\/span>\n\t\t\t\t\t<\/span>\n\t\t\t\t\t<\/a>\n\t\t\t\t<\/div>\n\t\t\t\t\t\t\t\t<\/div>\n\t\t\t\t<\/div>\n\t\t\t\t<\/div>\n\t\t\t\t<\/div>\n\t\t\t\t<\/div>\n\t\t\t\t<\/div>\n\t\t","protected":false},"excerpt":{"rendered":"<p>APLICACIONES Techos y pendientes de terrazas en hormig\u00f3n celular El hormig\u00f3n celular es una opci\u00f3n particularmente eficiente para la construcci\u00f3n de techos y pendientes de terrazas, con un excelente rendimiento en t\u00e9rminos de resistencia y aislamiento t\u00e9rmico.\u00a0\u00a0 Las densidades m\u00e1s com\u00fanmente utilizadas para estas aplicaciones var\u00edan entre 300 y 500 kg\/m\u00b3, garantizando un equilibrio ideal [&hellip;]<\/p>\n","protected":false},"author":1,"featured_media":0,"parent":0,"menu_order":0,"comment_status":"closed","ping_status":"closed","template":"elementor_header_footer","meta":{"footnotes":""},"class_list":["post-4789","page","type-page","status-publish","hentry"],"yoast_head":"<!-- This site is optimized with the Yoast SEO plugin v25.3 - https:\/\/yoast.com\/wordpress\/plugins\/seo\/ -->\n<title>Techos y pendientes de terrazas en hormig\u00f3n celular - Isoltech<\/title>\n<meta name=\"description\" content=\"Los techos de hormig\u00f3n celular ofrecen un excelente aislamiento t\u00e9rmico. Las densidades m\u00e1s utilizadas var\u00edan de 300 a 500 kg\/metro c\u00fabico.\" \/>\n<meta name=\"robots\" content=\"index, follow, max-snippet:-1, max-image-preview:large, max-video-preview:-1\" \/>\n<link rel=\"canonical\" href=\"https:\/\/www.isoltech.it\/es\/techos-pendientes-terrazas-hormigon-celular\/\" \/>\n<meta property=\"og:locale\" content=\"es_ES\" \/>\n<meta property=\"og:type\" content=\"article\" \/>\n<meta property=\"og:title\" content=\"Techos y pendientes de terrazas en hormig\u00f3n celular - Isoltech\" \/>\n<meta property=\"og:description\" content=\"Los techos de hormig\u00f3n celular ofrecen un excelente aislamiento t\u00e9rmico. Las densidades m\u00e1s utilizadas var\u00edan de 300 a 500 kg\/metro c\u00fabico.\" \/>\n<meta property=\"og:url\" content=\"https:\/\/www.isoltech.it\/es\/techos-pendientes-terrazas-hormigon-celular\/\" \/>\n<meta property=\"og:site_name\" content=\"Isoltech\" \/>\n<meta property=\"article:modified_time\" content=\"2024-11-26T10:05:27+00:00\" \/>\n<meta property=\"og:image\" content=\"https:\/\/www.isoltech.it\/wp-content\/uploads\/elementor\/thumbs\/applicazione-cemento-cellulare-per-tetti-e-pendenze-qx1k8fn1bpezhh0olxm4o2bthmzbsqq79ol4xcckf2.jpg\" \/>\n<meta name=\"twitter:card\" content=\"summary_large_image\" \/>\n<meta name=\"twitter:label1\" content=\"Tiempo de lectura\" \/>\n\t<meta name=\"twitter:data1\" content=\"2 minutos\" \/>\n<script type=\"application\/ld+json\" class=\"yoast-schema-graph\">{\"@context\":\"https:\/\/schema.org\",\"@graph\":[{\"@type\":\"WebPage\",\"@id\":\"https:\/\/www.isoltech.it\/es\/techos-pendientes-terrazas-hormigon-celular\/\",\"url\":\"https:\/\/www.isoltech.it\/es\/techos-pendientes-terrazas-hormigon-celular\/\",\"name\":\"Techos y pendientes de terrazas en hormig\u00f3n celular - Isoltech\",\"isPartOf\":{\"@id\":\"https:\/\/www.isoltech.it\/es\/#website\"},\"primaryImageOfPage\":{\"@id\":\"https:\/\/www.isoltech.it\/es\/techos-pendientes-terrazas-hormigon-celular\/#primaryimage\"},\"image\":{\"@id\":\"https:\/\/www.isoltech.it\/es\/techos-pendientes-terrazas-hormigon-celular\/#primaryimage\"},\"thumbnailUrl\":\"https:\/\/www.isoltech.it\/wp-content\/uploads\/elementor\/thumbs\/applicazione-cemento-cellulare-per-tetti-e-pendenze-qx1k8fn1bpezhh0olxm4o2bthmzbsqq79ol4xcckf2.jpg\",\"datePublished\":\"2024-08-09T08:31:40+00:00\",\"dateModified\":\"2024-11-26T10:05:27+00:00\",\"description\":\"Los techos de hormig\u00f3n celular ofrecen un excelente aislamiento t\u00e9rmico. Las densidades m\u00e1s utilizadas var\u00edan de 300 a 500 kg\/metro c\u00fabico.\",\"breadcrumb\":{\"@id\":\"https:\/\/www.isoltech.it\/es\/techos-pendientes-terrazas-hormigon-celular\/#breadcrumb\"},\"inLanguage\":\"es\",\"potentialAction\":[{\"@type\":\"ReadAction\",\"target\":[\"https:\/\/www.isoltech.it\/es\/techos-pendientes-terrazas-hormigon-celular\/\"]}]},{\"@type\":\"ImageObject\",\"inLanguage\":\"es\",\"@id\":\"https:\/\/www.isoltech.it\/es\/techos-pendientes-terrazas-hormigon-celular\/#primaryimage\",\"url\":\"https:\/\/www.isoltech.it\/wp-content\/uploads\/elementor\/thumbs\/applicazione-cemento-cellulare-per-tetti-e-pendenze-qx1k8fn1bpezhh0olxm4o2bthmzbsqq79ol4xcckf2.jpg\",\"contentUrl\":\"https:\/\/www.isoltech.it\/wp-content\/uploads\/elementor\/thumbs\/applicazione-cemento-cellulare-per-tetti-e-pendenze-qx1k8fn1bpezhh0olxm4o2bthmzbsqq79ol4xcckf2.jpg\"},{\"@type\":\"BreadcrumbList\",\"@id\":\"https:\/\/www.isoltech.it\/es\/techos-pendientes-terrazas-hormigon-celular\/#breadcrumb\",\"itemListElement\":[{\"@type\":\"ListItem\",\"position\":1,\"name\":\"Home\",\"item\":\"https:\/\/www.isoltech.it\/es\/\"},{\"@type\":\"ListItem\",\"position\":2,\"name\":\"Techos y pendientes de terrazas en hormig\u00f3n celular\"}]},{\"@type\":\"WebSite\",\"@id\":\"https:\/\/www.isoltech.it\/es\/#website\",\"url\":\"https:\/\/www.isoltech.it\/es\/\",\"name\":\"Isoltech\",\"description\":\"cemento cellulare\",\"potentialAction\":[{\"@type\":\"SearchAction\",\"target\":{\"@type\":\"EntryPoint\",\"urlTemplate\":\"https:\/\/www.isoltech.it\/es\/?s={search_term_string}\"},\"query-input\":{\"@type\":\"PropertyValueSpecification\",\"valueRequired\":true,\"valueName\":\"search_term_string\"}}],\"inLanguage\":\"es\"}]}<\/script>\n<!-- \/ Yoast SEO plugin. -->","yoast_head_json":{"title":"Techos y pendientes de terrazas en hormig\u00f3n celular - Isoltech","description":"Los techos de hormig\u00f3n celular ofrecen un excelente aislamiento t\u00e9rmico. Las densidades m\u00e1s utilizadas var\u00edan de 300 a 500 kg\/metro c\u00fabico.","robots":{"index":"index","follow":"follow","max-snippet":"max-snippet:-1","max-image-preview":"max-image-preview:large","max-video-preview":"max-video-preview:-1"},"canonical":"https:\/\/www.isoltech.it\/es\/techos-pendientes-terrazas-hormigon-celular\/","og_locale":"es_ES","og_type":"article","og_title":"Techos y pendientes de terrazas en hormig\u00f3n celular - Isoltech","og_description":"Los techos de hormig\u00f3n celular ofrecen un excelente aislamiento t\u00e9rmico. Las densidades m\u00e1s utilizadas var\u00edan de 300 a 500 kg\/metro c\u00fabico.","og_url":"https:\/\/www.isoltech.it\/es\/techos-pendientes-terrazas-hormigon-celular\/","og_site_name":"Isoltech","article_modified_time":"2024-11-26T10:05:27+00:00","og_image":[{"url":"https:\/\/www.isoltech.it\/wp-content\/uploads\/elementor\/thumbs\/applicazione-cemento-cellulare-per-tetti-e-pendenze-qx1k8fn1bpezhh0olxm4o2bthmzbsqq79ol4xcckf2.jpg","type":"","width":"","height":""}],"twitter_card":"summary_large_image","twitter_misc":{"Tiempo de lectura":"2 minutos"},"schema":{"@context":"https:\/\/schema.org","@graph":[{"@type":"WebPage","@id":"https:\/\/www.isoltech.it\/es\/techos-pendientes-terrazas-hormigon-celular\/","url":"https:\/\/www.isoltech.it\/es\/techos-pendientes-terrazas-hormigon-celular\/","name":"Techos y pendientes de terrazas en hormig\u00f3n celular - Isoltech","isPartOf":{"@id":"https:\/\/www.isoltech.it\/es\/#website"},"primaryImageOfPage":{"@id":"https:\/\/www.isoltech.it\/es\/techos-pendientes-terrazas-hormigon-celular\/#primaryimage"},"image":{"@id":"https:\/\/www.isoltech.it\/es\/techos-pendientes-terrazas-hormigon-celular\/#primaryimage"},"thumbnailUrl":"https:\/\/www.isoltech.it\/wp-content\/uploads\/elementor\/thumbs\/applicazione-cemento-cellulare-per-tetti-e-pendenze-qx1k8fn1bpezhh0olxm4o2bthmzbsqq79ol4xcckf2.jpg","datePublished":"2024-08-09T08:31:40+00:00","dateModified":"2024-11-26T10:05:27+00:00","description":"Los techos de hormig\u00f3n celular ofrecen un excelente aislamiento t\u00e9rmico. Las densidades m\u00e1s utilizadas var\u00edan de 300 a 500 kg\/metro c\u00fabico.","breadcrumb":{"@id":"https:\/\/www.isoltech.it\/es\/techos-pendientes-terrazas-hormigon-celular\/#breadcrumb"},"inLanguage":"es","potentialAction":[{"@type":"ReadAction","target":["https:\/\/www.isoltech.it\/es\/techos-pendientes-terrazas-hormigon-celular\/"]}]},{"@type":"ImageObject","inLanguage":"es","@id":"https:\/\/www.isoltech.it\/es\/techos-pendientes-terrazas-hormigon-celular\/#primaryimage","url":"https:\/\/www.isoltech.it\/wp-content\/uploads\/elementor\/thumbs\/applicazione-cemento-cellulare-per-tetti-e-pendenze-qx1k8fn1bpezhh0olxm4o2bthmzbsqq79ol4xcckf2.jpg","contentUrl":"https:\/\/www.isoltech.it\/wp-content\/uploads\/elementor\/thumbs\/applicazione-cemento-cellulare-per-tetti-e-pendenze-qx1k8fn1bpezhh0olxm4o2bthmzbsqq79ol4xcckf2.jpg"},{"@type":"BreadcrumbList","@id":"https:\/\/www.isoltech.it\/es\/techos-pendientes-terrazas-hormigon-celular\/#breadcrumb","itemListElement":[{"@type":"ListItem","position":1,"name":"Home","item":"https:\/\/www.isoltech.it\/es\/"},{"@type":"ListItem","position":2,"name":"Techos y pendientes de terrazas en hormig\u00f3n celular"}]},{"@type":"WebSite","@id":"https:\/\/www.isoltech.it\/es\/#website","url":"https:\/\/www.isoltech.it\/es\/","name":"Isoltech","description":"cemento cellulare","potentialAction":[{"@type":"SearchAction","target":{"@type":"EntryPoint","urlTemplate":"https:\/\/www.isoltech.it\/es\/?s={search_term_string}"},"query-input":{"@type":"PropertyValueSpecification","valueRequired":true,"valueName":"search_term_string"}}],"inLanguage":"es"}]}},"_links":{"self":[{"href":"https:\/\/www.isoltech.it\/es\/wp-json\/wp\/v2\/pages\/4789","targetHints":{"allow":["GET"]}}],"collection":[{"href":"https:\/\/www.isoltech.it\/es\/wp-json\/wp\/v2\/pages"}],"about":[{"href":"https:\/\/www.isoltech.it\/es\/wp-json\/wp\/v2\/types\/page"}],"author":[{"embeddable":true,"href":"https:\/\/www.isoltech.it\/es\/wp-json\/wp\/v2\/users\/1"}],"replies":[{"embeddable":true,"href":"https:\/\/www.isoltech.it\/es\/wp-json\/wp\/v2\/comments?post=4789"}],"version-history":[{"count":7,"href":"https:\/\/www.isoltech.it\/es\/wp-json\/wp\/v2\/pages\/4789\/revisions"}],"predecessor-version":[{"id":7081,"href":"https:\/\/www.isoltech.it\/es\/wp-json\/wp\/v2\/pages\/4789\/revisions\/7081"}],"wp:attachment":[{"href":"https:\/\/www.isoltech.it\/es\/wp-json\/wp\/v2\/media?parent=4789"}],"curies":[{"name":"wp","href":"https:\/\/api.w.org\/{rel}","templated":true}]}}