{"id":5631,"date":"2024-09-06T10:05:21","date_gmt":"2024-09-06T10:05:21","guid":{"rendered":"https:\/\/www.isoltech.it\/disarmante-vegetale-specifico-per-casseri\/"},"modified":"2024-11-25T14:57:58","modified_gmt":"2024-11-25T14:57:58","slug":"desarmado-para-encofrado","status":"publish","type":"page","link":"https:\/\/www.isoltech.it\/es\/desarmado-para-encofrado\/","title":{"rendered":"Desencofrante vegetal espec\u00edfico para encofrados | VGT"},"content":{"rendered":"\t\t<div data-elementor-type=\"wp-page\" data-elementor-id=\"5631\" class=\"elementor elementor-5631 elementor-2410\" data-elementor-post-type=\"page\">\n\t\t\t\t\t\t<section class=\"elementor-section elementor-top-section elementor-element elementor-element-25547ee7 elementor-section-content-middle elementor-section-boxed elementor-section-height-default elementor-section-height-default\" data-id=\"25547ee7\" data-element_type=\"section\" data-settings=\"{&quot;background_background&quot;:&quot;classic&quot;}\">\n\t\t\t\t\t\t<div class=\"elementor-container elementor-column-gap-default\">\n\t\t\t\t\t<div class=\"elementor-column elementor-col-50 elementor-top-column elementor-element elementor-element-51b8be1a\" data-id=\"51b8be1a\" data-element_type=\"column\">\n\t\t\t<div class=\"elementor-widget-wrap elementor-element-populated\">\n\t\t\t\t\t\t<div class=\"elementor-element elementor-element-0c63e2d elementor-icon-list--layout-inline elementor-align-left elementor-list-item-link-full_width elementor-widget elementor-widget-icon-list\" data-id=\"0c63e2d\" data-element_type=\"widget\" data-widget_type=\"icon-list.default\">\n\t\t\t\t<div class=\"elementor-widget-container\">\n\t\t\t\t\t\t\t<ul class=\"elementor-icon-list-items elementor-inline-items\">\n\t\t\t\t\t\t\t<li class=\"elementor-icon-list-item elementor-inline-item\">\n\t\t\t\t\t\t\t\t\t\t\t<a href=\"https:\/\/www.isoltech.it\/prodotti-complementari-cemento-cellulare\/\">\n\n\t\t\t\t\t\t\t\t\t\t\t\t<span class=\"elementor-icon-list-icon\">\n\t\t\t\t\t\t\t<svg aria-hidden=\"true\" class=\"e-font-icon-svg e-fas-chevron-left\" viewBox=\"0 0 320 512\" xmlns=\"http:\/\/www.w3.org\/2000\/svg\"><path d=\"M34.52 239.03L228.87 44.69c9.37-9.37 24.57-9.37 33.94 0l22.67 22.67c9.36 9.36 9.37 24.52.04 33.9L131.49 256l154.02 154.75c9.34 9.38 9.32 24.54-.04 33.9l-22.67 22.67c-9.37 9.37-24.57 9.37-33.94 0L34.52 272.97c-9.37-9.37-9.37-24.57 0-33.94z\"><\/path><\/svg>\t\t\t\t\t\t<\/span>\n\t\t\t\t\t\t\t\t\t\t<span class=\"elementor-icon-list-text\">Productos complementarios<\/span>\n\t\t\t\t\t\t\t\t\t\t\t<\/a>\n\t\t\t\t\t\t\t\t\t<\/li>\n\t\t\t\t\t\t<\/ul>\n\t\t\t\t\t\t<\/div>\n\t\t\t\t<\/div>\n\t\t\t\t<div class=\"elementor-element elementor-element-18266f24 animated-slow elementor-invisible elementor-widget elementor-widget-jkit_heading\" data-id=\"18266f24\" data-element_type=\"widget\" data-settings=\"{&quot;_animation&quot;:&quot;fadeInUp&quot;}\" data-widget_type=\"jkit_heading.default\">\n\t\t\t\t<div class=\"elementor-widget-container\">\n\t\t\t\t\t<div  class=\"jeg-elementor-kit jkit-heading  align- align-tablet- align-mobile- jeg_module___69f3b7bac0175\" ><div class=\"heading-section-title  display-inline-block\"><h5 class=\"heading-title\">PRODUCTOS COMPLEMENTARIOS<\/h5><\/div><\/div>\t\t\t\t<\/div>\n\t\t\t\t<\/div>\n\t\t\t\t<div class=\"elementor-element elementor-element-618e2bdb elementor-widget elementor-widget-heading\" data-id=\"618e2bdb\" data-element_type=\"widget\" data-widget_type=\"heading.default\">\n\t\t\t\t<div class=\"elementor-widget-container\">\n\t\t\t\t\t<h1 class=\"elementor-heading-title elementor-size-default\">Desencofrante vegetal espec\u00edfico para encofrados | VGT\n<\/h1>\t\t\t\t<\/div>\n\t\t\t\t<\/div>\n\t\t\t\t<div class=\"elementor-element elementor-element-4d3831ec elementor-widget elementor-widget-text-editor\" data-id=\"4d3831ec\" data-element_type=\"widget\" data-widget_type=\"text-editor.default\">\n\t\t\t\t<div class=\"elementor-widget-container\">\n\t\t\t\t\t\t\t\t\t<p><span style=\"font-weight: 400;\">VGT es un desencofrante vegetal especialmente formulado para su uso en encofrados. <\/span><\/p><p><span style=\"font-weight: 400;\">Aplicado antes de verter el hormig\u00f3n celular, VGT facilita el desprendimiento del material, reduciendo al m\u00ednimo los residuos en las paredes del encofrado.\u00a0\u00a0<\/span><\/p><p><span style=\"font-weight: 400;\">Esto permite una reutilizaci\u00f3n r\u00e1pida y eficiente de los encofrados. Adem\u00e1s, VGT no contiene minerales de origen petrolero, garantizando una soluci\u00f3n ecol\u00f3gica y segura.<\/span><\/p><p><span style=\"font-weight: 400;\">En l\u00ednea con las directrices para promover pr\u00e1cticas m\u00e1s eco-compatibles en el \u00e1mbito de la construcci\u00f3n, es una soluci\u00f3n que cumple con criterios de eficiencia, funcionalidad y sostenibilidad.<\/span><\/p>\t\t\t\t\t\t\t\t<\/div>\n\t\t\t\t<\/div>\n\t\t\t\t\t<\/div>\n\t\t<\/div>\n\t\t\t\t<div class=\"elementor-column elementor-col-50 elementor-top-column elementor-element elementor-element-279232ce\" data-id=\"279232ce\" data-element_type=\"column\">\n\t\t\t<div class=\"elementor-widget-wrap elementor-element-populated\">\n\t\t\t\t\t\t<div class=\"elementor-element elementor-element-57c3e559 elementor-widget__width-initial elementor-widget elementor-widget-image\" data-id=\"57c3e559\" data-element_type=\"widget\" data-widget_type=\"image.default\">\n\t\t\t\t<div class=\"elementor-widget-container\">\n\t\t\t\t\t\t\t\t\t\t\t\t\t\t\t<img decoding=\"async\" src=\"https:\/\/www.isoltech.it\/wp-content\/uploads\/elementor\/thumbs\/Cisterna-ACRI-qtkiiyr97phdlacergzxv7ml45c0rcxgvvw59wi8ty.jpg\" title=\"Cisterna-ACRI\" alt=\"Cisterna Acri\" loading=\"lazy\" \/>\t\t\t\t\t\t\t\t\t\t\t\t\t\t\t<\/div>\n\t\t\t\t<\/div>\n\t\t\t\t\t<\/div>\n\t\t<\/div>\n\t\t\t\t\t<\/div>\n\t\t<\/section>\n\t\t<div class=\"elementor-element elementor-element-fba3f25 e-con-full e-flex e-con e-parent\" data-id=\"fba3f25\" data-element_type=\"container\">\n\t\t<div class=\"elementor-element elementor-element-934b0d9 e-con-full e-flex e-con e-child\" data-id=\"934b0d9\" data-element_type=\"container\" data-settings=\"{&quot;background_background&quot;:&quot;classic&quot;}\">\n\t\t<div class=\"elementor-element elementor-element-44352b1 e-con-full e-flex e-con e-child\" data-id=\"44352b1\" data-element_type=\"container\">\n\t\t\t\t<div class=\"elementor-element elementor-element-2c50fdf animated-slow elementor-invisible elementor-widget elementor-widget-jkit_heading\" data-id=\"2c50fdf\" data-element_type=\"widget\" data-settings=\"{&quot;_animation&quot;:&quot;fadeInUp&quot;}\" data-widget_type=\"jkit_heading.default\">\n\t\t\t\t<div class=\"elementor-widget-container\">\n\t\t\t\t\t<div  class=\"jeg-elementor-kit jkit-heading  align-center align-tablet- align-mobile- jeg_module__1_69f3b7bac13c9\" ><div class=\"heading-section-title  display-inline-block\"><h5 class=\"heading-title\"><span class=\"style-color\"><span>INFORMACI\u00d3N<\/span><\/span><\/h5><\/div><\/div>\t\t\t\t<\/div>\n\t\t\t\t<\/div>\n\t\t\t\t<div class=\"elementor-element elementor-element-93f099f elementor-widget elementor-widget-heading\" data-id=\"93f099f\" data-element_type=\"widget\" data-widget_type=\"heading.default\">\n\t\t\t\t<div class=\"elementor-widget-container\">\n\t\t\t\t\t<h2 class=\"elementor-heading-title elementor-size-default\">\u00bfNecesita una aplicaci\u00f3n distinta a las enumeradas?<\/h2>\t\t\t\t<\/div>\n\t\t\t\t<\/div>\n\t\t\t\t<div class=\"elementor-element elementor-element-923d9e5 elementor-widget elementor-widget-text-editor\" data-id=\"923d9e5\" data-element_type=\"widget\" data-widget_type=\"text-editor.default\">\n\t\t\t\t<div class=\"elementor-widget-container\">\n\t\t\t\t\t\t\t\t\t<p>Nuestro personal especializado est\u00e1 a su disposici\u00f3n<\/p>\t\t\t\t\t\t\t\t<\/div>\n\t\t\t\t<\/div>\n\t\t\t\t<div class=\"elementor-element elementor-element-656457c elementor-align-center elementor-widget elementor-widget-button\" data-id=\"656457c\" data-element_type=\"widget\" data-widget_type=\"button.default\">\n\t\t\t\t<div class=\"elementor-widget-container\">\n\t\t\t\t\t\t\t\t\t<div class=\"elementor-button-wrapper\">\n\t\t\t\t\t<a class=\"elementor-button elementor-button-link elementor-size-sm\" href=\"https:\/\/www.isoltech.it\/es\/contacto\/\">\n\t\t\t\t\t\t<span class=\"elementor-button-content-wrapper\">\n\t\t\t\t\t\t\t\t\t<span class=\"elementor-button-text\">Cont\u00e1ctenos ahora<\/span>\n\t\t\t\t\t<\/span>\n\t\t\t\t\t<\/a>\n\t\t\t\t<\/div>\n\t\t\t\t\t\t\t\t<\/div>\n\t\t\t\t<\/div>\n\t\t\t\t<\/div>\n\t\t\t\t<\/div>\n\t\t\t\t<\/div>\n\t\t\t\t<\/div>\n\t\t","protected":false},"excerpt":{"rendered":"<p>Productos complementarios PRODUCTOS COMPLEMENTARIOS Desencofrante vegetal espec\u00edfico para encofrados | VGT VGT es un desencofrante vegetal especialmente formulado para su uso en encofrados. Aplicado antes de verter el hormig\u00f3n celular, VGT facilita el desprendimiento del material, reduciendo al m\u00ednimo los residuos en las paredes del encofrado.\u00a0\u00a0 Esto permite una reutilizaci\u00f3n r\u00e1pida y eficiente de los [&hellip;]<\/p>\n","protected":false},"author":1,"featured_media":0,"parent":0,"menu_order":0,"comment_status":"closed","ping_status":"closed","template":"elementor_header_footer","meta":{"footnotes":""},"class_list":["post-5631","page","type-page","status-publish","hentry"],"yoast_head":"<!-- This site is optimized with the Yoast SEO plugin v25.3 - https:\/\/yoast.com\/wordpress\/plugins\/seo\/ -->\n<title>Desencofrante para encofrados - VGT - Isoltech<\/title>\n<meta name=\"description\" content=\"VGT es un desencofrante vegetal espec\u00edfico para encofrados. Su uso contribuye a un mejor desencofrado del material. Descubre m\u00e1s.\" \/>\n<meta name=\"robots\" content=\"index, follow, max-snippet:-1, max-image-preview:large, max-video-preview:-1\" \/>\n<link rel=\"canonical\" href=\"https:\/\/www.isoltech.it\/es\/desarmado-para-encofrado\/\" \/>\n<meta property=\"og:locale\" content=\"es_ES\" \/>\n<meta property=\"og:type\" content=\"article\" \/>\n<meta property=\"og:title\" content=\"Desencofrante para encofrados - VGT - Isoltech\" \/>\n<meta property=\"og:description\" content=\"VGT es un desencofrante vegetal espec\u00edfico para encofrados. Su uso contribuye a un mejor desencofrado del material. Descubre m\u00e1s.\" \/>\n<meta property=\"og:url\" content=\"https:\/\/www.isoltech.it\/es\/desarmado-para-encofrado\/\" \/>\n<meta property=\"og:site_name\" content=\"Isoltech\" \/>\n<meta property=\"article:modified_time\" content=\"2024-11-25T14:57:58+00:00\" \/>\n<meta property=\"og:image\" content=\"https:\/\/www.isoltech.it\/wp-content\/uploads\/elementor\/thumbs\/Cisterna-ACRI-qtkiiyr97phdlacergzxv7ml45c0rcxgvvw59wi6uu.jpg\" \/>\n<meta name=\"twitter:card\" content=\"summary_large_image\" \/>\n<meta name=\"twitter:label1\" content=\"Tiempo de lectura\" \/>\n\t<meta name=\"twitter:data1\" content=\"1 minuto\" \/>\n<script type=\"application\/ld+json\" class=\"yoast-schema-graph\">{\"@context\":\"https:\/\/schema.org\",\"@graph\":[{\"@type\":\"WebPage\",\"@id\":\"https:\/\/www.isoltech.it\/es\/desarmado-para-encofrado\/\",\"url\":\"https:\/\/www.isoltech.it\/es\/desarmado-para-encofrado\/\",\"name\":\"Desencofrante para encofrados - VGT - Isoltech\",\"isPartOf\":{\"@id\":\"https:\/\/www.isoltech.it\/es\/#website\"},\"primaryImageOfPage\":{\"@id\":\"https:\/\/www.isoltech.it\/es\/desarmado-para-encofrado\/#primaryimage\"},\"image\":{\"@id\":\"https:\/\/www.isoltech.it\/es\/desarmado-para-encofrado\/#primaryimage\"},\"thumbnailUrl\":\"https:\/\/www.isoltech.it\/wp-content\/uploads\/elementor\/thumbs\/Cisterna-ACRI-qtkiiyr97phdlacergzxv7ml45c0rcxgvvw59wi6uu.jpg\",\"datePublished\":\"2024-09-06T10:05:21+00:00\",\"dateModified\":\"2024-11-25T14:57:58+00:00\",\"description\":\"VGT es un desencofrante vegetal espec\u00edfico para encofrados. Su uso contribuye a un mejor desencofrado del material. Descubre m\u00e1s.\",\"breadcrumb\":{\"@id\":\"https:\/\/www.isoltech.it\/es\/desarmado-para-encofrado\/#breadcrumb\"},\"inLanguage\":\"es\",\"potentialAction\":[{\"@type\":\"ReadAction\",\"target\":[\"https:\/\/www.isoltech.it\/es\/desarmado-para-encofrado\/\"]}]},{\"@type\":\"ImageObject\",\"inLanguage\":\"es\",\"@id\":\"https:\/\/www.isoltech.it\/es\/desarmado-para-encofrado\/#primaryimage\",\"url\":\"https:\/\/www.isoltech.it\/wp-content\/uploads\/elementor\/thumbs\/Cisterna-ACRI-qtkiiyr97phdlacergzxv7ml45c0rcxgvvw59wi6uu.jpg\",\"contentUrl\":\"https:\/\/www.isoltech.it\/wp-content\/uploads\/elementor\/thumbs\/Cisterna-ACRI-qtkiiyr97phdlacergzxv7ml45c0rcxgvvw59wi6uu.jpg\"},{\"@type\":\"BreadcrumbList\",\"@id\":\"https:\/\/www.isoltech.it\/es\/desarmado-para-encofrado\/#breadcrumb\",\"itemListElement\":[{\"@type\":\"ListItem\",\"position\":1,\"name\":\"Home\",\"item\":\"https:\/\/www.isoltech.it\/es\/\"},{\"@type\":\"ListItem\",\"position\":2,\"name\":\"Desencofrante vegetal espec\u00edfico para encofrados | VGT\"}]},{\"@type\":\"WebSite\",\"@id\":\"https:\/\/www.isoltech.it\/es\/#website\",\"url\":\"https:\/\/www.isoltech.it\/es\/\",\"name\":\"Isoltech\",\"description\":\"cemento cellulare\",\"potentialAction\":[{\"@type\":\"SearchAction\",\"target\":{\"@type\":\"EntryPoint\",\"urlTemplate\":\"https:\/\/www.isoltech.it\/es\/?s={search_term_string}\"},\"query-input\":{\"@type\":\"PropertyValueSpecification\",\"valueRequired\":true,\"valueName\":\"search_term_string\"}}],\"inLanguage\":\"es\"}]}<\/script>\n<!-- \/ Yoast SEO plugin. -->","yoast_head_json":{"title":"Desencofrante para encofrados - VGT - Isoltech","description":"VGT es un desencofrante vegetal espec\u00edfico para encofrados. Su uso contribuye a un mejor desencofrado del material. Descubre m\u00e1s.","robots":{"index":"index","follow":"follow","max-snippet":"max-snippet:-1","max-image-preview":"max-image-preview:large","max-video-preview":"max-video-preview:-1"},"canonical":"https:\/\/www.isoltech.it\/es\/desarmado-para-encofrado\/","og_locale":"es_ES","og_type":"article","og_title":"Desencofrante para encofrados - VGT - Isoltech","og_description":"VGT es un desencofrante vegetal espec\u00edfico para encofrados. Su uso contribuye a un mejor desencofrado del material. Descubre m\u00e1s.","og_url":"https:\/\/www.isoltech.it\/es\/desarmado-para-encofrado\/","og_site_name":"Isoltech","article_modified_time":"2024-11-25T14:57:58+00:00","og_image":[{"url":"https:\/\/www.isoltech.it\/wp-content\/uploads\/elementor\/thumbs\/Cisterna-ACRI-qtkiiyr97phdlacergzxv7ml45c0rcxgvvw59wi6uu.jpg","type":"","width":"","height":""}],"twitter_card":"summary_large_image","twitter_misc":{"Tiempo de lectura":"1 minuto"},"schema":{"@context":"https:\/\/schema.org","@graph":[{"@type":"WebPage","@id":"https:\/\/www.isoltech.it\/es\/desarmado-para-encofrado\/","url":"https:\/\/www.isoltech.it\/es\/desarmado-para-encofrado\/","name":"Desencofrante para encofrados - VGT - Isoltech","isPartOf":{"@id":"https:\/\/www.isoltech.it\/es\/#website"},"primaryImageOfPage":{"@id":"https:\/\/www.isoltech.it\/es\/desarmado-para-encofrado\/#primaryimage"},"image":{"@id":"https:\/\/www.isoltech.it\/es\/desarmado-para-encofrado\/#primaryimage"},"thumbnailUrl":"https:\/\/www.isoltech.it\/wp-content\/uploads\/elementor\/thumbs\/Cisterna-ACRI-qtkiiyr97phdlacergzxv7ml45c0rcxgvvw59wi6uu.jpg","datePublished":"2024-09-06T10:05:21+00:00","dateModified":"2024-11-25T14:57:58+00:00","description":"VGT es un desencofrante vegetal espec\u00edfico para encofrados. Su uso contribuye a un mejor desencofrado del material. Descubre m\u00e1s.","breadcrumb":{"@id":"https:\/\/www.isoltech.it\/es\/desarmado-para-encofrado\/#breadcrumb"},"inLanguage":"es","potentialAction":[{"@type":"ReadAction","target":["https:\/\/www.isoltech.it\/es\/desarmado-para-encofrado\/"]}]},{"@type":"ImageObject","inLanguage":"es","@id":"https:\/\/www.isoltech.it\/es\/desarmado-para-encofrado\/#primaryimage","url":"https:\/\/www.isoltech.it\/wp-content\/uploads\/elementor\/thumbs\/Cisterna-ACRI-qtkiiyr97phdlacergzxv7ml45c0rcxgvvw59wi6uu.jpg","contentUrl":"https:\/\/www.isoltech.it\/wp-content\/uploads\/elementor\/thumbs\/Cisterna-ACRI-qtkiiyr97phdlacergzxv7ml45c0rcxgvvw59wi6uu.jpg"},{"@type":"BreadcrumbList","@id":"https:\/\/www.isoltech.it\/es\/desarmado-para-encofrado\/#breadcrumb","itemListElement":[{"@type":"ListItem","position":1,"name":"Home","item":"https:\/\/www.isoltech.it\/es\/"},{"@type":"ListItem","position":2,"name":"Desencofrante vegetal espec\u00edfico para encofrados | VGT"}]},{"@type":"WebSite","@id":"https:\/\/www.isoltech.it\/es\/#website","url":"https:\/\/www.isoltech.it\/es\/","name":"Isoltech","description":"cemento cellulare","potentialAction":[{"@type":"SearchAction","target":{"@type":"EntryPoint","urlTemplate":"https:\/\/www.isoltech.it\/es\/?s={search_term_string}"},"query-input":{"@type":"PropertyValueSpecification","valueRequired":true,"valueName":"search_term_string"}}],"inLanguage":"es"}]}},"_links":{"self":[{"href":"https:\/\/www.isoltech.it\/es\/wp-json\/wp\/v2\/pages\/5631","targetHints":{"allow":["GET"]}}],"collection":[{"href":"https:\/\/www.isoltech.it\/es\/wp-json\/wp\/v2\/pages"}],"about":[{"href":"https:\/\/www.isoltech.it\/es\/wp-json\/wp\/v2\/types\/page"}],"author":[{"embeddable":true,"href":"https:\/\/www.isoltech.it\/es\/wp-json\/wp\/v2\/users\/1"}],"replies":[{"embeddable":true,"href":"https:\/\/www.isoltech.it\/es\/wp-json\/wp\/v2\/comments?post=5631"}],"version-history":[{"count":7,"href":"https:\/\/www.isoltech.it\/es\/wp-json\/wp\/v2\/pages\/5631\/revisions"}],"predecessor-version":[{"id":7004,"href":"https:\/\/www.isoltech.it\/es\/wp-json\/wp\/v2\/pages\/5631\/revisions\/7004"}],"wp:attachment":[{"href":"https:\/\/www.isoltech.it\/es\/wp-json\/wp\/v2\/media?parent=5631"}],"curies":[{"name":"wp","href":"https:\/\/api.w.org\/{rel}","templated":true}]}}