{"id":5658,"date":"2024-09-06T10:22:45","date_gmt":"2024-09-06T10:22:45","guid":{"rendered":"https:\/\/www.isoltech.it\/fibre-in-polipropilene-per-cemento-cellulare\/"},"modified":"2024-11-25T14:58:57","modified_gmt":"2024-11-25T14:58:57","slug":"fibras-de-propileno-para-hormigon-celular","status":"publish","type":"page","link":"https:\/\/www.isoltech.it\/es\/fibras-de-propileno-para-hormigon-celular\/","title":{"rendered":"Fibras de polipropileno para hormig\u00f3n celular"},"content":{"rendered":"\t\t<div data-elementor-type=\"wp-page\" data-elementor-id=\"5658\" class=\"elementor elementor-5658 elementor-2421\" data-elementor-post-type=\"page\">\n\t\t\t\t\t\t<section class=\"elementor-section elementor-top-section elementor-element elementor-element-25547ee7 elementor-section-content-middle elementor-section-boxed elementor-section-height-default elementor-section-height-default\" data-id=\"25547ee7\" data-element_type=\"section\" data-settings=\"{&quot;background_background&quot;:&quot;classic&quot;}\">\n\t\t\t\t\t\t<div class=\"elementor-container elementor-column-gap-default\">\n\t\t\t\t\t<div class=\"elementor-column elementor-col-50 elementor-top-column elementor-element elementor-element-51b8be1a\" data-id=\"51b8be1a\" data-element_type=\"column\">\n\t\t\t<div class=\"elementor-widget-wrap elementor-element-populated\">\n\t\t\t\t\t\t<div class=\"elementor-element elementor-element-f3a612b elementor-icon-list--layout-inline elementor-align-left elementor-list-item-link-full_width elementor-widget elementor-widget-icon-list\" data-id=\"f3a612b\" data-element_type=\"widget\" data-widget_type=\"icon-list.default\">\n\t\t\t\t<div class=\"elementor-widget-container\">\n\t\t\t\t\t\t\t<ul class=\"elementor-icon-list-items elementor-inline-items\">\n\t\t\t\t\t\t\t<li class=\"elementor-icon-list-item elementor-inline-item\">\n\t\t\t\t\t\t\t\t\t\t\t<a href=\"https:\/\/www.isoltech.it\/prodotti-complementari-cemento-cellulare\/\">\n\n\t\t\t\t\t\t\t\t\t\t\t\t<span class=\"elementor-icon-list-icon\">\n\t\t\t\t\t\t\t<svg aria-hidden=\"true\" class=\"e-font-icon-svg e-fas-chevron-left\" viewBox=\"0 0 320 512\" xmlns=\"http:\/\/www.w3.org\/2000\/svg\"><path d=\"M34.52 239.03L228.87 44.69c9.37-9.37 24.57-9.37 33.94 0l22.67 22.67c9.36 9.36 9.37 24.52.04 33.9L131.49 256l154.02 154.75c9.34 9.38 9.32 24.54-.04 33.9l-22.67 22.67c-9.37 9.37-24.57 9.37-33.94 0L34.52 272.97c-9.37-9.37-9.37-24.57 0-33.94z\"><\/path><\/svg>\t\t\t\t\t\t<\/span>\n\t\t\t\t\t\t\t\t\t\t<span class=\"elementor-icon-list-text\">Productos complementarios<\/span>\n\t\t\t\t\t\t\t\t\t\t\t<\/a>\n\t\t\t\t\t\t\t\t\t<\/li>\n\t\t\t\t\t\t<\/ul>\n\t\t\t\t\t\t<\/div>\n\t\t\t\t<\/div>\n\t\t\t\t<div class=\"elementor-element elementor-element-18266f24 animated-slow elementor-invisible elementor-widget elementor-widget-jkit_heading\" data-id=\"18266f24\" data-element_type=\"widget\" data-settings=\"{&quot;_animation&quot;:&quot;fadeInUp&quot;}\" data-widget_type=\"jkit_heading.default\">\n\t\t\t\t<div class=\"elementor-widget-container\">\n\t\t\t\t\t<div  class=\"jeg-elementor-kit jkit-heading  align- align-tablet- align-mobile- jeg_module___69ef8f32027ce\" ><div class=\"heading-section-title  display-inline-block\"><h5 class=\"heading-title\">PRODUCTOS COMPLEMENTARIOS<\/h5><\/div><\/div>\t\t\t\t<\/div>\n\t\t\t\t<\/div>\n\t\t\t\t<div class=\"elementor-element elementor-element-618e2bdb elementor-widget elementor-widget-heading\" data-id=\"618e2bdb\" data-element_type=\"widget\" data-widget_type=\"heading.default\">\n\t\t\t\t<div class=\"elementor-widget-container\">\n\t\t\t\t\t<h1 class=\"elementor-heading-title elementor-size-default\">Fibras de polipropileno para hormig\u00f3n celular\n\n<\/h1>\t\t\t\t<\/div>\n\t\t\t\t<\/div>\n\t\t\t\t<div class=\"elementor-element elementor-element-4d3831ec elementor-widget elementor-widget-text-editor\" data-id=\"4d3831ec\" data-element_type=\"widget\" data-widget_type=\"text-editor.default\">\n\t\t\t\t<div class=\"elementor-widget-container\">\n\t\t\t\t\t\t\t\t\t<p><span style=\"font-weight: 400;\">Las fibras de polipropileno son una soluci\u00f3n dise\u00f1ada para mejorar el rendimiento del hormig\u00f3n celular. Estas fibras, f\u00e1cilmente distribuibles dentro de la mezcla de hormig\u00f3n, ofrecen una protecci\u00f3n excepcional contra las microfisuras que pueden desarrollarse durante el proceso de secado y endurecimiento del hormig\u00f3n. Adem\u00e1s, la adici\u00f3n de fibras de polipropileno reduce la abrasi\u00f3n y la permeabilidad del material.<\/span><\/p>\n<p><span style=\"font-weight: 400;\">Esta mejora de las propiedades mec\u00e1nicas y f\u00edsicas del hormig\u00f3n celular hace que el producto sea ideal para una amplia gama de aplicaciones, garantizando una mayor durabilidad y resistencia de las estructuras. <\/span><\/p>\n<p><span style=\"font-weight: 400;\">Las fibras de polipropileno son especialmente \u00fatiles en entornos donde el hormig\u00f3n est\u00e1 sujeto a tensiones y desgaste, asegurando un rendimiento \u00f3ptimo y una vida \u00fatil prolongada del material.<\/span><\/p>\n<p><span style=\"font-weight: 400;\">Adem\u00e1s, el uso de fibras de polipropileno en el hormig\u00f3n celular contribuye a una mejor integridad estructural, reduciendo la necesidad de mantenimiento y reparaciones con el tiempo.<\/span><\/p>\t\t\t\t\t\t\t\t<\/div>\n\t\t\t\t<\/div>\n\t\t\t\t\t<\/div>\n\t\t<\/div>\n\t\t\t\t<div class=\"elementor-column elementor-col-50 elementor-top-column elementor-element elementor-element-279232ce\" data-id=\"279232ce\" data-element_type=\"column\">\n\t\t\t<div class=\"elementor-widget-wrap elementor-element-populated\">\n\t\t\t\t\t\t<div class=\"elementor-element elementor-element-57c3e559 elementor-widget__width-initial elementor-widget elementor-widget-image\" data-id=\"57c3e559\" data-element_type=\"widget\" data-widget_type=\"image.default\">\n\t\t\t\t<div class=\"elementor-widget-container\">\n\t\t\t\t\t\t\t\t\t\t\t\t\t\t\t<img decoding=\"async\" src=\"https:\/\/www.isoltech.it\/wp-content\/uploads\/elementor\/thumbs\/fibre-in-polipropilene-2-qtnjf5hic9x8ay1ymhsxcgsecl8c38ssv0ck7a08ja.jpg\" title=\"fibre-in-polipropilene-2\" alt=\"fibre-in-polipropilene-2\" loading=\"lazy\" \/>\t\t\t\t\t\t\t\t\t\t\t\t\t\t\t<\/div>\n\t\t\t\t<\/div>\n\t\t\t\t\t<\/div>\n\t\t<\/div>\n\t\t\t\t\t<\/div>\n\t\t<\/section>\n\t\t<div class=\"elementor-element elementor-element-fba3f25 e-con-full e-flex e-con e-parent\" data-id=\"fba3f25\" data-element_type=\"container\">\n\t\t<div class=\"elementor-element elementor-element-3457ba2 e-flex e-con-boxed e-con e-child\" data-id=\"3457ba2\" data-element_type=\"container\" data-settings=\"{&quot;background_background&quot;:&quot;classic&quot;}\">\n\t\t\t\t\t<div class=\"e-con-inner\">\n\t\t<div class=\"elementor-element elementor-element-f6d531c e-con-full e-flex e-con e-child\" data-id=\"f6d531c\" data-element_type=\"container\">\n\t\t\t\t<div class=\"elementor-element elementor-element-76480f6 elementor-widget elementor-widget-heading\" data-id=\"76480f6\" data-element_type=\"widget\" data-widget_type=\"heading.default\">\n\t\t\t\t<div class=\"elementor-widget-container\">\n\t\t\t\t\t<h3 class=\"elementor-heading-title elementor-size-default\">Caracter\u00edsticas f\u00edsicas de las fibras de polipropileno\n\n<\/h3>\t\t\t\t<\/div>\n\t\t\t\t<\/div>\n\t\t<div class=\"elementor-element elementor-element-9caefab e-con-full e-flex e-con e-child\" data-id=\"9caefab\" data-element_type=\"container\">\n\t\t<div class=\"elementor-element elementor-element-1c3e6e6 e-con-full e-flex e-con e-child\" data-id=\"1c3e6e6\" data-element_type=\"container\" data-settings=\"{&quot;background_background&quot;:&quot;classic&quot;}\">\n\t\t\t\t<div class=\"elementor-element elementor-element-64b2abc elementor-widget elementor-widget-image\" data-id=\"64b2abc\" data-element_type=\"widget\" data-widget_type=\"image.default\">\n\t\t\t\t<div class=\"elementor-widget-container\">\n\t\t\t\t\t\t\t\t\t\t\t\t\t\t\t<img fetchpriority=\"high\" decoding=\"async\" width=\"1482\" height=\"332\" src=\"https:\/\/www.isoltech.it\/wp-content\/uploads\/2024\/10\/TABELLA-1-CARATTERISTICHE-TECNICHE-FIBRE-POLIPROPILENE-SPAGNOLO-.png\" class=\"attachment-full size-full wp-image-5661\" alt=\"\" srcset=\"https:\/\/www.isoltech.it\/wp-content\/uploads\/2024\/10\/TABELLA-1-CARATTERISTICHE-TECNICHE-FIBRE-POLIPROPILENE-SPAGNOLO-.png 1482w, https:\/\/www.isoltech.it\/wp-content\/uploads\/2024\/10\/TABELLA-1-CARATTERISTICHE-TECNICHE-FIBRE-POLIPROPILENE-SPAGNOLO--300x67.png 300w, https:\/\/www.isoltech.it\/wp-content\/uploads\/2024\/10\/TABELLA-1-CARATTERISTICHE-TECNICHE-FIBRE-POLIPROPILENE-SPAGNOLO--1024x229.png 1024w, https:\/\/www.isoltech.it\/wp-content\/uploads\/2024\/10\/TABELLA-1-CARATTERISTICHE-TECNICHE-FIBRE-POLIPROPILENE-SPAGNOLO--768x172.png 768w\" sizes=\"(max-width: 1482px) 100vw, 1482px\" \/>\t\t\t\t\t\t\t\t\t\t\t\t\t\t\t<\/div>\n\t\t\t\t<\/div>\n\t\t\t\t<\/div>\n\t\t\t\t<\/div>\n\t\t\t\t<\/div>\n\t\t\t\t\t<\/div>\n\t\t\t\t<\/div>\n\t\t<div class=\"elementor-element elementor-element-934b0d9 e-con-full e-flex e-con e-child\" data-id=\"934b0d9\" data-element_type=\"container\" data-settings=\"{&quot;background_background&quot;:&quot;classic&quot;}\">\n\t\t<div class=\"elementor-element elementor-element-44352b1 e-con-full e-flex e-con e-child\" data-id=\"44352b1\" data-element_type=\"container\">\n\t\t\t\t<div class=\"elementor-element elementor-element-2c50fdf animated-slow elementor-invisible elementor-widget elementor-widget-jkit_heading\" data-id=\"2c50fdf\" data-element_type=\"widget\" data-settings=\"{&quot;_animation&quot;:&quot;fadeInUp&quot;}\" data-widget_type=\"jkit_heading.default\">\n\t\t\t\t<div class=\"elementor-widget-container\">\n\t\t\t\t\t<div  class=\"jeg-elementor-kit jkit-heading  align-center align-tablet- align-mobile- jeg_module__1_69ef8f32053b1\" ><div class=\"heading-section-title  display-inline-block\"><h5 class=\"heading-title\"><span class=\"style-color\"><span>INFORMACI\u00d3N<\/span><\/span><\/h5><\/div><\/div>\t\t\t\t<\/div>\n\t\t\t\t<\/div>\n\t\t\t\t<div class=\"elementor-element elementor-element-93f099f elementor-widget elementor-widget-heading\" data-id=\"93f099f\" data-element_type=\"widget\" data-widget_type=\"heading.default\">\n\t\t\t\t<div class=\"elementor-widget-container\">\n\t\t\t\t\t<h2 class=\"elementor-heading-title elementor-size-default\">\u00bfNecesita una aplicaci\u00f3n distinta a las enumeradas?<\/h2>\t\t\t\t<\/div>\n\t\t\t\t<\/div>\n\t\t\t\t<div class=\"elementor-element elementor-element-923d9e5 elementor-widget elementor-widget-text-editor\" data-id=\"923d9e5\" data-element_type=\"widget\" data-widget_type=\"text-editor.default\">\n\t\t\t\t<div class=\"elementor-widget-container\">\n\t\t\t\t\t\t\t\t\t<p>Nuestro personal especializado est\u00e1 a su disposici\u00f3n<\/p>\t\t\t\t\t\t\t\t<\/div>\n\t\t\t\t<\/div>\n\t\t\t\t<div class=\"elementor-element elementor-element-656457c elementor-align-center elementor-widget elementor-widget-button\" data-id=\"656457c\" data-element_type=\"widget\" data-widget_type=\"button.default\">\n\t\t\t\t<div class=\"elementor-widget-container\">\n\t\t\t\t\t\t\t\t\t<div class=\"elementor-button-wrapper\">\n\t\t\t\t\t<a class=\"elementor-button elementor-button-link elementor-size-sm\" href=\"https:\/\/www.isoltech.it\/es\/contacto\/\">\n\t\t\t\t\t\t<span class=\"elementor-button-content-wrapper\">\n\t\t\t\t\t\t\t\t\t<span class=\"elementor-button-text\">Cont\u00e1ctenos ahora<\/span>\n\t\t\t\t\t<\/span>\n\t\t\t\t\t<\/a>\n\t\t\t\t<\/div>\n\t\t\t\t\t\t\t\t<\/div>\n\t\t\t\t<\/div>\n\t\t\t\t<\/div>\n\t\t\t\t<\/div>\n\t\t\t\t<\/div>\n\t\t\t\t<\/div>\n\t\t","protected":false},"excerpt":{"rendered":"<p>Productos complementarios PRODUCTOS COMPLEMENTARIOS Fibras de polipropileno para hormig\u00f3n celular Las fibras de polipropileno son una soluci\u00f3n dise\u00f1ada para mejorar el rendimiento del hormig\u00f3n celular. Estas fibras, f\u00e1cilmente distribuibles dentro de la mezcla de hormig\u00f3n, ofrecen una protecci\u00f3n excepcional contra las microfisuras que pueden desarrollarse durante el proceso de secado y endurecimiento del hormig\u00f3n. Adem\u00e1s, [&hellip;]<\/p>\n","protected":false},"author":1,"featured_media":0,"parent":0,"menu_order":0,"comment_status":"closed","ping_status":"closed","template":"elementor_header_footer","meta":{"footnotes":""},"class_list":["post-5658","page","type-page","status-publish","hentry"],"yoast_head":"<!-- This site is optimized with the Yoast SEO plugin v25.3 - https:\/\/yoast.com\/wordpress\/plugins\/seo\/ -->\n<title>Fibras de polipropileno para hormig\u00f3n celular - Isoltech<\/title>\n<meta name=\"description\" content=\"Las fibras de polipropileno son un producto para hormig\u00f3n celular, \u00fatiles para prevenir microfisuras, reduciendo la abrasi\u00f3n y la permeabilidad.\" \/>\n<meta name=\"robots\" content=\"index, follow, max-snippet:-1, max-image-preview:large, max-video-preview:-1\" \/>\n<link rel=\"canonical\" href=\"https:\/\/www.isoltech.it\/es\/fibras-de-propileno-para-hormigon-celular\/\" \/>\n<meta property=\"og:locale\" content=\"es_ES\" \/>\n<meta property=\"og:type\" content=\"article\" \/>\n<meta property=\"og:title\" content=\"Fibras de polipropileno para hormig\u00f3n celular - Isoltech\" \/>\n<meta property=\"og:description\" content=\"Las fibras de polipropileno son un producto para hormig\u00f3n celular, \u00fatiles para prevenir microfisuras, reduciendo la abrasi\u00f3n y la permeabilidad.\" \/>\n<meta property=\"og:url\" content=\"https:\/\/www.isoltech.it\/es\/fibras-de-propileno-para-hormigon-celular\/\" \/>\n<meta property=\"og:site_name\" content=\"Isoltech\" \/>\n<meta property=\"article:modified_time\" content=\"2024-11-25T14:58:57+00:00\" \/>\n<meta property=\"og:image\" content=\"https:\/\/www.isoltech.it\/wp-content\/uploads\/elementor\/thumbs\/fibre-in-polipropilene-2-qtnjf5hic9x8ay1ymhsxcgsecl8c38ssv0ck7a069c.jpg\" \/>\n<meta name=\"twitter:card\" content=\"summary_large_image\" \/>\n<meta name=\"twitter:label1\" content=\"Tiempo de lectura\" \/>\n\t<meta name=\"twitter:data1\" content=\"2 minutos\" \/>\n<script type=\"application\/ld+json\" class=\"yoast-schema-graph\">{\"@context\":\"https:\/\/schema.org\",\"@graph\":[{\"@type\":\"WebPage\",\"@id\":\"https:\/\/www.isoltech.it\/es\/fibras-de-propileno-para-hormigon-celular\/\",\"url\":\"https:\/\/www.isoltech.it\/es\/fibras-de-propileno-para-hormigon-celular\/\",\"name\":\"Fibras de polipropileno para hormig\u00f3n celular - Isoltech\",\"isPartOf\":{\"@id\":\"https:\/\/www.isoltech.it\/es\/#website\"},\"primaryImageOfPage\":{\"@id\":\"https:\/\/www.isoltech.it\/es\/fibras-de-propileno-para-hormigon-celular\/#primaryimage\"},\"image\":{\"@id\":\"https:\/\/www.isoltech.it\/es\/fibras-de-propileno-para-hormigon-celular\/#primaryimage\"},\"thumbnailUrl\":\"https:\/\/www.isoltech.it\/wp-content\/uploads\/elementor\/thumbs\/fibre-in-polipropilene-2-qtnjf5hic9x8ay1ymhsxcgsecl8c38ssv0ck7a069c.jpg\",\"datePublished\":\"2024-09-06T10:22:45+00:00\",\"dateModified\":\"2024-11-25T14:58:57+00:00\",\"description\":\"Las fibras de polipropileno son un producto para hormig\u00f3n celular, \u00fatiles para prevenir microfisuras, reduciendo la abrasi\u00f3n y la permeabilidad.\",\"breadcrumb\":{\"@id\":\"https:\/\/www.isoltech.it\/es\/fibras-de-propileno-para-hormigon-celular\/#breadcrumb\"},\"inLanguage\":\"es\",\"potentialAction\":[{\"@type\":\"ReadAction\",\"target\":[\"https:\/\/www.isoltech.it\/es\/fibras-de-propileno-para-hormigon-celular\/\"]}]},{\"@type\":\"ImageObject\",\"inLanguage\":\"es\",\"@id\":\"https:\/\/www.isoltech.it\/es\/fibras-de-propileno-para-hormigon-celular\/#primaryimage\",\"url\":\"https:\/\/www.isoltech.it\/wp-content\/uploads\/elementor\/thumbs\/fibre-in-polipropilene-2-qtnjf5hic9x8ay1ymhsxcgsecl8c38ssv0ck7a069c.jpg\",\"contentUrl\":\"https:\/\/www.isoltech.it\/wp-content\/uploads\/elementor\/thumbs\/fibre-in-polipropilene-2-qtnjf5hic9x8ay1ymhsxcgsecl8c38ssv0ck7a069c.jpg\"},{\"@type\":\"BreadcrumbList\",\"@id\":\"https:\/\/www.isoltech.it\/es\/fibras-de-propileno-para-hormigon-celular\/#breadcrumb\",\"itemListElement\":[{\"@type\":\"ListItem\",\"position\":1,\"name\":\"Home\",\"item\":\"https:\/\/www.isoltech.it\/es\/\"},{\"@type\":\"ListItem\",\"position\":2,\"name\":\"Fibras de polipropileno para hormig\u00f3n celular\"}]},{\"@type\":\"WebSite\",\"@id\":\"https:\/\/www.isoltech.it\/es\/#website\",\"url\":\"https:\/\/www.isoltech.it\/es\/\",\"name\":\"Isoltech\",\"description\":\"cemento cellulare\",\"potentialAction\":[{\"@type\":\"SearchAction\",\"target\":{\"@type\":\"EntryPoint\",\"urlTemplate\":\"https:\/\/www.isoltech.it\/es\/?s={search_term_string}\"},\"query-input\":{\"@type\":\"PropertyValueSpecification\",\"valueRequired\":true,\"valueName\":\"search_term_string\"}}],\"inLanguage\":\"es\"}]}<\/script>\n<!-- \/ Yoast SEO plugin. -->","yoast_head_json":{"title":"Fibras de polipropileno para hormig\u00f3n celular - Isoltech","description":"Las fibras de polipropileno son un producto para hormig\u00f3n celular, \u00fatiles para prevenir microfisuras, reduciendo la abrasi\u00f3n y la permeabilidad.","robots":{"index":"index","follow":"follow","max-snippet":"max-snippet:-1","max-image-preview":"max-image-preview:large","max-video-preview":"max-video-preview:-1"},"canonical":"https:\/\/www.isoltech.it\/es\/fibras-de-propileno-para-hormigon-celular\/","og_locale":"es_ES","og_type":"article","og_title":"Fibras de polipropileno para hormig\u00f3n celular - Isoltech","og_description":"Las fibras de polipropileno son un producto para hormig\u00f3n celular, \u00fatiles para prevenir microfisuras, reduciendo la abrasi\u00f3n y la permeabilidad.","og_url":"https:\/\/www.isoltech.it\/es\/fibras-de-propileno-para-hormigon-celular\/","og_site_name":"Isoltech","article_modified_time":"2024-11-25T14:58:57+00:00","og_image":[{"url":"https:\/\/www.isoltech.it\/wp-content\/uploads\/elementor\/thumbs\/fibre-in-polipropilene-2-qtnjf5hic9x8ay1ymhsxcgsecl8c38ssv0ck7a069c.jpg","type":"","width":"","height":""}],"twitter_card":"summary_large_image","twitter_misc":{"Tiempo de lectura":"2 minutos"},"schema":{"@context":"https:\/\/schema.org","@graph":[{"@type":"WebPage","@id":"https:\/\/www.isoltech.it\/es\/fibras-de-propileno-para-hormigon-celular\/","url":"https:\/\/www.isoltech.it\/es\/fibras-de-propileno-para-hormigon-celular\/","name":"Fibras de polipropileno para hormig\u00f3n celular - Isoltech","isPartOf":{"@id":"https:\/\/www.isoltech.it\/es\/#website"},"primaryImageOfPage":{"@id":"https:\/\/www.isoltech.it\/es\/fibras-de-propileno-para-hormigon-celular\/#primaryimage"},"image":{"@id":"https:\/\/www.isoltech.it\/es\/fibras-de-propileno-para-hormigon-celular\/#primaryimage"},"thumbnailUrl":"https:\/\/www.isoltech.it\/wp-content\/uploads\/elementor\/thumbs\/fibre-in-polipropilene-2-qtnjf5hic9x8ay1ymhsxcgsecl8c38ssv0ck7a069c.jpg","datePublished":"2024-09-06T10:22:45+00:00","dateModified":"2024-11-25T14:58:57+00:00","description":"Las fibras de polipropileno son un producto para hormig\u00f3n celular, \u00fatiles para prevenir microfisuras, reduciendo la abrasi\u00f3n y la permeabilidad.","breadcrumb":{"@id":"https:\/\/www.isoltech.it\/es\/fibras-de-propileno-para-hormigon-celular\/#breadcrumb"},"inLanguage":"es","potentialAction":[{"@type":"ReadAction","target":["https:\/\/www.isoltech.it\/es\/fibras-de-propileno-para-hormigon-celular\/"]}]},{"@type":"ImageObject","inLanguage":"es","@id":"https:\/\/www.isoltech.it\/es\/fibras-de-propileno-para-hormigon-celular\/#primaryimage","url":"https:\/\/www.isoltech.it\/wp-content\/uploads\/elementor\/thumbs\/fibre-in-polipropilene-2-qtnjf5hic9x8ay1ymhsxcgsecl8c38ssv0ck7a069c.jpg","contentUrl":"https:\/\/www.isoltech.it\/wp-content\/uploads\/elementor\/thumbs\/fibre-in-polipropilene-2-qtnjf5hic9x8ay1ymhsxcgsecl8c38ssv0ck7a069c.jpg"},{"@type":"BreadcrumbList","@id":"https:\/\/www.isoltech.it\/es\/fibras-de-propileno-para-hormigon-celular\/#breadcrumb","itemListElement":[{"@type":"ListItem","position":1,"name":"Home","item":"https:\/\/www.isoltech.it\/es\/"},{"@type":"ListItem","position":2,"name":"Fibras de polipropileno para hormig\u00f3n celular"}]},{"@type":"WebSite","@id":"https:\/\/www.isoltech.it\/es\/#website","url":"https:\/\/www.isoltech.it\/es\/","name":"Isoltech","description":"cemento cellulare","potentialAction":[{"@type":"SearchAction","target":{"@type":"EntryPoint","urlTemplate":"https:\/\/www.isoltech.it\/es\/?s={search_term_string}"},"query-input":{"@type":"PropertyValueSpecification","valueRequired":true,"valueName":"search_term_string"}}],"inLanguage":"es"}]}},"_links":{"self":[{"href":"https:\/\/www.isoltech.it\/es\/wp-json\/wp\/v2\/pages\/5658","targetHints":{"allow":["GET"]}}],"collection":[{"href":"https:\/\/www.isoltech.it\/es\/wp-json\/wp\/v2\/pages"}],"about":[{"href":"https:\/\/www.isoltech.it\/es\/wp-json\/wp\/v2\/types\/page"}],"author":[{"embeddable":true,"href":"https:\/\/www.isoltech.it\/es\/wp-json\/wp\/v2\/users\/1"}],"replies":[{"embeddable":true,"href":"https:\/\/www.isoltech.it\/es\/wp-json\/wp\/v2\/comments?post=5658"}],"version-history":[{"count":4,"href":"https:\/\/www.isoltech.it\/es\/wp-json\/wp\/v2\/pages\/5658\/revisions"}],"predecessor-version":[{"id":5667,"href":"https:\/\/www.isoltech.it\/es\/wp-json\/wp\/v2\/pages\/5658\/revisions\/5667"}],"wp:attachment":[{"href":"https:\/\/www.isoltech.it\/es\/wp-json\/wp\/v2\/media?parent=5658"}],"curies":[{"name":"wp","href":"https:\/\/api.w.org\/{rel}","templated":true}]}}