{"id":5731,"date":"2024-09-03T13:57:06","date_gmt":"2024-09-03T13:57:06","guid":{"rendered":"https:\/\/www.isoltech.it\/impianto-per-produzione-in-continuo-di-cemento-cellulare\/"},"modified":"2025-06-20T08:34:56","modified_gmt":"2025-06-20T08:34:56","slug":"planta-de-hormigon-celular-continua-movil-c2018","status":"publish","type":"page","link":"https:\/\/www.isoltech.it\/es\/planta-de-hormigon-celular-continua-movil-c2018\/","title":{"rendered":"Planta m\u00f3vil para producci\u00f3n continua de hormig\u00f3n celular | C2018"},"content":{"rendered":"\t\t<div data-elementor-type=\"wp-page\" data-elementor-id=\"5731\" class=\"elementor elementor-5731 elementor-1423\" data-elementor-post-type=\"page\">\n\t\t\t\t<div class=\"elementor-element elementor-element-560f47e e-flex e-con-boxed e-con e-parent\" data-id=\"560f47e\" data-element_type=\"container\" data-settings=\"{&quot;background_background&quot;:&quot;classic&quot;}\">\n\t\t\t\t\t<div class=\"e-con-inner\">\n\t\t<div class=\"elementor-element elementor-element-2368ae4 e-con-full e-flex e-con e-child\" data-id=\"2368ae4\" data-element_type=\"container\">\n\t\t\t\t<div class=\"elementor-element elementor-element-66b11cc elementor-icon-list--layout-inline elementor-align-left elementor-list-item-link-full_width elementor-widget elementor-widget-icon-list\" data-id=\"66b11cc\" data-element_type=\"widget\" data-widget_type=\"icon-list.default\">\n\t\t\t\t<div class=\"elementor-widget-container\">\n\t\t\t\t\t\t\t<ul class=\"elementor-icon-list-items elementor-inline-items\">\n\t\t\t\t\t\t\t<li class=\"elementor-icon-list-item elementor-inline-item\">\n\t\t\t\t\t\t\t\t\t\t\t<a href=\"https:\/\/www.isoltech.it\/impianti-mobili-cemento-cellulare\/\">\n\n\t\t\t\t\t\t\t\t\t\t\t\t<span class=\"elementor-icon-list-icon\">\n\t\t\t\t\t\t\t<svg aria-hidden=\"true\" class=\"e-font-icon-svg e-fas-chevron-left\" viewBox=\"0 0 320 512\" xmlns=\"http:\/\/www.w3.org\/2000\/svg\"><path d=\"M34.52 239.03L228.87 44.69c9.37-9.37 24.57-9.37 33.94 0l22.67 22.67c9.36 9.36 9.37 24.52.04 33.9L131.49 256l154.02 154.75c9.34 9.38 9.32 24.54-.04 33.9l-22.67 22.67c-9.37 9.37-24.57 9.37-33.94 0L34.52 272.97c-9.37-9.37-9.37-24.57 0-33.94z\"><\/path><\/svg>\t\t\t\t\t\t<\/span>\n\t\t\t\t\t\t\t\t\t\t<span class=\"elementor-icon-list-text\">Plantas m\u00f3viles<\/span>\n\t\t\t\t\t\t\t\t\t\t\t<\/a>\n\t\t\t\t\t\t\t\t\t<\/li>\n\t\t\t\t\t\t<\/ul>\n\t\t\t\t\t\t<\/div>\n\t\t\t\t<\/div>\n\t\t\t\t<div class=\"elementor-element elementor-element-0fe662f animated-slow elementor-invisible elementor-widget elementor-widget-jkit_heading\" data-id=\"0fe662f\" data-element_type=\"widget\" data-settings=\"{&quot;_animation&quot;:&quot;fadeInUp&quot;}\" data-widget_type=\"jkit_heading.default\">\n\t\t\t\t<div class=\"elementor-widget-container\">\n\t\t\t\t\t<div  class=\"jeg-elementor-kit jkit-heading  align- align-tablet- align-mobile- jeg_module___69f2f3ed376ce\" ><div class=\"heading-section-title  display-inline-block\"><h5 class=\"heading-title\">PLANTAS M\u00d3VILES<\/h5><\/div><\/div>\t\t\t\t<\/div>\n\t\t\t\t<\/div>\n\t\t\t\t<div class=\"elementor-element elementor-element-96bd357 elementor-widget elementor-widget-heading\" data-id=\"96bd357\" data-element_type=\"widget\" data-widget_type=\"heading.default\">\n\t\t\t\t<div class=\"elementor-widget-container\">\n\t\t\t\t\t<h1 class=\"elementor-heading-title elementor-size-default\">Planta m\u00f3vil para producci\u00f3n continua de hormig\u00f3n celular | C2018\n<\/h1>\t\t\t\t<\/div>\n\t\t\t\t<\/div>\n\t\t\t\t<div class=\"elementor-element elementor-element-555d619 elementor-widget elementor-widget-text-editor\" data-id=\"555d619\" data-element_type=\"widget\" data-widget_type=\"text-editor.default\">\n\t\t\t\t<div class=\"elementor-widget-container\">\n\t\t\t\t\t\t\t\t\t<p><span style=\"font-weight: 400;\">La planta m\u00f3vil continua C2018 representa la m\u00e1xima calidad e innovaci\u00f3n en la producci\u00f3n de hormig\u00f3n celular. Gracias a su tecnolog\u00eda exclusiva, probada, robusta y confiable, esta planta es capaz de producir hormig\u00f3n celular en continuo en cantidades variables de hasta 20 m\u00b3\/h.<\/span><\/p><p><span style=\"font-weight: 400;\">Ideal para llevar el prestigio de la innovaci\u00f3n directamente a la obra, la C2018 utiliza <strong>todos los aditivos complementarios necesarios <\/strong>para producir<strong> hormig\u00f3n celular de nueva generaci\u00f3n<\/strong>, incluidos hormigones celulares con muy bajo contenido de agua\/cemento, de secado r\u00e1pido, tixotr\u00f3picos y antigoteo y de baja densidad.<\/span><\/p>\t\t\t\t\t\t\t\t<\/div>\n\t\t\t\t<\/div>\n\t\t\t\t<\/div>\n\t\t<div class=\"elementor-element elementor-element-f7bc4e6 e-con-full e-flex e-con e-child\" data-id=\"f7bc4e6\" data-element_type=\"container\">\n\t\t\t\t<div class=\"elementor-element elementor-element-5e7b59f elementor-widget__width-initial elementor-widget elementor-widget-image\" data-id=\"5e7b59f\" data-element_type=\"widget\" data-widget_type=\"image.default\">\n\t\t\t\t<div class=\"elementor-widget-container\">\n\t\t\t\t\t\t\t\t\t\t\t\t\t\t\t<img fetchpriority=\"high\" decoding=\"async\" width=\"2560\" height=\"1920\" src=\"https:\/\/www.isoltech.it\/wp-content\/uploads\/2024\/09\/Impianto-mobile-continuo-scaled.jpg\" class=\"attachment-full size-full wp-image-5733\" alt=\"\" srcset=\"https:\/\/www.isoltech.it\/wp-content\/uploads\/2024\/09\/Impianto-mobile-continuo-scaled.jpg 2560w, https:\/\/www.isoltech.it\/wp-content\/uploads\/2024\/09\/Impianto-mobile-continuo-300x225.jpg 300w, https:\/\/www.isoltech.it\/wp-content\/uploads\/2024\/09\/Impianto-mobile-continuo-1024x768.jpg 1024w, https:\/\/www.isoltech.it\/wp-content\/uploads\/2024\/09\/Impianto-mobile-continuo-768x576.jpg 768w, https:\/\/www.isoltech.it\/wp-content\/uploads\/2024\/09\/Impianto-mobile-continuo-1536x1152.jpg 1536w, https:\/\/www.isoltech.it\/wp-content\/uploads\/2024\/09\/Impianto-mobile-continuo-2048x1536.jpg 2048w\" sizes=\"(max-width: 2560px) 100vw, 2560px\" \/>\t\t\t\t\t\t\t\t\t\t\t\t\t\t\t<\/div>\n\t\t\t\t<\/div>\n\t\t\t\t<\/div>\n\t\t\t\t\t<\/div>\n\t\t\t\t<\/div>\n\t\t<div class=\"elementor-element elementor-element-5d100fb e-flex e-con-boxed e-con e-parent\" data-id=\"5d100fb\" data-element_type=\"container\">\n\t\t\t\t\t<div class=\"e-con-inner\">\n\t\t\t\t<div class=\"elementor-element elementor-element-6ab6686 elementor-widget-divider--view-line elementor-widget elementor-widget-divider\" data-id=\"6ab6686\" data-element_type=\"widget\" data-widget_type=\"divider.default\">\n\t\t\t\t<div class=\"elementor-widget-container\">\n\t\t\t\t\t\t\t<div class=\"elementor-divider\">\n\t\t\t<span class=\"elementor-divider-separator\">\n\t\t\t\t\t\t<\/span>\n\t\t<\/div>\n\t\t\t\t\t\t<\/div>\n\t\t\t\t<\/div>\n\t\t\t\t\t<\/div>\n\t\t\t\t<\/div>\n\t\t\t\t<section class=\"elementor-section elementor-top-section elementor-element elementor-element-6a4bd94 elementor-section-boxed elementor-section-height-default elementor-section-height-default\" data-id=\"6a4bd94\" data-element_type=\"section\" data-settings=\"{&quot;background_background&quot;:&quot;classic&quot;}\">\n\t\t\t\t\t\t<div class=\"elementor-container elementor-column-gap-default\">\n\t\t\t\t\t<div class=\"elementor-column elementor-col-100 elementor-top-column elementor-element elementor-element-743f2d3\" data-id=\"743f2d3\" data-element_type=\"column\">\n\t\t\t<div class=\"elementor-widget-wrap elementor-element-populated\">\n\t\t\t\t<div class=\"elementor-element elementor-element-7d4218c e-con-full e-flex e-con e-parent\" data-id=\"7d4218c\" data-element_type=\"container\">\n\t\t<div class=\"elementor-element elementor-element-90a6693 e-con-full e-flex e-con e-child\" data-id=\"90a6693\" data-element_type=\"container\">\n\t\t\t\t<div class=\"elementor-element elementor-element-6a00790 elementor-widget elementor-widget-heading\" data-id=\"6a00790\" data-element_type=\"widget\" data-widget_type=\"heading.default\">\n\t\t\t\t<div class=\"elementor-widget-container\">\n\t\t\t\t\t<h2 class=\"elementor-heading-title elementor-size-default\">Caracter\u00edsticas de la planta m\u00f3vil C2018: totalmente aut\u00f3noma pero con posibilidad de interfaz hombre-m\u00e1quina\n<\/h2>\t\t\t\t<\/div>\n\t\t\t\t<\/div>\n\t\t\t\t<\/div>\n\t\t\t\t<\/div>\n\t\t<div class=\"elementor-element elementor-element-490b996 e-con-full e-flex e-con e-parent\" data-id=\"490b996\" data-element_type=\"container\">\n\t\t<div class=\"elementor-element elementor-element-b09e372 e-con-full e-flex e-con e-child\" data-id=\"b09e372\" data-element_type=\"container\">\n\t\t\t\t<div class=\"elementor-element elementor-element-6a278f2 elementor-widget elementor-widget-text-editor\" data-id=\"6a278f2\" data-element_type=\"widget\" data-widget_type=\"text-editor.default\">\n\t\t\t\t<div class=\"elementor-widget-container\">\n\t\t\t\t\t\t\t\t\t<p><span style=\"font-weight: 400;\">La <\/span><b>C2018<\/b><span style=\"font-weight: 400;\"> es una planta c<\/span><b>ompletamente aut\u00f3noma para la producci\u00f3n continua de hormig\u00f3n celular. <\/b><span style=\"font-weight: 400;\">Con una capacidad de <\/span><b>28 toneladas de cemento a plena carga<\/b><span style=\"font-weight: 400;\">, <\/span><b>3000 litros de agua y un generador que proporciona la energ\u00eda el\u00e9ctrica necesaria<\/b><span style=\"font-weight: 400;\">, la planta no depende de la red de la obra.\u00a0\u00a0<\/span><\/p>\n<p><span style=\"font-weight: 400;\">Adem\u00e1s, es posible equipar la C2018 con un <\/span><b>dispositivo de autodiagn\u00f3stico conectado a una tarjeta SIM<\/b><span style=\"font-weight: 400;\"> y un m\u00f3dem en el cuadro el\u00e9ctrico, lo que permite a nuestros t\u00e9cnicos de Isoltech brindar asistencia en tiempo real a trav\u00e9s de una conexi\u00f3n web.<\/span><\/p>\n<p><span style=\"font-weight: 400;\">El sistema de control de la planta C2018 est\u00e1 compuesto por dos PLC que se comunican a trav\u00e9s de un cable de red LAN, lo que garantiza un funcionamiento sincronizado y eficiente.\u00a0 <\/span><\/p>\t\t\t\t\t\t\t\t<\/div>\n\t\t\t\t<\/div>\n\t\t\t\t<\/div>\n\t\t<div class=\"elementor-element elementor-element-e2bb2e7 e-con-full e-flex e-con e-child\" data-id=\"e2bb2e7\" data-element_type=\"container\">\n\t\t\t\t<div class=\"elementor-element elementor-element-93192e3 elementor-widget elementor-widget-text-editor\" data-id=\"93192e3\" data-element_type=\"widget\" data-widget_type=\"text-editor.default\">\n\t\t\t\t<div class=\"elementor-widget-container\">\n\t\t\t\t\t\t\t\t\t<p><span style=\"font-weight: 400;\">Aunque la planta no requiere una interfaz hombre-m\u00e1quina, es posible equiparla con un panel de operador con pantalla t\u00e1ctil a color de 5&#8243; o 7&#8243; para la gesti\u00f3n de los tiempos de trabajo y la lista de alarmas, o con un panel PC con pantalla t\u00e1ctil a color de 12&#8243; o 15&#8243; para una gesti\u00f3n completa de la planta. <\/span><\/p>\n<p><span style=\"font-weight: 400;\">Con esta \u00faltima soluci\u00f3n, el operador puede crear y gestionar recetas, guardar el historial de las operaciones y exportar los datos en formato txt o Excel a trav\u00e9s de una memoria USB.<\/span><\/p>\t\t\t\t\t\t\t\t<\/div>\n\t\t\t\t<\/div>\n\t\t\t\t<\/div>\n\t\t\t\t<\/div>\n\t\t\t\t\t<\/div>\n\t\t<\/div>\n\t\t\t\t\t<\/div>\n\t\t<\/section>\n\t\t<div class=\"elementor-element elementor-element-fba3f25 e-con-full e-flex e-con e-parent\" data-id=\"fba3f25\" data-element_type=\"container\">\n\t\t<div class=\"elementor-element elementor-element-934b0d9 e-con-full e-flex e-con e-child\" data-id=\"934b0d9\" data-element_type=\"container\" data-settings=\"{&quot;background_background&quot;:&quot;classic&quot;}\">\n\t\t<div class=\"elementor-element elementor-element-44352b1 e-con-full e-flex e-con e-child\" data-id=\"44352b1\" data-element_type=\"container\">\n\t\t\t\t<div class=\"elementor-element elementor-element-2c50fdf animated-slow elementor-invisible elementor-widget elementor-widget-jkit_heading\" data-id=\"2c50fdf\" data-element_type=\"widget\" data-settings=\"{&quot;_animation&quot;:&quot;fadeInUp&quot;}\" data-widget_type=\"jkit_heading.default\">\n\t\t\t\t<div class=\"elementor-widget-container\">\n\t\t\t\t\t<div  class=\"jeg-elementor-kit jkit-heading  align-center align-tablet- align-mobile- jeg_module__1_69f2f3ed381a2\" ><div class=\"heading-section-title  display-inline-block\"><h5 class=\"heading-title\"><span class=\"style-color\"><span>INFORMACI\u00d3N<\/span><\/span><\/h5><\/div><\/div>\t\t\t\t<\/div>\n\t\t\t\t<\/div>\n\t\t\t\t<div class=\"elementor-element elementor-element-93f099f elementor-widget elementor-widget-heading\" data-id=\"93f099f\" data-element_type=\"widget\" data-widget_type=\"heading.default\">\n\t\t\t\t<div class=\"elementor-widget-container\">\n\t\t\t\t\t<h2 class=\"elementor-heading-title elementor-size-default\">\u00bfNecesita una aplicaci\u00f3n distinta a las enumeradas?\n<\/h2>\t\t\t\t<\/div>\n\t\t\t\t<\/div>\n\t\t\t\t<div class=\"elementor-element elementor-element-923d9e5 elementor-widget elementor-widget-text-editor\" data-id=\"923d9e5\" data-element_type=\"widget\" data-widget_type=\"text-editor.default\">\n\t\t\t\t<div class=\"elementor-widget-container\">\n\t\t\t\t\t\t\t\t\t<div class=\"elementor-element elementor-element-923d9e5 elementor-widget elementor-widget-text-editor\" data-id=\"923d9e5\" data-element_type=\"widget\" data-widget_type=\"text-editor.default\">\n<div class=\"elementor-widget-container\">\n<p>Nuestro personal especializado est\u00e1 a su disposici\u00f3n<\/p>\n<\/div>\n<\/div>\n<div class=\"elementor-element elementor-element-656457c elementor-align-center elementor-widget elementor-widget-button\" data-id=\"656457c\" data-element_type=\"widget\" data-widget_type=\"button.default\">\n<div class=\"elementor-widget-container\">\u00a0<\/div>\n<\/div>\t\t\t\t\t\t\t\t<\/div>\n\t\t\t\t<\/div>\n\t\t\t\t<div class=\"elementor-element elementor-element-656457c elementor-align-center elementor-widget elementor-widget-button\" data-id=\"656457c\" data-element_type=\"widget\" data-widget_type=\"button.default\">\n\t\t\t\t<div class=\"elementor-widget-container\">\n\t\t\t\t\t\t\t\t\t<div class=\"elementor-button-wrapper\">\n\t\t\t\t\t<a class=\"elementor-button elementor-button-link elementor-size-sm\" href=\"#\">\n\t\t\t\t\t\t<span class=\"elementor-button-content-wrapper\">\n\t\t\t\t\t\t\t\t\t<span class=\"elementor-button-text\">Cont\u00e1ctenos ahora<\/span>\n\t\t\t\t\t<\/span>\n\t\t\t\t\t<\/a>\n\t\t\t\t<\/div>\n\t\t\t\t\t\t\t\t<\/div>\n\t\t\t\t<\/div>\n\t\t\t\t<\/div>\n\t\t\t\t<\/div>\n\t\t\t\t<\/div>\n\t\t\t\t<\/div>\n\t\t","protected":false},"excerpt":{"rendered":"<p>Plantas m\u00f3viles PLANTAS M\u00d3VILES Planta m\u00f3vil para producci\u00f3n continua de hormig\u00f3n celular | C2018 La planta m\u00f3vil continua C2018 representa la m\u00e1xima calidad e innovaci\u00f3n en la producci\u00f3n de hormig\u00f3n celular. Gracias a su tecnolog\u00eda exclusiva, probada, robusta y confiable, esta planta es capaz de producir hormig\u00f3n celular en continuo en cantidades variables de hasta [&hellip;]<\/p>\n","protected":false},"author":1,"featured_media":0,"parent":0,"menu_order":0,"comment_status":"closed","ping_status":"closed","template":"elementor_header_footer","meta":{"footnotes":""},"class_list":["post-5731","page","type-page","status-publish","hentry"],"yoast_head":"<!-- This site is optimized with the Yoast SEO plugin v25.3 - https:\/\/yoast.com\/wordpress\/plugins\/seo\/ -->\n<title>Planta para producci\u00f3n continua de hormig\u00f3n celular - Isoltech<\/title>\n<meta name=\"description\" content=\"La planta m\u00f3vil C2018 de Isoltech puede producir hormig\u00f3n celular en continuo en cantidades variables, hasta 20 m\u00b3\/h.\" \/>\n<meta name=\"robots\" content=\"index, follow, max-snippet:-1, max-image-preview:large, max-video-preview:-1\" \/>\n<link rel=\"canonical\" href=\"https:\/\/www.isoltech.it\/es\/planta-de-hormigon-celular-continua-movil-c2018\/\" \/>\n<meta property=\"og:locale\" content=\"es_ES\" \/>\n<meta property=\"og:type\" content=\"article\" \/>\n<meta property=\"og:title\" content=\"Planta para producci\u00f3n continua de hormig\u00f3n celular - Isoltech\" \/>\n<meta property=\"og:description\" content=\"La planta m\u00f3vil C2018 de Isoltech puede producir hormig\u00f3n celular en continuo en cantidades variables, hasta 20 m\u00b3\/h.\" \/>\n<meta property=\"og:url\" content=\"https:\/\/www.isoltech.it\/es\/planta-de-hormigon-celular-continua-movil-c2018\/\" \/>\n<meta property=\"og:site_name\" content=\"Isoltech\" \/>\n<meta property=\"article:modified_time\" content=\"2025-06-20T08:34:56+00:00\" \/>\n<meta property=\"og:image\" content=\"https:\/\/www.isoltech.it\/wp-content\/uploads\/2024\/09\/Impianto-mobile-continuo-scaled.jpg\" \/>\n\t<meta property=\"og:image:width\" content=\"2560\" \/>\n\t<meta property=\"og:image:height\" content=\"1920\" \/>\n\t<meta property=\"og:image:type\" content=\"image\/jpeg\" \/>\n<meta name=\"twitter:card\" content=\"summary_large_image\" \/>\n<meta name=\"twitter:label1\" content=\"Tiempo de lectura\" \/>\n\t<meta name=\"twitter:data1\" content=\"2 minutos\" \/>\n<script type=\"application\/ld+json\" class=\"yoast-schema-graph\">{\"@context\":\"https:\/\/schema.org\",\"@graph\":[{\"@type\":\"WebPage\",\"@id\":\"https:\/\/www.isoltech.it\/es\/planta-de-hormigon-celular-continua-movil-c2018\/\",\"url\":\"https:\/\/www.isoltech.it\/es\/planta-de-hormigon-celular-continua-movil-c2018\/\",\"name\":\"Planta para producci\u00f3n continua de hormig\u00f3n celular - Isoltech\",\"isPartOf\":{\"@id\":\"https:\/\/www.isoltech.it\/es\/#website\"},\"primaryImageOfPage\":{\"@id\":\"https:\/\/www.isoltech.it\/es\/planta-de-hormigon-celular-continua-movil-c2018\/#primaryimage\"},\"image\":{\"@id\":\"https:\/\/www.isoltech.it\/es\/planta-de-hormigon-celular-continua-movil-c2018\/#primaryimage\"},\"thumbnailUrl\":\"https:\/\/www.isoltech.it\/wp-content\/uploads\/2024\/09\/Impianto-mobile-continuo-scaled.jpg\",\"datePublished\":\"2024-09-03T13:57:06+00:00\",\"dateModified\":\"2025-06-20T08:34:56+00:00\",\"description\":\"La planta m\u00f3vil C2018 de Isoltech puede producir hormig\u00f3n celular en continuo en cantidades variables, hasta 20 m\u00b3\/h.\",\"breadcrumb\":{\"@id\":\"https:\/\/www.isoltech.it\/es\/planta-de-hormigon-celular-continua-movil-c2018\/#breadcrumb\"},\"inLanguage\":\"es\",\"potentialAction\":[{\"@type\":\"ReadAction\",\"target\":[\"https:\/\/www.isoltech.it\/es\/planta-de-hormigon-celular-continua-movil-c2018\/\"]}]},{\"@type\":\"ImageObject\",\"inLanguage\":\"es\",\"@id\":\"https:\/\/www.isoltech.it\/es\/planta-de-hormigon-celular-continua-movil-c2018\/#primaryimage\",\"url\":\"https:\/\/www.isoltech.it\/wp-content\/uploads\/2024\/09\/Impianto-mobile-continuo-scaled.jpg\",\"contentUrl\":\"https:\/\/www.isoltech.it\/wp-content\/uploads\/2024\/09\/Impianto-mobile-continuo-scaled.jpg\"},{\"@type\":\"BreadcrumbList\",\"@id\":\"https:\/\/www.isoltech.it\/es\/planta-de-hormigon-celular-continua-movil-c2018\/#breadcrumb\",\"itemListElement\":[{\"@type\":\"ListItem\",\"position\":1,\"name\":\"Home\",\"item\":\"https:\/\/www.isoltech.it\/es\/\"},{\"@type\":\"ListItem\",\"position\":2,\"name\":\"Planta m\u00f3vil para producci\u00f3n continua de hormig\u00f3n celular | C2018\"}]},{\"@type\":\"WebSite\",\"@id\":\"https:\/\/www.isoltech.it\/es\/#website\",\"url\":\"https:\/\/www.isoltech.it\/es\/\",\"name\":\"Isoltech\",\"description\":\"cemento cellulare\",\"potentialAction\":[{\"@type\":\"SearchAction\",\"target\":{\"@type\":\"EntryPoint\",\"urlTemplate\":\"https:\/\/www.isoltech.it\/es\/?s={search_term_string}\"},\"query-input\":{\"@type\":\"PropertyValueSpecification\",\"valueRequired\":true,\"valueName\":\"search_term_string\"}}],\"inLanguage\":\"es\"}]}<\/script>\n<!-- \/ Yoast SEO plugin. -->","yoast_head_json":{"title":"Planta para producci\u00f3n continua de hormig\u00f3n celular - Isoltech","description":"La planta m\u00f3vil C2018 de Isoltech puede producir hormig\u00f3n celular en continuo en cantidades variables, hasta 20 m\u00b3\/h.","robots":{"index":"index","follow":"follow","max-snippet":"max-snippet:-1","max-image-preview":"max-image-preview:large","max-video-preview":"max-video-preview:-1"},"canonical":"https:\/\/www.isoltech.it\/es\/planta-de-hormigon-celular-continua-movil-c2018\/","og_locale":"es_ES","og_type":"article","og_title":"Planta para producci\u00f3n continua de hormig\u00f3n celular - Isoltech","og_description":"La planta m\u00f3vil C2018 de Isoltech puede producir hormig\u00f3n celular en continuo en cantidades variables, hasta 20 m\u00b3\/h.","og_url":"https:\/\/www.isoltech.it\/es\/planta-de-hormigon-celular-continua-movil-c2018\/","og_site_name":"Isoltech","article_modified_time":"2025-06-20T08:34:56+00:00","og_image":[{"width":2560,"height":1920,"url":"https:\/\/www.isoltech.it\/wp-content\/uploads\/2024\/09\/Impianto-mobile-continuo-scaled.jpg","type":"image\/jpeg"}],"twitter_card":"summary_large_image","twitter_misc":{"Tiempo de lectura":"2 minutos"},"schema":{"@context":"https:\/\/schema.org","@graph":[{"@type":"WebPage","@id":"https:\/\/www.isoltech.it\/es\/planta-de-hormigon-celular-continua-movil-c2018\/","url":"https:\/\/www.isoltech.it\/es\/planta-de-hormigon-celular-continua-movil-c2018\/","name":"Planta para producci\u00f3n continua de hormig\u00f3n celular - Isoltech","isPartOf":{"@id":"https:\/\/www.isoltech.it\/es\/#website"},"primaryImageOfPage":{"@id":"https:\/\/www.isoltech.it\/es\/planta-de-hormigon-celular-continua-movil-c2018\/#primaryimage"},"image":{"@id":"https:\/\/www.isoltech.it\/es\/planta-de-hormigon-celular-continua-movil-c2018\/#primaryimage"},"thumbnailUrl":"https:\/\/www.isoltech.it\/wp-content\/uploads\/2024\/09\/Impianto-mobile-continuo-scaled.jpg","datePublished":"2024-09-03T13:57:06+00:00","dateModified":"2025-06-20T08:34:56+00:00","description":"La planta m\u00f3vil C2018 de Isoltech puede producir hormig\u00f3n celular en continuo en cantidades variables, hasta 20 m\u00b3\/h.","breadcrumb":{"@id":"https:\/\/www.isoltech.it\/es\/planta-de-hormigon-celular-continua-movil-c2018\/#breadcrumb"},"inLanguage":"es","potentialAction":[{"@type":"ReadAction","target":["https:\/\/www.isoltech.it\/es\/planta-de-hormigon-celular-continua-movil-c2018\/"]}]},{"@type":"ImageObject","inLanguage":"es","@id":"https:\/\/www.isoltech.it\/es\/planta-de-hormigon-celular-continua-movil-c2018\/#primaryimage","url":"https:\/\/www.isoltech.it\/wp-content\/uploads\/2024\/09\/Impianto-mobile-continuo-scaled.jpg","contentUrl":"https:\/\/www.isoltech.it\/wp-content\/uploads\/2024\/09\/Impianto-mobile-continuo-scaled.jpg"},{"@type":"BreadcrumbList","@id":"https:\/\/www.isoltech.it\/es\/planta-de-hormigon-celular-continua-movil-c2018\/#breadcrumb","itemListElement":[{"@type":"ListItem","position":1,"name":"Home","item":"https:\/\/www.isoltech.it\/es\/"},{"@type":"ListItem","position":2,"name":"Planta m\u00f3vil para producci\u00f3n continua de hormig\u00f3n celular | C2018"}]},{"@type":"WebSite","@id":"https:\/\/www.isoltech.it\/es\/#website","url":"https:\/\/www.isoltech.it\/es\/","name":"Isoltech","description":"cemento cellulare","potentialAction":[{"@type":"SearchAction","target":{"@type":"EntryPoint","urlTemplate":"https:\/\/www.isoltech.it\/es\/?s={search_term_string}"},"query-input":{"@type":"PropertyValueSpecification","valueRequired":true,"valueName":"search_term_string"}}],"inLanguage":"es"}]}},"_links":{"self":[{"href":"https:\/\/www.isoltech.it\/es\/wp-json\/wp\/v2\/pages\/5731","targetHints":{"allow":["GET"]}}],"collection":[{"href":"https:\/\/www.isoltech.it\/es\/wp-json\/wp\/v2\/pages"}],"about":[{"href":"https:\/\/www.isoltech.it\/es\/wp-json\/wp\/v2\/types\/page"}],"author":[{"embeddable":true,"href":"https:\/\/www.isoltech.it\/es\/wp-json\/wp\/v2\/users\/1"}],"replies":[{"embeddable":true,"href":"https:\/\/www.isoltech.it\/es\/wp-json\/wp\/v2\/comments?post=5731"}],"version-history":[{"count":10,"href":"https:\/\/www.isoltech.it\/es\/wp-json\/wp\/v2\/pages\/5731\/revisions"}],"predecessor-version":[{"id":7751,"href":"https:\/\/www.isoltech.it\/es\/wp-json\/wp\/v2\/pages\/5731\/revisions\/7751"}],"wp:attachment":[{"href":"https:\/\/www.isoltech.it\/es\/wp-json\/wp\/v2\/media?parent=5731"}],"curies":[{"name":"wp","href":"https:\/\/api.w.org\/{rel}","templated":true}]}}