{"id":5875,"date":"2024-09-03T13:34:21","date_gmt":"2024-09-03T13:34:21","guid":{"rendered":"https:\/\/www.isoltech.it\/macchina-per-produzione-di-sottofondi-in-cemento-cellulare\/"},"modified":"2024-11-25T15:27:58","modified_gmt":"2024-11-25T15:27:58","slug":"maquina-de-produccion-de-soleras-cemento-celular-ibs-15","status":"publish","type":"page","link":"https:\/\/www.isoltech.it\/es\/maquina-de-produccion-de-soleras-cemento-celular-ibs-15\/","title":{"rendered":"M\u00e1quina para la producci\u00f3n de soleras en hormig\u00f3n celular | IBS-15"},"content":{"rendered":"\t\t<div data-elementor-type=\"wp-page\" data-elementor-id=\"5875\" class=\"elementor elementor-5875 elementor-1384\" data-elementor-post-type=\"page\">\n\t\t\t\t<div class=\"elementor-element elementor-element-990b4a3 e-flex e-con-boxed e-con e-parent\" data-id=\"990b4a3\" data-element_type=\"container\" data-settings=\"{&quot;background_background&quot;:&quot;classic&quot;}\">\n\t\t\t\t\t<div class=\"e-con-inner\">\n\t\t<div class=\"elementor-element elementor-element-3b5dfeb e-con-full e-flex e-con e-child\" data-id=\"3b5dfeb\" data-element_type=\"container\">\n\t\t\t\t<div class=\"elementor-element elementor-element-a67e601 elementor-icon-list--layout-inline elementor-align-left elementor-list-item-link-full_width elementor-widget elementor-widget-icon-list\" data-id=\"a67e601\" data-element_type=\"widget\" data-widget_type=\"icon-list.default\">\n\t\t\t\t<div class=\"elementor-widget-container\">\n\t\t\t\t\t\t\t<ul class=\"elementor-icon-list-items elementor-inline-items\">\n\t\t\t\t\t\t\t<li class=\"elementor-icon-list-item elementor-inline-item\">\n\t\t\t\t\t\t\t\t\t\t\t<a href=\"https:\/\/www.isoltech.it\/produzione-cemento-cellulare\/\">\n\n\t\t\t\t\t\t\t\t\t\t\t\t<span class=\"elementor-icon-list-icon\">\n\t\t\t\t\t\t\t<svg aria-hidden=\"true\" class=\"e-font-icon-svg e-fas-chevron-left\" viewBox=\"0 0 320 512\" xmlns=\"http:\/\/www.w3.org\/2000\/svg\"><path d=\"M34.52 239.03L228.87 44.69c9.37-9.37 24.57-9.37 33.94 0l22.67 22.67c9.36 9.36 9.37 24.52.04 33.9L131.49 256l154.02 154.75c9.34 9.38 9.32 24.54-.04 33.9l-22.67 22.67c-9.37 9.37-24.57 9.37-33.94 0L34.52 272.97c-9.37-9.37-9.37-24.57 0-33.94z\"><\/path><\/svg>\t\t\t\t\t\t<\/span>\n\t\t\t\t\t\t\t\t\t\t<span class=\"elementor-icon-list-text\">M\u00e1quinas y sistemas<\/span>\n\t\t\t\t\t\t\t\t\t\t\t<\/a>\n\t\t\t\t\t\t\t\t\t<\/li>\n\t\t\t\t\t\t<\/ul>\n\t\t\t\t\t\t<\/div>\n\t\t\t\t<\/div>\n\t\t\t\t<div class=\"elementor-element elementor-element-803e3a4 animated-slow elementor-invisible elementor-widget elementor-widget-jkit_heading\" data-id=\"803e3a4\" data-element_type=\"widget\" data-settings=\"{&quot;_animation&quot;:&quot;fadeInUp&quot;}\" data-widget_type=\"jkit_heading.default\">\n\t\t\t\t<div class=\"elementor-widget-container\">\n\t\t\t\t\t<div  class=\"jeg-elementor-kit jkit-heading  align- align-tablet- align-mobile- jeg_module___69f7e68587f53\" ><div class=\"heading-section-title  display-inline-block\"><h5 class=\"heading-title\">M\u00c1QUINAS Y SISTEMAS<\/h5><\/div><\/div>\t\t\t\t<\/div>\n\t\t\t\t<\/div>\n\t\t\t\t<div class=\"elementor-element elementor-element-18f2034 elementor-widget elementor-widget-heading\" data-id=\"18f2034\" data-element_type=\"widget\" data-widget_type=\"heading.default\">\n\t\t\t\t<div class=\"elementor-widget-container\">\n\t\t\t\t\t<h1 class=\"elementor-heading-title elementor-size-default\"> M\u00e1quina para la producci\u00f3n de soleras en hormig\u00f3n celular | IBS-15\n<\/h1>\t\t\t\t<\/div>\n\t\t\t\t<\/div>\n\t\t\t\t<div class=\"elementor-element elementor-element-80ee283 elementor-widget elementor-widget-text-editor\" data-id=\"80ee283\" data-element_type=\"widget\" data-widget_type=\"text-editor.default\">\n\t\t\t\t<div class=\"elementor-widget-container\">\n\t\t\t\t\t\t\t\t\t<p><span style=\"font-weight: 400;\">El IBS-15 representa la evoluci\u00f3n en el campo de las m\u00e1quinas para la producci\u00f3n de soleras en hormig\u00f3n celular. Dise\u00f1ada para satisfacer las necesidades del mercado, esta planta vers\u00e1til es ideal para la producci\u00f3n de soleras monocapa y bicapa, con o sin arena.\u00a0\u00a0<\/span><\/p><p><span style=\"font-weight: 400;\">Gracias a su capacidad para producir hormig\u00f3n celular con densidades variables de 400 kg\/m\u00b3 a 1200 kg\/m\u00b3, el IBS-15 ofrece una soluci\u00f3n flexible y eficiente para instaladores y contratistas que buscan calidad, rapidez de ejecuci\u00f3n y optimizaci\u00f3n de los costos de instalaci\u00f3n.<\/span><\/p>\t\t\t\t\t\t\t\t<\/div>\n\t\t\t\t<\/div>\n\t\t\t\t<\/div>\n\t\t<div class=\"elementor-element elementor-element-23f8737 e-con-full e-flex e-con e-child\" data-id=\"23f8737\" data-element_type=\"container\">\n\t\t\t\t<div class=\"elementor-element elementor-element-c6273cc elementor-widget__width-initial elementor-widget elementor-widget-image\" data-id=\"c6273cc\" data-element_type=\"widget\" data-widget_type=\"image.default\">\n\t\t\t\t<div class=\"elementor-widget-container\">\n\t\t\t\t\t\t\t\t\t\t\t\t\t\t\t<img fetchpriority=\"high\" decoding=\"async\" width=\"2560\" height=\"1440\" src=\"https:\/\/www.isoltech.it\/wp-content\/uploads\/2024\/09\/impianto-produzione-sottofondi-scaled.jpg\" class=\"attachment-full size-full wp-image-5876\" alt=\"\" srcset=\"https:\/\/www.isoltech.it\/wp-content\/uploads\/2024\/09\/impianto-produzione-sottofondi-scaled.jpg 2560w, https:\/\/www.isoltech.it\/wp-content\/uploads\/2024\/09\/impianto-produzione-sottofondi-300x169.jpg 300w, https:\/\/www.isoltech.it\/wp-content\/uploads\/2024\/09\/impianto-produzione-sottofondi-1024x576.jpg 1024w, https:\/\/www.isoltech.it\/wp-content\/uploads\/2024\/09\/impianto-produzione-sottofondi-768x432.jpg 768w, https:\/\/www.isoltech.it\/wp-content\/uploads\/2024\/09\/impianto-produzione-sottofondi-1536x864.jpg 1536w, https:\/\/www.isoltech.it\/wp-content\/uploads\/2024\/09\/impianto-produzione-sottofondi-2048x1152.jpg 2048w\" sizes=\"(max-width: 2560px) 100vw, 2560px\" \/>\t\t\t\t\t\t\t\t\t\t\t\t\t\t\t<\/div>\n\t\t\t\t<\/div>\n\t\t\t\t<\/div>\n\t\t\t\t\t<\/div>\n\t\t\t\t<\/div>\n\t\t<div class=\"elementor-element elementor-element-ff05a14 e-flex e-con-boxed e-con e-parent\" data-id=\"ff05a14\" data-element_type=\"container\">\n\t\t\t\t\t<div class=\"e-con-inner\">\n\t\t\t\t<div class=\"elementor-element elementor-element-342fb58 elementor-widget-divider--view-line elementor-widget elementor-widget-divider\" data-id=\"342fb58\" data-element_type=\"widget\" data-widget_type=\"divider.default\">\n\t\t\t\t<div class=\"elementor-widget-container\">\n\t\t\t\t\t\t\t<div class=\"elementor-divider\">\n\t\t\t<span class=\"elementor-divider-separator\">\n\t\t\t\t\t\t<\/span>\n\t\t<\/div>\n\t\t\t\t\t\t<\/div>\n\t\t\t\t<\/div>\n\t\t\t\t\t<\/div>\n\t\t\t\t<\/div>\n\t\t\t\t<section class=\"elementor-section elementor-top-section elementor-element elementor-element-51a2d25f elementor-section-boxed elementor-section-height-default elementor-section-height-default\" data-id=\"51a2d25f\" data-element_type=\"section\" data-settings=\"{&quot;background_background&quot;:&quot;classic&quot;}\">\n\t\t\t\t\t\t<div class=\"elementor-container elementor-column-gap-default\">\n\t\t\t\t\t<div class=\"elementor-column elementor-col-100 elementor-top-column elementor-element elementor-element-7fec7b79\" data-id=\"7fec7b79\" data-element_type=\"column\">\n\t\t\t<div class=\"elementor-widget-wrap elementor-element-populated\">\n\t\t\t\t<div class=\"elementor-element elementor-element-42133a5 e-con-full e-flex e-con e-parent\" data-id=\"42133a5\" data-element_type=\"container\">\n\t\t<div class=\"elementor-element elementor-element-b961068 e-con-full e-flex e-con e-child\" data-id=\"b961068\" data-element_type=\"container\">\n\t\t\t\t<div class=\"elementor-element elementor-element-a6d7a54 elementor-widget elementor-widget-heading\" data-id=\"a6d7a54\" data-element_type=\"widget\" data-widget_type=\"heading.default\">\n\t\t\t\t<div class=\"elementor-widget-container\">\n\t\t\t\t\t<h2 class=\"elementor-heading-title elementor-size-default\">Caracter\u00edsticas de la planta IBS-15 para la producci\u00f3n de soleras\n<\/h2>\t\t\t\t<\/div>\n\t\t\t\t<\/div>\n\t\t\t\t<\/div>\n\t\t\t\t<\/div>\n\t\t<div class=\"elementor-element elementor-element-c4a8fae e-con-full e-flex e-con e-parent\" data-id=\"c4a8fae\" data-element_type=\"container\">\n\t\t<div class=\"elementor-element elementor-element-760c6e9 e-con-full e-flex e-con e-child\" data-id=\"760c6e9\" data-element_type=\"container\">\n\t\t\t\t<div class=\"elementor-element elementor-element-fea5e12 elementor-widget elementor-widget-text-editor\" data-id=\"fea5e12\" data-element_type=\"widget\" data-widget_type=\"text-editor.default\">\n\t\t\t\t<div class=\"elementor-widget-container\">\n\t\t\t\t\t\t\t\t\t<p><span style=\"font-weight: 400;\">Sus peque\u00f1as dimensiones y maniobrabilidad la convierten en un aliado indispensable en la obra. E<\/span><\/p><p><span style=\"font-weight: 400;\">l IBS-15 est\u00e1 equipado con un mezclador de 200 litros con doble h\u00e9lice opuesta para garantizar una distribuci\u00f3n homog\u00e9nea de la mezcla. <\/span><\/p><p><span style=\"font-weight: 400;\">El tablero el\u00e9ctrico de control manual, el generador de espuma con compresor y la bomba de alta presi\u00f3n con v\u00e1lvula y regulador de aire comprimido aseguran una capacidad de producci\u00f3n de 300 litros por minuto. <\/span><\/p>\t\t\t\t\t\t\t\t<\/div>\n\t\t\t\t<\/div>\n\t\t\t\t<\/div>\n\t\t<div class=\"elementor-element elementor-element-f7f3a29 e-con-full e-flex e-con e-child\" data-id=\"f7f3a29\" data-element_type=\"container\">\n\t\t\t\t<div class=\"elementor-element elementor-element-4e369e8 elementor-widget elementor-widget-text-editor\" data-id=\"4e369e8\" data-element_type=\"widget\" data-widget_type=\"text-editor.default\">\n\t\t\t\t<div class=\"elementor-widget-container\">\n\t\t\t\t\t\t\t\t\t<p><span style=\"font-weight: 400;\">Adem\u00e1s, la bomba de alta eficiencia y la tolva de 300 litros completan las caracter\u00edsticas t\u00e9cnicas de esta planta de vanguardia, garantizando un rendimiento alto y fiable.\u00a0\u00a0<\/span><\/p><p><span style=\"font-weight: 400;\">Las dimensiones compactas y la maniobrabilidad hacen que el IBS-15 sea particularmente vers\u00e1til en la obra.<\/span><\/p>\t\t\t\t\t\t\t\t<\/div>\n\t\t\t\t<\/div>\n\t\t\t\t<\/div>\n\t\t\t\t<\/div>\n\t\t\t\t\t<\/div>\n\t\t<\/div>\n\t\t\t\t\t<\/div>\n\t\t<\/section>\n\t\t<div class=\"elementor-element elementor-element-b8d1cb2 e-flex e-con-boxed e-con e-parent\" data-id=\"b8d1cb2\" data-element_type=\"container\" data-settings=\"{&quot;background_background&quot;:&quot;classic&quot;}\">\n\t\t\t\t\t<div class=\"e-con-inner\">\n\t\t<div class=\"elementor-element elementor-element-01d7e61 e-con-full e-flex e-con e-child\" data-id=\"01d7e61\" data-element_type=\"container\">\n\t\t\t\t<div class=\"elementor-element elementor-element-860056e elementor-widget elementor-widget-heading\" data-id=\"860056e\" data-element_type=\"widget\" data-widget_type=\"heading.default\">\n\t\t\t\t<div class=\"elementor-widget-container\">\n\t\t\t\t\t<h3 class=\"elementor-heading-title elementor-size-default\">Caracter\u00edsticas t\u00e9cnicas de la planta IBS-15<br> para la producci\u00f3n de soleras\n\n<\/h3>\t\t\t\t<\/div>\n\t\t\t\t<\/div>\n\t\t<div class=\"elementor-element elementor-element-693d88e e-con-full e-flex e-con e-child\" data-id=\"693d88e\" data-element_type=\"container\">\n\t\t<div class=\"elementor-element elementor-element-1d4013d e-con-full e-flex e-con e-child\" data-id=\"1d4013d\" data-element_type=\"container\" data-settings=\"{&quot;background_background&quot;:&quot;classic&quot;}\">\n\t\t\t\t<div class=\"elementor-element elementor-element-7ecfeeb elementor-widget elementor-widget-image\" data-id=\"7ecfeeb\" data-element_type=\"widget\" data-widget_type=\"image.default\">\n\t\t\t\t<div class=\"elementor-widget-container\">\n\t\t\t\t\t\t\t\t\t\t\t\t\t\t\t<img decoding=\"async\" width=\"1482\" height=\"414\" src=\"https:\/\/www.isoltech.it\/wp-content\/uploads\/2024\/10\/TABELLA-1-CARATTERISTICHE-TECNICHE-IMPIANTO-IBS-15-SPAGNOLO.png\" class=\"attachment-full size-full wp-image-5879\" alt=\"\" srcset=\"https:\/\/www.isoltech.it\/wp-content\/uploads\/2024\/10\/TABELLA-1-CARATTERISTICHE-TECNICHE-IMPIANTO-IBS-15-SPAGNOLO.png 1482w, https:\/\/www.isoltech.it\/wp-content\/uploads\/2024\/10\/TABELLA-1-CARATTERISTICHE-TECNICHE-IMPIANTO-IBS-15-SPAGNOLO-300x84.png 300w, https:\/\/www.isoltech.it\/wp-content\/uploads\/2024\/10\/TABELLA-1-CARATTERISTICHE-TECNICHE-IMPIANTO-IBS-15-SPAGNOLO-1024x286.png 1024w, https:\/\/www.isoltech.it\/wp-content\/uploads\/2024\/10\/TABELLA-1-CARATTERISTICHE-TECNICHE-IMPIANTO-IBS-15-SPAGNOLO-768x215.png 768w\" sizes=\"(max-width: 1482px) 100vw, 1482px\" \/>\t\t\t\t\t\t\t\t\t\t\t\t\t\t\t<\/div>\n\t\t\t\t<\/div>\n\t\t\t\t<\/div>\n\t\t\t\t<\/div>\n\t\t\t\t<\/div>\n\t\t\t\t\t<\/div>\n\t\t\t\t<\/div>\n\t\t<div class=\"elementor-element elementor-element-fba3f25 e-con-full e-flex e-con e-parent\" data-id=\"fba3f25\" data-element_type=\"container\">\n\t\t<div class=\"elementor-element elementor-element-934b0d9 e-con-full e-flex e-con e-child\" data-id=\"934b0d9\" data-element_type=\"container\" data-settings=\"{&quot;background_background&quot;:&quot;classic&quot;}\">\n\t\t<div class=\"elementor-element elementor-element-44352b1 e-con-full e-flex e-con e-child\" data-id=\"44352b1\" data-element_type=\"container\">\n\t\t\t\t<div class=\"elementor-element elementor-element-2c50fdf animated-slow elementor-invisible elementor-widget elementor-widget-jkit_heading\" data-id=\"2c50fdf\" data-element_type=\"widget\" data-settings=\"{&quot;_animation&quot;:&quot;fadeInUp&quot;}\" data-widget_type=\"jkit_heading.default\">\n\t\t\t\t<div class=\"elementor-widget-container\">\n\t\t\t\t\t<div  class=\"jeg-elementor-kit jkit-heading  align-center align-tablet- align-mobile- jeg_module__1_69f7e68589cd8\" ><div class=\"heading-section-title  display-inline-block\"><h5 class=\"heading-title\"><span class=\"style-color\"><span>INFO<\/span><\/span><\/h5><\/div><\/div>\t\t\t\t<\/div>\n\t\t\t\t<\/div>\n\t\t\t\t<div class=\"elementor-element elementor-element-93f099f elementor-widget elementor-widget-heading\" data-id=\"93f099f\" data-element_type=\"widget\" data-widget_type=\"heading.default\">\n\t\t\t\t<div class=\"elementor-widget-container\">\n\t\t\t\t\t<h2 class=\"elementor-heading-title elementor-size-default\">Hai bisogno di un\u2019applicazione diversa da quelle elencate?<\/h2>\t\t\t\t<\/div>\n\t\t\t\t<\/div>\n\t\t\t\t<div class=\"elementor-element elementor-element-923d9e5 elementor-widget elementor-widget-text-editor\" data-id=\"923d9e5\" data-element_type=\"widget\" data-widget_type=\"text-editor.default\">\n\t\t\t\t<div class=\"elementor-widget-container\">\n\t\t\t\t\t\t\t\t\t<p>Il nostro personale specializzato \u00e8 a tua disposizione<\/p>\t\t\t\t\t\t\t\t<\/div>\n\t\t\t\t<\/div>\n\t\t\t\t<div class=\"elementor-element elementor-element-656457c elementor-align-center elementor-widget elementor-widget-button\" data-id=\"656457c\" data-element_type=\"widget\" data-widget_type=\"button.default\">\n\t\t\t\t<div class=\"elementor-widget-container\">\n\t\t\t\t\t\t\t\t\t<div class=\"elementor-button-wrapper\">\n\t\t\t\t\t<a class=\"elementor-button elementor-button-link elementor-size-sm\" href=\"https:\/\/www.isoltech.it\/es\/contacto\/\">\n\t\t\t\t\t\t<span class=\"elementor-button-content-wrapper\">\n\t\t\t\t\t\t\t\t\t<span class=\"elementor-button-text\">Contattaci Subito<\/span>\n\t\t\t\t\t<\/span>\n\t\t\t\t\t<\/a>\n\t\t\t\t<\/div>\n\t\t\t\t\t\t\t\t<\/div>\n\t\t\t\t<\/div>\n\t\t\t\t<\/div>\n\t\t\t\t<\/div>\n\t\t\t\t<\/div>\n\t\t\t\t<\/div>\n\t\t","protected":false},"excerpt":{"rendered":"<p>M\u00e1quinas y sistemas M\u00c1QUINAS Y SISTEMAS M\u00e1quina para la producci\u00f3n de soleras en hormig\u00f3n celular | IBS-15 El IBS-15 representa la evoluci\u00f3n en el campo de las m\u00e1quinas para la producci\u00f3n de soleras en hormig\u00f3n celular. Dise\u00f1ada para satisfacer las necesidades del mercado, esta planta vers\u00e1til es ideal para la producci\u00f3n de soleras monocapa y [&hellip;]<\/p>\n","protected":false},"author":1,"featured_media":0,"parent":0,"menu_order":0,"comment_status":"closed","ping_status":"closed","template":"elementor_header_footer","meta":{"footnotes":""},"class_list":["post-5875","page","type-page","status-publish","hentry"],"yoast_head":"<!-- This site is optimized with the Yoast SEO plugin v25.3 - https:\/\/yoast.com\/wordpress\/plugins\/seo\/ -->\n<title>M\u00e1quina para la producci\u00f3n de soleras en hormig\u00f3n celular - Isoltech<\/title>\n<meta name=\"description\" content=\"La planta est\u00e1 dise\u00f1ada para producir hormig\u00f3n celular, con o sin arena, con densidades de 400 kg\/m\u00b3 a 1200 kg\/m\u00b3.\" \/>\n<meta name=\"robots\" content=\"index, follow, max-snippet:-1, max-image-preview:large, max-video-preview:-1\" \/>\n<link rel=\"canonical\" href=\"https:\/\/www.isoltech.it\/es\/maquina-de-produccion-de-soleras-cemento-celular-ibs-15\/\" \/>\n<meta property=\"og:locale\" content=\"es_ES\" \/>\n<meta property=\"og:type\" content=\"article\" \/>\n<meta property=\"og:title\" content=\"M\u00e1quina para la producci\u00f3n de soleras en hormig\u00f3n celular - Isoltech\" \/>\n<meta property=\"og:description\" content=\"La planta est\u00e1 dise\u00f1ada para producir hormig\u00f3n celular, con o sin arena, con densidades de 400 kg\/m\u00b3 a 1200 kg\/m\u00b3.\" \/>\n<meta property=\"og:url\" content=\"https:\/\/www.isoltech.it\/es\/maquina-de-produccion-de-soleras-cemento-celular-ibs-15\/\" \/>\n<meta property=\"og:site_name\" content=\"Isoltech\" \/>\n<meta property=\"article:modified_time\" content=\"2024-11-25T15:27:58+00:00\" \/>\n<meta property=\"og:image\" content=\"https:\/\/www.isoltech.it\/wp-content\/uploads\/2024\/09\/impianto-produzione-sottofondi-scaled.jpg\" \/>\n<meta name=\"twitter:card\" content=\"summary_large_image\" \/>\n<meta name=\"twitter:label1\" content=\"Tiempo de lectura\" \/>\n\t<meta name=\"twitter:data1\" content=\"2 minutos\" \/>\n<script type=\"application\/ld+json\" class=\"yoast-schema-graph\">{\"@context\":\"https:\/\/schema.org\",\"@graph\":[{\"@type\":\"WebPage\",\"@id\":\"https:\/\/www.isoltech.it\/es\/maquina-de-produccion-de-soleras-cemento-celular-ibs-15\/\",\"url\":\"https:\/\/www.isoltech.it\/es\/maquina-de-produccion-de-soleras-cemento-celular-ibs-15\/\",\"name\":\"M\u00e1quina para la producci\u00f3n de soleras en hormig\u00f3n celular - Isoltech\",\"isPartOf\":{\"@id\":\"https:\/\/www.isoltech.it\/es\/#website\"},\"primaryImageOfPage\":{\"@id\":\"https:\/\/www.isoltech.it\/es\/maquina-de-produccion-de-soleras-cemento-celular-ibs-15\/#primaryimage\"},\"image\":{\"@id\":\"https:\/\/www.isoltech.it\/es\/maquina-de-produccion-de-soleras-cemento-celular-ibs-15\/#primaryimage\"},\"thumbnailUrl\":\"https:\/\/www.isoltech.it\/wp-content\/uploads\/2024\/09\/impianto-produzione-sottofondi-scaled.jpg\",\"datePublished\":\"2024-09-03T13:34:21+00:00\",\"dateModified\":\"2024-11-25T15:27:58+00:00\",\"description\":\"La planta est\u00e1 dise\u00f1ada para producir hormig\u00f3n celular, con o sin arena, con densidades de 400 kg\/m\u00b3 a 1200 kg\/m\u00b3.\",\"breadcrumb\":{\"@id\":\"https:\/\/www.isoltech.it\/es\/maquina-de-produccion-de-soleras-cemento-celular-ibs-15\/#breadcrumb\"},\"inLanguage\":\"es\",\"potentialAction\":[{\"@type\":\"ReadAction\",\"target\":[\"https:\/\/www.isoltech.it\/es\/maquina-de-produccion-de-soleras-cemento-celular-ibs-15\/\"]}]},{\"@type\":\"ImageObject\",\"inLanguage\":\"es\",\"@id\":\"https:\/\/www.isoltech.it\/es\/maquina-de-produccion-de-soleras-cemento-celular-ibs-15\/#primaryimage\",\"url\":\"https:\/\/www.isoltech.it\/wp-content\/uploads\/2024\/09\/impianto-produzione-sottofondi-scaled.jpg\",\"contentUrl\":\"https:\/\/www.isoltech.it\/wp-content\/uploads\/2024\/09\/impianto-produzione-sottofondi-scaled.jpg\"},{\"@type\":\"BreadcrumbList\",\"@id\":\"https:\/\/www.isoltech.it\/es\/maquina-de-produccion-de-soleras-cemento-celular-ibs-15\/#breadcrumb\",\"itemListElement\":[{\"@type\":\"ListItem\",\"position\":1,\"name\":\"Home\",\"item\":\"https:\/\/www.isoltech.it\/es\/\"},{\"@type\":\"ListItem\",\"position\":2,\"name\":\"M\u00e1quina para la producci\u00f3n de soleras en hormig\u00f3n celular | IBS-15\"}]},{\"@type\":\"WebSite\",\"@id\":\"https:\/\/www.isoltech.it\/es\/#website\",\"url\":\"https:\/\/www.isoltech.it\/es\/\",\"name\":\"Isoltech\",\"description\":\"cemento cellulare\",\"potentialAction\":[{\"@type\":\"SearchAction\",\"target\":{\"@type\":\"EntryPoint\",\"urlTemplate\":\"https:\/\/www.isoltech.it\/es\/?s={search_term_string}\"},\"query-input\":{\"@type\":\"PropertyValueSpecification\",\"valueRequired\":true,\"valueName\":\"search_term_string\"}}],\"inLanguage\":\"es\"}]}<\/script>\n<!-- \/ Yoast SEO plugin. -->","yoast_head_json":{"title":"M\u00e1quina para la producci\u00f3n de soleras en hormig\u00f3n celular - Isoltech","description":"La planta est\u00e1 dise\u00f1ada para producir hormig\u00f3n celular, con o sin arena, con densidades de 400 kg\/m\u00b3 a 1200 kg\/m\u00b3.","robots":{"index":"index","follow":"follow","max-snippet":"max-snippet:-1","max-image-preview":"max-image-preview:large","max-video-preview":"max-video-preview:-1"},"canonical":"https:\/\/www.isoltech.it\/es\/maquina-de-produccion-de-soleras-cemento-celular-ibs-15\/","og_locale":"es_ES","og_type":"article","og_title":"M\u00e1quina para la producci\u00f3n de soleras en hormig\u00f3n celular - Isoltech","og_description":"La planta est\u00e1 dise\u00f1ada para producir hormig\u00f3n celular, con o sin arena, con densidades de 400 kg\/m\u00b3 a 1200 kg\/m\u00b3.","og_url":"https:\/\/www.isoltech.it\/es\/maquina-de-produccion-de-soleras-cemento-celular-ibs-15\/","og_site_name":"Isoltech","article_modified_time":"2024-11-25T15:27:58+00:00","og_image":[{"url":"https:\/\/www.isoltech.it\/wp-content\/uploads\/2024\/09\/impianto-produzione-sottofondi-scaled.jpg","type":"","width":"","height":""}],"twitter_card":"summary_large_image","twitter_misc":{"Tiempo de lectura":"2 minutos"},"schema":{"@context":"https:\/\/schema.org","@graph":[{"@type":"WebPage","@id":"https:\/\/www.isoltech.it\/es\/maquina-de-produccion-de-soleras-cemento-celular-ibs-15\/","url":"https:\/\/www.isoltech.it\/es\/maquina-de-produccion-de-soleras-cemento-celular-ibs-15\/","name":"M\u00e1quina para la producci\u00f3n de soleras en hormig\u00f3n celular - Isoltech","isPartOf":{"@id":"https:\/\/www.isoltech.it\/es\/#website"},"primaryImageOfPage":{"@id":"https:\/\/www.isoltech.it\/es\/maquina-de-produccion-de-soleras-cemento-celular-ibs-15\/#primaryimage"},"image":{"@id":"https:\/\/www.isoltech.it\/es\/maquina-de-produccion-de-soleras-cemento-celular-ibs-15\/#primaryimage"},"thumbnailUrl":"https:\/\/www.isoltech.it\/wp-content\/uploads\/2024\/09\/impianto-produzione-sottofondi-scaled.jpg","datePublished":"2024-09-03T13:34:21+00:00","dateModified":"2024-11-25T15:27:58+00:00","description":"La planta est\u00e1 dise\u00f1ada para producir hormig\u00f3n celular, con o sin arena, con densidades de 400 kg\/m\u00b3 a 1200 kg\/m\u00b3.","breadcrumb":{"@id":"https:\/\/www.isoltech.it\/es\/maquina-de-produccion-de-soleras-cemento-celular-ibs-15\/#breadcrumb"},"inLanguage":"es","potentialAction":[{"@type":"ReadAction","target":["https:\/\/www.isoltech.it\/es\/maquina-de-produccion-de-soleras-cemento-celular-ibs-15\/"]}]},{"@type":"ImageObject","inLanguage":"es","@id":"https:\/\/www.isoltech.it\/es\/maquina-de-produccion-de-soleras-cemento-celular-ibs-15\/#primaryimage","url":"https:\/\/www.isoltech.it\/wp-content\/uploads\/2024\/09\/impianto-produzione-sottofondi-scaled.jpg","contentUrl":"https:\/\/www.isoltech.it\/wp-content\/uploads\/2024\/09\/impianto-produzione-sottofondi-scaled.jpg"},{"@type":"BreadcrumbList","@id":"https:\/\/www.isoltech.it\/es\/maquina-de-produccion-de-soleras-cemento-celular-ibs-15\/#breadcrumb","itemListElement":[{"@type":"ListItem","position":1,"name":"Home","item":"https:\/\/www.isoltech.it\/es\/"},{"@type":"ListItem","position":2,"name":"M\u00e1quina para la producci\u00f3n de soleras en hormig\u00f3n celular | IBS-15"}]},{"@type":"WebSite","@id":"https:\/\/www.isoltech.it\/es\/#website","url":"https:\/\/www.isoltech.it\/es\/","name":"Isoltech","description":"cemento cellulare","potentialAction":[{"@type":"SearchAction","target":{"@type":"EntryPoint","urlTemplate":"https:\/\/www.isoltech.it\/es\/?s={search_term_string}"},"query-input":{"@type":"PropertyValueSpecification","valueRequired":true,"valueName":"search_term_string"}}],"inLanguage":"es"}]}},"_links":{"self":[{"href":"https:\/\/www.isoltech.it\/es\/wp-json\/wp\/v2\/pages\/5875","targetHints":{"allow":["GET"]}}],"collection":[{"href":"https:\/\/www.isoltech.it\/es\/wp-json\/wp\/v2\/pages"}],"about":[{"href":"https:\/\/www.isoltech.it\/es\/wp-json\/wp\/v2\/types\/page"}],"author":[{"embeddable":true,"href":"https:\/\/www.isoltech.it\/es\/wp-json\/wp\/v2\/users\/1"}],"replies":[{"embeddable":true,"href":"https:\/\/www.isoltech.it\/es\/wp-json\/wp\/v2\/comments?post=5875"}],"version-history":[{"count":13,"href":"https:\/\/www.isoltech.it\/es\/wp-json\/wp\/v2\/pages\/5875\/revisions"}],"predecessor-version":[{"id":6499,"href":"https:\/\/www.isoltech.it\/es\/wp-json\/wp\/v2\/pages\/5875\/revisions\/6499"}],"wp:attachment":[{"href":"https:\/\/www.isoltech.it\/es\/wp-json\/wp\/v2\/media?parent=5875"}],"curies":[{"name":"wp","href":"https:\/\/api.w.org\/{rel}","templated":true}]}}