{"id":5953,"date":"2024-09-03T13:50:08","date_gmt":"2024-09-03T13:50:08","guid":{"rendered":"https:\/\/www.isoltech.it\/macchina-per-produzione-di-sottofondi-in-cemento-cellulare-2\/"},"modified":"2024-11-25T15:35:16","modified_gmt":"2024-11-25T15:35:16","slug":"maquina-produccion-sustratos-hormigon-celular","status":"publish","type":"page","link":"https:\/\/www.isoltech.it\/es\/maquina-produccion-sustratos-hormigon-celular\/","title":{"rendered":"M\u00e1quina para la producci\u00f3n de suelos de hormig\u00f3n celular | IBP-08"},"content":{"rendered":"\t\t<div data-elementor-type=\"wp-page\" data-elementor-id=\"5953\" class=\"elementor elementor-5953 elementor-1414\" data-elementor-post-type=\"page\">\n\t\t\t\t<div class=\"elementor-element elementor-element-20d98c7 e-flex e-con-boxed e-con e-parent\" data-id=\"20d98c7\" data-element_type=\"container\" data-settings=\"{&quot;background_background&quot;:&quot;classic&quot;}\">\n\t\t\t\t\t<div class=\"e-con-inner\">\n\t\t<div class=\"elementor-element elementor-element-b1a56b9 e-con-full e-flex e-con e-child\" data-id=\"b1a56b9\" data-element_type=\"container\">\n\t\t\t\t<div class=\"elementor-element elementor-element-df8d069 elementor-icon-list--layout-inline elementor-align-left elementor-list-item-link-full_width elementor-widget elementor-widget-icon-list\" data-id=\"df8d069\" data-element_type=\"widget\" data-widget_type=\"icon-list.default\">\n\t\t\t\t<div class=\"elementor-widget-container\">\n\t\t\t\t\t\t\t<ul class=\"elementor-icon-list-items elementor-inline-items\">\n\t\t\t\t\t\t\t<li class=\"elementor-icon-list-item elementor-inline-item\">\n\t\t\t\t\t\t\t\t\t\t\t<a href=\"https:\/\/www.isoltech.it\/produzione-cemento-cellulare\/\">\n\n\t\t\t\t\t\t\t\t\t\t\t\t<span class=\"elementor-icon-list-icon\">\n\t\t\t\t\t\t\t<svg aria-hidden=\"true\" class=\"e-font-icon-svg e-fas-chevron-left\" viewBox=\"0 0 320 512\" xmlns=\"http:\/\/www.w3.org\/2000\/svg\"><path d=\"M34.52 239.03L228.87 44.69c9.37-9.37 24.57-9.37 33.94 0l22.67 22.67c9.36 9.36 9.37 24.52.04 33.9L131.49 256l154.02 154.75c9.34 9.38 9.32 24.54-.04 33.9l-22.67 22.67c-9.37 9.37-24.57 9.37-33.94 0L34.52 272.97c-9.37-9.37-9.37-24.57 0-33.94z\"><\/path><\/svg>\t\t\t\t\t\t<\/span>\n\t\t\t\t\t\t\t\t\t\t<span class=\"elementor-icon-list-text\">M\u00e1quinas y sistemas<\/span>\n\t\t\t\t\t\t\t\t\t\t\t<\/a>\n\t\t\t\t\t\t\t\t\t<\/li>\n\t\t\t\t\t\t<\/ul>\n\t\t\t\t\t\t<\/div>\n\t\t\t\t<\/div>\n\t\t\t\t<div class=\"elementor-element elementor-element-d9d2b89 animated-slow elementor-invisible elementor-widget elementor-widget-jkit_heading\" data-id=\"d9d2b89\" data-element_type=\"widget\" data-settings=\"{&quot;_animation&quot;:&quot;fadeInUp&quot;}\" data-widget_type=\"jkit_heading.default\">\n\t\t\t\t<div class=\"elementor-widget-container\">\n\t\t\t\t\t<div  class=\"jeg-elementor-kit jkit-heading  align- align-tablet- align-mobile- jeg_module___69f62169c2318\" ><div class=\"heading-section-title  display-inline-block\"><h5 class=\"heading-title\">M\u00c1QUINAS Y SISTEMAS<\/h5><\/div><\/div>\t\t\t\t<\/div>\n\t\t\t\t<\/div>\n\t\t\t\t<div class=\"elementor-element elementor-element-69e1b20 elementor-widget elementor-widget-heading\" data-id=\"69e1b20\" data-element_type=\"widget\" data-widget_type=\"heading.default\">\n\t\t\t\t<div class=\"elementor-widget-container\">\n\t\t\t\t\t<h1 class=\"elementor-heading-title elementor-size-default\">M\u00e1quina para la producci\u00f3n de suelos de hormig\u00f3n celular | IBP-08\n<\/h1>\t\t\t\t<\/div>\n\t\t\t\t<\/div>\n\t\t\t\t<div class=\"elementor-element elementor-element-9c2b825 elementor-widget elementor-widget-text-editor\" data-id=\"9c2b825\" data-element_type=\"widget\" data-widget_type=\"text-editor.default\">\n\t\t\t\t<div class=\"elementor-widget-container\">\n\t\t\t\t\t\t\t\t\t<p><span style=\"font-weight: 400;\">La IBP-08 es la m\u00e1quina ideal para la producci\u00f3n de suelos de hormig\u00f3n celular de alta calidad. <\/span><\/p><p><span style=\"font-weight: 400;\">Con una capacidad productiva de 7-10 m\u00b3\/hora, la eficiencia, versatilidad, practicidad y sencillez son los requisitos fundamentales que inspiraron el dise\u00f1o de esta tecnolog\u00eda.<\/span><\/p>\t\t\t\t\t\t\t\t<\/div>\n\t\t\t\t<\/div>\n\t\t\t\t<\/div>\n\t\t<div class=\"elementor-element elementor-element-5cc0195 e-con-full e-flex e-con e-child\" data-id=\"5cc0195\" data-element_type=\"container\">\n\t\t\t\t<div class=\"elementor-element elementor-element-7df3617 elementor-widget__width-initial elementor-widget elementor-widget-image\" data-id=\"7df3617\" data-element_type=\"widget\" data-widget_type=\"image.default\">\n\t\t\t\t<div class=\"elementor-widget-container\">\n\t\t\t\t\t\t\t\t\t\t\t\t\t\t\t<img fetchpriority=\"high\" decoding=\"async\" width=\"960\" height=\"819\" src=\"https:\/\/www.isoltech.it\/wp-content\/uploads\/2024\/10\/macchina-sottofondi.jpg\" class=\"attachment-full size-full wp-image-5956\" alt=\"\" srcset=\"https:\/\/www.isoltech.it\/wp-content\/uploads\/2024\/10\/macchina-sottofondi.jpg 960w, https:\/\/www.isoltech.it\/wp-content\/uploads\/2024\/10\/macchina-sottofondi-300x256.jpg 300w, https:\/\/www.isoltech.it\/wp-content\/uploads\/2024\/10\/macchina-sottofondi-768x655.jpg 768w\" sizes=\"(max-width: 960px) 100vw, 960px\" \/>\t\t\t\t\t\t\t\t\t\t\t\t\t\t\t<\/div>\n\t\t\t\t<\/div>\n\t\t\t\t<\/div>\n\t\t\t\t\t<\/div>\n\t\t\t\t<\/div>\n\t\t<div class=\"elementor-element elementor-element-bc2a89d e-flex e-con-boxed e-con e-parent\" data-id=\"bc2a89d\" data-element_type=\"container\">\n\t\t\t\t\t<div class=\"e-con-inner\">\n\t\t\t\t<div class=\"elementor-element elementor-element-15ea2e7 elementor-widget-divider--view-line elementor-widget elementor-widget-divider\" data-id=\"15ea2e7\" data-element_type=\"widget\" data-widget_type=\"divider.default\">\n\t\t\t\t<div class=\"elementor-widget-container\">\n\t\t\t\t\t\t\t<div class=\"elementor-divider\">\n\t\t\t<span class=\"elementor-divider-separator\">\n\t\t\t\t\t\t<\/span>\n\t\t<\/div>\n\t\t\t\t\t\t<\/div>\n\t\t\t\t<\/div>\n\t\t\t\t\t<\/div>\n\t\t\t\t<\/div>\n\t\t\t\t<section class=\"elementor-section elementor-top-section elementor-element elementor-element-939567f elementor-section-boxed elementor-section-height-default elementor-section-height-default\" data-id=\"939567f\" data-element_type=\"section\" data-settings=\"{&quot;background_background&quot;:&quot;classic&quot;}\">\n\t\t\t\t\t\t<div class=\"elementor-container elementor-column-gap-default\">\n\t\t\t\t\t<div class=\"elementor-column elementor-col-100 elementor-top-column elementor-element elementor-element-d02b7e4\" data-id=\"d02b7e4\" data-element_type=\"column\">\n\t\t\t<div class=\"elementor-widget-wrap elementor-element-populated\">\n\t\t\t\t<div class=\"elementor-element elementor-element-97182ba e-con-full e-flex e-con e-parent\" data-id=\"97182ba\" data-element_type=\"container\">\n\t\t<div class=\"elementor-element elementor-element-743d126 e-con-full e-flex e-con e-child\" data-id=\"743d126\" data-element_type=\"container\">\n\t\t\t\t<div class=\"elementor-element elementor-element-1b8ecdf elementor-widget elementor-widget-heading\" data-id=\"1b8ecdf\" data-element_type=\"widget\" data-widget_type=\"heading.default\">\n\t\t\t\t<div class=\"elementor-widget-container\">\n\t\t\t\t\t<h2 class=\"elementor-heading-title elementor-size-default\">Caracter\u00edsticas de la m\u00e1quina para suelos de hormig\u00f3n celular IBP-08\n<\/h2>\t\t\t\t<\/div>\n\t\t\t\t<\/div>\n\t\t\t\t<\/div>\n\t\t\t\t<\/div>\n\t\t<div class=\"elementor-element elementor-element-5c47426 e-con-full e-flex e-con e-parent\" data-id=\"5c47426\" data-element_type=\"container\">\n\t\t<div class=\"elementor-element elementor-element-3330b2e e-con-full e-flex e-con e-child\" data-id=\"3330b2e\" data-element_type=\"container\">\n\t\t\t\t<div class=\"elementor-element elementor-element-aa76eb8 elementor-widget elementor-widget-text-editor\" data-id=\"aa76eb8\" data-element_type=\"widget\" data-widget_type=\"text-editor.default\">\n\t\t\t\t<div class=\"elementor-widget-container\">\n\t\t\t\t\t\t\t\t\t<p><span style=\"font-weight: 400;\">Compacta y funcional, la <strong>IBP-08<\/strong> pesa aproximadamente 950 kg y est\u00e1 equipada con un anillo ubicado en el centro de gravedad, lo que facilita su levantamiento desde ambos lados con gr\u00faas, carretillas elevadoras o ganchos, simplificando as\u00ed su manejo para el uso directo en la obra. <\/span><\/p><p><span style=\"font-weight: 400;\">La posici\u00f3n estrat\u00e9gica del tanque elimina cualquier problema de cebado, mientras que la entrada de agua temporizada permite ajustar con precisi\u00f3n la cantidad necesaria para cada mezcla.<\/span><\/p>\t\t\t\t\t\t\t\t<\/div>\n\t\t\t\t<\/div>\n\t\t\t\t<\/div>\n\t\t<div class=\"elementor-element elementor-element-87ee403 e-con-full e-flex e-con e-child\" data-id=\"87ee403\" data-element_type=\"container\">\n\t\t\t\t<div class=\"elementor-element elementor-element-6fcf1a8 elementor-widget elementor-widget-text-editor\" data-id=\"6fcf1a8\" data-element_type=\"widget\" data-widget_type=\"text-editor.default\">\n\t\t\t\t<div class=\"elementor-widget-container\">\n\t\t\t\t\t\t\t\t\t<p><span style=\"font-weight: 400;\">Con la posibilidad de utilizar 70 metros de tuber\u00edas adicionales y un compresor, la <strong>IBP-08<\/strong> asegura la m\u00e1xima flexibilidad y eficiencia en la producci\u00f3n.<\/span><\/p>\t\t\t\t\t\t\t\t<\/div>\n\t\t\t\t<\/div>\n\t\t\t\t<\/div>\n\t\t\t\t<\/div>\n\t\t\t\t\t<\/div>\n\t\t<\/div>\n\t\t\t\t\t<\/div>\n\t\t<\/section>\n\t\t<div class=\"elementor-element elementor-element-b8d1cb2 e-flex e-con-boxed e-con e-parent\" data-id=\"b8d1cb2\" data-element_type=\"container\" data-settings=\"{&quot;background_background&quot;:&quot;classic&quot;}\">\n\t\t\t\t\t<div class=\"e-con-inner\">\n\t\t<div class=\"elementor-element elementor-element-01d7e61 e-con-full e-flex e-con e-child\" data-id=\"01d7e61\" data-element_type=\"container\">\n\t\t\t\t<div class=\"elementor-element elementor-element-860056e elementor-widget elementor-widget-heading\" data-id=\"860056e\" data-element_type=\"widget\" data-widget_type=\"heading.default\">\n\t\t\t\t<div class=\"elementor-widget-container\">\n\t\t\t\t\t<h3 class=\"elementor-heading-title elementor-size-default\">Caracter\u00edsticas t\u00e9cnicas de la m\u00e1quina IBP-08\n<\/h3>\t\t\t\t<\/div>\n\t\t\t\t<\/div>\n\t\t\t\t<div class=\"elementor-element elementor-element-9a55d9d elementor-hidden-desktop elementor-hidden-tablet elementor-hidden-mobile elementor-widget elementor-widget-text-editor\" data-id=\"9a55d9d\" data-element_type=\"widget\" data-widget_type=\"text-editor.default\">\n\t\t\t\t<div class=\"elementor-widget-container\">\n\t\t\t\t\t\t\t\t\t<p>Isocem S\/X conferisce le migliori resistenze, specialmente iniziali, agli impasti di cemento cellulare a media densit\u00e0:<\/p>\t\t\t\t\t\t\t\t<\/div>\n\t\t\t\t<\/div>\n\t\t<div class=\"elementor-element elementor-element-693d88e e-con-full e-flex e-con e-child\" data-id=\"693d88e\" data-element_type=\"container\">\n\t\t<div class=\"elementor-element elementor-element-1d4013d e-con-full e-flex e-con e-child\" data-id=\"1d4013d\" data-element_type=\"container\" data-settings=\"{&quot;background_background&quot;:&quot;classic&quot;}\">\n\t\t\t\t<div class=\"elementor-element elementor-element-7ecfeeb elementor-widget elementor-widget-image\" data-id=\"7ecfeeb\" data-element_type=\"widget\" data-widget_type=\"image.default\">\n\t\t\t\t<div class=\"elementor-widget-container\">\n\t\t\t\t\t\t\t\t\t\t\t\t\t\t\t<img decoding=\"async\" width=\"1482\" height=\"732\" src=\"https:\/\/www.isoltech.it\/wp-content\/uploads\/2024\/10\/TABELLA-1-Caratteristiche-tecniche-della-macchina-IBP-08-SPAGNOLO.png\" class=\"attachment-full size-full wp-image-5958\" alt=\"\" srcset=\"https:\/\/www.isoltech.it\/wp-content\/uploads\/2024\/10\/TABELLA-1-Caratteristiche-tecniche-della-macchina-IBP-08-SPAGNOLO.png 1482w, https:\/\/www.isoltech.it\/wp-content\/uploads\/2024\/10\/TABELLA-1-Caratteristiche-tecniche-della-macchina-IBP-08-SPAGNOLO-300x148.png 300w, https:\/\/www.isoltech.it\/wp-content\/uploads\/2024\/10\/TABELLA-1-Caratteristiche-tecniche-della-macchina-IBP-08-SPAGNOLO-1024x506.png 1024w, https:\/\/www.isoltech.it\/wp-content\/uploads\/2024\/10\/TABELLA-1-Caratteristiche-tecniche-della-macchina-IBP-08-SPAGNOLO-768x379.png 768w\" sizes=\"(max-width: 1482px) 100vw, 1482px\" \/>\t\t\t\t\t\t\t\t\t\t\t\t\t\t\t<\/div>\n\t\t\t\t<\/div>\n\t\t\t\t<\/div>\n\t\t\t\t<\/div>\n\t\t\t\t<\/div>\n\t\t\t\t\t<\/div>\n\t\t\t\t<\/div>\n\t\t<div class=\"elementor-element elementor-element-fba3f25 e-con-full e-flex e-con e-parent\" data-id=\"fba3f25\" data-element_type=\"container\">\n\t\t<div class=\"elementor-element elementor-element-934b0d9 e-con-full e-flex e-con e-child\" data-id=\"934b0d9\" data-element_type=\"container\" data-settings=\"{&quot;background_background&quot;:&quot;classic&quot;}\">\n\t\t<div class=\"elementor-element elementor-element-44352b1 e-con-full e-flex e-con e-child\" data-id=\"44352b1\" data-element_type=\"container\">\n\t\t\t\t<div class=\"elementor-element elementor-element-2c50fdf animated-slow elementor-invisible elementor-widget elementor-widget-jkit_heading\" data-id=\"2c50fdf\" data-element_type=\"widget\" data-settings=\"{&quot;_animation&quot;:&quot;fadeInUp&quot;}\" data-widget_type=\"jkit_heading.default\">\n\t\t\t\t<div class=\"elementor-widget-container\">\n\t\t\t\t\t<div  class=\"jeg-elementor-kit jkit-heading  align-center align-tablet- align-mobile- jeg_module__1_69f62169c40d5\" ><div class=\"heading-section-title  display-inline-block\"><h5 class=\"heading-title\"><span class=\"style-color\"><span>INFORMACI\u00d3N<\/span><\/span><\/h5><\/div><\/div>\t\t\t\t<\/div>\n\t\t\t\t<\/div>\n\t\t\t\t<div class=\"elementor-element elementor-element-93f099f elementor-widget elementor-widget-heading\" data-id=\"93f099f\" data-element_type=\"widget\" data-widget_type=\"heading.default\">\n\t\t\t\t<div class=\"elementor-widget-container\">\n\t\t\t\t\t<h2 class=\"elementor-heading-title elementor-size-default\">\u00bfNecesita una aplicaci\u00f3n distinta a las enumeradas?\n<\/h2>\t\t\t\t<\/div>\n\t\t\t\t<\/div>\n\t\t\t\t<div class=\"elementor-element elementor-element-923d9e5 elementor-widget elementor-widget-text-editor\" data-id=\"923d9e5\" data-element_type=\"widget\" data-widget_type=\"text-editor.default\">\n\t\t\t\t<div class=\"elementor-widget-container\">\n\t\t\t\t\t\t\t\t\tNuestro personal especializado est\u00e1 a su disposici\u00f3n\n\n\t\t\t\t\t\t\t\t<\/div>\n\t\t\t\t<\/div>\n\t\t\t\t<div class=\"elementor-element elementor-element-656457c elementor-align-center elementor-widget elementor-widget-button\" data-id=\"656457c\" data-element_type=\"widget\" data-widget_type=\"button.default\">\n\t\t\t\t<div class=\"elementor-widget-container\">\n\t\t\t\t\t\t\t\t\t<div class=\"elementor-button-wrapper\">\n\t\t\t\t\t<a class=\"elementor-button elementor-button-link elementor-size-sm\" href=\"https:\/\/www.isoltech.it\/es\/contacto\/\">\n\t\t\t\t\t\t<span class=\"elementor-button-content-wrapper\">\n\t\t\t\t\t\t\t\t\t<span class=\"elementor-button-text\">Cont\u00e1ctenos ahora<\/span>\n\t\t\t\t\t<\/span>\n\t\t\t\t\t<\/a>\n\t\t\t\t<\/div>\n\t\t\t\t\t\t\t\t<\/div>\n\t\t\t\t<\/div>\n\t\t\t\t<\/div>\n\t\t\t\t<\/div>\n\t\t\t\t<\/div>\n\t\t\t\t<\/div>\n\t\t","protected":false},"excerpt":{"rendered":"<p>M\u00e1quinas y sistemas M\u00c1QUINAS Y SISTEMAS M\u00e1quina para la producci\u00f3n de suelos de hormig\u00f3n celular | IBP-08 La IBP-08 es la m\u00e1quina ideal para la producci\u00f3n de suelos de hormig\u00f3n celular de alta calidad. Con una capacidad productiva de 7-10 m\u00b3\/hora, la eficiencia, versatilidad, practicidad y sencillez son los requisitos fundamentales que inspiraron el dise\u00f1o [&hellip;]<\/p>\n","protected":false},"author":1,"featured_media":0,"parent":0,"menu_order":0,"comment_status":"closed","ping_status":"closed","template":"elementor_header_footer","meta":{"footnotes":""},"class_list":["post-5953","page","type-page","status-publish","hentry"],"yoast_head":"<!-- This site is optimized with the Yoast SEO plugin v25.3 - https:\/\/yoast.com\/wordpress\/plugins\/seo\/ -->\n<title>M\u00e1quina para la producci\u00f3n de suelos de hormig\u00f3n celular - Isoltech<\/title>\n<meta name=\"description\" content=\"IBP-08 es una m\u00e1quina para la producci\u00f3n de bloques de hormig\u00f3n celular con arena de densidad media, ideal para suelos. Capacidad productiva de 7-10 m\u00b3\/h\" \/>\n<meta name=\"robots\" content=\"index, follow, max-snippet:-1, max-image-preview:large, max-video-preview:-1\" \/>\n<link rel=\"canonical\" href=\"https:\/\/www.isoltech.it\/es\/maquina-produccion-sustratos-hormigon-celular\/\" \/>\n<meta property=\"og:locale\" content=\"es_ES\" \/>\n<meta property=\"og:type\" content=\"article\" \/>\n<meta property=\"og:title\" content=\"M\u00e1quina para la producci\u00f3n de suelos de hormig\u00f3n celular - Isoltech\" \/>\n<meta property=\"og:description\" content=\"IBP-08 es una m\u00e1quina para la producci\u00f3n de bloques de hormig\u00f3n celular con arena de densidad media, ideal para suelos. Capacidad productiva de 7-10 m\u00b3\/h\" \/>\n<meta property=\"og:url\" content=\"https:\/\/www.isoltech.it\/es\/maquina-produccion-sustratos-hormigon-celular\/\" \/>\n<meta property=\"og:site_name\" content=\"Isoltech\" \/>\n<meta property=\"article:modified_time\" content=\"2024-11-25T15:35:16+00:00\" \/>\n<meta property=\"og:image\" content=\"https:\/\/www.isoltech.it\/wp-content\/uploads\/2024\/10\/macchina-sottofondi.jpg\" \/>\n<meta name=\"twitter:card\" content=\"summary_large_image\" \/>\n<meta name=\"twitter:label1\" content=\"Tiempo de lectura\" \/>\n\t<meta name=\"twitter:data1\" content=\"2 minutos\" \/>\n<script type=\"application\/ld+json\" class=\"yoast-schema-graph\">{\"@context\":\"https:\/\/schema.org\",\"@graph\":[{\"@type\":\"WebPage\",\"@id\":\"https:\/\/www.isoltech.it\/es\/maquina-produccion-sustratos-hormigon-celular\/\",\"url\":\"https:\/\/www.isoltech.it\/es\/maquina-produccion-sustratos-hormigon-celular\/\",\"name\":\"M\u00e1quina para la producci\u00f3n de suelos de hormig\u00f3n celular - Isoltech\",\"isPartOf\":{\"@id\":\"https:\/\/www.isoltech.it\/es\/#website\"},\"primaryImageOfPage\":{\"@id\":\"https:\/\/www.isoltech.it\/es\/maquina-produccion-sustratos-hormigon-celular\/#primaryimage\"},\"image\":{\"@id\":\"https:\/\/www.isoltech.it\/es\/maquina-produccion-sustratos-hormigon-celular\/#primaryimage\"},\"thumbnailUrl\":\"https:\/\/www.isoltech.it\/wp-content\/uploads\/2024\/10\/macchina-sottofondi.jpg\",\"datePublished\":\"2024-09-03T13:50:08+00:00\",\"dateModified\":\"2024-11-25T15:35:16+00:00\",\"description\":\"IBP-08 es una m\u00e1quina para la producci\u00f3n de bloques de hormig\u00f3n celular con arena de densidad media, ideal para suelos. Capacidad productiva de 7-10 m\u00b3\/h\",\"breadcrumb\":{\"@id\":\"https:\/\/www.isoltech.it\/es\/maquina-produccion-sustratos-hormigon-celular\/#breadcrumb\"},\"inLanguage\":\"es\",\"potentialAction\":[{\"@type\":\"ReadAction\",\"target\":[\"https:\/\/www.isoltech.it\/es\/maquina-produccion-sustratos-hormigon-celular\/\"]}]},{\"@type\":\"ImageObject\",\"inLanguage\":\"es\",\"@id\":\"https:\/\/www.isoltech.it\/es\/maquina-produccion-sustratos-hormigon-celular\/#primaryimage\",\"url\":\"https:\/\/www.isoltech.it\/wp-content\/uploads\/2024\/10\/macchina-sottofondi.jpg\",\"contentUrl\":\"https:\/\/www.isoltech.it\/wp-content\/uploads\/2024\/10\/macchina-sottofondi.jpg\"},{\"@type\":\"BreadcrumbList\",\"@id\":\"https:\/\/www.isoltech.it\/es\/maquina-produccion-sustratos-hormigon-celular\/#breadcrumb\",\"itemListElement\":[{\"@type\":\"ListItem\",\"position\":1,\"name\":\"Home\",\"item\":\"https:\/\/www.isoltech.it\/es\/\"},{\"@type\":\"ListItem\",\"position\":2,\"name\":\"M\u00e1quina para la producci\u00f3n de suelos de hormig\u00f3n celular | IBP-08\"}]},{\"@type\":\"WebSite\",\"@id\":\"https:\/\/www.isoltech.it\/es\/#website\",\"url\":\"https:\/\/www.isoltech.it\/es\/\",\"name\":\"Isoltech\",\"description\":\"cemento cellulare\",\"potentialAction\":[{\"@type\":\"SearchAction\",\"target\":{\"@type\":\"EntryPoint\",\"urlTemplate\":\"https:\/\/www.isoltech.it\/es\/?s={search_term_string}\"},\"query-input\":{\"@type\":\"PropertyValueSpecification\",\"valueRequired\":true,\"valueName\":\"search_term_string\"}}],\"inLanguage\":\"es\"}]}<\/script>\n<!-- \/ Yoast SEO plugin. -->","yoast_head_json":{"title":"M\u00e1quina para la producci\u00f3n de suelos de hormig\u00f3n celular - Isoltech","description":"IBP-08 es una m\u00e1quina para la producci\u00f3n de bloques de hormig\u00f3n celular con arena de densidad media, ideal para suelos. Capacidad productiva de 7-10 m\u00b3\/h","robots":{"index":"index","follow":"follow","max-snippet":"max-snippet:-1","max-image-preview":"max-image-preview:large","max-video-preview":"max-video-preview:-1"},"canonical":"https:\/\/www.isoltech.it\/es\/maquina-produccion-sustratos-hormigon-celular\/","og_locale":"es_ES","og_type":"article","og_title":"M\u00e1quina para la producci\u00f3n de suelos de hormig\u00f3n celular - Isoltech","og_description":"IBP-08 es una m\u00e1quina para la producci\u00f3n de bloques de hormig\u00f3n celular con arena de densidad media, ideal para suelos. Capacidad productiva de 7-10 m\u00b3\/h","og_url":"https:\/\/www.isoltech.it\/es\/maquina-produccion-sustratos-hormigon-celular\/","og_site_name":"Isoltech","article_modified_time":"2024-11-25T15:35:16+00:00","og_image":[{"url":"https:\/\/www.isoltech.it\/wp-content\/uploads\/2024\/10\/macchina-sottofondi.jpg","type":"","width":"","height":""}],"twitter_card":"summary_large_image","twitter_misc":{"Tiempo de lectura":"2 minutos"},"schema":{"@context":"https:\/\/schema.org","@graph":[{"@type":"WebPage","@id":"https:\/\/www.isoltech.it\/es\/maquina-produccion-sustratos-hormigon-celular\/","url":"https:\/\/www.isoltech.it\/es\/maquina-produccion-sustratos-hormigon-celular\/","name":"M\u00e1quina para la producci\u00f3n de suelos de hormig\u00f3n celular - Isoltech","isPartOf":{"@id":"https:\/\/www.isoltech.it\/es\/#website"},"primaryImageOfPage":{"@id":"https:\/\/www.isoltech.it\/es\/maquina-produccion-sustratos-hormigon-celular\/#primaryimage"},"image":{"@id":"https:\/\/www.isoltech.it\/es\/maquina-produccion-sustratos-hormigon-celular\/#primaryimage"},"thumbnailUrl":"https:\/\/www.isoltech.it\/wp-content\/uploads\/2024\/10\/macchina-sottofondi.jpg","datePublished":"2024-09-03T13:50:08+00:00","dateModified":"2024-11-25T15:35:16+00:00","description":"IBP-08 es una m\u00e1quina para la producci\u00f3n de bloques de hormig\u00f3n celular con arena de densidad media, ideal para suelos. Capacidad productiva de 7-10 m\u00b3\/h","breadcrumb":{"@id":"https:\/\/www.isoltech.it\/es\/maquina-produccion-sustratos-hormigon-celular\/#breadcrumb"},"inLanguage":"es","potentialAction":[{"@type":"ReadAction","target":["https:\/\/www.isoltech.it\/es\/maquina-produccion-sustratos-hormigon-celular\/"]}]},{"@type":"ImageObject","inLanguage":"es","@id":"https:\/\/www.isoltech.it\/es\/maquina-produccion-sustratos-hormigon-celular\/#primaryimage","url":"https:\/\/www.isoltech.it\/wp-content\/uploads\/2024\/10\/macchina-sottofondi.jpg","contentUrl":"https:\/\/www.isoltech.it\/wp-content\/uploads\/2024\/10\/macchina-sottofondi.jpg"},{"@type":"BreadcrumbList","@id":"https:\/\/www.isoltech.it\/es\/maquina-produccion-sustratos-hormigon-celular\/#breadcrumb","itemListElement":[{"@type":"ListItem","position":1,"name":"Home","item":"https:\/\/www.isoltech.it\/es\/"},{"@type":"ListItem","position":2,"name":"M\u00e1quina para la producci\u00f3n de suelos de hormig\u00f3n celular | IBP-08"}]},{"@type":"WebSite","@id":"https:\/\/www.isoltech.it\/es\/#website","url":"https:\/\/www.isoltech.it\/es\/","name":"Isoltech","description":"cemento cellulare","potentialAction":[{"@type":"SearchAction","target":{"@type":"EntryPoint","urlTemplate":"https:\/\/www.isoltech.it\/es\/?s={search_term_string}"},"query-input":{"@type":"PropertyValueSpecification","valueRequired":true,"valueName":"search_term_string"}}],"inLanguage":"es"}]}},"_links":{"self":[{"href":"https:\/\/www.isoltech.it\/es\/wp-json\/wp\/v2\/pages\/5953","targetHints":{"allow":["GET"]}}],"collection":[{"href":"https:\/\/www.isoltech.it\/es\/wp-json\/wp\/v2\/pages"}],"about":[{"href":"https:\/\/www.isoltech.it\/es\/wp-json\/wp\/v2\/types\/page"}],"author":[{"embeddable":true,"href":"https:\/\/www.isoltech.it\/es\/wp-json\/wp\/v2\/users\/1"}],"replies":[{"embeddable":true,"href":"https:\/\/www.isoltech.it\/es\/wp-json\/wp\/v2\/comments?post=5953"}],"version-history":[{"count":10,"href":"https:\/\/www.isoltech.it\/es\/wp-json\/wp\/v2\/pages\/5953\/revisions"}],"predecessor-version":[{"id":6496,"href":"https:\/\/www.isoltech.it\/es\/wp-json\/wp\/v2\/pages\/5953\/revisions\/6496"}],"wp:attachment":[{"href":"https:\/\/www.isoltech.it\/es\/wp-json\/wp\/v2\/media?parent=5953"}],"curies":[{"name":"wp","href":"https:\/\/api.w.org\/{rel}","templated":true}]}}