{"id":4737,"date":"2024-08-09T07:48:40","date_gmt":"2024-08-09T07:48:40","guid":{"rendered":"https:\/\/www.isoltech.it\/massetto-isolante-doppio-strato-in-cemento-cellulare\/"},"modified":"2024-11-26T09:26:16","modified_gmt":"2024-11-26T09:26:16","slug":"chape-isolante-allegee-beton-cellulaire","status":"publish","type":"page","link":"https:\/\/www.isoltech.it\/fr\/chape-isolante-allegee-beton-cellulaire\/","title":{"rendered":"Chape isolante \u00e0 double couche en b\u00e9ton cellulaire"},"content":{"rendered":"\t\t<div data-elementor-type=\"wp-page\" data-elementor-id=\"4737\" class=\"elementor elementor-4737 elementor-1119\" data-elementor-post-type=\"page\">\n\t\t\t\t<div class=\"elementor-element elementor-element-e09f93f e-flex e-con-boxed e-con e-parent\" data-id=\"e09f93f\" data-element_type=\"container\" data-settings=\"{&quot;background_background&quot;:&quot;classic&quot;}\">\n\t\t\t\t\t<div class=\"e-con-inner\">\n\t\t<div class=\"elementor-element elementor-element-e19a7b3 e-con-full e-flex e-con e-child\" data-id=\"e19a7b3\" data-element_type=\"container\">\n\t\t\t\t<div class=\"elementor-element elementor-element-74cacce animated-slow elementor-invisible elementor-widget elementor-widget-jkit_heading\" data-id=\"74cacce\" data-element_type=\"widget\" data-settings=\"{&quot;_animation&quot;:&quot;fadeInUp&quot;}\" data-widget_type=\"jkit_heading.default\">\n\t\t\t\t<div class=\"elementor-widget-container\">\n\t\t\t\t\t<div  class=\"jeg-elementor-kit jkit-heading  align- align-tablet- align-mobile- jeg_module___69f249a412400\" ><div class=\"heading-section-title  display-inline-block\"><h5 class=\"heading-title\">APPLICATIONS<\/h5><\/div><\/div>\t\t\t\t<\/div>\n\t\t\t\t<\/div>\n\t\t\t\t<div class=\"elementor-element elementor-element-35c3754 elementor-widget elementor-widget-heading\" data-id=\"35c3754\" data-element_type=\"widget\" data-widget_type=\"heading.default\">\n\t\t\t\t<div class=\"elementor-widget-container\">\n\t\t\t\t\t<h1 class=\"elementor-heading-title elementor-size-default\">Chape isolante \u00e0 double couche en b\u00e9ton cellulaire<\/h1>\t\t\t\t<\/div>\n\t\t\t\t<\/div>\n\t\t\t\t<div class=\"elementor-element elementor-element-b8a913f elementor-widget elementor-widget-text-editor\" data-id=\"b8a913f\" data-element_type=\"widget\" data-widget_type=\"text-editor.default\">\n\t\t\t\t<div class=\"elementor-widget-container\">\n\t\t\t\t\t\t\t\t\t<p><strong>La chape isolante \u00e0 double couche utilise le b\u00e9ton cellulaire principalement comme sous-couche isolante. <\/strong><\/p>\n<p><span style=\"font-weight: 400;\">Ce mat\u00e9riau, utilis\u00e9 comme chape all\u00e9g\u00e9e, permet de niveler les tuyaux, servant de support \u00e0 la sous-couche traditionnelle, tout en r\u00e9duisant l&rsquo;\u00e9paisseur et le poids. <\/span><\/p>\n<p><span style=\"font-weight: 400;\">De plus, gr\u00e2ce \u00e0 sa structure discontinue, le b\u00e9ton cellulaire am\u00e9liore consid\u00e9rablement l&rsquo;isolation acoustique contre les bruits d&rsquo;impact.<\/span><\/p>\t\t\t\t\t\t\t\t<\/div>\n\t\t\t\t<\/div>\n\t\t\t\t<\/div>\n\t\t<div class=\"elementor-element elementor-element-f6c8caf e-con-full e-flex e-con e-child\" data-id=\"f6c8caf\" data-element_type=\"container\">\n\t\t\t\t<div class=\"elementor-element elementor-element-6242f6b elementor-widget__width-initial elementor-widget elementor-widget-image\" data-id=\"6242f6b\" data-element_type=\"widget\" data-widget_type=\"image.default\">\n\t\t\t\t<div class=\"elementor-widget-container\">\n\t\t\t\t\t\t\t\t\t\t\t\t\t\t\t<img decoding=\"async\" src=\"https:\/\/www.isoltech.it\/wp-content\/uploads\/elementor\/thumbs\/sottofondi-per-pavimentazioni-isoltech-qx1j9t91le0rujb4ryuttsulspmma3a4ibjakfooja.jpg\" title=\"sottofondi-per-pavimentazioni-isoltech\" alt=\"pompaggio del cemento cellulare per creare il sottofondo di una pavimentazione\" loading=\"lazy\" \/>\t\t\t\t\t\t\t\t\t\t\t\t\t\t\t<\/div>\n\t\t\t\t<\/div>\n\t\t\t\t<\/div>\n\t\t\t\t\t<\/div>\n\t\t\t\t<\/div>\n\t\t<div class=\"elementor-element elementor-element-480c15b e-flex e-con-boxed e-con e-parent\" data-id=\"480c15b\" data-element_type=\"container\" data-settings=\"{&quot;background_background&quot;:&quot;classic&quot;}\">\n\t\t\t\t\t<div class=\"e-con-inner\">\n\t\t\t\t<div class=\"elementor-element elementor-element-5bb66a2 elementor-widget-divider--view-line elementor-widget elementor-widget-divider\" data-id=\"5bb66a2\" data-element_type=\"widget\" data-widget_type=\"divider.default\">\n\t\t\t\t<div class=\"elementor-widget-container\">\n\t\t\t\t\t\t\t<div class=\"elementor-divider\">\n\t\t\t<span class=\"elementor-divider-separator\">\n\t\t\t\t\t\t<\/span>\n\t\t<\/div>\n\t\t\t\t\t\t<\/div>\n\t\t\t\t<\/div>\n\t\t<div class=\"elementor-element elementor-element-534c328 e-con-full e-flex e-con e-child\" data-id=\"534c328\" data-element_type=\"container\" data-settings=\"{&quot;background_background&quot;:&quot;classic&quot;}\">\n\t\t<div class=\"elementor-element elementor-element-fc2e63e e-con-full e-flex e-con e-child\" data-id=\"fc2e63e\" data-element_type=\"container\">\n\t\t\t\t<div class=\"elementor-element elementor-element-d3bcc8f elementor-widget elementor-widget-heading\" data-id=\"d3bcc8f\" data-element_type=\"widget\" data-widget_type=\"heading.default\">\n\t\t\t\t<div class=\"elementor-widget-container\">\n\t\t\t\t\t<h2 class=\"elementor-heading-title elementor-size-default\">Caract\u00e9ristiques techniques de la chape isolante <br>\u00e0 double couche en b\u00e9ton cellulaire<\/h2>\t\t\t\t<\/div>\n\t\t\t\t<\/div>\n\t\t\t\t<div class=\"elementor-element elementor-element-fb18efa elementor-hidden-desktop elementor-hidden-tablet elementor-hidden-mobile elementor-widget elementor-widget-text-editor\" data-id=\"fb18efa\" data-element_type=\"widget\" data-widget_type=\"text-editor.default\">\n\t\t\t\t<div class=\"elementor-widget-container\">\n\t\t\t\t\t\t\t\t\t<p>Isocem S\/X conferisce le migliori resistenze, specialmente iniziali, agli impasti di cemento cellulare a media densit\u00e0:<\/p>\t\t\t\t\t\t\t\t<\/div>\n\t\t\t\t<\/div>\n\t\t<div class=\"elementor-element elementor-element-6f7d3c8 e-con-full e-flex e-con e-child\" data-id=\"6f7d3c8\" data-element_type=\"container\">\n\t\t<div class=\"elementor-element elementor-element-5650618 e-con-full e-flex e-con e-child\" data-id=\"5650618\" data-element_type=\"container\" data-settings=\"{&quot;background_background&quot;:&quot;classic&quot;}\">\n\t\t\t\t<div class=\"elementor-element elementor-element-64b618b elementor-widget elementor-widget-image\" data-id=\"64b618b\" data-element_type=\"widget\" data-widget_type=\"image.default\">\n\t\t\t\t<div class=\"elementor-widget-container\">\n\t\t\t\t\t\t\t\t\t\t\t\t\t\t\t<img fetchpriority=\"high\" decoding=\"async\" width=\"1484\" height=\"566\" src=\"https:\/\/www.isoltech.it\/wp-content\/uploads\/2024\/10\/TABELLA-1-FORMULAZIONI-PER-SOTTOFONDI-A-DIVERSE-DENSITA-FRANCESE.png\" class=\"attachment-full size-full wp-image-4744\" alt=\"\" srcset=\"https:\/\/www.isoltech.it\/wp-content\/uploads\/2024\/10\/TABELLA-1-FORMULAZIONI-PER-SOTTOFONDI-A-DIVERSE-DENSITA-FRANCESE.png 1484w, https:\/\/www.isoltech.it\/wp-content\/uploads\/2024\/10\/TABELLA-1-FORMULAZIONI-PER-SOTTOFONDI-A-DIVERSE-DENSITA-FRANCESE-300x114.png 300w, https:\/\/www.isoltech.it\/wp-content\/uploads\/2024\/10\/TABELLA-1-FORMULAZIONI-PER-SOTTOFONDI-A-DIVERSE-DENSITA-FRANCESE-1024x391.png 1024w, https:\/\/www.isoltech.it\/wp-content\/uploads\/2024\/10\/TABELLA-1-FORMULAZIONI-PER-SOTTOFONDI-A-DIVERSE-DENSITA-FRANCESE-768x293.png 768w\" sizes=\"(max-width: 1484px) 100vw, 1484px\" \/>\t\t\t\t\t\t\t\t\t\t\t\t\t\t\t<\/div>\n\t\t\t\t<\/div>\n\t\t\t\t<div class=\"elementor-element elementor-element-e7ea17a elementor-hidden-desktop elementor-hidden-tablet elementor-hidden-mobile jkit-equal-height-disable elementor-widget elementor-widget-jkit_icon_box\" data-id=\"e7ea17a\" data-element_type=\"widget\" data-widget_type=\"jkit_icon_box.default\">\n\t\t\t\t<div class=\"elementor-widget-container\">\n\t\t\t\t\t<div  class=\"jeg-elementor-kit jkit-icon-box icon-position- elementor-animation- jeg_module__1_69f249a4154ee\" ><div class=\"jkit-icon-box-wrapper hover-from-left\"><div class=\"icon-box icon-box-body\">\n                <h3 class=\"title\">FORMULAZIONI PER SOTTOFONDI A DIVERSE DENSITA'<\/h3>\n            <\/div>\n            \n            <\/div><\/div>\t\t\t\t<\/div>\n\t\t\t\t<\/div>\n\t\t\t\t<\/div>\n\t\t\t\t<\/div>\n\t\t\t\t<\/div>\n\t\t\t\t<\/div>\n\t\t\t\t\t<\/div>\n\t\t\t\t<\/div>\n\t\t<div class=\"elementor-element elementor-element-c144747 e-flex e-con-boxed e-con e-parent\" data-id=\"c144747\" data-element_type=\"container\" data-settings=\"{&quot;background_background&quot;:&quot;classic&quot;}\">\n\t\t\t\t\t<div class=\"e-con-inner\">\n\t\t\t\t<div class=\"elementor-element elementor-element-36ba657 elementor-widget-divider--view-line elementor-widget elementor-widget-divider\" data-id=\"36ba657\" data-element_type=\"widget\" data-widget_type=\"divider.default\">\n\t\t\t\t<div class=\"elementor-widget-container\">\n\t\t\t\t\t\t\t<div class=\"elementor-divider\">\n\t\t\t<span class=\"elementor-divider-separator\">\n\t\t\t\t\t\t<\/span>\n\t\t<\/div>\n\t\t\t\t\t\t<\/div>\n\t\t\t\t<\/div>\n\t\t\t\t\t<\/div>\n\t\t\t\t<\/div>\n\t\t<div class=\"elementor-element elementor-element-fba3f25 e-con-full e-flex e-con e-parent\" data-id=\"fba3f25\" data-element_type=\"container\">\n\t\t<div class=\"elementor-element elementor-element-710cf06 e-flex e-con-boxed e-con e-child\" data-id=\"710cf06\" data-element_type=\"container\" data-settings=\"{&quot;background_background&quot;:&quot;classic&quot;}\">\n\t\t\t\t\t<div class=\"e-con-inner\">\n\t\t\t\t<div class=\"elementor-element elementor-element-07dde92 elementor-widget elementor-widget-heading\" data-id=\"07dde92\" data-element_type=\"widget\" data-widget_type=\"heading.default\">\n\t\t\t\t<div class=\"elementor-widget-container\">\n\t\t\t\t\t<h1 class=\"elementor-heading-title elementor-size-default\">Galerie d'images<\/h1>\t\t\t\t<\/div>\n\t\t\t\t<\/div>\n\t\t<div class=\"elementor-element elementor-element-efbf061 e-con-full e-flex e-con e-child\" data-id=\"efbf061\" data-element_type=\"container\" data-settings=\"{&quot;background_background&quot;:&quot;classic&quot;}\">\n\t\t\t\t<div class=\"elementor-element elementor-element-7fe23b2 elementor-pagination-position-inside elementor-widget elementor-widget-image-carousel\" data-id=\"7fe23b2\" data-element_type=\"widget\" data-settings=\"{&quot;slides_to_show&quot;:&quot;3&quot;,&quot;navigation&quot;:&quot;dots&quot;,&quot;image_spacing_custom&quot;:{&quot;unit&quot;:&quot;px&quot;,&quot;size&quot;:30,&quot;sizes&quot;:[]},&quot;autoplay&quot;:&quot;yes&quot;,&quot;pause_on_hover&quot;:&quot;yes&quot;,&quot;pause_on_interaction&quot;:&quot;yes&quot;,&quot;autoplay_speed&quot;:5000,&quot;infinite&quot;:&quot;yes&quot;,&quot;speed&quot;:500,&quot;image_spacing_custom_tablet&quot;:{&quot;unit&quot;:&quot;px&quot;,&quot;size&quot;:&quot;&quot;,&quot;sizes&quot;:[]},&quot;image_spacing_custom_mobile&quot;:{&quot;unit&quot;:&quot;px&quot;,&quot;size&quot;:&quot;&quot;,&quot;sizes&quot;:[]}}\" data-widget_type=\"image-carousel.default\">\n\t\t\t\t<div class=\"elementor-widget-container\">\n\t\t\t\t\t\t\t<div class=\"elementor-image-carousel-wrapper swiper\" role=\"region\" aria-roledescription=\"carousel\" aria-label=\"Carrousel d\u2019images\" dir=\"ltr\">\n\t\t\t<div class=\"elementor-image-carousel swiper-wrapper\" aria-live=\"off\">\n\t\t\t\t\t\t\t\t<div class=\"swiper-slide\" role=\"group\" aria-roledescription=\"slide\" aria-label=\"1 sur 3\"><a data-elementor-open-lightbox=\"yes\" data-elementor-lightbox-slideshow=\"7fe23b2\" data-elementor-lightbox-title=\"cemento-cellulare-con-increment-tixo-sversamento\" data-e-action-hash=\"#elementor-action%3Aaction%3Dlightbox%26settings%3DeyJpZCI6MjU1MCwidXJsIjoiaHR0cHM6XC9cL3d3dy5pc29sdGVjaC5pdFwvd3AtY29udGVudFwvdXBsb2Fkc1wvMjAyNFwvMDlcL2NlbWVudG8tY2VsbHVsYXJlLWNvbi1pbmNyZW1lbnQtdGl4by1zdmVyc2FtZW50by0xLmpwZyIsInNsaWRlc2hvdyI6IjdmZTIzYjIifQ%3D%3D\" href=\"https:\/\/www.isoltech.it\/wp-content\/uploads\/2024\/09\/cemento-cellulare-con-increment-tixo-sversamento-1.jpg\"><figure class=\"swiper-slide-inner\"><img decoding=\"async\" class=\"swiper-slide-image\" src=\"https:\/\/www.isoltech.it\/wp-content\/uploads\/2024\/09\/cemento-cellulare-con-increment-tixo-sversamento-1.jpg\" alt=\"cemento-cellulare-con-increment-tixo-sversamento\" \/><\/figure><\/a><\/div><div class=\"swiper-slide\" role=\"group\" aria-roledescription=\"slide\" aria-label=\"2 sur 3\"><a data-elementor-open-lightbox=\"yes\" data-elementor-lightbox-slideshow=\"7fe23b2\" data-elementor-lightbox-title=\"massetto-doppio-strato-dettaglio-dei-tubi-a-pavimento\" data-e-action-hash=\"#elementor-action%3Aaction%3Dlightbox%26settings%3DeyJpZCI6MjU1MSwidXJsIjoiaHR0cHM6XC9cL3d3dy5pc29sdGVjaC5pdFwvd3AtY29udGVudFwvdXBsb2Fkc1wvMjAyNFwvMDlcL21hc3NldHRvLWRvcHBpby1zdHJhdG8tZGV0dGFnbGlvLWRlaS10dWJpLWEtcGF2aW1lbnRvLTEuanBnIiwic2xpZGVzaG93IjoiN2ZlMjNiMiJ9\" href=\"https:\/\/www.isoltech.it\/wp-content\/uploads\/2024\/09\/massetto-doppio-strato-dettaglio-dei-tubi-a-pavimento-1.jpg\"><figure class=\"swiper-slide-inner\"><img decoding=\"async\" class=\"swiper-slide-image\" src=\"https:\/\/www.isoltech.it\/wp-content\/uploads\/2024\/09\/massetto-doppio-strato-dettaglio-dei-tubi-a-pavimento-1.jpg\" alt=\"massetto-doppio-strato-dettaglio-dei-tubi-a-pavimento\" \/><\/figure><\/a><\/div><div class=\"swiper-slide\" role=\"group\" aria-roledescription=\"slide\" aria-label=\"3 sur 3\"><a data-elementor-open-lightbox=\"yes\" data-elementor-lightbox-slideshow=\"7fe23b2\" data-elementor-lightbox-title=\"massetto-doppio-strato-steso\" data-e-action-hash=\"#elementor-action%3Aaction%3Dlightbox%26settings%3DeyJpZCI6MjU1MiwidXJsIjoiaHR0cHM6XC9cL3d3dy5pc29sdGVjaC5pdFwvd3AtY29udGVudFwvdXBsb2Fkc1wvMjAyNFwvMDlcL21hc3NldHRvLWRvcHBpby1zdHJhdG8tc3Rlc28tMS5qcGciLCJzbGlkZXNob3ciOiI3ZmUyM2IyIn0%3D\" href=\"https:\/\/www.isoltech.it\/wp-content\/uploads\/2024\/09\/massetto-doppio-strato-steso-1.jpg\"><figure class=\"swiper-slide-inner\"><img decoding=\"async\" class=\"swiper-slide-image\" src=\"https:\/\/www.isoltech.it\/wp-content\/uploads\/2024\/09\/massetto-doppio-strato-steso-1.jpg\" alt=\"massetto-doppio-strato-steso\" \/><\/figure><\/a><\/div>\t\t\t<\/div>\n\t\t\t\t\t\t\t\n\t\t\t\t\t\t\t\t\t<div class=\"swiper-pagination\"><\/div>\n\t\t\t\t\t\t\t\t\t<\/div>\n\t\t\t\t\t\t<\/div>\n\t\t\t\t<\/div>\n\t\t\t\t<\/div>\n\t\t\t\t\t<\/div>\n\t\t\t\t<\/div>\n\t\t<div class=\"elementor-element elementor-element-934b0d9 e-con-full e-flex e-con e-child\" data-id=\"934b0d9\" data-element_type=\"container\" data-settings=\"{&quot;background_background&quot;:&quot;classic&quot;}\">\n\t\t<div class=\"elementor-element elementor-element-44352b1 e-con-full e-flex e-con e-child\" data-id=\"44352b1\" data-element_type=\"container\">\n\t\t\t\t<div class=\"elementor-element elementor-element-2c50fdf animated-slow elementor-invisible elementor-widget elementor-widget-jkit_heading\" data-id=\"2c50fdf\" data-element_type=\"widget\" data-settings=\"{&quot;_animation&quot;:&quot;fadeInUp&quot;}\" data-widget_type=\"jkit_heading.default\">\n\t\t\t\t<div class=\"elementor-widget-container\">\n\t\t\t\t\t<div  class=\"jeg-elementor-kit jkit-heading  align-center align-tablet- align-mobile- jeg_module__2_69f249a415b0d\" ><div class=\"heading-section-title  display-inline-block\"><h5 class=\"heading-title\"><span class=\"style-color\"><span>INFORMATIONS<\/span><\/span><\/h5><\/div><\/div>\t\t\t\t<\/div>\n\t\t\t\t<\/div>\n\t\t\t\t<div class=\"elementor-element elementor-element-93f099f elementor-widget elementor-widget-heading\" data-id=\"93f099f\" data-element_type=\"widget\" data-widget_type=\"heading.default\">\n\t\t\t\t<div class=\"elementor-widget-container\">\n\t\t\t\t\t<h2 class=\"elementor-heading-title elementor-size-default\">Avez-vous besoin d\u2019une application autre que celles list\u00e9es ?<\/h2>\t\t\t\t<\/div>\n\t\t\t\t<\/div>\n\t\t\t\t<div class=\"elementor-element elementor-element-923d9e5 elementor-widget elementor-widget-text-editor\" data-id=\"923d9e5\" data-element_type=\"widget\" data-widget_type=\"text-editor.default\">\n\t\t\t\t<div class=\"elementor-widget-container\">\n\t\t\t\t\t\t\t\t\t<p>Notre personnel sp\u00e9cialis\u00e9 est \u00e0 votre disposition<\/p>\t\t\t\t\t\t\t\t<\/div>\n\t\t\t\t<\/div>\n\t\t\t\t<div class=\"elementor-element elementor-element-656457c elementor-align-center elementor-widget elementor-widget-button\" data-id=\"656457c\" data-element_type=\"widget\" data-widget_type=\"button.default\">\n\t\t\t\t<div class=\"elementor-widget-container\">\n\t\t\t\t\t\t\t\t\t<div class=\"elementor-button-wrapper\">\n\t\t\t\t\t<a class=\"elementor-button elementor-button-link elementor-size-sm\" href=\"https:\/\/www.isoltech.it\/fr\/contacts\/\">\n\t\t\t\t\t\t<span class=\"elementor-button-content-wrapper\">\n\t\t\t\t\t\t\t\t\t<span class=\"elementor-button-text\">Contactez-nous maintenant<\/span>\n\t\t\t\t\t<\/span>\n\t\t\t\t\t<\/a>\n\t\t\t\t<\/div>\n\t\t\t\t\t\t\t\t<\/div>\n\t\t\t\t<\/div>\n\t\t\t\t<\/div>\n\t\t\t\t<\/div>\n\t\t\t\t<\/div>\n\t\t\t\t<\/div>\n\t\t","protected":false},"excerpt":{"rendered":"<p>APPLICATIONS Chape isolante \u00e0 double couche en b\u00e9ton cellulaire La chape isolante \u00e0 double couche utilise le b\u00e9ton cellulaire principalement comme sous-couche isolante. Ce mat\u00e9riau, utilis\u00e9 comme chape all\u00e9g\u00e9e, permet de niveler les tuyaux, servant de support \u00e0 la sous-couche traditionnelle, tout en r\u00e9duisant l&rsquo;\u00e9paisseur et le poids. De plus, gr\u00e2ce \u00e0 sa structure discontinue, [&hellip;]<\/p>\n","protected":false},"author":1,"featured_media":0,"parent":0,"menu_order":0,"comment_status":"closed","ping_status":"closed","template":"elementor_header_footer","meta":{"footnotes":""},"class_list":["post-4737","page","type-page","status-publish","hentry"],"yoast_head":"<!-- This site is optimized with the Yoast SEO plugin v25.3 - https:\/\/yoast.com\/wordpress\/plugins\/seo\/ -->\n<title>Chape isolante \u00e0 double couche en b\u00e9ton cellulaire - Isoltech<\/title>\n<meta name=\"description\" content=\"La chape bicouche en b\u00e9ton cellulaire est la sous-couche isolante sur laquelle la chape traditionnelle est pos\u00e9e pour r\u00e9duire l&#039;\u00e9paisseur et le poids.\" \/>\n<meta name=\"robots\" content=\"index, follow, max-snippet:-1, max-image-preview:large, max-video-preview:-1\" \/>\n<link rel=\"canonical\" href=\"https:\/\/www.isoltech.it\/fr\/chape-isolante-allegee-beton-cellulaire\/\" \/>\n<meta property=\"og:locale\" content=\"fr_FR\" \/>\n<meta property=\"og:type\" content=\"article\" \/>\n<meta property=\"og:title\" content=\"Chape isolante \u00e0 double couche en b\u00e9ton cellulaire - Isoltech\" \/>\n<meta property=\"og:description\" content=\"La chape bicouche en b\u00e9ton cellulaire est la sous-couche isolante sur laquelle la chape traditionnelle est pos\u00e9e pour r\u00e9duire l&#039;\u00e9paisseur et le poids.\" \/>\n<meta property=\"og:url\" content=\"https:\/\/www.isoltech.it\/fr\/chape-isolante-allegee-beton-cellulaire\/\" \/>\n<meta property=\"og:site_name\" content=\"Isoltech\" \/>\n<meta property=\"article:modified_time\" content=\"2024-11-26T09:26:16+00:00\" \/>\n<meta property=\"og:image\" content=\"https:\/\/www.isoltech.it\/wp-content\/uploads\/elementor\/thumbs\/sottofondi-per-pavimentazioni-isoltech-qx1j9t91le0rujb4ryuttsulspmma3a4ibjakfonc8.jpg\" \/>\n<meta name=\"twitter:card\" content=\"summary_large_image\" \/>\n<meta name=\"twitter:label1\" content=\"Dur\u00e9e de lecture estim\u00e9e\" \/>\n\t<meta name=\"twitter:data1\" content=\"2 minutes\" \/>\n<script type=\"application\/ld+json\" class=\"yoast-schema-graph\">{\"@context\":\"https:\/\/schema.org\",\"@graph\":[{\"@type\":\"WebPage\",\"@id\":\"https:\/\/www.isoltech.it\/fr\/chape-isolante-allegee-beton-cellulaire\/\",\"url\":\"https:\/\/www.isoltech.it\/fr\/chape-isolante-allegee-beton-cellulaire\/\",\"name\":\"Chape isolante \u00e0 double couche en b\u00e9ton cellulaire - Isoltech\",\"isPartOf\":{\"@id\":\"https:\/\/www.isoltech.it\/fr\/#website\"},\"primaryImageOfPage\":{\"@id\":\"https:\/\/www.isoltech.it\/fr\/chape-isolante-allegee-beton-cellulaire\/#primaryimage\"},\"image\":{\"@id\":\"https:\/\/www.isoltech.it\/fr\/chape-isolante-allegee-beton-cellulaire\/#primaryimage\"},\"thumbnailUrl\":\"https:\/\/www.isoltech.it\/wp-content\/uploads\/elementor\/thumbs\/sottofondi-per-pavimentazioni-isoltech-qx1j9t91le0rujb4ryuttsulspmma3a4ibjakfonc8.jpg\",\"datePublished\":\"2024-08-09T07:48:40+00:00\",\"dateModified\":\"2024-11-26T09:26:16+00:00\",\"description\":\"La chape bicouche en b\u00e9ton cellulaire est la sous-couche isolante sur laquelle la chape traditionnelle est pos\u00e9e pour r\u00e9duire l'\u00e9paisseur et le poids.\",\"breadcrumb\":{\"@id\":\"https:\/\/www.isoltech.it\/fr\/chape-isolante-allegee-beton-cellulaire\/#breadcrumb\"},\"inLanguage\":\"fr-FR\",\"potentialAction\":[{\"@type\":\"ReadAction\",\"target\":[\"https:\/\/www.isoltech.it\/fr\/chape-isolante-allegee-beton-cellulaire\/\"]}]},{\"@type\":\"ImageObject\",\"inLanguage\":\"fr-FR\",\"@id\":\"https:\/\/www.isoltech.it\/fr\/chape-isolante-allegee-beton-cellulaire\/#primaryimage\",\"url\":\"https:\/\/www.isoltech.it\/wp-content\/uploads\/elementor\/thumbs\/sottofondi-per-pavimentazioni-isoltech-qx1j9t91le0rujb4ryuttsulspmma3a4ibjakfonc8.jpg\",\"contentUrl\":\"https:\/\/www.isoltech.it\/wp-content\/uploads\/elementor\/thumbs\/sottofondi-per-pavimentazioni-isoltech-qx1j9t91le0rujb4ryuttsulspmma3a4ibjakfonc8.jpg\"},{\"@type\":\"BreadcrumbList\",\"@id\":\"https:\/\/www.isoltech.it\/fr\/chape-isolante-allegee-beton-cellulaire\/#breadcrumb\",\"itemListElement\":[{\"@type\":\"ListItem\",\"position\":1,\"name\":\"Home\",\"item\":\"https:\/\/www.isoltech.it\/fr\/\"},{\"@type\":\"ListItem\",\"position\":2,\"name\":\"Chape isolante \u00e0 double couche en b\u00e9ton cellulaire\"}]},{\"@type\":\"WebSite\",\"@id\":\"https:\/\/www.isoltech.it\/fr\/#website\",\"url\":\"https:\/\/www.isoltech.it\/fr\/\",\"name\":\"Isoltech\",\"description\":\"cemento cellulare\",\"potentialAction\":[{\"@type\":\"SearchAction\",\"target\":{\"@type\":\"EntryPoint\",\"urlTemplate\":\"https:\/\/www.isoltech.it\/fr\/?s={search_term_string}\"},\"query-input\":{\"@type\":\"PropertyValueSpecification\",\"valueRequired\":true,\"valueName\":\"search_term_string\"}}],\"inLanguage\":\"fr-FR\"}]}<\/script>\n<!-- \/ Yoast SEO plugin. -->","yoast_head_json":{"title":"Chape isolante \u00e0 double couche en b\u00e9ton cellulaire - Isoltech","description":"La chape bicouche en b\u00e9ton cellulaire est la sous-couche isolante sur laquelle la chape traditionnelle est pos\u00e9e pour r\u00e9duire l'\u00e9paisseur et le poids.","robots":{"index":"index","follow":"follow","max-snippet":"max-snippet:-1","max-image-preview":"max-image-preview:large","max-video-preview":"max-video-preview:-1"},"canonical":"https:\/\/www.isoltech.it\/fr\/chape-isolante-allegee-beton-cellulaire\/","og_locale":"fr_FR","og_type":"article","og_title":"Chape isolante \u00e0 double couche en b\u00e9ton cellulaire - Isoltech","og_description":"La chape bicouche en b\u00e9ton cellulaire est la sous-couche isolante sur laquelle la chape traditionnelle est pos\u00e9e pour r\u00e9duire l'\u00e9paisseur et le poids.","og_url":"https:\/\/www.isoltech.it\/fr\/chape-isolante-allegee-beton-cellulaire\/","og_site_name":"Isoltech","article_modified_time":"2024-11-26T09:26:16+00:00","og_image":[{"url":"https:\/\/www.isoltech.it\/wp-content\/uploads\/elementor\/thumbs\/sottofondi-per-pavimentazioni-isoltech-qx1j9t91le0rujb4ryuttsulspmma3a4ibjakfonc8.jpg","type":"","width":"","height":""}],"twitter_card":"summary_large_image","twitter_misc":{"Dur\u00e9e de lecture estim\u00e9e":"2 minutes"},"schema":{"@context":"https:\/\/schema.org","@graph":[{"@type":"WebPage","@id":"https:\/\/www.isoltech.it\/fr\/chape-isolante-allegee-beton-cellulaire\/","url":"https:\/\/www.isoltech.it\/fr\/chape-isolante-allegee-beton-cellulaire\/","name":"Chape isolante \u00e0 double couche en b\u00e9ton cellulaire - Isoltech","isPartOf":{"@id":"https:\/\/www.isoltech.it\/fr\/#website"},"primaryImageOfPage":{"@id":"https:\/\/www.isoltech.it\/fr\/chape-isolante-allegee-beton-cellulaire\/#primaryimage"},"image":{"@id":"https:\/\/www.isoltech.it\/fr\/chape-isolante-allegee-beton-cellulaire\/#primaryimage"},"thumbnailUrl":"https:\/\/www.isoltech.it\/wp-content\/uploads\/elementor\/thumbs\/sottofondi-per-pavimentazioni-isoltech-qx1j9t91le0rujb4ryuttsulspmma3a4ibjakfonc8.jpg","datePublished":"2024-08-09T07:48:40+00:00","dateModified":"2024-11-26T09:26:16+00:00","description":"La chape bicouche en b\u00e9ton cellulaire est la sous-couche isolante sur laquelle la chape traditionnelle est pos\u00e9e pour r\u00e9duire l'\u00e9paisseur et le poids.","breadcrumb":{"@id":"https:\/\/www.isoltech.it\/fr\/chape-isolante-allegee-beton-cellulaire\/#breadcrumb"},"inLanguage":"fr-FR","potentialAction":[{"@type":"ReadAction","target":["https:\/\/www.isoltech.it\/fr\/chape-isolante-allegee-beton-cellulaire\/"]}]},{"@type":"ImageObject","inLanguage":"fr-FR","@id":"https:\/\/www.isoltech.it\/fr\/chape-isolante-allegee-beton-cellulaire\/#primaryimage","url":"https:\/\/www.isoltech.it\/wp-content\/uploads\/elementor\/thumbs\/sottofondi-per-pavimentazioni-isoltech-qx1j9t91le0rujb4ryuttsulspmma3a4ibjakfonc8.jpg","contentUrl":"https:\/\/www.isoltech.it\/wp-content\/uploads\/elementor\/thumbs\/sottofondi-per-pavimentazioni-isoltech-qx1j9t91le0rujb4ryuttsulspmma3a4ibjakfonc8.jpg"},{"@type":"BreadcrumbList","@id":"https:\/\/www.isoltech.it\/fr\/chape-isolante-allegee-beton-cellulaire\/#breadcrumb","itemListElement":[{"@type":"ListItem","position":1,"name":"Home","item":"https:\/\/www.isoltech.it\/fr\/"},{"@type":"ListItem","position":2,"name":"Chape isolante \u00e0 double couche en b\u00e9ton cellulaire"}]},{"@type":"WebSite","@id":"https:\/\/www.isoltech.it\/fr\/#website","url":"https:\/\/www.isoltech.it\/fr\/","name":"Isoltech","description":"cemento cellulare","potentialAction":[{"@type":"SearchAction","target":{"@type":"EntryPoint","urlTemplate":"https:\/\/www.isoltech.it\/fr\/?s={search_term_string}"},"query-input":{"@type":"PropertyValueSpecification","valueRequired":true,"valueName":"search_term_string"}}],"inLanguage":"fr-FR"}]}},"_links":{"self":[{"href":"https:\/\/www.isoltech.it\/fr\/wp-json\/wp\/v2\/pages\/4737","targetHints":{"allow":["GET"]}}],"collection":[{"href":"https:\/\/www.isoltech.it\/fr\/wp-json\/wp\/v2\/pages"}],"about":[{"href":"https:\/\/www.isoltech.it\/fr\/wp-json\/wp\/v2\/types\/page"}],"author":[{"embeddable":true,"href":"https:\/\/www.isoltech.it\/fr\/wp-json\/wp\/v2\/users\/1"}],"replies":[{"embeddable":true,"href":"https:\/\/www.isoltech.it\/fr\/wp-json\/wp\/v2\/comments?post=4737"}],"version-history":[{"count":10,"href":"https:\/\/www.isoltech.it\/fr\/wp-json\/wp\/v2\/pages\/4737\/revisions"}],"predecessor-version":[{"id":7061,"href":"https:\/\/www.isoltech.it\/fr\/wp-json\/wp\/v2\/pages\/4737\/revisions\/7061"}],"wp:attachment":[{"href":"https:\/\/www.isoltech.it\/fr\/wp-json\/wp\/v2\/media?parent=4737"}],"curies":[{"name":"wp","href":"https:\/\/api.w.org\/{rel}","templated":true}]}}