{"id":5567,"date":"2024-09-03T14:52:44","date_gmt":"2024-09-03T14:52:44","guid":{"rendered":"https:\/\/www.isoltech.it\/additivo-in-polvere-per-cemento-cellulare-increment-p\/"},"modified":"2024-11-25T14:40:57","modified_gmt":"2024-11-25T14:40:57","slug":"additif-en-poudre-pour-beton-cellulaire-increment-p","status":"publish","type":"page","link":"https:\/\/www.isoltech.it\/fr\/additif-en-poudre-pour-beton-cellulaire-increment-p\/","title":{"rendered":"Additif auxiliaire en poudre pour b\u00e9ton cellulaire | Increment P"},"content":{"rendered":"\t\t<div data-elementor-type=\"wp-page\" data-elementor-id=\"5567\" class=\"elementor elementor-5567 elementor-1515\" data-elementor-post-type=\"page\">\n\t\t\t\t<div class=\"elementor-element elementor-element-4679f3f e-flex e-con-boxed e-con e-parent\" data-id=\"4679f3f\" data-element_type=\"container\" data-settings=\"{&quot;background_background&quot;:&quot;classic&quot;}\">\n\t\t\t\t\t<div class=\"e-con-inner\">\n\t\t<div class=\"elementor-element elementor-element-86b7496 e-con-full e-flex e-con e-child\" data-id=\"86b7496\" data-element_type=\"container\">\n\t\t\t\t<div class=\"elementor-element elementor-element-578aa4a elementor-icon-list--layout-inline elementor-align-left elementor-list-item-link-full_width elementor-widget elementor-widget-icon-list\" data-id=\"578aa4a\" data-element_type=\"widget\" data-widget_type=\"icon-list.default\">\n\t\t\t\t<div class=\"elementor-widget-container\">\n\t\t\t\t\t\t\t<ul class=\"elementor-icon-list-items elementor-inline-items\">\n\t\t\t\t\t\t\t<li class=\"elementor-icon-list-item elementor-inline-item\">\n\t\t\t\t\t\t\t\t\t\t\t<a href=\"https:\/\/www.isoltech.it\/prodotti\/\">\n\n\t\t\t\t\t\t\t\t\t\t\t<span class=\"elementor-icon-list-text\">Produits<\/span>\n\t\t\t\t\t\t\t\t\t\t\t<\/a>\n\t\t\t\t\t\t\t\t\t<\/li>\n\t\t\t\t\t\t\t\t<li class=\"elementor-icon-list-item elementor-inline-item\">\n\t\t\t\t\t\t\t\t\t\t\t<a href=\"https:\/\/www.isoltech.it\/additivi-ausiliari-cemento-cellulare\/\">\n\n\t\t\t\t\t\t\t\t\t\t\t\t<span class=\"elementor-icon-list-icon\">\n\t\t\t\t\t\t\t<svg aria-hidden=\"true\" class=\"e-font-icon-svg e-fas-chevron-right\" viewBox=\"0 0 320 512\" xmlns=\"http:\/\/www.w3.org\/2000\/svg\"><path d=\"M285.476 272.971L91.132 467.314c-9.373 9.373-24.569 9.373-33.941 0l-22.667-22.667c-9.357-9.357-9.375-24.522-.04-33.901L188.505 256 34.484 101.255c-9.335-9.379-9.317-24.544.04-33.901l22.667-22.667c9.373-9.373 24.569-9.373 33.941 0L285.475 239.03c9.373 9.372 9.373 24.568.001 33.941z\"><\/path><\/svg>\t\t\t\t\t\t<\/span>\n\t\t\t\t\t\t\t\t\t\t<span class=\"elementor-icon-list-text\">Additifs Auxiliaires<\/span>\n\t\t\t\t\t\t\t\t\t\t\t<\/a>\n\t\t\t\t\t\t\t\t\t<\/li>\n\t\t\t\t\t\t<\/ul>\n\t\t\t\t\t\t<\/div>\n\t\t\t\t<\/div>\n\t\t\t\t<div class=\"elementor-element elementor-element-ff65907 animated-slow elementor-invisible elementor-widget elementor-widget-jkit_heading\" data-id=\"ff65907\" data-element_type=\"widget\" data-settings=\"{&quot;_animation&quot;:&quot;fadeInUp&quot;}\" data-widget_type=\"jkit_heading.default\">\n\t\t\t\t<div class=\"elementor-widget-container\">\n\t\t\t\t\t<div  class=\"jeg-elementor-kit jkit-heading  align- align-tablet- align-mobile- jeg_module___6a03ac0db33c4\" ><div class=\"heading-section-title  display-inline-block\"><h5 class=\"heading-title\">ADDITIFS AUXILIAIRES<\/h5><\/div><\/div>\t\t\t\t<\/div>\n\t\t\t\t<\/div>\n\t\t\t\t<div class=\"elementor-element elementor-element-95b675d elementor-widget elementor-widget-heading\" data-id=\"95b675d\" data-element_type=\"widget\" data-widget_type=\"heading.default\">\n\t\t\t\t<div class=\"elementor-widget-container\">\n\t\t\t\t\t<h1 class=\"elementor-heading-title elementor-size-default\">Additif auxiliaire en poudre pour b\u00e9ton cellulaire | Increment P\n<\/h1>\t\t\t\t<\/div>\n\t\t\t\t<\/div>\n\t\t\t\t<div class=\"elementor-element elementor-element-79a8fe2 elementor-widget elementor-widget-text-editor\" data-id=\"79a8fe2\" data-element_type=\"widget\" data-widget_type=\"text-editor.default\">\n\t\t\t\t<div class=\"elementor-widget-container\">\n\t\t\t\t\t\t\t\t\t<p><span style=\"font-weight: 400;\"><strong>Increment P<\/strong> est un additif en poudre sp\u00e9cifiquement formul\u00e9 pour augmenter la r\u00e9sistance des b\u00e9tons cellulaires \u00e0 densit\u00e9 moyenne, compris entre <strong>1000 et 1300 kg\/m\u00b3. <\/strong><\/span><\/p><p><span style=\"font-weight: 400;\">Id\u00e9al pour une utilisation dans les m\u00e9langes de b\u00e9ton cellulaire standard et avec du ciment Portland, <strong>Increment P<\/strong> est con\u00e7u pour am\u00e9liorer les r\u00e9sistances m\u00e9caniques tout en augmentant la duret\u00e9 de surface des m\u00e9langes monocouches.<\/span><\/p>\t\t\t\t\t\t\t\t<\/div>\n\t\t\t\t<\/div>\n\t\t\t\t<\/div>\n\t\t<div class=\"elementor-element elementor-element-74b6e73 e-con-full e-flex e-con e-child\" data-id=\"74b6e73\" data-element_type=\"container\">\n\t\t\t\t<div class=\"elementor-element elementor-element-0580961 elementor-widget__width-initial elementor-widget elementor-widget-image\" data-id=\"0580961\" data-element_type=\"widget\" data-widget_type=\"image.default\">\n\t\t\t\t<div class=\"elementor-widget-container\">\n\t\t\t\t\t\t\t\t\t\t\t\t\t\t\t<img fetchpriority=\"high\" decoding=\"async\" width=\"682\" height=\"682\" src=\"https:\/\/www.isoltech.it\/wp-content\/uploads\/2024\/09\/SACCHI-ISOLTECH-INCREMENT-P.jpg\" class=\"attachment-full size-full wp-image-5568\" alt=\"\" srcset=\"https:\/\/www.isoltech.it\/wp-content\/uploads\/2024\/09\/SACCHI-ISOLTECH-INCREMENT-P.jpg 682w, https:\/\/www.isoltech.it\/wp-content\/uploads\/2024\/09\/SACCHI-ISOLTECH-INCREMENT-P-300x300.jpg 300w, https:\/\/www.isoltech.it\/wp-content\/uploads\/2024\/09\/SACCHI-ISOLTECH-INCREMENT-P-150x150.jpg 150w\" sizes=\"(max-width: 682px) 100vw, 682px\" \/>\t\t\t\t\t\t\t\t\t\t\t\t\t\t\t<\/div>\n\t\t\t\t<\/div>\n\t\t\t\t<\/div>\n\t\t\t\t\t<\/div>\n\t\t\t\t<\/div>\n\t\t\t\t<section class=\"elementor-section elementor-top-section elementor-element elementor-element-51a2d25f elementor-section-boxed elementor-section-height-default elementor-section-height-default\" data-id=\"51a2d25f\" data-element_type=\"section\" data-settings=\"{&quot;background_background&quot;:&quot;classic&quot;}\">\n\t\t\t\t\t\t<div class=\"elementor-container elementor-column-gap-default\">\n\t\t\t\t\t<div class=\"elementor-column elementor-col-100 elementor-top-column elementor-element elementor-element-7fec7b79\" data-id=\"7fec7b79\" data-element_type=\"column\">\n\t\t\t<div class=\"elementor-widget-wrap elementor-element-populated\">\n\t\t\t\t<div class=\"elementor-element elementor-element-42133a5 e-con-full e-flex e-con e-parent\" data-id=\"42133a5\" data-element_type=\"container\">\n\t\t<div class=\"elementor-element elementor-element-b961068 e-con-full e-flex e-con e-child\" data-id=\"b961068\" data-element_type=\"container\">\n\t\t\t\t<div class=\"elementor-element elementor-element-a6d7a54 elementor-widget elementor-widget-heading\" data-id=\"a6d7a54\" data-element_type=\"widget\" data-widget_type=\"heading.default\">\n\t\t\t\t<div class=\"elementor-widget-container\">\n\t\t\t\t\t<h2 class=\"elementor-heading-title elementor-size-default\">Additif auxiliaire pour blocs de ma\u00e7onnerie, sous-planchers monocouches \u00e0 densit\u00e9 moyenne et coul\u00e9es verticales in situ\n<\/h2>\t\t\t\t<\/div>\n\t\t\t\t<\/div>\n\t\t\t\t<div class=\"elementor-element elementor-element-eae6e99 elementor-widget elementor-widget-text-editor\" data-id=\"eae6e99\" data-element_type=\"widget\" data-widget_type=\"text-editor.default\">\n\t\t\t\t<div class=\"elementor-widget-container\">\n\t\t\t\t\t\t\t\t\t<p><span style=\"font-weight: 400;\">Increment P est compos\u00e9 d&rsquo;un m\u00e9lange de produits qui se combinent avec les liants et soutiennent la mousse avec un effet stabilisant. <\/span><\/p><p><span style=\"font-weight: 400;\">Cet additif doit \u00eatre utilis\u00e9 en combinaison avec Increment L pour obtenir les meilleurs r\u00e9sultats. <\/span><\/p><p><span style=\"font-weight: 400;\">Ses principales applications incluent les blocs de ma\u00e7onnerie, les sous-planchers monocouches \u00e0 densit\u00e9 moyenne et les coul\u00e9es verticales in situ.<\/span><\/p><p><span style=\"font-weight: 400;\">L&rsquo;additif est disponible en sacs de 25 kg ou en big bags.<\/span><\/p><p>\u00a0<\/p>\t\t\t\t\t\t\t\t<\/div>\n\t\t\t\t<\/div>\n\t\t\t\t<\/div>\n\t\t<div class=\"elementor-element elementor-element-84d3917 e-con-full e-flex e-con e-child\" data-id=\"84d3917\" data-element_type=\"container\">\n\t\t\t\t<div class=\"elementor-element elementor-element-4fa8142 elementor-hidden-desktop elementor-hidden-tablet elementor-hidden-mobile elementor-icon-list--layout-traditional elementor-list-item-link-full_width elementor-widget elementor-widget-icon-list\" data-id=\"4fa8142\" data-element_type=\"widget\" data-widget_type=\"icon-list.default\">\n\t\t\t\t<div class=\"elementor-widget-container\">\n\t\t\t\t\t\t\t<ul class=\"elementor-icon-list-items\">\n\t\t\t\t\t\t\t<li class=\"elementor-icon-list-item\">\n\t\t\t\t\t\t\t\t\t\t\t<span class=\"elementor-icon-list-icon\">\n\t\t\t\t\t\t\t<svg aria-hidden=\"true\" class=\"e-font-icon-svg e-fas-check-circle\" viewBox=\"0 0 512 512\" xmlns=\"http:\/\/www.w3.org\/2000\/svg\"><path d=\"M504 256c0 136.967-111.033 248-248 248S8 392.967 8 256 119.033 8 256 8s248 111.033 248 248zM227.314 387.314l184-184c6.248-6.248 6.248-16.379 0-22.627l-22.627-22.627c-6.248-6.249-16.379-6.249-22.628 0L216 308.118l-70.059-70.059c-6.248-6.248-16.379-6.248-22.628 0l-22.627 22.627c-6.248 6.248-6.248 16.379 0 22.627l104 104c6.249 6.249 16.379 6.249 22.628.001z\"><\/path><\/svg>\t\t\t\t\t\t<\/span>\n\t\t\t\t\t\t\t\t\t\t<span class=\"elementor-icon-list-text\">Ottimizzazione dei tempi: utilizzando una quantit\u00e0 inferiore di acqua per metro cubo, si migliora l'efficienza operativa dell'impianto in cantiere.<\/span>\n\t\t\t\t\t\t\t\t\t<\/li>\n\t\t\t\t\t\t\t\t<li class=\"elementor-icon-list-item\">\n\t\t\t\t\t\t\t\t\t\t\t<span class=\"elementor-icon-list-icon\">\n\t\t\t\t\t\t\t<svg aria-hidden=\"true\" class=\"e-font-icon-svg e-fas-check-circle\" viewBox=\"0 0 512 512\" xmlns=\"http:\/\/www.w3.org\/2000\/svg\"><path d=\"M504 256c0 136.967-111.033 248-248 248S8 392.967 8 256 119.033 8 256 8s248 111.033 248 248zM227.314 387.314l184-184c6.248-6.248 6.248-16.379 0-22.627l-22.627-22.627c-6.248-6.249-16.379-6.249-22.628 0L216 308.118l-70.059-70.059c-6.248-6.248-16.379-6.248-22.628 0l-22.627 22.627c-6.248 6.248-6.248 16.379 0 22.627l104 104c6.249 6.249 16.379 6.249 22.628.001z\"><\/path><\/svg>\t\t\t\t\t\t<\/span>\n\t\t\t\t\t\t\t\t\t\t<span class=\"elementor-icon-list-text\">Maggiore sostenibilit\u00e0: la riduzione dei consumi di acqua contribuisce a pratiche pi\u00f9 ecologiche e sostenibili.<\/span>\n\t\t\t\t\t\t\t\t\t<\/li>\n\t\t\t\t\t\t\t\t<li class=\"elementor-icon-list-item\">\n\t\t\t\t\t\t\t\t\t\t\t<span class=\"elementor-icon-list-icon\">\n\t\t\t\t\t\t\t<svg aria-hidden=\"true\" class=\"e-font-icon-svg e-fas-check-circle\" viewBox=\"0 0 512 512\" xmlns=\"http:\/\/www.w3.org\/2000\/svg\"><path d=\"M504 256c0 136.967-111.033 248-248 248S8 392.967 8 256 119.033 8 256 8s248 111.033 248 248zM227.314 387.314l184-184c6.248-6.248 6.248-16.379 0-22.627l-22.627-22.627c-6.248-6.249-16.379-6.249-22.628 0L216 308.118l-70.059-70.059c-6.248-6.248-16.379-6.248-22.628 0l-22.627 22.627c-6.248 6.248-6.248 16.379 0 22.627l104 104c6.249 6.249 16.379 6.249 22.628.001z\"><\/path><\/svg>\t\t\t\t\t\t<\/span>\n\t\t\t\t\t\t\t\t\t\t<span class=\"elementor-icon-list-text\">Minor ritiro: la minore quantit\u00e0 di acqua nella miscela riduce il fenomeno del ritiro del calcestruzzo, migliorando la stabilit\u00e0 e la durabilit\u00e0 della struttura.<\/span>\n\t\t\t\t\t\t\t\t\t<\/li>\n\t\t\t\t\t\t<\/ul>\n\t\t\t\t\t\t<\/div>\n\t\t\t\t<\/div>\n\t\t\t\t<\/div>\n\t\t\t\t<\/div>\n\t\t\t\t\t<\/div>\n\t\t<\/div>\n\t\t\t\t\t<\/div>\n\t\t<\/section>\n\t\t<div class=\"elementor-element elementor-element-b8d1cb2 e-flex e-con-boxed e-con e-parent\" data-id=\"b8d1cb2\" data-element_type=\"container\" data-settings=\"{&quot;background_background&quot;:&quot;classic&quot;}\">\n\t\t\t\t\t<div class=\"e-con-inner\">\n\t\t<div class=\"elementor-element elementor-element-01d7e61 e-con-full e-flex e-con e-child\" data-id=\"01d7e61\" data-element_type=\"container\">\n\t\t\t\t<div class=\"elementor-element elementor-element-860056e elementor-widget elementor-widget-heading\" data-id=\"860056e\" data-element_type=\"widget\" data-widget_type=\"heading.default\">\n\t\t\t\t<div class=\"elementor-widget-container\">\n\t\t\t\t\t<h3 class=\"elementor-heading-title elementor-size-default\">Caract\u00e9ristiques techniques <br>de l'additif auxiliaire Increment P\n\n<\/h3>\t\t\t\t<\/div>\n\t\t\t\t<\/div>\n\t\t<div class=\"elementor-element elementor-element-693d88e e-con-full e-flex e-con e-child\" data-id=\"693d88e\" data-element_type=\"container\">\n\t\t<div class=\"elementor-element elementor-element-1d4013d e-con-full e-flex e-con e-child\" data-id=\"1d4013d\" data-element_type=\"container\" data-settings=\"{&quot;background_background&quot;:&quot;classic&quot;}\">\n\t\t\t\t<div class=\"elementor-element elementor-element-7ecfeeb elementor-widget elementor-widget-image\" data-id=\"7ecfeeb\" data-element_type=\"widget\" data-widget_type=\"image.default\">\n\t\t\t\t<div class=\"elementor-widget-container\">\n\t\t\t\t\t\t\t\t\t\t\t\t\t\t\t<img decoding=\"async\" width=\"1484\" height=\"334\" src=\"https:\/\/www.isoltech.it\/wp-content\/uploads\/2024\/10\/1-proprieta-fisiche-di-increment-P-francese-.png\" class=\"attachment-full size-full wp-image-6352\" alt=\"\" srcset=\"https:\/\/www.isoltech.it\/wp-content\/uploads\/2024\/10\/1-proprieta-fisiche-di-increment-P-francese-.png 1484w, https:\/\/www.isoltech.it\/wp-content\/uploads\/2024\/10\/1-proprieta-fisiche-di-increment-P-francese--300x68.png 300w, https:\/\/www.isoltech.it\/wp-content\/uploads\/2024\/10\/1-proprieta-fisiche-di-increment-P-francese--1024x230.png 1024w, https:\/\/www.isoltech.it\/wp-content\/uploads\/2024\/10\/1-proprieta-fisiche-di-increment-P-francese--768x173.png 768w\" sizes=\"(max-width: 1484px) 100vw, 1484px\" \/>\t\t\t\t\t\t\t\t\t\t\t\t\t\t\t<\/div>\n\t\t\t\t<\/div>\n\t\t\t\t<div class=\"elementor-element elementor-element-c0fa257 elementor-hidden-desktop elementor-hidden-tablet elementor-hidden-mobile jkit-equal-height-disable elementor-widget elementor-widget-jkit_icon_box\" data-id=\"c0fa257\" data-element_type=\"widget\" data-widget_type=\"jkit_icon_box.default\">\n\t\t\t\t<div class=\"elementor-widget-container\">\n\t\t\t\t\t<div  class=\"jeg-elementor-kit jkit-icon-box icon-position- elementor-animation- jeg_module__1_6a03ac0db71df\" ><div class=\"jkit-icon-box-wrapper hover-from-left\"><div class=\"icon-box icon-box-body\">\n                <h3 class=\"title\">COMPOSIZIONE<\/h3>\n            <\/div>\n            \n            <\/div><\/div>\t\t\t\t<\/div>\n\t\t\t\t<\/div>\n\t\t\t\t<\/div>\n\t\t\t\t<\/div>\n\t\t\t\t<\/div>\n\t\t\t\t\t<\/div>\n\t\t\t\t<\/div>\n\t\t<div class=\"elementor-element elementor-element-fba3f25 e-con-full e-flex e-con e-parent\" data-id=\"fba3f25\" data-element_type=\"container\">\n\t\t<div class=\"elementor-element elementor-element-934b0d9 e-con-full e-flex e-con e-child\" data-id=\"934b0d9\" data-element_type=\"container\" data-settings=\"{&quot;background_background&quot;:&quot;classic&quot;}\">\n\t\t<div class=\"elementor-element elementor-element-44352b1 e-con-full e-flex e-con e-child\" data-id=\"44352b1\" data-element_type=\"container\">\n\t\t\t\t<div class=\"elementor-element elementor-element-2c50fdf animated-slow elementor-invisible elementor-widget elementor-widget-jkit_heading\" data-id=\"2c50fdf\" data-element_type=\"widget\" data-settings=\"{&quot;_animation&quot;:&quot;fadeInUp&quot;}\" data-widget_type=\"jkit_heading.default\">\n\t\t\t\t<div class=\"elementor-widget-container\">\n\t\t\t\t\t<div  class=\"jeg-elementor-kit jkit-heading  align-center align-tablet- align-mobile- jeg_module__2_6a03ac0db75a3\" ><div class=\"heading-section-title  display-inline-block\"><h5 class=\"heading-title\"><span class=\"style-color\"><span>INFORMATIONS<\/span><\/span><\/h5><\/div><\/div>\t\t\t\t<\/div>\n\t\t\t\t<\/div>\n\t\t\t\t<div class=\"elementor-element elementor-element-93f099f elementor-widget elementor-widget-heading\" data-id=\"93f099f\" data-element_type=\"widget\" data-widget_type=\"heading.default\">\n\t\t\t\t<div class=\"elementor-widget-container\">\n\t\t\t\t\t<h2 class=\"elementor-heading-title elementor-size-default\">Avez-vous besoin d\u2019une application autre que celles list\u00e9es ?<\/h2>\t\t\t\t<\/div>\n\t\t\t\t<\/div>\n\t\t\t\t<div class=\"elementor-element elementor-element-923d9e5 elementor-widget elementor-widget-text-editor\" data-id=\"923d9e5\" data-element_type=\"widget\" data-widget_type=\"text-editor.default\">\n\t\t\t\t<div class=\"elementor-widget-container\">\n\t\t\t\t\t\t\t\t\t<p>Notre personnel sp\u00e9cialis\u00e9 est \u00e0 votre disposition<\/p>\t\t\t\t\t\t\t\t<\/div>\n\t\t\t\t<\/div>\n\t\t\t\t<div class=\"elementor-element elementor-element-656457c elementor-align-center elementor-widget elementor-widget-button\" data-id=\"656457c\" data-element_type=\"widget\" data-widget_type=\"button.default\">\n\t\t\t\t<div class=\"elementor-widget-container\">\n\t\t\t\t\t\t\t\t\t<div class=\"elementor-button-wrapper\">\n\t\t\t\t\t<a class=\"elementor-button elementor-button-link elementor-size-sm\" href=\"https:\/\/www.isoltech.it\/fr\/contacts\/\">\n\t\t\t\t\t\t<span class=\"elementor-button-content-wrapper\">\n\t\t\t\t\t\t\t\t\t<span class=\"elementor-button-text\">Contactez-nous maintenant<\/span>\n\t\t\t\t\t<\/span>\n\t\t\t\t\t<\/a>\n\t\t\t\t<\/div>\n\t\t\t\t\t\t\t\t<\/div>\n\t\t\t\t<\/div>\n\t\t\t\t<\/div>\n\t\t\t\t<\/div>\n\t\t\t\t<\/div>\n\t\t\t\t<\/div>\n\t\t","protected":false},"excerpt":{"rendered":"<p>Produits Additifs Auxiliaires ADDITIFS AUXILIAIRES Additif auxiliaire en poudre pour b\u00e9ton cellulaire | Increment P Increment P est un additif en poudre sp\u00e9cifiquement formul\u00e9 pour augmenter la r\u00e9sistance des b\u00e9tons cellulaires \u00e0 densit\u00e9 moyenne, compris entre 1000 et 1300 kg\/m\u00b3. Id\u00e9al pour une utilisation dans les m\u00e9langes de b\u00e9ton cellulaire standard et avec du ciment [&hellip;]<\/p>\n","protected":false},"author":1,"featured_media":0,"parent":0,"menu_order":0,"comment_status":"closed","ping_status":"closed","template":"elementor_header_footer","meta":{"footnotes":""},"class_list":["post-5567","page","type-page","status-publish","hentry"],"yoast_head":"<!-- This site is optimized with the Yoast SEO plugin v25.3 - https:\/\/yoast.com\/wordpress\/plugins\/seo\/ -->\n<title>Additif en poudre pour b\u00e9ton cellulaire - Increment P - Isoltech<\/title>\n<meta name=\"description\" content=\"Increment P est un additif sp\u00e9cifique, en poudre, qui augmente la r\u00e9sistance des b\u00e9tons cellulaires \u00e0 densit\u00e9 moyenne, 1000-1300 kg\/m\u00b3.\" \/>\n<meta name=\"robots\" content=\"index, follow, max-snippet:-1, max-image-preview:large, max-video-preview:-1\" \/>\n<link rel=\"canonical\" href=\"https:\/\/www.isoltech.it\/fr\/additif-en-poudre-pour-beton-cellulaire-increment-p\/\" \/>\n<meta property=\"og:locale\" content=\"fr_FR\" \/>\n<meta property=\"og:type\" content=\"article\" \/>\n<meta property=\"og:title\" content=\"Additif en poudre pour b\u00e9ton cellulaire - Increment P - Isoltech\" \/>\n<meta property=\"og:description\" content=\"Increment P est un additif sp\u00e9cifique, en poudre, qui augmente la r\u00e9sistance des b\u00e9tons cellulaires \u00e0 densit\u00e9 moyenne, 1000-1300 kg\/m\u00b3.\" \/>\n<meta property=\"og:url\" content=\"https:\/\/www.isoltech.it\/fr\/additif-en-poudre-pour-beton-cellulaire-increment-p\/\" \/>\n<meta property=\"og:site_name\" content=\"Isoltech\" \/>\n<meta property=\"article:modified_time\" content=\"2024-11-25T14:40:57+00:00\" \/>\n<meta property=\"og:image\" content=\"https:\/\/www.isoltech.it\/wp-content\/uploads\/2024\/09\/SACCHI-ISOLTECH-INCREMENT-P.jpg\" \/>\n<meta name=\"twitter:card\" content=\"summary_large_image\" \/>\n<meta name=\"twitter:label1\" content=\"Dur\u00e9e de lecture estim\u00e9e\" \/>\n\t<meta name=\"twitter:data1\" content=\"2 minutes\" \/>\n<script type=\"application\/ld+json\" class=\"yoast-schema-graph\">{\"@context\":\"https:\/\/schema.org\",\"@graph\":[{\"@type\":\"WebPage\",\"@id\":\"https:\/\/www.isoltech.it\/fr\/additif-en-poudre-pour-beton-cellulaire-increment-p\/\",\"url\":\"https:\/\/www.isoltech.it\/fr\/additif-en-poudre-pour-beton-cellulaire-increment-p\/\",\"name\":\"Additif en poudre pour b\u00e9ton cellulaire - Increment P - Isoltech\",\"isPartOf\":{\"@id\":\"https:\/\/www.isoltech.it\/fr\/#website\"},\"primaryImageOfPage\":{\"@id\":\"https:\/\/www.isoltech.it\/fr\/additif-en-poudre-pour-beton-cellulaire-increment-p\/#primaryimage\"},\"image\":{\"@id\":\"https:\/\/www.isoltech.it\/fr\/additif-en-poudre-pour-beton-cellulaire-increment-p\/#primaryimage\"},\"thumbnailUrl\":\"https:\/\/www.isoltech.it\/wp-content\/uploads\/2024\/09\/SACCHI-ISOLTECH-INCREMENT-P.jpg\",\"datePublished\":\"2024-09-03T14:52:44+00:00\",\"dateModified\":\"2024-11-25T14:40:57+00:00\",\"description\":\"Increment P est un additif sp\u00e9cifique, en poudre, qui augmente la r\u00e9sistance des b\u00e9tons cellulaires \u00e0 densit\u00e9 moyenne, 1000-1300 kg\/m\u00b3.\",\"breadcrumb\":{\"@id\":\"https:\/\/www.isoltech.it\/fr\/additif-en-poudre-pour-beton-cellulaire-increment-p\/#breadcrumb\"},\"inLanguage\":\"fr-FR\",\"potentialAction\":[{\"@type\":\"ReadAction\",\"target\":[\"https:\/\/www.isoltech.it\/fr\/additif-en-poudre-pour-beton-cellulaire-increment-p\/\"]}]},{\"@type\":\"ImageObject\",\"inLanguage\":\"fr-FR\",\"@id\":\"https:\/\/www.isoltech.it\/fr\/additif-en-poudre-pour-beton-cellulaire-increment-p\/#primaryimage\",\"url\":\"https:\/\/www.isoltech.it\/wp-content\/uploads\/2024\/09\/SACCHI-ISOLTECH-INCREMENT-P.jpg\",\"contentUrl\":\"https:\/\/www.isoltech.it\/wp-content\/uploads\/2024\/09\/SACCHI-ISOLTECH-INCREMENT-P.jpg\"},{\"@type\":\"BreadcrumbList\",\"@id\":\"https:\/\/www.isoltech.it\/fr\/additif-en-poudre-pour-beton-cellulaire-increment-p\/#breadcrumb\",\"itemListElement\":[{\"@type\":\"ListItem\",\"position\":1,\"name\":\"Home\",\"item\":\"https:\/\/www.isoltech.it\/fr\/\"},{\"@type\":\"ListItem\",\"position\":2,\"name\":\"Additif auxiliaire en poudre pour b\u00e9ton cellulaire | Increment P\"}]},{\"@type\":\"WebSite\",\"@id\":\"https:\/\/www.isoltech.it\/fr\/#website\",\"url\":\"https:\/\/www.isoltech.it\/fr\/\",\"name\":\"Isoltech\",\"description\":\"cemento cellulare\",\"potentialAction\":[{\"@type\":\"SearchAction\",\"target\":{\"@type\":\"EntryPoint\",\"urlTemplate\":\"https:\/\/www.isoltech.it\/fr\/?s={search_term_string}\"},\"query-input\":{\"@type\":\"PropertyValueSpecification\",\"valueRequired\":true,\"valueName\":\"search_term_string\"}}],\"inLanguage\":\"fr-FR\"}]}<\/script>\n<!-- \/ Yoast SEO plugin. -->","yoast_head_json":{"title":"Additif en poudre pour b\u00e9ton cellulaire - Increment P - Isoltech","description":"Increment P est un additif sp\u00e9cifique, en poudre, qui augmente la r\u00e9sistance des b\u00e9tons cellulaires \u00e0 densit\u00e9 moyenne, 1000-1300 kg\/m\u00b3.","robots":{"index":"index","follow":"follow","max-snippet":"max-snippet:-1","max-image-preview":"max-image-preview:large","max-video-preview":"max-video-preview:-1"},"canonical":"https:\/\/www.isoltech.it\/fr\/additif-en-poudre-pour-beton-cellulaire-increment-p\/","og_locale":"fr_FR","og_type":"article","og_title":"Additif en poudre pour b\u00e9ton cellulaire - Increment P - Isoltech","og_description":"Increment P est un additif sp\u00e9cifique, en poudre, qui augmente la r\u00e9sistance des b\u00e9tons cellulaires \u00e0 densit\u00e9 moyenne, 1000-1300 kg\/m\u00b3.","og_url":"https:\/\/www.isoltech.it\/fr\/additif-en-poudre-pour-beton-cellulaire-increment-p\/","og_site_name":"Isoltech","article_modified_time":"2024-11-25T14:40:57+00:00","og_image":[{"url":"https:\/\/www.isoltech.it\/wp-content\/uploads\/2024\/09\/SACCHI-ISOLTECH-INCREMENT-P.jpg","type":"","width":"","height":""}],"twitter_card":"summary_large_image","twitter_misc":{"Dur\u00e9e de lecture estim\u00e9e":"2 minutes"},"schema":{"@context":"https:\/\/schema.org","@graph":[{"@type":"WebPage","@id":"https:\/\/www.isoltech.it\/fr\/additif-en-poudre-pour-beton-cellulaire-increment-p\/","url":"https:\/\/www.isoltech.it\/fr\/additif-en-poudre-pour-beton-cellulaire-increment-p\/","name":"Additif en poudre pour b\u00e9ton cellulaire - Increment P - Isoltech","isPartOf":{"@id":"https:\/\/www.isoltech.it\/fr\/#website"},"primaryImageOfPage":{"@id":"https:\/\/www.isoltech.it\/fr\/additif-en-poudre-pour-beton-cellulaire-increment-p\/#primaryimage"},"image":{"@id":"https:\/\/www.isoltech.it\/fr\/additif-en-poudre-pour-beton-cellulaire-increment-p\/#primaryimage"},"thumbnailUrl":"https:\/\/www.isoltech.it\/wp-content\/uploads\/2024\/09\/SACCHI-ISOLTECH-INCREMENT-P.jpg","datePublished":"2024-09-03T14:52:44+00:00","dateModified":"2024-11-25T14:40:57+00:00","description":"Increment P est un additif sp\u00e9cifique, en poudre, qui augmente la r\u00e9sistance des b\u00e9tons cellulaires \u00e0 densit\u00e9 moyenne, 1000-1300 kg\/m\u00b3.","breadcrumb":{"@id":"https:\/\/www.isoltech.it\/fr\/additif-en-poudre-pour-beton-cellulaire-increment-p\/#breadcrumb"},"inLanguage":"fr-FR","potentialAction":[{"@type":"ReadAction","target":["https:\/\/www.isoltech.it\/fr\/additif-en-poudre-pour-beton-cellulaire-increment-p\/"]}]},{"@type":"ImageObject","inLanguage":"fr-FR","@id":"https:\/\/www.isoltech.it\/fr\/additif-en-poudre-pour-beton-cellulaire-increment-p\/#primaryimage","url":"https:\/\/www.isoltech.it\/wp-content\/uploads\/2024\/09\/SACCHI-ISOLTECH-INCREMENT-P.jpg","contentUrl":"https:\/\/www.isoltech.it\/wp-content\/uploads\/2024\/09\/SACCHI-ISOLTECH-INCREMENT-P.jpg"},{"@type":"BreadcrumbList","@id":"https:\/\/www.isoltech.it\/fr\/additif-en-poudre-pour-beton-cellulaire-increment-p\/#breadcrumb","itemListElement":[{"@type":"ListItem","position":1,"name":"Home","item":"https:\/\/www.isoltech.it\/fr\/"},{"@type":"ListItem","position":2,"name":"Additif auxiliaire en poudre pour b\u00e9ton cellulaire | Increment P"}]},{"@type":"WebSite","@id":"https:\/\/www.isoltech.it\/fr\/#website","url":"https:\/\/www.isoltech.it\/fr\/","name":"Isoltech","description":"cemento cellulare","potentialAction":[{"@type":"SearchAction","target":{"@type":"EntryPoint","urlTemplate":"https:\/\/www.isoltech.it\/fr\/?s={search_term_string}"},"query-input":{"@type":"PropertyValueSpecification","valueRequired":true,"valueName":"search_term_string"}}],"inLanguage":"fr-FR"}]}},"_links":{"self":[{"href":"https:\/\/www.isoltech.it\/fr\/wp-json\/wp\/v2\/pages\/5567","targetHints":{"allow":["GET"]}}],"collection":[{"href":"https:\/\/www.isoltech.it\/fr\/wp-json\/wp\/v2\/pages"}],"about":[{"href":"https:\/\/www.isoltech.it\/fr\/wp-json\/wp\/v2\/types\/page"}],"author":[{"embeddable":true,"href":"https:\/\/www.isoltech.it\/fr\/wp-json\/wp\/v2\/users\/1"}],"replies":[{"embeddable":true,"href":"https:\/\/www.isoltech.it\/fr\/wp-json\/wp\/v2\/comments?post=5567"}],"version-history":[{"count":7,"href":"https:\/\/www.isoltech.it\/fr\/wp-json\/wp\/v2\/pages\/5567\/revisions"}],"predecessor-version":[{"id":6358,"href":"https:\/\/www.isoltech.it\/fr\/wp-json\/wp\/v2\/pages\/5567\/revisions\/6358"}],"wp:attachment":[{"href":"https:\/\/www.isoltech.it\/fr\/wp-json\/wp\/v2\/media?parent=5567"}],"curies":[{"name":"wp","href":"https:\/\/api.w.org\/{rel}","templated":true}]}}