{"id":5648,"date":"2024-09-06T10:22:45","date_gmt":"2024-09-06T10:22:45","guid":{"rendered":"https:\/\/www.isoltech.it\/fibre-in-polipropilene-per-cemento-cellulare\/"},"modified":"2024-11-25T14:59:44","modified_gmt":"2024-11-25T14:59:44","slug":"fibres-de-propylene-pour-beton-cellulaire","status":"publish","type":"page","link":"https:\/\/www.isoltech.it\/fr\/fibres-de-propylene-pour-beton-cellulaire\/","title":{"rendered":"Fibres en polypropyl\u00e8ne pour b\u00e9ton cellulaire"},"content":{"rendered":"\t\t<div data-elementor-type=\"wp-page\" data-elementor-id=\"5648\" class=\"elementor elementor-5648 elementor-2421\" data-elementor-post-type=\"page\">\n\t\t\t\t\t\t<section class=\"elementor-section elementor-top-section elementor-element elementor-element-25547ee7 elementor-section-content-middle elementor-section-boxed elementor-section-height-default elementor-section-height-default\" data-id=\"25547ee7\" data-element_type=\"section\" data-settings=\"{&quot;background_background&quot;:&quot;classic&quot;}\">\n\t\t\t\t\t\t<div class=\"elementor-container elementor-column-gap-default\">\n\t\t\t\t\t<div class=\"elementor-column elementor-col-50 elementor-top-column elementor-element elementor-element-51b8be1a\" data-id=\"51b8be1a\" data-element_type=\"column\">\n\t\t\t<div class=\"elementor-widget-wrap elementor-element-populated\">\n\t\t\t\t\t\t<div class=\"elementor-element elementor-element-f3a612b elementor-icon-list--layout-inline elementor-align-left elementor-list-item-link-full_width elementor-widget elementor-widget-icon-list\" data-id=\"f3a612b\" data-element_type=\"widget\" data-widget_type=\"icon-list.default\">\n\t\t\t\t<div class=\"elementor-widget-container\">\n\t\t\t\t\t\t\t<ul class=\"elementor-icon-list-items elementor-inline-items\">\n\t\t\t\t\t\t\t<li class=\"elementor-icon-list-item elementor-inline-item\">\n\t\t\t\t\t\t\t\t\t\t\t<a href=\"https:\/\/www.isoltech.it\/prodotti-complementari-cemento-cellulare\/\">\n\n\t\t\t\t\t\t\t\t\t\t\t\t<span class=\"elementor-icon-list-icon\">\n\t\t\t\t\t\t\t<svg aria-hidden=\"true\" class=\"e-font-icon-svg e-fas-chevron-left\" viewBox=\"0 0 320 512\" xmlns=\"http:\/\/www.w3.org\/2000\/svg\"><path d=\"M34.52 239.03L228.87 44.69c9.37-9.37 24.57-9.37 33.94 0l22.67 22.67c9.36 9.36 9.37 24.52.04 33.9L131.49 256l154.02 154.75c9.34 9.38 9.32 24.54-.04 33.9l-22.67 22.67c-9.37 9.37-24.57 9.37-33.94 0L34.52 272.97c-9.37-9.37-9.37-24.57 0-33.94z\"><\/path><\/svg>\t\t\t\t\t\t<\/span>\n\t\t\t\t\t\t\t\t\t\t<span class=\"elementor-icon-list-text\">Produits compl\u00e9mentaires<\/span>\n\t\t\t\t\t\t\t\t\t\t\t<\/a>\n\t\t\t\t\t\t\t\t\t<\/li>\n\t\t\t\t\t\t<\/ul>\n\t\t\t\t\t\t<\/div>\n\t\t\t\t<\/div>\n\t\t\t\t<div class=\"elementor-element elementor-element-18266f24 animated-slow elementor-invisible elementor-widget elementor-widget-jkit_heading\" data-id=\"18266f24\" data-element_type=\"widget\" data-settings=\"{&quot;_animation&quot;:&quot;fadeInUp&quot;}\" data-widget_type=\"jkit_heading.default\">\n\t\t\t\t<div class=\"elementor-widget-container\">\n\t\t\t\t\t<div  class=\"jeg-elementor-kit jkit-heading  align- align-tablet- align-mobile- jeg_module___69f4a59a1768f\" ><div class=\"heading-section-title  display-inline-block\"><h5 class=\"heading-title\">PRODUITS COMPL\u00c9MENTAIRES<\/h5><\/div><\/div>\t\t\t\t<\/div>\n\t\t\t\t<\/div>\n\t\t\t\t<div class=\"elementor-element elementor-element-618e2bdb elementor-widget elementor-widget-heading\" data-id=\"618e2bdb\" data-element_type=\"widget\" data-widget_type=\"heading.default\">\n\t\t\t\t<div class=\"elementor-widget-container\">\n\t\t\t\t\t<h1 class=\"elementor-heading-title elementor-size-default\">Fibres en polypropyl\u00e8ne pour b\u00e9ton cellulaire\n<\/h1>\t\t\t\t<\/div>\n\t\t\t\t<\/div>\n\t\t\t\t<div class=\"elementor-element elementor-element-4d3831ec elementor-widget elementor-widget-text-editor\" data-id=\"4d3831ec\" data-element_type=\"widget\" data-widget_type=\"text-editor.default\">\n\t\t\t\t<div class=\"elementor-widget-container\">\n\t\t\t\t\t\t\t\t\t<p><span style=\"font-weight: 400;\">Les fibres en polypropyl\u00e8ne sont une solution con\u00e7ue pour am\u00e9liorer les performances du b\u00e9ton cellulaire. Ces fibres, facilement r\u00e9parties dans le m\u00e9lange de b\u00e9ton, offrent une protection exceptionnelle contre les microfissures qui peuvent se d\u00e9velopper pendant le processus de s\u00e9chage et de durcissement du b\u00e9ton. L&rsquo;ajout de fibres en polypropyl\u00e8ne r\u00e9duit \u00e9galement l&rsquo;abrasion et la perm\u00e9abilit\u00e9 du mat\u00e9riau.<\/span><\/p><p><span style=\"font-weight: 400;\">Cette am\u00e9lioration des propri\u00e9t\u00e9s m\u00e9caniques et physiques du b\u00e9ton cellulaire rend le produit id\u00e9al pour un large \u00e9ventail d&rsquo;applications, garantissant une plus grande durabilit\u00e9 et r\u00e9sistance des structures. <\/span><\/p><p><span style=\"font-weight: 400;\">Les fibres en polypropyl\u00e8ne sont particuli\u00e8rement utiles dans les environnements o\u00f9 le b\u00e9ton est soumis \u00e0 des contraintes et \u00e0 l&rsquo;usure, assurant des performances optimales et une dur\u00e9e de vie prolong\u00e9e du mat\u00e9riau.<\/span><\/p><p><span style=\"font-weight: 400;\">De plus, l&rsquo;utilisation de fibres en polypropyl\u00e8ne dans le b\u00e9ton cellulaire contribue \u00e0 une meilleure int\u00e9grit\u00e9 structurelle, r\u00e9duisant la n\u00e9cessit\u00e9 d&rsquo;entretien et de r\u00e9parations au fil du temps.<\/span><\/p>\t\t\t\t\t\t\t\t<\/div>\n\t\t\t\t<\/div>\n\t\t\t\t\t<\/div>\n\t\t<\/div>\n\t\t\t\t<div class=\"elementor-column elementor-col-50 elementor-top-column elementor-element elementor-element-279232ce\" data-id=\"279232ce\" data-element_type=\"column\">\n\t\t\t<div class=\"elementor-widget-wrap elementor-element-populated\">\n\t\t\t\t\t\t<div class=\"elementor-element elementor-element-57c3e559 elementor-widget__width-initial elementor-widget elementor-widget-image\" data-id=\"57c3e559\" data-element_type=\"widget\" data-widget_type=\"image.default\">\n\t\t\t\t<div class=\"elementor-widget-container\">\n\t\t\t\t\t\t\t\t\t\t\t\t\t\t\t<img decoding=\"async\" src=\"https:\/\/www.isoltech.it\/wp-content\/uploads\/elementor\/thumbs\/fibre-in-polipropilene-2-qtnjf5hic9x8ay1ymhsxcgsecl8c38ssv0ck7a08ja.jpg\" title=\"fibre-in-polipropilene-2\" alt=\"fibre-in-polipropilene-2\" loading=\"lazy\" \/>\t\t\t\t\t\t\t\t\t\t\t\t\t\t\t<\/div>\n\t\t\t\t<\/div>\n\t\t\t\t\t<\/div>\n\t\t<\/div>\n\t\t\t\t\t<\/div>\n\t\t<\/section>\n\t\t<div class=\"elementor-element elementor-element-fba3f25 e-con-full e-flex e-con e-parent\" data-id=\"fba3f25\" data-element_type=\"container\">\n\t\t<div class=\"elementor-element elementor-element-3457ba2 e-flex e-con-boxed e-con e-child\" data-id=\"3457ba2\" data-element_type=\"container\" data-settings=\"{&quot;background_background&quot;:&quot;classic&quot;}\">\n\t\t\t\t\t<div class=\"e-con-inner\">\n\t\t<div class=\"elementor-element elementor-element-f6d531c e-con-full e-flex e-con e-child\" data-id=\"f6d531c\" data-element_type=\"container\">\n\t\t\t\t<div class=\"elementor-element elementor-element-76480f6 elementor-widget elementor-widget-heading\" data-id=\"76480f6\" data-element_type=\"widget\" data-widget_type=\"heading.default\">\n\t\t\t\t<div class=\"elementor-widget-container\">\n\t\t\t\t\t<h3 class=\"elementor-heading-title elementor-size-default\">Caract\u00e9ristiques physiques des fibres en polypropyl\u00e8ne\n\n\n<\/h3>\t\t\t\t<\/div>\n\t\t\t\t<\/div>\n\t\t<div class=\"elementor-element elementor-element-9caefab e-con-full e-flex e-con e-child\" data-id=\"9caefab\" data-element_type=\"container\">\n\t\t<div class=\"elementor-element elementor-element-1c3e6e6 e-con-full e-flex e-con e-child\" data-id=\"1c3e6e6\" data-element_type=\"container\" data-settings=\"{&quot;background_background&quot;:&quot;classic&quot;}\">\n\t\t\t\t<div class=\"elementor-element elementor-element-64b2abc elementor-widget elementor-widget-image\" data-id=\"64b2abc\" data-element_type=\"widget\" data-widget_type=\"image.default\">\n\t\t\t\t<div class=\"elementor-widget-container\">\n\t\t\t\t\t\t\t\t\t\t\t\t\t\t\t<img fetchpriority=\"high\" decoding=\"async\" width=\"1482\" height=\"332\" src=\"https:\/\/www.isoltech.it\/wp-content\/uploads\/2024\/10\/TABELLA-1-CARATTERISTICHE-TECNICHE-FIBRE-POLIPROPILENE-FRANCESE.png\" class=\"attachment-full size-full wp-image-5651\" alt=\"\" srcset=\"https:\/\/www.isoltech.it\/wp-content\/uploads\/2024\/10\/TABELLA-1-CARATTERISTICHE-TECNICHE-FIBRE-POLIPROPILENE-FRANCESE.png 1482w, https:\/\/www.isoltech.it\/wp-content\/uploads\/2024\/10\/TABELLA-1-CARATTERISTICHE-TECNICHE-FIBRE-POLIPROPILENE-FRANCESE-300x67.png 300w, https:\/\/www.isoltech.it\/wp-content\/uploads\/2024\/10\/TABELLA-1-CARATTERISTICHE-TECNICHE-FIBRE-POLIPROPILENE-FRANCESE-1024x229.png 1024w, https:\/\/www.isoltech.it\/wp-content\/uploads\/2024\/10\/TABELLA-1-CARATTERISTICHE-TECNICHE-FIBRE-POLIPROPILENE-FRANCESE-768x172.png 768w\" sizes=\"(max-width: 1482px) 100vw, 1482px\" \/>\t\t\t\t\t\t\t\t\t\t\t\t\t\t\t<\/div>\n\t\t\t\t<\/div>\n\t\t\t\t<\/div>\n\t\t\t\t<\/div>\n\t\t\t\t<\/div>\n\t\t\t\t\t<\/div>\n\t\t\t\t<\/div>\n\t\t<div class=\"elementor-element elementor-element-934b0d9 e-con-full e-flex e-con e-child\" data-id=\"934b0d9\" data-element_type=\"container\" data-settings=\"{&quot;background_background&quot;:&quot;classic&quot;}\">\n\t\t<div class=\"elementor-element elementor-element-44352b1 e-con-full e-flex e-con e-child\" data-id=\"44352b1\" data-element_type=\"container\">\n\t\t\t\t<div class=\"elementor-element elementor-element-2c50fdf animated-slow elementor-invisible elementor-widget elementor-widget-jkit_heading\" data-id=\"2c50fdf\" data-element_type=\"widget\" data-settings=\"{&quot;_animation&quot;:&quot;fadeInUp&quot;}\" data-widget_type=\"jkit_heading.default\">\n\t\t\t\t<div class=\"elementor-widget-container\">\n\t\t\t\t\t<div  class=\"jeg-elementor-kit jkit-heading  align-center align-tablet- align-mobile- jeg_module__1_69f4a59a19bbe\" ><div class=\"heading-section-title  display-inline-block\"><h5 class=\"heading-title\"><span class=\"style-color\"><span>INFORMATIONS<\/span><\/span><\/h5><\/div><\/div>\t\t\t\t<\/div>\n\t\t\t\t<\/div>\n\t\t\t\t<div class=\"elementor-element elementor-element-93f099f elementor-widget elementor-widget-heading\" data-id=\"93f099f\" data-element_type=\"widget\" data-widget_type=\"heading.default\">\n\t\t\t\t<div class=\"elementor-widget-container\">\n\t\t\t\t\t<h2 class=\"elementor-heading-title elementor-size-default\">Avez-vous besoin d\u2019une application autre que celles list\u00e9es ?<\/h2>\t\t\t\t<\/div>\n\t\t\t\t<\/div>\n\t\t\t\t<div class=\"elementor-element elementor-element-923d9e5 elementor-widget elementor-widget-text-editor\" data-id=\"923d9e5\" data-element_type=\"widget\" data-widget_type=\"text-editor.default\">\n\t\t\t\t<div class=\"elementor-widget-container\">\n\t\t\t\t\t\t\t\t\t<p>Notre personnel sp\u00e9cialis\u00e9 est \u00e0 votre disposition<\/p>\t\t\t\t\t\t\t\t<\/div>\n\t\t\t\t<\/div>\n\t\t\t\t<div class=\"elementor-element elementor-element-656457c elementor-align-center elementor-widget elementor-widget-button\" data-id=\"656457c\" data-element_type=\"widget\" data-widget_type=\"button.default\">\n\t\t\t\t<div class=\"elementor-widget-container\">\n\t\t\t\t\t\t\t\t\t<div class=\"elementor-button-wrapper\">\n\t\t\t\t\t<a class=\"elementor-button elementor-button-link elementor-size-sm\" href=\"https:\/\/www.isoltech.it\/fr\/contacts\/\">\n\t\t\t\t\t\t<span class=\"elementor-button-content-wrapper\">\n\t\t\t\t\t\t\t\t\t<span class=\"elementor-button-text\">Contactez-nous maintenant<\/span>\n\t\t\t\t\t<\/span>\n\t\t\t\t\t<\/a>\n\t\t\t\t<\/div>\n\t\t\t\t\t\t\t\t<\/div>\n\t\t\t\t<\/div>\n\t\t\t\t<\/div>\n\t\t\t\t<\/div>\n\t\t\t\t<\/div>\n\t\t\t\t<\/div>\n\t\t","protected":false},"excerpt":{"rendered":"<p>Produits compl\u00e9mentaires PRODUITS COMPL\u00c9MENTAIRES Fibres en polypropyl\u00e8ne pour b\u00e9ton cellulaire Les fibres en polypropyl\u00e8ne sont une solution con\u00e7ue pour am\u00e9liorer les performances du b\u00e9ton cellulaire. Ces fibres, facilement r\u00e9parties dans le m\u00e9lange de b\u00e9ton, offrent une protection exceptionnelle contre les microfissures qui peuvent se d\u00e9velopper pendant le processus de s\u00e9chage et de durcissement du b\u00e9ton. [&hellip;]<\/p>\n","protected":false},"author":1,"featured_media":0,"parent":0,"menu_order":0,"comment_status":"closed","ping_status":"closed","template":"elementor_header_footer","meta":{"footnotes":""},"class_list":["post-5648","page","type-page","status-publish","hentry"],"yoast_head":"<!-- This site is optimized with the Yoast SEO plugin v25.3 - https:\/\/yoast.com\/wordpress\/plugins\/seo\/ -->\n<title>Fibres en polypropyl\u00e8ne pour b\u00e9ton cellulaire - Isoltech<\/title>\n<meta name=\"description\" content=\"Les fibres de polypropyl\u00e8ne sont un produit pour b\u00e9ton cellulaire, utiles pour pr\u00e9venir les microfissures, r\u00e9duisant l&#039;abrasion et la perm\u00e9abilit\u00e9.\" \/>\n<meta name=\"robots\" content=\"index, follow, max-snippet:-1, max-image-preview:large, max-video-preview:-1\" \/>\n<link rel=\"canonical\" href=\"https:\/\/www.isoltech.it\/fr\/fibres-de-propylene-pour-beton-cellulaire\/\" \/>\n<meta property=\"og:locale\" content=\"fr_FR\" \/>\n<meta property=\"og:type\" content=\"article\" \/>\n<meta property=\"og:title\" content=\"Fibres en polypropyl\u00e8ne pour b\u00e9ton cellulaire - Isoltech\" \/>\n<meta property=\"og:description\" content=\"Les fibres de polypropyl\u00e8ne sont un produit pour b\u00e9ton cellulaire, utiles pour pr\u00e9venir les microfissures, r\u00e9duisant l&#039;abrasion et la perm\u00e9abilit\u00e9.\" \/>\n<meta property=\"og:url\" content=\"https:\/\/www.isoltech.it\/fr\/fibres-de-propylene-pour-beton-cellulaire\/\" \/>\n<meta property=\"og:site_name\" content=\"Isoltech\" \/>\n<meta property=\"article:modified_time\" content=\"2024-11-25T14:59:44+00:00\" \/>\n<meta property=\"og:image\" content=\"https:\/\/www.isoltech.it\/wp-content\/uploads\/elementor\/thumbs\/fibre-in-polipropilene-2-qtnjf5hic9x8ay1ymhsxcgsecl8c38ssv0ck7a069c.jpg\" \/>\n<meta name=\"twitter:card\" content=\"summary_large_image\" \/>\n<meta name=\"twitter:label1\" content=\"Dur\u00e9e de lecture estim\u00e9e\" \/>\n\t<meta name=\"twitter:data1\" content=\"2 minutes\" \/>\n<script type=\"application\/ld+json\" class=\"yoast-schema-graph\">{\"@context\":\"https:\/\/schema.org\",\"@graph\":[{\"@type\":\"WebPage\",\"@id\":\"https:\/\/www.isoltech.it\/fr\/fibres-de-propylene-pour-beton-cellulaire\/\",\"url\":\"https:\/\/www.isoltech.it\/fr\/fibres-de-propylene-pour-beton-cellulaire\/\",\"name\":\"Fibres en polypropyl\u00e8ne pour b\u00e9ton cellulaire - Isoltech\",\"isPartOf\":{\"@id\":\"https:\/\/www.isoltech.it\/fr\/#website\"},\"primaryImageOfPage\":{\"@id\":\"https:\/\/www.isoltech.it\/fr\/fibres-de-propylene-pour-beton-cellulaire\/#primaryimage\"},\"image\":{\"@id\":\"https:\/\/www.isoltech.it\/fr\/fibres-de-propylene-pour-beton-cellulaire\/#primaryimage\"},\"thumbnailUrl\":\"https:\/\/www.isoltech.it\/wp-content\/uploads\/elementor\/thumbs\/fibre-in-polipropilene-2-qtnjf5hic9x8ay1ymhsxcgsecl8c38ssv0ck7a069c.jpg\",\"datePublished\":\"2024-09-06T10:22:45+00:00\",\"dateModified\":\"2024-11-25T14:59:44+00:00\",\"description\":\"Les fibres de polypropyl\u00e8ne sont un produit pour b\u00e9ton cellulaire, utiles pour pr\u00e9venir les microfissures, r\u00e9duisant l'abrasion et la perm\u00e9abilit\u00e9.\",\"breadcrumb\":{\"@id\":\"https:\/\/www.isoltech.it\/fr\/fibres-de-propylene-pour-beton-cellulaire\/#breadcrumb\"},\"inLanguage\":\"fr-FR\",\"potentialAction\":[{\"@type\":\"ReadAction\",\"target\":[\"https:\/\/www.isoltech.it\/fr\/fibres-de-propylene-pour-beton-cellulaire\/\"]}]},{\"@type\":\"ImageObject\",\"inLanguage\":\"fr-FR\",\"@id\":\"https:\/\/www.isoltech.it\/fr\/fibres-de-propylene-pour-beton-cellulaire\/#primaryimage\",\"url\":\"https:\/\/www.isoltech.it\/wp-content\/uploads\/elementor\/thumbs\/fibre-in-polipropilene-2-qtnjf5hic9x8ay1ymhsxcgsecl8c38ssv0ck7a069c.jpg\",\"contentUrl\":\"https:\/\/www.isoltech.it\/wp-content\/uploads\/elementor\/thumbs\/fibre-in-polipropilene-2-qtnjf5hic9x8ay1ymhsxcgsecl8c38ssv0ck7a069c.jpg\"},{\"@type\":\"BreadcrumbList\",\"@id\":\"https:\/\/www.isoltech.it\/fr\/fibres-de-propylene-pour-beton-cellulaire\/#breadcrumb\",\"itemListElement\":[{\"@type\":\"ListItem\",\"position\":1,\"name\":\"Home\",\"item\":\"https:\/\/www.isoltech.it\/fr\/\"},{\"@type\":\"ListItem\",\"position\":2,\"name\":\"Fibres en polypropyl\u00e8ne pour b\u00e9ton cellulaire\"}]},{\"@type\":\"WebSite\",\"@id\":\"https:\/\/www.isoltech.it\/fr\/#website\",\"url\":\"https:\/\/www.isoltech.it\/fr\/\",\"name\":\"Isoltech\",\"description\":\"cemento cellulare\",\"potentialAction\":[{\"@type\":\"SearchAction\",\"target\":{\"@type\":\"EntryPoint\",\"urlTemplate\":\"https:\/\/www.isoltech.it\/fr\/?s={search_term_string}\"},\"query-input\":{\"@type\":\"PropertyValueSpecification\",\"valueRequired\":true,\"valueName\":\"search_term_string\"}}],\"inLanguage\":\"fr-FR\"}]}<\/script>\n<!-- \/ Yoast SEO plugin. -->","yoast_head_json":{"title":"Fibres en polypropyl\u00e8ne pour b\u00e9ton cellulaire - Isoltech","description":"Les fibres de polypropyl\u00e8ne sont un produit pour b\u00e9ton cellulaire, utiles pour pr\u00e9venir les microfissures, r\u00e9duisant l'abrasion et la perm\u00e9abilit\u00e9.","robots":{"index":"index","follow":"follow","max-snippet":"max-snippet:-1","max-image-preview":"max-image-preview:large","max-video-preview":"max-video-preview:-1"},"canonical":"https:\/\/www.isoltech.it\/fr\/fibres-de-propylene-pour-beton-cellulaire\/","og_locale":"fr_FR","og_type":"article","og_title":"Fibres en polypropyl\u00e8ne pour b\u00e9ton cellulaire - Isoltech","og_description":"Les fibres de polypropyl\u00e8ne sont un produit pour b\u00e9ton cellulaire, utiles pour pr\u00e9venir les microfissures, r\u00e9duisant l'abrasion et la perm\u00e9abilit\u00e9.","og_url":"https:\/\/www.isoltech.it\/fr\/fibres-de-propylene-pour-beton-cellulaire\/","og_site_name":"Isoltech","article_modified_time":"2024-11-25T14:59:44+00:00","og_image":[{"url":"https:\/\/www.isoltech.it\/wp-content\/uploads\/elementor\/thumbs\/fibre-in-polipropilene-2-qtnjf5hic9x8ay1ymhsxcgsecl8c38ssv0ck7a069c.jpg","type":"","width":"","height":""}],"twitter_card":"summary_large_image","twitter_misc":{"Dur\u00e9e de lecture estim\u00e9e":"2 minutes"},"schema":{"@context":"https:\/\/schema.org","@graph":[{"@type":"WebPage","@id":"https:\/\/www.isoltech.it\/fr\/fibres-de-propylene-pour-beton-cellulaire\/","url":"https:\/\/www.isoltech.it\/fr\/fibres-de-propylene-pour-beton-cellulaire\/","name":"Fibres en polypropyl\u00e8ne pour b\u00e9ton cellulaire - Isoltech","isPartOf":{"@id":"https:\/\/www.isoltech.it\/fr\/#website"},"primaryImageOfPage":{"@id":"https:\/\/www.isoltech.it\/fr\/fibres-de-propylene-pour-beton-cellulaire\/#primaryimage"},"image":{"@id":"https:\/\/www.isoltech.it\/fr\/fibres-de-propylene-pour-beton-cellulaire\/#primaryimage"},"thumbnailUrl":"https:\/\/www.isoltech.it\/wp-content\/uploads\/elementor\/thumbs\/fibre-in-polipropilene-2-qtnjf5hic9x8ay1ymhsxcgsecl8c38ssv0ck7a069c.jpg","datePublished":"2024-09-06T10:22:45+00:00","dateModified":"2024-11-25T14:59:44+00:00","description":"Les fibres de polypropyl\u00e8ne sont un produit pour b\u00e9ton cellulaire, utiles pour pr\u00e9venir les microfissures, r\u00e9duisant l'abrasion et la perm\u00e9abilit\u00e9.","breadcrumb":{"@id":"https:\/\/www.isoltech.it\/fr\/fibres-de-propylene-pour-beton-cellulaire\/#breadcrumb"},"inLanguage":"fr-FR","potentialAction":[{"@type":"ReadAction","target":["https:\/\/www.isoltech.it\/fr\/fibres-de-propylene-pour-beton-cellulaire\/"]}]},{"@type":"ImageObject","inLanguage":"fr-FR","@id":"https:\/\/www.isoltech.it\/fr\/fibres-de-propylene-pour-beton-cellulaire\/#primaryimage","url":"https:\/\/www.isoltech.it\/wp-content\/uploads\/elementor\/thumbs\/fibre-in-polipropilene-2-qtnjf5hic9x8ay1ymhsxcgsecl8c38ssv0ck7a069c.jpg","contentUrl":"https:\/\/www.isoltech.it\/wp-content\/uploads\/elementor\/thumbs\/fibre-in-polipropilene-2-qtnjf5hic9x8ay1ymhsxcgsecl8c38ssv0ck7a069c.jpg"},{"@type":"BreadcrumbList","@id":"https:\/\/www.isoltech.it\/fr\/fibres-de-propylene-pour-beton-cellulaire\/#breadcrumb","itemListElement":[{"@type":"ListItem","position":1,"name":"Home","item":"https:\/\/www.isoltech.it\/fr\/"},{"@type":"ListItem","position":2,"name":"Fibres en polypropyl\u00e8ne pour b\u00e9ton cellulaire"}]},{"@type":"WebSite","@id":"https:\/\/www.isoltech.it\/fr\/#website","url":"https:\/\/www.isoltech.it\/fr\/","name":"Isoltech","description":"cemento cellulare","potentialAction":[{"@type":"SearchAction","target":{"@type":"EntryPoint","urlTemplate":"https:\/\/www.isoltech.it\/fr\/?s={search_term_string}"},"query-input":{"@type":"PropertyValueSpecification","valueRequired":true,"valueName":"search_term_string"}}],"inLanguage":"fr-FR"}]}},"_links":{"self":[{"href":"https:\/\/www.isoltech.it\/fr\/wp-json\/wp\/v2\/pages\/5648","targetHints":{"allow":["GET"]}}],"collection":[{"href":"https:\/\/www.isoltech.it\/fr\/wp-json\/wp\/v2\/pages"}],"about":[{"href":"https:\/\/www.isoltech.it\/fr\/wp-json\/wp\/v2\/types\/page"}],"author":[{"embeddable":true,"href":"https:\/\/www.isoltech.it\/fr\/wp-json\/wp\/v2\/users\/1"}],"replies":[{"embeddable":true,"href":"https:\/\/www.isoltech.it\/fr\/wp-json\/wp\/v2\/comments?post=5648"}],"version-history":[{"count":4,"href":"https:\/\/www.isoltech.it\/fr\/wp-json\/wp\/v2\/pages\/5648\/revisions"}],"predecessor-version":[{"id":5657,"href":"https:\/\/www.isoltech.it\/fr\/wp-json\/wp\/v2\/pages\/5648\/revisions\/5657"}],"wp:attachment":[{"href":"https:\/\/www.isoltech.it\/fr\/wp-json\/wp\/v2\/media?parent=5648"}],"curies":[{"name":"wp","href":"https:\/\/api.w.org\/{rel}","templated":true}]}}