{"id":5724,"date":"2024-09-03T13:57:06","date_gmt":"2024-09-03T13:57:06","guid":{"rendered":"https:\/\/www.isoltech.it\/impianto-per-produzione-in-continuo-di-cemento-cellulare\/"},"modified":"2025-06-20T08:33:46","modified_gmt":"2025-06-20T08:33:46","slug":"centrale-a-beton-cellulaire-continue-mobile-c2018","status":"publish","type":"page","link":"https:\/\/www.isoltech.it\/fr\/centrale-a-beton-cellulaire-continue-mobile-c2018\/","title":{"rendered":"Installation mobile pour production en continu de b\u00e9ton cellulaire | C2018"},"content":{"rendered":"\t\t<div data-elementor-type=\"wp-page\" data-elementor-id=\"5724\" class=\"elementor elementor-5724 elementor-1423\" data-elementor-post-type=\"page\">\n\t\t\t\t<div class=\"elementor-element elementor-element-560f47e e-flex e-con-boxed e-con e-parent\" data-id=\"560f47e\" data-element_type=\"container\" data-settings=\"{&quot;background_background&quot;:&quot;classic&quot;}\">\n\t\t\t\t\t<div class=\"e-con-inner\">\n\t\t<div class=\"elementor-element elementor-element-2368ae4 e-con-full e-flex e-con e-child\" data-id=\"2368ae4\" data-element_type=\"container\">\n\t\t\t\t<div class=\"elementor-element elementor-element-66b11cc elementor-icon-list--layout-inline elementor-align-left elementor-list-item-link-full_width elementor-widget elementor-widget-icon-list\" data-id=\"66b11cc\" data-element_type=\"widget\" data-widget_type=\"icon-list.default\">\n\t\t\t\t<div class=\"elementor-widget-container\">\n\t\t\t\t\t\t\t<ul class=\"elementor-icon-list-items elementor-inline-items\">\n\t\t\t\t\t\t\t<li class=\"elementor-icon-list-item elementor-inline-item\">\n\t\t\t\t\t\t\t\t\t\t\t<a href=\"https:\/\/www.isoltech.it\/impianti-mobili-cemento-cellulare\/\">\n\n\t\t\t\t\t\t\t\t\t\t\t\t<span class=\"elementor-icon-list-icon\">\n\t\t\t\t\t\t\t<svg aria-hidden=\"true\" class=\"e-font-icon-svg e-fas-chevron-left\" viewBox=\"0 0 320 512\" xmlns=\"http:\/\/www.w3.org\/2000\/svg\"><path d=\"M34.52 239.03L228.87 44.69c9.37-9.37 24.57-9.37 33.94 0l22.67 22.67c9.36 9.36 9.37 24.52.04 33.9L131.49 256l154.02 154.75c9.34 9.38 9.32 24.54-.04 33.9l-22.67 22.67c-9.37 9.37-24.57 9.37-33.94 0L34.52 272.97c-9.37-9.37-9.37-24.57 0-33.94z\"><\/path><\/svg>\t\t\t\t\t\t<\/span>\n\t\t\t\t\t\t\t\t\t\t<span class=\"elementor-icon-list-text\">Installations mobiles<\/span>\n\t\t\t\t\t\t\t\t\t\t\t<\/a>\n\t\t\t\t\t\t\t\t\t<\/li>\n\t\t\t\t\t\t<\/ul>\n\t\t\t\t\t\t<\/div>\n\t\t\t\t<\/div>\n\t\t\t\t<div class=\"elementor-element elementor-element-0fe662f animated-slow elementor-invisible elementor-widget elementor-widget-jkit_heading\" data-id=\"0fe662f\" data-element_type=\"widget\" data-settings=\"{&quot;_animation&quot;:&quot;fadeInUp&quot;}\" data-widget_type=\"jkit_heading.default\">\n\t\t\t\t<div class=\"elementor-widget-container\">\n\t\t\t\t\t<div  class=\"jeg-elementor-kit jkit-heading  align- align-tablet- align-mobile- jeg_module___69d5a3b846e3c\" ><div class=\"heading-section-title  display-inline-block\"><h5 class=\"heading-title\">INSTALLATIONS MOBILES<\/h5><\/div><\/div>\t\t\t\t<\/div>\n\t\t\t\t<\/div>\n\t\t\t\t<div class=\"elementor-element elementor-element-96bd357 elementor-widget elementor-widget-heading\" data-id=\"96bd357\" data-element_type=\"widget\" data-widget_type=\"heading.default\">\n\t\t\t\t<div class=\"elementor-widget-container\">\n\t\t\t\t\t<h1 class=\"elementor-heading-title elementor-size-default\">Installation mobile pour production en continu de b\u00e9ton cellulaire | C2018\n<\/h1>\t\t\t\t<\/div>\n\t\t\t\t<\/div>\n\t\t\t\t<div class=\"elementor-element elementor-element-555d619 elementor-widget elementor-widget-text-editor\" data-id=\"555d619\" data-element_type=\"widget\" data-widget_type=\"text-editor.default\">\n\t\t\t\t<div class=\"elementor-widget-container\">\n\t\t\t\t\t\t\t\t\t<p>L&rsquo;installation mobile continue C2018 repr\u00e9sente le summum de la qualit\u00e9 et de l&rsquo;innovation dans la production de b\u00e9ton cellulaire. Gr\u00e2ce \u00e0 sa technologie exclusive, \u00e9prouv\u00e9e, robuste et fiable, cette installation est capable de produire en continu du b\u00e9ton cellulaire en quantit\u00e9s variables allant jusqu&rsquo;\u00e0 20 m\u00b3\/h.<\/p><p><span style=\"font-weight: 400;\">Id\u00e9ale pour apporter le prestige de l&rsquo;innovation directement sur le chantier, la <\/span><b>C2018 utilise tous les additifs compl\u00e9mentaires<\/b> n\u00e9cessaires pour produire<b> du b\u00e9ton cellulaire de nouvelle g\u00e9n\u00e9ration<\/b><span style=\"font-weight: 400;\">, y compris des b\u00e9tons cellulaires \u00e0 tr\u00e8s faible rapport eau\/ciment, \u00e0 s\u00e9chage rapide, thixotropiques et anti-goutte et \u00e0 basse densit\u00e9.<\/span><\/p>\t\t\t\t\t\t\t\t<\/div>\n\t\t\t\t<\/div>\n\t\t\t\t<\/div>\n\t\t<div class=\"elementor-element elementor-element-f7bc4e6 e-con-full e-flex e-con e-child\" data-id=\"f7bc4e6\" data-element_type=\"container\">\n\t\t\t\t<div class=\"elementor-element elementor-element-5e7b59f elementor-widget__width-initial elementor-widget elementor-widget-image\" data-id=\"5e7b59f\" data-element_type=\"widget\" data-widget_type=\"image.default\">\n\t\t\t\t<div class=\"elementor-widget-container\">\n\t\t\t\t\t\t\t\t\t\t\t\t\t\t\t<img fetchpriority=\"high\" decoding=\"async\" width=\"2560\" height=\"1920\" src=\"https:\/\/www.isoltech.it\/wp-content\/uploads\/2024\/09\/Impianto-mobile-continuo-scaled.jpg\" class=\"attachment-full size-full wp-image-5726\" alt=\"\" srcset=\"https:\/\/www.isoltech.it\/wp-content\/uploads\/2024\/09\/Impianto-mobile-continuo-scaled.jpg 2560w, https:\/\/www.isoltech.it\/wp-content\/uploads\/2024\/09\/Impianto-mobile-continuo-300x225.jpg 300w, https:\/\/www.isoltech.it\/wp-content\/uploads\/2024\/09\/Impianto-mobile-continuo-1024x768.jpg 1024w, https:\/\/www.isoltech.it\/wp-content\/uploads\/2024\/09\/Impianto-mobile-continuo-768x576.jpg 768w, https:\/\/www.isoltech.it\/wp-content\/uploads\/2024\/09\/Impianto-mobile-continuo-1536x1152.jpg 1536w, https:\/\/www.isoltech.it\/wp-content\/uploads\/2024\/09\/Impianto-mobile-continuo-2048x1536.jpg 2048w\" sizes=\"(max-width: 2560px) 100vw, 2560px\" \/>\t\t\t\t\t\t\t\t\t\t\t\t\t\t\t<\/div>\n\t\t\t\t<\/div>\n\t\t\t\t<\/div>\n\t\t\t\t\t<\/div>\n\t\t\t\t<\/div>\n\t\t<div class=\"elementor-element elementor-element-5d100fb e-flex e-con-boxed e-con e-parent\" data-id=\"5d100fb\" data-element_type=\"container\">\n\t\t\t\t\t<div class=\"e-con-inner\">\n\t\t\t\t<div class=\"elementor-element elementor-element-6ab6686 elementor-widget-divider--view-line elementor-widget elementor-widget-divider\" data-id=\"6ab6686\" data-element_type=\"widget\" data-widget_type=\"divider.default\">\n\t\t\t\t<div class=\"elementor-widget-container\">\n\t\t\t\t\t\t\t<div class=\"elementor-divider\">\n\t\t\t<span class=\"elementor-divider-separator\">\n\t\t\t\t\t\t<\/span>\n\t\t<\/div>\n\t\t\t\t\t\t<\/div>\n\t\t\t\t<\/div>\n\t\t\t\t\t<\/div>\n\t\t\t\t<\/div>\n\t\t\t\t<section class=\"elementor-section elementor-top-section elementor-element elementor-element-6a4bd94 elementor-section-boxed elementor-section-height-default elementor-section-height-default\" data-id=\"6a4bd94\" data-element_type=\"section\" data-settings=\"{&quot;background_background&quot;:&quot;classic&quot;}\">\n\t\t\t\t\t\t<div class=\"elementor-container elementor-column-gap-default\">\n\t\t\t\t\t<div class=\"elementor-column elementor-col-100 elementor-top-column elementor-element elementor-element-743f2d3\" data-id=\"743f2d3\" data-element_type=\"column\">\n\t\t\t<div class=\"elementor-widget-wrap elementor-element-populated\">\n\t\t\t\t<div class=\"elementor-element elementor-element-7d4218c e-con-full e-flex e-con e-parent\" data-id=\"7d4218c\" data-element_type=\"container\">\n\t\t<div class=\"elementor-element elementor-element-90a6693 e-con-full e-flex e-con e-child\" data-id=\"90a6693\" data-element_type=\"container\">\n\t\t\t\t<div class=\"elementor-element elementor-element-6a00790 elementor-widget elementor-widget-heading\" data-id=\"6a00790\" data-element_type=\"widget\" data-widget_type=\"heading.default\">\n\t\t\t\t<div class=\"elementor-widget-container\">\n\t\t\t\t\t<h2 class=\"elementor-heading-title elementor-size-default\">Caract\u00e9ristiques de l'installation mobile C2018 : totalement autonome avec possibilit\u00e9 d'une interface homme-machine\n<\/h2>\t\t\t\t<\/div>\n\t\t\t\t<\/div>\n\t\t\t\t<\/div>\n\t\t\t\t<\/div>\n\t\t<div class=\"elementor-element elementor-element-490b996 e-con-full e-flex e-con e-parent\" data-id=\"490b996\" data-element_type=\"container\">\n\t\t<div class=\"elementor-element elementor-element-b09e372 e-con-full e-flex e-con e-child\" data-id=\"b09e372\" data-element_type=\"container\">\n\t\t\t\t<div class=\"elementor-element elementor-element-6a278f2 elementor-widget elementor-widget-text-editor\" data-id=\"6a278f2\" data-element_type=\"widget\" data-widget_type=\"text-editor.default\">\n\t\t\t\t<div class=\"elementor-widget-container\">\n\t\t\t\t\t\t\t\t\t<p><span style=\"font-weight: 400;\">La C2018 est une installation enti\u00e8rement autonome pour la production en continu de b\u00e9ton cellulaire. <\/span><b>Avec une capacit\u00e9 de 28 tonnes<\/b><span style=\"font-weight: 400;\"> de ciment \u00e0 pleine charge, <\/span><b>3000 litres d&rsquo;eau<\/b><span style=\"font-weight: 400;\"> et un <\/span><b>g\u00e9n\u00e9rateur fournissant l&rsquo;\u00e9nergie \u00e9lectrique n\u00e9cessaire<\/b><span style=\"font-weight: 400;\">, l&rsquo;installation ne d\u00e9pend pas du r\u00e9seau de chantier.\u00a0\u00a0<\/span><\/p><p><span style=\"font-weight: 400;\">Il est \u00e9galement possible d&rsquo;\u00e9quiper la <\/span><b>C2018 d&rsquo;un dispositif d&rsquo;autodiagnostic connect\u00e9 \u00e0 une carte SIM<\/b><span style=\"font-weight: 400;\"> et d&rsquo;un modem dans le tableau \u00e9lectrique, permettant \u00e0 nos techniciens Isoltech de fournir une assistance en temps r\u00e9el via une connexion web.<\/span><\/p><p><span style=\"font-weight: 400;\">Le syst\u00e8me de contr\u00f4le de l&rsquo;installation C2018 est compos\u00e9 de deux automates programmables (PLC) qui communiquent via un c\u00e2ble r\u00e9seau LAN, garantissant un fonctionnement synchronis\u00e9 et efficace.\u00a0\u00a0<\/span><\/p>\t\t\t\t\t\t\t\t<\/div>\n\t\t\t\t<\/div>\n\t\t\t\t<\/div>\n\t\t<div class=\"elementor-element elementor-element-e2bb2e7 e-con-full e-flex e-con e-child\" data-id=\"e2bb2e7\" data-element_type=\"container\">\n\t\t\t\t<div class=\"elementor-element elementor-element-93192e3 elementor-widget elementor-widget-text-editor\" data-id=\"93192e3\" data-element_type=\"widget\" data-widget_type=\"text-editor.default\">\n\t\t\t\t<div class=\"elementor-widget-container\">\n\t\t\t\t\t\t\t\t\t<p><span style=\"font-weight: 400;\">Bien que l&rsquo;installation ne n\u00e9cessite pas d&rsquo;interface homme-machine, il est possible de l&rsquo;\u00e9quiper d&rsquo;un panneau op\u00e9rateur \u00e0 \u00e9cran tactile couleur de 5&Prime; ou 7&Prime; pour la gestion des temps de travail et de la liste des alarmes, ou d&rsquo;un panel PC \u00e0 \u00e9cran tactile couleur de 12&Prime; ou 15&Prime; pour une gestion compl\u00e8te de l&rsquo;installation. <\/span><\/p><p><span style=\"font-weight: 400;\">Avec cette derni\u00e8re solution, l&rsquo;op\u00e9rateur peut cr\u00e9er et g\u00e9rer des recettes, sauvegarder l&rsquo;historique des op\u00e9rations et exporter les donn\u00e9es au format txt ou Excel via une cl\u00e9 USB.<\/span><\/p>\t\t\t\t\t\t\t\t<\/div>\n\t\t\t\t<\/div>\n\t\t\t\t<\/div>\n\t\t\t\t<\/div>\n\t\t\t\t\t<\/div>\n\t\t<\/div>\n\t\t\t\t\t<\/div>\n\t\t<\/section>\n\t\t<div class=\"elementor-element elementor-element-fba3f25 e-con-full e-flex e-con e-parent\" data-id=\"fba3f25\" data-element_type=\"container\">\n\t\t<div class=\"elementor-element elementor-element-934b0d9 e-con-full e-flex e-con e-child\" data-id=\"934b0d9\" data-element_type=\"container\" data-settings=\"{&quot;background_background&quot;:&quot;classic&quot;}\">\n\t\t<div class=\"elementor-element elementor-element-44352b1 e-con-full e-flex e-con e-child\" data-id=\"44352b1\" data-element_type=\"container\">\n\t\t\t\t<div class=\"elementor-element elementor-element-2c50fdf animated-slow elementor-invisible elementor-widget elementor-widget-jkit_heading\" data-id=\"2c50fdf\" data-element_type=\"widget\" data-settings=\"{&quot;_animation&quot;:&quot;fadeInUp&quot;}\" data-widget_type=\"jkit_heading.default\">\n\t\t\t\t<div class=\"elementor-widget-container\">\n\t\t\t\t\t<div  class=\"jeg-elementor-kit jkit-heading  align-center align-tablet- align-mobile- jeg_module__1_69d5a3b848535\" ><div class=\"heading-section-title  display-inline-block\"><h5 class=\"heading-title\"><span class=\"style-color\"><span>INFORMATIONS<\/span><\/span><\/h5><\/div><\/div>\t\t\t\t<\/div>\n\t\t\t\t<\/div>\n\t\t\t\t<div class=\"elementor-element elementor-element-93f099f elementor-widget elementor-widget-heading\" data-id=\"93f099f\" data-element_type=\"widget\" data-widget_type=\"heading.default\">\n\t\t\t\t<div class=\"elementor-widget-container\">\n\t\t\t\t\t<h2 class=\"elementor-heading-title elementor-size-default\">Avez-vous besoin d\u2019une application autre que celles list\u00e9es ?<\/h2>\t\t\t\t<\/div>\n\t\t\t\t<\/div>\n\t\t\t\t<div class=\"elementor-element elementor-element-923d9e5 elementor-widget elementor-widget-text-editor\" data-id=\"923d9e5\" data-element_type=\"widget\" data-widget_type=\"text-editor.default\">\n\t\t\t\t<div class=\"elementor-widget-container\">\n\t\t\t\t\t\t\t\t\t<p>Notre personnel sp\u00e9cialis\u00e9 est \u00e0 votre disposition<\/p>\t\t\t\t\t\t\t\t<\/div>\n\t\t\t\t<\/div>\n\t\t\t\t<div class=\"elementor-element elementor-element-656457c elementor-align-center elementor-widget elementor-widget-button\" data-id=\"656457c\" data-element_type=\"widget\" data-widget_type=\"button.default\">\n\t\t\t\t<div class=\"elementor-widget-container\">\n\t\t\t\t\t\t\t\t\t<div class=\"elementor-button-wrapper\">\n\t\t\t\t\t<a class=\"elementor-button elementor-button-link elementor-size-sm\" href=\"#\">\n\t\t\t\t\t\t<span class=\"elementor-button-content-wrapper\">\n\t\t\t\t\t\t\t\t\t<span class=\"elementor-button-text\">Contactez-nous maintenant<\/span>\n\t\t\t\t\t<\/span>\n\t\t\t\t\t<\/a>\n\t\t\t\t<\/div>\n\t\t\t\t\t\t\t\t<\/div>\n\t\t\t\t<\/div>\n\t\t\t\t<\/div>\n\t\t\t\t<\/div>\n\t\t\t\t<\/div>\n\t\t\t\t<\/div>\n\t\t","protected":false},"excerpt":{"rendered":"<p>Installations mobiles INSTALLATIONS MOBILES Installation mobile pour production en continu de b\u00e9ton cellulaire | C2018 L&rsquo;installation mobile continue C2018 repr\u00e9sente le summum de la qualit\u00e9 et de l&rsquo;innovation dans la production de b\u00e9ton cellulaire. Gr\u00e2ce \u00e0 sa technologie exclusive, \u00e9prouv\u00e9e, robuste et fiable, cette installation est capable de produire en continu du b\u00e9ton cellulaire en [&hellip;]<\/p>\n","protected":false},"author":1,"featured_media":0,"parent":0,"menu_order":0,"comment_status":"closed","ping_status":"closed","template":"elementor_header_footer","meta":{"footnotes":""},"class_list":["post-5724","page","type-page","status-publish","hentry"],"yoast_head":"<!-- This site is optimized with the Yoast SEO plugin v25.3 - https:\/\/yoast.com\/wordpress\/plugins\/seo\/ -->\n<title>Installation pour production en continu de b\u00e9ton cellulaire - Isoltech<\/title>\n<meta name=\"description\" content=\"L&#039;installation mobile C2018 d&#039;Isoltech peut produire en continu du b\u00e9ton cellulaire en quantit\u00e9s variables, jusqu&#039;\u00e0 20 m\u00b3\/h.\" \/>\n<meta name=\"robots\" content=\"index, follow, max-snippet:-1, max-image-preview:large, max-video-preview:-1\" \/>\n<link rel=\"canonical\" href=\"https:\/\/www.isoltech.it\/fr\/centrale-a-beton-cellulaire-continue-mobile-c2018\/\" \/>\n<meta property=\"og:locale\" content=\"fr_FR\" \/>\n<meta property=\"og:type\" content=\"article\" \/>\n<meta property=\"og:title\" content=\"Installation pour production en continu de b\u00e9ton cellulaire - Isoltech\" \/>\n<meta property=\"og:description\" content=\"L&#039;installation mobile C2018 d&#039;Isoltech peut produire en continu du b\u00e9ton cellulaire en quantit\u00e9s variables, jusqu&#039;\u00e0 20 m\u00b3\/h.\" \/>\n<meta property=\"og:url\" content=\"https:\/\/www.isoltech.it\/fr\/centrale-a-beton-cellulaire-continue-mobile-c2018\/\" \/>\n<meta property=\"og:site_name\" content=\"Isoltech\" \/>\n<meta property=\"article:modified_time\" content=\"2025-06-20T08:33:46+00:00\" \/>\n<meta property=\"og:image\" content=\"https:\/\/www.isoltech.it\/wp-content\/uploads\/2024\/09\/Impianto-mobile-continuo-scaled.jpg\" \/>\n\t<meta property=\"og:image:width\" content=\"2560\" \/>\n\t<meta property=\"og:image:height\" content=\"1920\" \/>\n\t<meta property=\"og:image:type\" content=\"image\/jpeg\" \/>\n<meta name=\"twitter:card\" content=\"summary_large_image\" \/>\n<meta name=\"twitter:label1\" content=\"Dur\u00e9e de lecture estim\u00e9e\" \/>\n\t<meta name=\"twitter:data1\" content=\"2 minutes\" \/>\n<script type=\"application\/ld+json\" class=\"yoast-schema-graph\">{\"@context\":\"https:\/\/schema.org\",\"@graph\":[{\"@type\":\"WebPage\",\"@id\":\"https:\/\/www.isoltech.it\/fr\/centrale-a-beton-cellulaire-continue-mobile-c2018\/\",\"url\":\"https:\/\/www.isoltech.it\/fr\/centrale-a-beton-cellulaire-continue-mobile-c2018\/\",\"name\":\"Installation pour production en continu de b\u00e9ton cellulaire - Isoltech\",\"isPartOf\":{\"@id\":\"https:\/\/www.isoltech.it\/fr\/#website\"},\"primaryImageOfPage\":{\"@id\":\"https:\/\/www.isoltech.it\/fr\/centrale-a-beton-cellulaire-continue-mobile-c2018\/#primaryimage\"},\"image\":{\"@id\":\"https:\/\/www.isoltech.it\/fr\/centrale-a-beton-cellulaire-continue-mobile-c2018\/#primaryimage\"},\"thumbnailUrl\":\"https:\/\/www.isoltech.it\/wp-content\/uploads\/2024\/09\/Impianto-mobile-continuo-scaled.jpg\",\"datePublished\":\"2024-09-03T13:57:06+00:00\",\"dateModified\":\"2025-06-20T08:33:46+00:00\",\"description\":\"L'installation mobile C2018 d'Isoltech peut produire en continu du b\u00e9ton cellulaire en quantit\u00e9s variables, jusqu'\u00e0 20 m\u00b3\/h.\",\"breadcrumb\":{\"@id\":\"https:\/\/www.isoltech.it\/fr\/centrale-a-beton-cellulaire-continue-mobile-c2018\/#breadcrumb\"},\"inLanguage\":\"fr-FR\",\"potentialAction\":[{\"@type\":\"ReadAction\",\"target\":[\"https:\/\/www.isoltech.it\/fr\/centrale-a-beton-cellulaire-continue-mobile-c2018\/\"]}]},{\"@type\":\"ImageObject\",\"inLanguage\":\"fr-FR\",\"@id\":\"https:\/\/www.isoltech.it\/fr\/centrale-a-beton-cellulaire-continue-mobile-c2018\/#primaryimage\",\"url\":\"https:\/\/www.isoltech.it\/wp-content\/uploads\/2024\/09\/Impianto-mobile-continuo-scaled.jpg\",\"contentUrl\":\"https:\/\/www.isoltech.it\/wp-content\/uploads\/2024\/09\/Impianto-mobile-continuo-scaled.jpg\"},{\"@type\":\"BreadcrumbList\",\"@id\":\"https:\/\/www.isoltech.it\/fr\/centrale-a-beton-cellulaire-continue-mobile-c2018\/#breadcrumb\",\"itemListElement\":[{\"@type\":\"ListItem\",\"position\":1,\"name\":\"Home\",\"item\":\"https:\/\/www.isoltech.it\/fr\/\"},{\"@type\":\"ListItem\",\"position\":2,\"name\":\"Installation mobile pour production en continu de b\u00e9ton cellulaire | C2018\"}]},{\"@type\":\"WebSite\",\"@id\":\"https:\/\/www.isoltech.it\/fr\/#website\",\"url\":\"https:\/\/www.isoltech.it\/fr\/\",\"name\":\"Isoltech\",\"description\":\"cemento cellulare\",\"potentialAction\":[{\"@type\":\"SearchAction\",\"target\":{\"@type\":\"EntryPoint\",\"urlTemplate\":\"https:\/\/www.isoltech.it\/fr\/?s={search_term_string}\"},\"query-input\":{\"@type\":\"PropertyValueSpecification\",\"valueRequired\":true,\"valueName\":\"search_term_string\"}}],\"inLanguage\":\"fr-FR\"}]}<\/script>\n<!-- \/ Yoast SEO plugin. -->","yoast_head_json":{"title":"Installation pour production en continu de b\u00e9ton cellulaire - Isoltech","description":"L'installation mobile C2018 d'Isoltech peut produire en continu du b\u00e9ton cellulaire en quantit\u00e9s variables, jusqu'\u00e0 20 m\u00b3\/h.","robots":{"index":"index","follow":"follow","max-snippet":"max-snippet:-1","max-image-preview":"max-image-preview:large","max-video-preview":"max-video-preview:-1"},"canonical":"https:\/\/www.isoltech.it\/fr\/centrale-a-beton-cellulaire-continue-mobile-c2018\/","og_locale":"fr_FR","og_type":"article","og_title":"Installation pour production en continu de b\u00e9ton cellulaire - Isoltech","og_description":"L'installation mobile C2018 d'Isoltech peut produire en continu du b\u00e9ton cellulaire en quantit\u00e9s variables, jusqu'\u00e0 20 m\u00b3\/h.","og_url":"https:\/\/www.isoltech.it\/fr\/centrale-a-beton-cellulaire-continue-mobile-c2018\/","og_site_name":"Isoltech","article_modified_time":"2025-06-20T08:33:46+00:00","og_image":[{"width":2560,"height":1920,"url":"https:\/\/www.isoltech.it\/wp-content\/uploads\/2024\/09\/Impianto-mobile-continuo-scaled.jpg","type":"image\/jpeg"}],"twitter_card":"summary_large_image","twitter_misc":{"Dur\u00e9e de lecture estim\u00e9e":"2 minutes"},"schema":{"@context":"https:\/\/schema.org","@graph":[{"@type":"WebPage","@id":"https:\/\/www.isoltech.it\/fr\/centrale-a-beton-cellulaire-continue-mobile-c2018\/","url":"https:\/\/www.isoltech.it\/fr\/centrale-a-beton-cellulaire-continue-mobile-c2018\/","name":"Installation pour production en continu de b\u00e9ton cellulaire - Isoltech","isPartOf":{"@id":"https:\/\/www.isoltech.it\/fr\/#website"},"primaryImageOfPage":{"@id":"https:\/\/www.isoltech.it\/fr\/centrale-a-beton-cellulaire-continue-mobile-c2018\/#primaryimage"},"image":{"@id":"https:\/\/www.isoltech.it\/fr\/centrale-a-beton-cellulaire-continue-mobile-c2018\/#primaryimage"},"thumbnailUrl":"https:\/\/www.isoltech.it\/wp-content\/uploads\/2024\/09\/Impianto-mobile-continuo-scaled.jpg","datePublished":"2024-09-03T13:57:06+00:00","dateModified":"2025-06-20T08:33:46+00:00","description":"L'installation mobile C2018 d'Isoltech peut produire en continu du b\u00e9ton cellulaire en quantit\u00e9s variables, jusqu'\u00e0 20 m\u00b3\/h.","breadcrumb":{"@id":"https:\/\/www.isoltech.it\/fr\/centrale-a-beton-cellulaire-continue-mobile-c2018\/#breadcrumb"},"inLanguage":"fr-FR","potentialAction":[{"@type":"ReadAction","target":["https:\/\/www.isoltech.it\/fr\/centrale-a-beton-cellulaire-continue-mobile-c2018\/"]}]},{"@type":"ImageObject","inLanguage":"fr-FR","@id":"https:\/\/www.isoltech.it\/fr\/centrale-a-beton-cellulaire-continue-mobile-c2018\/#primaryimage","url":"https:\/\/www.isoltech.it\/wp-content\/uploads\/2024\/09\/Impianto-mobile-continuo-scaled.jpg","contentUrl":"https:\/\/www.isoltech.it\/wp-content\/uploads\/2024\/09\/Impianto-mobile-continuo-scaled.jpg"},{"@type":"BreadcrumbList","@id":"https:\/\/www.isoltech.it\/fr\/centrale-a-beton-cellulaire-continue-mobile-c2018\/#breadcrumb","itemListElement":[{"@type":"ListItem","position":1,"name":"Home","item":"https:\/\/www.isoltech.it\/fr\/"},{"@type":"ListItem","position":2,"name":"Installation mobile pour production en continu de b\u00e9ton cellulaire | C2018"}]},{"@type":"WebSite","@id":"https:\/\/www.isoltech.it\/fr\/#website","url":"https:\/\/www.isoltech.it\/fr\/","name":"Isoltech","description":"cemento cellulare","potentialAction":[{"@type":"SearchAction","target":{"@type":"EntryPoint","urlTemplate":"https:\/\/www.isoltech.it\/fr\/?s={search_term_string}"},"query-input":{"@type":"PropertyValueSpecification","valueRequired":true,"valueName":"search_term_string"}}],"inLanguage":"fr-FR"}]}},"_links":{"self":[{"href":"https:\/\/www.isoltech.it\/fr\/wp-json\/wp\/v2\/pages\/5724","targetHints":{"allow":["GET"]}}],"collection":[{"href":"https:\/\/www.isoltech.it\/fr\/wp-json\/wp\/v2\/pages"}],"about":[{"href":"https:\/\/www.isoltech.it\/fr\/wp-json\/wp\/v2\/types\/page"}],"author":[{"embeddable":true,"href":"https:\/\/www.isoltech.it\/fr\/wp-json\/wp\/v2\/users\/1"}],"replies":[{"embeddable":true,"href":"https:\/\/www.isoltech.it\/fr\/wp-json\/wp\/v2\/comments?post=5724"}],"version-history":[{"count":10,"href":"https:\/\/www.isoltech.it\/fr\/wp-json\/wp\/v2\/pages\/5724\/revisions"}],"predecessor-version":[{"id":7748,"href":"https:\/\/www.isoltech.it\/fr\/wp-json\/wp\/v2\/pages\/5724\/revisions\/7748"}],"wp:attachment":[{"href":"https:\/\/www.isoltech.it\/fr\/wp-json\/wp\/v2\/media?parent=5724"}],"curies":[{"name":"wp","href":"https:\/\/api.w.org\/{rel}","templated":true}]}}