{"id":5861,"date":"2024-09-03T13:34:21","date_gmt":"2024-09-03T13:34:21","guid":{"rendered":"https:\/\/www.isoltech.it\/macchina-per-produzione-di-sottofondi-in-cemento-cellulare\/"},"modified":"2024-11-25T15:26:57","modified_gmt":"2024-11-25T15:26:57","slug":"machine-de-production-de-chape-ciment-cellulaire-ibs-15","status":"publish","type":"page","link":"https:\/\/www.isoltech.it\/fr\/machine-de-production-de-chape-ciment-cellulaire-ibs-15\/","title":{"rendered":"Machine pour la production de chapes en b\u00e9ton cellulaire | IBS-15"},"content":{"rendered":"\t\t<div data-elementor-type=\"wp-page\" data-elementor-id=\"5861\" class=\"elementor elementor-5861 elementor-1384\" data-elementor-post-type=\"page\">\n\t\t\t\t<div class=\"elementor-element elementor-element-990b4a3 e-flex e-con-boxed e-con e-parent\" data-id=\"990b4a3\" data-element_type=\"container\" data-settings=\"{&quot;background_background&quot;:&quot;classic&quot;}\">\n\t\t\t\t\t<div class=\"e-con-inner\">\n\t\t<div class=\"elementor-element elementor-element-3b5dfeb e-con-full e-flex e-con e-child\" data-id=\"3b5dfeb\" data-element_type=\"container\">\n\t\t\t\t<div class=\"elementor-element elementor-element-a67e601 elementor-icon-list--layout-inline elementor-align-left elementor-list-item-link-full_width elementor-widget elementor-widget-icon-list\" data-id=\"a67e601\" data-element_type=\"widget\" data-widget_type=\"icon-list.default\">\n\t\t\t\t<div class=\"elementor-widget-container\">\n\t\t\t\t\t\t\t<ul class=\"elementor-icon-list-items elementor-inline-items\">\n\t\t\t\t\t\t\t<li class=\"elementor-icon-list-item elementor-inline-item\">\n\t\t\t\t\t\t\t\t\t\t\t<a href=\"https:\/\/www.isoltech.it\/produzione-cemento-cellulare\/\">\n\n\t\t\t\t\t\t\t\t\t\t\t\t<span class=\"elementor-icon-list-icon\">\n\t\t\t\t\t\t\t<svg aria-hidden=\"true\" class=\"e-font-icon-svg e-fas-chevron-left\" viewBox=\"0 0 320 512\" xmlns=\"http:\/\/www.w3.org\/2000\/svg\"><path d=\"M34.52 239.03L228.87 44.69c9.37-9.37 24.57-9.37 33.94 0l22.67 22.67c9.36 9.36 9.37 24.52.04 33.9L131.49 256l154.02 154.75c9.34 9.38 9.32 24.54-.04 33.9l-22.67 22.67c-9.37 9.37-24.57 9.37-33.94 0L34.52 272.97c-9.37-9.37-9.37-24.57 0-33.94z\"><\/path><\/svg>\t\t\t\t\t\t<\/span>\n\t\t\t\t\t\t\t\t\t\t<span class=\"elementor-icon-list-text\">Machines et installations<\/span>\n\t\t\t\t\t\t\t\t\t\t\t<\/a>\n\t\t\t\t\t\t\t\t\t<\/li>\n\t\t\t\t\t\t<\/ul>\n\t\t\t\t\t\t<\/div>\n\t\t\t\t<\/div>\n\t\t\t\t<div class=\"elementor-element elementor-element-803e3a4 animated-slow elementor-invisible elementor-widget elementor-widget-jkit_heading\" data-id=\"803e3a4\" data-element_type=\"widget\" data-settings=\"{&quot;_animation&quot;:&quot;fadeInUp&quot;}\" data-widget_type=\"jkit_heading.default\">\n\t\t\t\t<div class=\"elementor-widget-container\">\n\t\t\t\t\t<div  class=\"jeg-elementor-kit jkit-heading  align- align-tablet- align-mobile- jeg_module___69d2f08d55880\" ><div class=\"heading-section-title  display-inline-block\"><h5 class=\"heading-title\">MACHINES ET INSTALLATIONS<\/h5><\/div><\/div>\t\t\t\t<\/div>\n\t\t\t\t<\/div>\n\t\t\t\t<div class=\"elementor-element elementor-element-18f2034 elementor-widget elementor-widget-heading\" data-id=\"18f2034\" data-element_type=\"widget\" data-widget_type=\"heading.default\">\n\t\t\t\t<div class=\"elementor-widget-container\">\n\t\t\t\t\t<h1 class=\"elementor-heading-title elementor-size-default\">Machine pour la production de chapes en b\u00e9ton cellulaire | IBS-15\n<\/h1>\t\t\t\t<\/div>\n\t\t\t\t<\/div>\n\t\t\t\t<div class=\"elementor-element elementor-element-80ee283 elementor-widget elementor-widget-text-editor\" data-id=\"80ee283\" data-element_type=\"widget\" data-widget_type=\"text-editor.default\">\n\t\t\t\t<div class=\"elementor-widget-container\">\n\t\t\t\t\t\t\t\t\t<p><span style=\"font-weight: 400;\">L&rsquo;IBS-15 repr\u00e9sente l&rsquo;\u00e9volution dans le domaine des machines pour la production de sous-planchers en b\u00e9ton cellulaire. Con\u00e7u pour r\u00e9pondre aux besoins du march\u00e9, cet \u00e9quipement polyvalent est id\u00e9al pour la production de sous-planchers monocouches et bicouches, avec ou sans sable.\u00a0\u00a0<\/span><\/p><p><span style=\"font-weight: 400;\">Gr\u00e2ce \u00e0 sa capacit\u00e9 \u00e0 produire du b\u00e9ton cellulaire avec des densit\u00e9s variables de 400 kg\/m\u00b3 \u00e0 1200 kg\/m\u00b3, l&rsquo;IBS-15 offre une solution flexible et performante pour les poseurs et les entrepreneurs qui recherchent qualit\u00e9, rapidit\u00e9 d&rsquo;ex\u00e9cution et optimisation des co\u00fbts de pose.<\/span><\/p>\t\t\t\t\t\t\t\t<\/div>\n\t\t\t\t<\/div>\n\t\t\t\t<\/div>\n\t\t<div class=\"elementor-element elementor-element-23f8737 e-con-full e-flex e-con e-child\" data-id=\"23f8737\" data-element_type=\"container\">\n\t\t\t\t<div class=\"elementor-element elementor-element-c6273cc elementor-widget__width-initial elementor-widget elementor-widget-image\" data-id=\"c6273cc\" data-element_type=\"widget\" data-widget_type=\"image.default\">\n\t\t\t\t<div class=\"elementor-widget-container\">\n\t\t\t\t\t\t\t\t\t\t\t\t\t\t\t<img fetchpriority=\"high\" decoding=\"async\" width=\"2560\" height=\"1440\" src=\"https:\/\/www.isoltech.it\/wp-content\/uploads\/2024\/09\/impianto-produzione-sottofondi-scaled.jpg\" class=\"attachment-full size-full wp-image-5862\" alt=\"\" srcset=\"https:\/\/www.isoltech.it\/wp-content\/uploads\/2024\/09\/impianto-produzione-sottofondi-scaled.jpg 2560w, https:\/\/www.isoltech.it\/wp-content\/uploads\/2024\/09\/impianto-produzione-sottofondi-300x169.jpg 300w, https:\/\/www.isoltech.it\/wp-content\/uploads\/2024\/09\/impianto-produzione-sottofondi-1024x576.jpg 1024w, https:\/\/www.isoltech.it\/wp-content\/uploads\/2024\/09\/impianto-produzione-sottofondi-768x432.jpg 768w, https:\/\/www.isoltech.it\/wp-content\/uploads\/2024\/09\/impianto-produzione-sottofondi-1536x864.jpg 1536w, https:\/\/www.isoltech.it\/wp-content\/uploads\/2024\/09\/impianto-produzione-sottofondi-2048x1152.jpg 2048w\" sizes=\"(max-width: 2560px) 100vw, 2560px\" \/>\t\t\t\t\t\t\t\t\t\t\t\t\t\t\t<\/div>\n\t\t\t\t<\/div>\n\t\t\t\t<\/div>\n\t\t\t\t\t<\/div>\n\t\t\t\t<\/div>\n\t\t<div class=\"elementor-element elementor-element-ff05a14 e-flex e-con-boxed e-con e-parent\" data-id=\"ff05a14\" data-element_type=\"container\">\n\t\t\t\t\t<div class=\"e-con-inner\">\n\t\t\t\t<div class=\"elementor-element elementor-element-342fb58 elementor-widget-divider--view-line elementor-widget elementor-widget-divider\" data-id=\"342fb58\" data-element_type=\"widget\" data-widget_type=\"divider.default\">\n\t\t\t\t<div class=\"elementor-widget-container\">\n\t\t\t\t\t\t\t<div class=\"elementor-divider\">\n\t\t\t<span class=\"elementor-divider-separator\">\n\t\t\t\t\t\t<\/span>\n\t\t<\/div>\n\t\t\t\t\t\t<\/div>\n\t\t\t\t<\/div>\n\t\t\t\t\t<\/div>\n\t\t\t\t<\/div>\n\t\t\t\t<section class=\"elementor-section elementor-top-section elementor-element elementor-element-51a2d25f elementor-section-boxed elementor-section-height-default elementor-section-height-default\" data-id=\"51a2d25f\" data-element_type=\"section\" data-settings=\"{&quot;background_background&quot;:&quot;classic&quot;}\">\n\t\t\t\t\t\t<div class=\"elementor-container elementor-column-gap-default\">\n\t\t\t\t\t<div class=\"elementor-column elementor-col-100 elementor-top-column elementor-element elementor-element-7fec7b79\" data-id=\"7fec7b79\" data-element_type=\"column\">\n\t\t\t<div class=\"elementor-widget-wrap elementor-element-populated\">\n\t\t\t\t<div class=\"elementor-element elementor-element-42133a5 e-con-full e-flex e-con e-parent\" data-id=\"42133a5\" data-element_type=\"container\">\n\t\t<div class=\"elementor-element elementor-element-b961068 e-con-full e-flex e-con e-child\" data-id=\"b961068\" data-element_type=\"container\">\n\t\t\t\t<div class=\"elementor-element elementor-element-a6d7a54 elementor-widget elementor-widget-heading\" data-id=\"a6d7a54\" data-element_type=\"widget\" data-widget_type=\"heading.default\">\n\t\t\t\t<div class=\"elementor-widget-container\">\n\t\t\t\t\t<h2 class=\"elementor-heading-title elementor-size-default\">Les caract\u00e9ristiques de l'installation IBS-15 pour la production de sous-planchers\n<\/h2>\t\t\t\t<\/div>\n\t\t\t\t<\/div>\n\t\t\t\t<\/div>\n\t\t\t\t<\/div>\n\t\t<div class=\"elementor-element elementor-element-c4a8fae e-con-full e-flex e-con e-parent\" data-id=\"c4a8fae\" data-element_type=\"container\">\n\t\t<div class=\"elementor-element elementor-element-760c6e9 e-con-full e-flex e-con e-child\" data-id=\"760c6e9\" data-element_type=\"container\">\n\t\t\t\t<div class=\"elementor-element elementor-element-fea5e12 elementor-widget elementor-widget-text-editor\" data-id=\"fea5e12\" data-element_type=\"widget\" data-widget_type=\"text-editor.default\">\n\t\t\t\t<div class=\"elementor-widget-container\">\n\t\t\t\t\t\t\t\t\t<p><span style=\"font-weight: 400;\">Ses petites dimensions et sa maniabilit\u00e9 en font un alli\u00e9 indispensable sur le chantier. <\/span><\/p><p><span style=\"font-weight: 400;\">L&rsquo;IBS-15 est \u00e9quip\u00e9e d&rsquo;un malaxeur de 200 litres avec double h\u00e9lice oppos\u00e9e pour garantir une r\u00e9partition homog\u00e8ne du m\u00e9lange. <\/span><\/p><p><span style=\"font-weight: 400;\">Le tableau \u00e9lectrique de commande manuelle, le g\u00e9n\u00e9rateur de mousse avec compresseur et la pompe haute pression avec vanne et r\u00e9gulateur d&rsquo;air comprim\u00e9 assurent une capacit\u00e9 de production de 300 litres par minute.<\/span><\/p>\t\t\t\t\t\t\t\t<\/div>\n\t\t\t\t<\/div>\n\t\t\t\t<\/div>\n\t\t<div class=\"elementor-element elementor-element-f7f3a29 e-con-full e-flex e-con e-child\" data-id=\"f7f3a29\" data-element_type=\"container\">\n\t\t\t\t<div class=\"elementor-element elementor-element-4e369e8 elementor-widget elementor-widget-text-editor\" data-id=\"4e369e8\" data-element_type=\"widget\" data-widget_type=\"text-editor.default\">\n\t\t\t\t<div class=\"elementor-widget-container\">\n\t\t\t\t\t\t\t\t\t<p><span style=\"font-weight: 400;\">De plus, la pompe d&rsquo;alimentation haute performance et la tr\u00e9mie de 300 litres compl\u00e8tent les caract\u00e9ristiques techniques de cette installation de pointe, garantissant des performances \u00e9lev\u00e9es et fiables.\u00a0\u00a0<\/span><\/p><p><span style=\"font-weight: 400;\">Les dimensions compactes et la maniabilit\u00e9 rendent l&rsquo;IBS-15 particuli\u00e8rement polyvalente sur le chantier.<\/span><\/p>\t\t\t\t\t\t\t\t<\/div>\n\t\t\t\t<\/div>\n\t\t\t\t<\/div>\n\t\t\t\t<\/div>\n\t\t\t\t\t<\/div>\n\t\t<\/div>\n\t\t\t\t\t<\/div>\n\t\t<\/section>\n\t\t<div class=\"elementor-element elementor-element-b8d1cb2 e-flex e-con-boxed e-con e-parent\" data-id=\"b8d1cb2\" data-element_type=\"container\" data-settings=\"{&quot;background_background&quot;:&quot;classic&quot;}\">\n\t\t\t\t\t<div class=\"e-con-inner\">\n\t\t<div class=\"elementor-element elementor-element-01d7e61 e-con-full e-flex e-con e-child\" data-id=\"01d7e61\" data-element_type=\"container\">\n\t\t\t\t<div class=\"elementor-element elementor-element-860056e elementor-widget elementor-widget-heading\" data-id=\"860056e\" data-element_type=\"widget\" data-widget_type=\"heading.default\">\n\t\t\t\t<div class=\"elementor-widget-container\">\n\t\t\t\t\t<h3 class=\"elementor-heading-title elementor-size-default\">Caract\u00e9ristiques techniques de l'installation IBS-15 <br>pour la production de sous-planchers\n<\/h3>\t\t\t\t<\/div>\n\t\t\t\t<\/div>\n\t\t<div class=\"elementor-element elementor-element-693d88e e-con-full e-flex e-con e-child\" data-id=\"693d88e\" data-element_type=\"container\">\n\t\t<div class=\"elementor-element elementor-element-1d4013d e-con-full e-flex e-con e-child\" data-id=\"1d4013d\" data-element_type=\"container\" data-settings=\"{&quot;background_background&quot;:&quot;classic&quot;}\">\n\t\t\t\t<div class=\"elementor-element elementor-element-7ecfeeb elementor-widget elementor-widget-image\" data-id=\"7ecfeeb\" data-element_type=\"widget\" data-widget_type=\"image.default\">\n\t\t\t\t<div class=\"elementor-widget-container\">\n\t\t\t\t\t\t\t\t\t\t\t\t\t\t\t<img decoding=\"async\" width=\"1482\" height=\"414\" src=\"https:\/\/www.isoltech.it\/wp-content\/uploads\/2024\/10\/TABELLA-1-CARATTERISTICHE-TECNICHE-IMPIANTO-IBS-15-FRANCESE.png\" class=\"attachment-full size-full wp-image-5865\" alt=\"\" srcset=\"https:\/\/www.isoltech.it\/wp-content\/uploads\/2024\/10\/TABELLA-1-CARATTERISTICHE-TECNICHE-IMPIANTO-IBS-15-FRANCESE.png 1482w, https:\/\/www.isoltech.it\/wp-content\/uploads\/2024\/10\/TABELLA-1-CARATTERISTICHE-TECNICHE-IMPIANTO-IBS-15-FRANCESE-300x84.png 300w, https:\/\/www.isoltech.it\/wp-content\/uploads\/2024\/10\/TABELLA-1-CARATTERISTICHE-TECNICHE-IMPIANTO-IBS-15-FRANCESE-1024x286.png 1024w, https:\/\/www.isoltech.it\/wp-content\/uploads\/2024\/10\/TABELLA-1-CARATTERISTICHE-TECNICHE-IMPIANTO-IBS-15-FRANCESE-768x215.png 768w\" sizes=\"(max-width: 1482px) 100vw, 1482px\" \/>\t\t\t\t\t\t\t\t\t\t\t\t\t\t\t<\/div>\n\t\t\t\t<\/div>\n\t\t\t\t<\/div>\n\t\t\t\t<\/div>\n\t\t\t\t<\/div>\n\t\t\t\t\t<\/div>\n\t\t\t\t<\/div>\n\t\t<div class=\"elementor-element elementor-element-fba3f25 e-con-full e-flex e-con e-parent\" data-id=\"fba3f25\" data-element_type=\"container\">\n\t\t<div class=\"elementor-element elementor-element-934b0d9 e-con-full e-flex e-con e-child\" data-id=\"934b0d9\" data-element_type=\"container\" data-settings=\"{&quot;background_background&quot;:&quot;classic&quot;}\">\n\t\t<div class=\"elementor-element elementor-element-44352b1 e-con-full e-flex e-con e-child\" data-id=\"44352b1\" data-element_type=\"container\">\n\t\t\t\t<div class=\"elementor-element elementor-element-2c50fdf animated-slow elementor-invisible elementor-widget elementor-widget-jkit_heading\" data-id=\"2c50fdf\" data-element_type=\"widget\" data-settings=\"{&quot;_animation&quot;:&quot;fadeInUp&quot;}\" data-widget_type=\"jkit_heading.default\">\n\t\t\t\t<div class=\"elementor-widget-container\">\n\t\t\t\t\t<div  class=\"jeg-elementor-kit jkit-heading  align-center align-tablet- align-mobile- jeg_module__1_69d2f08d57a23\" ><div class=\"heading-section-title  display-inline-block\"><h5 class=\"heading-title\"><span class=\"style-color\"><span>INFORMATIONS<\/span><\/span><\/h5><\/div><\/div>\t\t\t\t<\/div>\n\t\t\t\t<\/div>\n\t\t\t\t<div class=\"elementor-element elementor-element-93f099f elementor-widget elementor-widget-heading\" data-id=\"93f099f\" data-element_type=\"widget\" data-widget_type=\"heading.default\">\n\t\t\t\t<div class=\"elementor-widget-container\">\n\t\t\t\t\t<h2 class=\"elementor-heading-title elementor-size-default\">Avez-vous besoin d\u2019une application autre que celles list\u00e9es ?<\/h2>\t\t\t\t<\/div>\n\t\t\t\t<\/div>\n\t\t\t\t<div class=\"elementor-element elementor-element-923d9e5 elementor-widget elementor-widget-text-editor\" data-id=\"923d9e5\" data-element_type=\"widget\" data-widget_type=\"text-editor.default\">\n\t\t\t\t<div class=\"elementor-widget-container\">\n\t\t\t\t\t\t\t\t\t<p>Notre personnel sp\u00e9cialis\u00e9 est \u00e0 votre disposition<\/p>\t\t\t\t\t\t\t\t<\/div>\n\t\t\t\t<\/div>\n\t\t\t\t<div class=\"elementor-element elementor-element-656457c elementor-align-center elementor-widget elementor-widget-button\" data-id=\"656457c\" data-element_type=\"widget\" data-widget_type=\"button.default\">\n\t\t\t\t<div class=\"elementor-widget-container\">\n\t\t\t\t\t\t\t\t\t<div class=\"elementor-button-wrapper\">\n\t\t\t\t\t<a class=\"elementor-button elementor-button-link elementor-size-sm\" href=\"https:\/\/www.isoltech.it\/fr\/contacts\/\">\n\t\t\t\t\t\t<span class=\"elementor-button-content-wrapper\">\n\t\t\t\t\t\t\t\t\t<span class=\"elementor-button-text\">Contactez-nous maintenant<\/span>\n\t\t\t\t\t<\/span>\n\t\t\t\t\t<\/a>\n\t\t\t\t<\/div>\n\t\t\t\t\t\t\t\t<\/div>\n\t\t\t\t<\/div>\n\t\t\t\t<\/div>\n\t\t\t\t<\/div>\n\t\t\t\t<\/div>\n\t\t\t\t<\/div>\n\t\t","protected":false},"excerpt":{"rendered":"<p>Machines et installations MACHINES ET INSTALLATIONS Machine pour la production de chapes en b\u00e9ton cellulaire | IBS-15 L&rsquo;IBS-15 repr\u00e9sente l&rsquo;\u00e9volution dans le domaine des machines pour la production de sous-planchers en b\u00e9ton cellulaire. Con\u00e7u pour r\u00e9pondre aux besoins du march\u00e9, cet \u00e9quipement polyvalent est id\u00e9al pour la production de sous-planchers monocouches et bicouches, avec ou [&hellip;]<\/p>\n","protected":false},"author":1,"featured_media":0,"parent":0,"menu_order":0,"comment_status":"closed","ping_status":"closed","template":"elementor_header_footer","meta":{"footnotes":""},"class_list":["post-5861","page","type-page","status-publish","hentry"],"yoast_head":"<!-- This site is optimized with the Yoast SEO plugin v25.3 - https:\/\/yoast.com\/wordpress\/plugins\/seo\/ -->\n<title>Machine pour la production de sous-planchers en b\u00e9ton cellulaire - Isoltech<\/title>\n<meta name=\"description\" content=\"L&#039;installation est con\u00e7ue pour produire du b\u00e9ton cellulaire, avec ou sans sable, avec des densit\u00e9s de 400 kg\/m\u00b3 \u00e0 1200 kg\/m\u00b3.\" \/>\n<meta name=\"robots\" content=\"index, follow, max-snippet:-1, max-image-preview:large, max-video-preview:-1\" \/>\n<link rel=\"canonical\" href=\"https:\/\/www.isoltech.it\/fr\/machine-de-production-de-chape-ciment-cellulaire-ibs-15\/\" \/>\n<meta property=\"og:locale\" content=\"fr_FR\" \/>\n<meta property=\"og:type\" content=\"article\" \/>\n<meta property=\"og:title\" content=\"Machine pour la production de sous-planchers en b\u00e9ton cellulaire - Isoltech\" \/>\n<meta property=\"og:description\" content=\"L&#039;installation est con\u00e7ue pour produire du b\u00e9ton cellulaire, avec ou sans sable, avec des densit\u00e9s de 400 kg\/m\u00b3 \u00e0 1200 kg\/m\u00b3.\" \/>\n<meta property=\"og:url\" content=\"https:\/\/www.isoltech.it\/fr\/machine-de-production-de-chape-ciment-cellulaire-ibs-15\/\" \/>\n<meta property=\"og:site_name\" content=\"Isoltech\" \/>\n<meta property=\"article:modified_time\" content=\"2024-11-25T15:26:57+00:00\" \/>\n<meta property=\"og:image\" content=\"https:\/\/www.isoltech.it\/wp-content\/uploads\/2024\/09\/impianto-produzione-sottofondi-scaled.jpg\" \/>\n<meta name=\"twitter:card\" content=\"summary_large_image\" \/>\n<meta name=\"twitter:label1\" content=\"Dur\u00e9e de lecture estim\u00e9e\" \/>\n\t<meta name=\"twitter:data1\" content=\"2 minutes\" \/>\n<script type=\"application\/ld+json\" class=\"yoast-schema-graph\">{\"@context\":\"https:\/\/schema.org\",\"@graph\":[{\"@type\":\"WebPage\",\"@id\":\"https:\/\/www.isoltech.it\/fr\/machine-de-production-de-chape-ciment-cellulaire-ibs-15\/\",\"url\":\"https:\/\/www.isoltech.it\/fr\/machine-de-production-de-chape-ciment-cellulaire-ibs-15\/\",\"name\":\"Machine pour la production de sous-planchers en b\u00e9ton cellulaire - Isoltech\",\"isPartOf\":{\"@id\":\"https:\/\/www.isoltech.it\/fr\/#website\"},\"primaryImageOfPage\":{\"@id\":\"https:\/\/www.isoltech.it\/fr\/machine-de-production-de-chape-ciment-cellulaire-ibs-15\/#primaryimage\"},\"image\":{\"@id\":\"https:\/\/www.isoltech.it\/fr\/machine-de-production-de-chape-ciment-cellulaire-ibs-15\/#primaryimage\"},\"thumbnailUrl\":\"https:\/\/www.isoltech.it\/wp-content\/uploads\/2024\/09\/impianto-produzione-sottofondi-scaled.jpg\",\"datePublished\":\"2024-09-03T13:34:21+00:00\",\"dateModified\":\"2024-11-25T15:26:57+00:00\",\"description\":\"L'installation est con\u00e7ue pour produire du b\u00e9ton cellulaire, avec ou sans sable, avec des densit\u00e9s de 400 kg\/m\u00b3 \u00e0 1200 kg\/m\u00b3.\",\"breadcrumb\":{\"@id\":\"https:\/\/www.isoltech.it\/fr\/machine-de-production-de-chape-ciment-cellulaire-ibs-15\/#breadcrumb\"},\"inLanguage\":\"fr-FR\",\"potentialAction\":[{\"@type\":\"ReadAction\",\"target\":[\"https:\/\/www.isoltech.it\/fr\/machine-de-production-de-chape-ciment-cellulaire-ibs-15\/\"]}]},{\"@type\":\"ImageObject\",\"inLanguage\":\"fr-FR\",\"@id\":\"https:\/\/www.isoltech.it\/fr\/machine-de-production-de-chape-ciment-cellulaire-ibs-15\/#primaryimage\",\"url\":\"https:\/\/www.isoltech.it\/wp-content\/uploads\/2024\/09\/impianto-produzione-sottofondi-scaled.jpg\",\"contentUrl\":\"https:\/\/www.isoltech.it\/wp-content\/uploads\/2024\/09\/impianto-produzione-sottofondi-scaled.jpg\"},{\"@type\":\"BreadcrumbList\",\"@id\":\"https:\/\/www.isoltech.it\/fr\/machine-de-production-de-chape-ciment-cellulaire-ibs-15\/#breadcrumb\",\"itemListElement\":[{\"@type\":\"ListItem\",\"position\":1,\"name\":\"Home\",\"item\":\"https:\/\/www.isoltech.it\/fr\/\"},{\"@type\":\"ListItem\",\"position\":2,\"name\":\"Machine pour la production de chapes en b\u00e9ton cellulaire | IBS-15\"}]},{\"@type\":\"WebSite\",\"@id\":\"https:\/\/www.isoltech.it\/fr\/#website\",\"url\":\"https:\/\/www.isoltech.it\/fr\/\",\"name\":\"Isoltech\",\"description\":\"cemento cellulare\",\"potentialAction\":[{\"@type\":\"SearchAction\",\"target\":{\"@type\":\"EntryPoint\",\"urlTemplate\":\"https:\/\/www.isoltech.it\/fr\/?s={search_term_string}\"},\"query-input\":{\"@type\":\"PropertyValueSpecification\",\"valueRequired\":true,\"valueName\":\"search_term_string\"}}],\"inLanguage\":\"fr-FR\"}]}<\/script>\n<!-- \/ Yoast SEO plugin. -->","yoast_head_json":{"title":"Machine pour la production de sous-planchers en b\u00e9ton cellulaire - Isoltech","description":"L'installation est con\u00e7ue pour produire du b\u00e9ton cellulaire, avec ou sans sable, avec des densit\u00e9s de 400 kg\/m\u00b3 \u00e0 1200 kg\/m\u00b3.","robots":{"index":"index","follow":"follow","max-snippet":"max-snippet:-1","max-image-preview":"max-image-preview:large","max-video-preview":"max-video-preview:-1"},"canonical":"https:\/\/www.isoltech.it\/fr\/machine-de-production-de-chape-ciment-cellulaire-ibs-15\/","og_locale":"fr_FR","og_type":"article","og_title":"Machine pour la production de sous-planchers en b\u00e9ton cellulaire - Isoltech","og_description":"L'installation est con\u00e7ue pour produire du b\u00e9ton cellulaire, avec ou sans sable, avec des densit\u00e9s de 400 kg\/m\u00b3 \u00e0 1200 kg\/m\u00b3.","og_url":"https:\/\/www.isoltech.it\/fr\/machine-de-production-de-chape-ciment-cellulaire-ibs-15\/","og_site_name":"Isoltech","article_modified_time":"2024-11-25T15:26:57+00:00","og_image":[{"url":"https:\/\/www.isoltech.it\/wp-content\/uploads\/2024\/09\/impianto-produzione-sottofondi-scaled.jpg","type":"","width":"","height":""}],"twitter_card":"summary_large_image","twitter_misc":{"Dur\u00e9e de lecture estim\u00e9e":"2 minutes"},"schema":{"@context":"https:\/\/schema.org","@graph":[{"@type":"WebPage","@id":"https:\/\/www.isoltech.it\/fr\/machine-de-production-de-chape-ciment-cellulaire-ibs-15\/","url":"https:\/\/www.isoltech.it\/fr\/machine-de-production-de-chape-ciment-cellulaire-ibs-15\/","name":"Machine pour la production de sous-planchers en b\u00e9ton cellulaire - Isoltech","isPartOf":{"@id":"https:\/\/www.isoltech.it\/fr\/#website"},"primaryImageOfPage":{"@id":"https:\/\/www.isoltech.it\/fr\/machine-de-production-de-chape-ciment-cellulaire-ibs-15\/#primaryimage"},"image":{"@id":"https:\/\/www.isoltech.it\/fr\/machine-de-production-de-chape-ciment-cellulaire-ibs-15\/#primaryimage"},"thumbnailUrl":"https:\/\/www.isoltech.it\/wp-content\/uploads\/2024\/09\/impianto-produzione-sottofondi-scaled.jpg","datePublished":"2024-09-03T13:34:21+00:00","dateModified":"2024-11-25T15:26:57+00:00","description":"L'installation est con\u00e7ue pour produire du b\u00e9ton cellulaire, avec ou sans sable, avec des densit\u00e9s de 400 kg\/m\u00b3 \u00e0 1200 kg\/m\u00b3.","breadcrumb":{"@id":"https:\/\/www.isoltech.it\/fr\/machine-de-production-de-chape-ciment-cellulaire-ibs-15\/#breadcrumb"},"inLanguage":"fr-FR","potentialAction":[{"@type":"ReadAction","target":["https:\/\/www.isoltech.it\/fr\/machine-de-production-de-chape-ciment-cellulaire-ibs-15\/"]}]},{"@type":"ImageObject","inLanguage":"fr-FR","@id":"https:\/\/www.isoltech.it\/fr\/machine-de-production-de-chape-ciment-cellulaire-ibs-15\/#primaryimage","url":"https:\/\/www.isoltech.it\/wp-content\/uploads\/2024\/09\/impianto-produzione-sottofondi-scaled.jpg","contentUrl":"https:\/\/www.isoltech.it\/wp-content\/uploads\/2024\/09\/impianto-produzione-sottofondi-scaled.jpg"},{"@type":"BreadcrumbList","@id":"https:\/\/www.isoltech.it\/fr\/machine-de-production-de-chape-ciment-cellulaire-ibs-15\/#breadcrumb","itemListElement":[{"@type":"ListItem","position":1,"name":"Home","item":"https:\/\/www.isoltech.it\/fr\/"},{"@type":"ListItem","position":2,"name":"Machine pour la production de chapes en b\u00e9ton cellulaire | IBS-15"}]},{"@type":"WebSite","@id":"https:\/\/www.isoltech.it\/fr\/#website","url":"https:\/\/www.isoltech.it\/fr\/","name":"Isoltech","description":"cemento cellulare","potentialAction":[{"@type":"SearchAction","target":{"@type":"EntryPoint","urlTemplate":"https:\/\/www.isoltech.it\/fr\/?s={search_term_string}"},"query-input":{"@type":"PropertyValueSpecification","valueRequired":true,"valueName":"search_term_string"}}],"inLanguage":"fr-FR"}]}},"_links":{"self":[{"href":"https:\/\/www.isoltech.it\/fr\/wp-json\/wp\/v2\/pages\/5861","targetHints":{"allow":["GET"]}}],"collection":[{"href":"https:\/\/www.isoltech.it\/fr\/wp-json\/wp\/v2\/pages"}],"about":[{"href":"https:\/\/www.isoltech.it\/fr\/wp-json\/wp\/v2\/types\/page"}],"author":[{"embeddable":true,"href":"https:\/\/www.isoltech.it\/fr\/wp-json\/wp\/v2\/users\/1"}],"replies":[{"embeddable":true,"href":"https:\/\/www.isoltech.it\/fr\/wp-json\/wp\/v2\/comments?post=5861"}],"version-history":[{"count":7,"href":"https:\/\/www.isoltech.it\/fr\/wp-json\/wp\/v2\/pages\/5861\/revisions"}],"predecessor-version":[{"id":5874,"href":"https:\/\/www.isoltech.it\/fr\/wp-json\/wp\/v2\/pages\/5861\/revisions\/5874"}],"wp:attachment":[{"href":"https:\/\/www.isoltech.it\/fr\/wp-json\/wp\/v2\/media?parent=5861"}],"curies":[{"name":"wp","href":"https:\/\/api.w.org\/{rel}","templated":true}]}}