{"id":5941,"date":"2024-09-03T13:50:08","date_gmt":"2024-09-03T13:50:08","guid":{"rendered":"https:\/\/www.isoltech.it\/macchina-per-produzione-di-sottofondi-in-cemento-cellulare-2\/"},"modified":"2024-11-25T15:34:01","modified_gmt":"2024-11-25T15:34:01","slug":"production-machine-substrats-beton-cellulaire","status":"publish","type":"page","link":"https:\/\/www.isoltech.it\/fr\/production-machine-substrats-beton-cellulaire\/","title":{"rendered":"\u00a0Machine pour la production de sous-couches en b\u00e9ton cellulaire | IBP-08"},"content":{"rendered":"\t\t<div data-elementor-type=\"wp-page\" data-elementor-id=\"5941\" class=\"elementor elementor-5941 elementor-1414\" data-elementor-post-type=\"page\">\n\t\t\t\t<div class=\"elementor-element elementor-element-20d98c7 e-flex e-con-boxed e-con e-parent\" data-id=\"20d98c7\" data-element_type=\"container\" data-settings=\"{&quot;background_background&quot;:&quot;classic&quot;}\">\n\t\t\t\t\t<div class=\"e-con-inner\">\n\t\t<div class=\"elementor-element elementor-element-b1a56b9 e-con-full e-flex e-con e-child\" data-id=\"b1a56b9\" data-element_type=\"container\">\n\t\t\t\t<div class=\"elementor-element elementor-element-df8d069 elementor-icon-list--layout-inline elementor-align-left elementor-list-item-link-full_width elementor-widget elementor-widget-icon-list\" data-id=\"df8d069\" data-element_type=\"widget\" data-widget_type=\"icon-list.default\">\n\t\t\t\t<div class=\"elementor-widget-container\">\n\t\t\t\t\t\t\t<ul class=\"elementor-icon-list-items elementor-inline-items\">\n\t\t\t\t\t\t\t<li class=\"elementor-icon-list-item elementor-inline-item\">\n\t\t\t\t\t\t\t\t\t\t\t<a href=\"https:\/\/www.isoltech.it\/produzione-cemento-cellulare\/\">\n\n\t\t\t\t\t\t\t\t\t\t\t\t<span class=\"elementor-icon-list-icon\">\n\t\t\t\t\t\t\t<svg aria-hidden=\"true\" class=\"e-font-icon-svg e-fas-chevron-left\" viewBox=\"0 0 320 512\" xmlns=\"http:\/\/www.w3.org\/2000\/svg\"><path d=\"M34.52 239.03L228.87 44.69c9.37-9.37 24.57-9.37 33.94 0l22.67 22.67c9.36 9.36 9.37 24.52.04 33.9L131.49 256l154.02 154.75c9.34 9.38 9.32 24.54-.04 33.9l-22.67 22.67c-9.37 9.37-24.57 9.37-33.94 0L34.52 272.97c-9.37-9.37-9.37-24.57 0-33.94z\"><\/path><\/svg>\t\t\t\t\t\t<\/span>\n\t\t\t\t\t\t\t\t\t\t<span class=\"elementor-icon-list-text\">Machines et installations<\/span>\n\t\t\t\t\t\t\t\t\t\t\t<\/a>\n\t\t\t\t\t\t\t\t\t<\/li>\n\t\t\t\t\t\t<\/ul>\n\t\t\t\t\t\t<\/div>\n\t\t\t\t<\/div>\n\t\t\t\t<div class=\"elementor-element elementor-element-d9d2b89 animated-slow elementor-invisible elementor-widget elementor-widget-jkit_heading\" data-id=\"d9d2b89\" data-element_type=\"widget\" data-settings=\"{&quot;_animation&quot;:&quot;fadeInUp&quot;}\" data-widget_type=\"jkit_heading.default\">\n\t\t\t\t<div class=\"elementor-widget-container\">\n\t\t\t\t\t<div  class=\"jeg-elementor-kit jkit-heading  align- align-tablet- align-mobile- jeg_module___69def74ce7af5\" ><div class=\"heading-section-title  display-inline-block\"><h5 class=\"heading-title\">MACHINES ET INSTALLATIONS<\/h5><\/div><\/div>\t\t\t\t<\/div>\n\t\t\t\t<\/div>\n\t\t\t\t<div class=\"elementor-element elementor-element-69e1b20 elementor-widget elementor-widget-heading\" data-id=\"69e1b20\" data-element_type=\"widget\" data-widget_type=\"heading.default\">\n\t\t\t\t<div class=\"elementor-widget-container\">\n\t\t\t\t\t<h1 class=\"elementor-heading-title elementor-size-default\"> Machine pour la production de sous-couches en b\u00e9ton cellulaire | IBP-08\n<\/h1>\t\t\t\t<\/div>\n\t\t\t\t<\/div>\n\t\t\t\t<div class=\"elementor-element elementor-element-9c2b825 elementor-widget elementor-widget-text-editor\" data-id=\"9c2b825\" data-element_type=\"widget\" data-widget_type=\"text-editor.default\">\n\t\t\t\t<div class=\"elementor-widget-container\">\n\t\t\t\t\t\t\t\t\t<p><span style=\"font-weight: 400;\">L&rsquo;IBP-08 est la machine id\u00e9ale pour la production de sous-couches en b\u00e9ton cellulaire de haute qualit\u00e9. <\/span><\/p><p><span style=\"font-weight: 400;\">Avec une capacit\u00e9 de production de 7-10 m\u00b3\/heure, l&rsquo;efficacit\u00e9, la polyvalence, la praticit\u00e9 et la simplicit\u00e9 sont les crit\u00e8res fondamentaux qui ont inspir\u00e9 la conception de cette technologie.<\/span><\/p>\t\t\t\t\t\t\t\t<\/div>\n\t\t\t\t<\/div>\n\t\t\t\t<\/div>\n\t\t<div class=\"elementor-element elementor-element-5cc0195 e-con-full e-flex e-con e-child\" data-id=\"5cc0195\" data-element_type=\"container\">\n\t\t\t\t<div class=\"elementor-element elementor-element-7df3617 elementor-widget__width-initial elementor-widget elementor-widget-image\" data-id=\"7df3617\" data-element_type=\"widget\" data-widget_type=\"image.default\">\n\t\t\t\t<div class=\"elementor-widget-container\">\n\t\t\t\t\t\t\t\t\t\t\t\t\t\t\t<img fetchpriority=\"high\" decoding=\"async\" width=\"960\" height=\"819\" src=\"https:\/\/www.isoltech.it\/wp-content\/uploads\/2024\/10\/macchina-sottofondi.jpg\" class=\"attachment-full size-full wp-image-5944\" alt=\"\" srcset=\"https:\/\/www.isoltech.it\/wp-content\/uploads\/2024\/10\/macchina-sottofondi.jpg 960w, https:\/\/www.isoltech.it\/wp-content\/uploads\/2024\/10\/macchina-sottofondi-300x256.jpg 300w, https:\/\/www.isoltech.it\/wp-content\/uploads\/2024\/10\/macchina-sottofondi-768x655.jpg 768w\" sizes=\"(max-width: 960px) 100vw, 960px\" \/>\t\t\t\t\t\t\t\t\t\t\t\t\t\t\t<\/div>\n\t\t\t\t<\/div>\n\t\t\t\t<\/div>\n\t\t\t\t\t<\/div>\n\t\t\t\t<\/div>\n\t\t<div class=\"elementor-element elementor-element-bc2a89d e-flex e-con-boxed e-con e-parent\" data-id=\"bc2a89d\" data-element_type=\"container\">\n\t\t\t\t\t<div class=\"e-con-inner\">\n\t\t\t\t<div class=\"elementor-element elementor-element-15ea2e7 elementor-widget-divider--view-line elementor-widget elementor-widget-divider\" data-id=\"15ea2e7\" data-element_type=\"widget\" data-widget_type=\"divider.default\">\n\t\t\t\t<div class=\"elementor-widget-container\">\n\t\t\t\t\t\t\t<div class=\"elementor-divider\">\n\t\t\t<span class=\"elementor-divider-separator\">\n\t\t\t\t\t\t<\/span>\n\t\t<\/div>\n\t\t\t\t\t\t<\/div>\n\t\t\t\t<\/div>\n\t\t\t\t\t<\/div>\n\t\t\t\t<\/div>\n\t\t\t\t<section class=\"elementor-section elementor-top-section elementor-element elementor-element-939567f elementor-section-boxed elementor-section-height-default elementor-section-height-default\" data-id=\"939567f\" data-element_type=\"section\" data-settings=\"{&quot;background_background&quot;:&quot;classic&quot;}\">\n\t\t\t\t\t\t<div class=\"elementor-container elementor-column-gap-default\">\n\t\t\t\t\t<div class=\"elementor-column elementor-col-100 elementor-top-column elementor-element elementor-element-d02b7e4\" data-id=\"d02b7e4\" data-element_type=\"column\">\n\t\t\t<div class=\"elementor-widget-wrap elementor-element-populated\">\n\t\t\t\t<div class=\"elementor-element elementor-element-97182ba e-con-full e-flex e-con e-parent\" data-id=\"97182ba\" data-element_type=\"container\">\n\t\t<div class=\"elementor-element elementor-element-743d126 e-con-full e-flex e-con e-child\" data-id=\"743d126\" data-element_type=\"container\">\n\t\t\t\t<div class=\"elementor-element elementor-element-1b8ecdf elementor-widget elementor-widget-heading\" data-id=\"1b8ecdf\" data-element_type=\"widget\" data-widget_type=\"heading.default\">\n\t\t\t\t<div class=\"elementor-widget-container\">\n\t\t\t\t\t<h2 class=\"elementor-heading-title elementor-size-default\">Caract\u00e9ristiques de la machine pour sous-couches en b\u00e9ton cellulaire IBP-08\n<\/h2>\t\t\t\t<\/div>\n\t\t\t\t<\/div>\n\t\t\t\t<\/div>\n\t\t\t\t<\/div>\n\t\t<div class=\"elementor-element elementor-element-5c47426 e-con-full e-flex e-con e-parent\" data-id=\"5c47426\" data-element_type=\"container\">\n\t\t<div class=\"elementor-element elementor-element-3330b2e e-con-full e-flex e-con e-child\" data-id=\"3330b2e\" data-element_type=\"container\">\n\t\t\t\t<div class=\"elementor-element elementor-element-aa76eb8 elementor-widget elementor-widget-text-editor\" data-id=\"aa76eb8\" data-element_type=\"widget\" data-widget_type=\"text-editor.default\">\n\t\t\t\t<div class=\"elementor-widget-container\">\n\t\t\t\t\t\t\t\t\t<p><span style=\"font-weight: 400;\">Compacte et fonctionnelle, la <strong>IBP-08<\/strong> p\u00e8se environ 950 kg et est \u00e9quip\u00e9e d&rsquo;un anneau positionn\u00e9 au centre de gravit\u00e9, facilitant son levage des deux c\u00f4t\u00e9s \u00e0 l&rsquo;aide de grues, de chariots \u00e9l\u00e9vateurs ou de crochets, simplifiant ainsi sa gestion pour une utilisation directe sur le chantier. <\/span><\/p><p><span style=\"font-weight: 400;\">La position strat\u00e9gique du r\u00e9servoir \u00e9limine tout probl\u00e8me d&rsquo;amor\u00e7age, tandis que l&rsquo;arriv\u00e9e d&rsquo;eau temporis\u00e9e permet de r\u00e9gler avec pr\u00e9cision la quantit\u00e9 n\u00e9cessaire pour chaque m\u00e9lange.<\/span><\/p>\t\t\t\t\t\t\t\t<\/div>\n\t\t\t\t<\/div>\n\t\t\t\t<\/div>\n\t\t<div class=\"elementor-element elementor-element-87ee403 e-con-full e-flex e-con e-child\" data-id=\"87ee403\" data-element_type=\"container\">\n\t\t\t\t<div class=\"elementor-element elementor-element-6fcf1a8 elementor-widget elementor-widget-text-editor\" data-id=\"6fcf1a8\" data-element_type=\"widget\" data-widget_type=\"text-editor.default\">\n\t\t\t\t<div class=\"elementor-widget-container\">\n\t\t\t\t\t\t\t\t\t<p><span style=\"font-weight: 400;\">Avec la possibilit\u00e9 d&rsquo;utiliser 70 m\u00e8tres de tuyaux suppl\u00e9mentaires et un compresseur, l&rsquo;<strong>IBP-08<\/strong> garantit une flexibilit\u00e9 et une efficacit\u00e9 maximales dans la production.<\/span><\/p>\t\t\t\t\t\t\t\t<\/div>\n\t\t\t\t<\/div>\n\t\t\t\t<\/div>\n\t\t\t\t<\/div>\n\t\t\t\t\t<\/div>\n\t\t<\/div>\n\t\t\t\t\t<\/div>\n\t\t<\/section>\n\t\t<div class=\"elementor-element elementor-element-b8d1cb2 e-flex e-con-boxed e-con e-parent\" data-id=\"b8d1cb2\" data-element_type=\"container\" data-settings=\"{&quot;background_background&quot;:&quot;classic&quot;}\">\n\t\t\t\t\t<div class=\"e-con-inner\">\n\t\t<div class=\"elementor-element elementor-element-01d7e61 e-con-full e-flex e-con e-child\" data-id=\"01d7e61\" data-element_type=\"container\">\n\t\t\t\t<div class=\"elementor-element elementor-element-860056e elementor-widget elementor-widget-heading\" data-id=\"860056e\" data-element_type=\"widget\" data-widget_type=\"heading.default\">\n\t\t\t\t<div class=\"elementor-widget-container\">\n\t\t\t\t\t<h3 class=\"elementor-heading-title elementor-size-default\">Caract\u00e9ristiques techniques de la machine IBP-08\n\n<\/h3>\t\t\t\t<\/div>\n\t\t\t\t<\/div>\n\t\t\t\t<div class=\"elementor-element elementor-element-9a55d9d elementor-hidden-desktop elementor-hidden-tablet elementor-hidden-mobile elementor-widget elementor-widget-text-editor\" data-id=\"9a55d9d\" data-element_type=\"widget\" data-widget_type=\"text-editor.default\">\n\t\t\t\t<div class=\"elementor-widget-container\">\n\t\t\t\t\t\t\t\t\t<p>Isocem S\/X conferisce le migliori resistenze, specialmente iniziali, agli impasti di cemento cellulare a media densit\u00e0:<\/p>\t\t\t\t\t\t\t\t<\/div>\n\t\t\t\t<\/div>\n\t\t<div class=\"elementor-element elementor-element-693d88e e-con-full e-flex e-con e-child\" data-id=\"693d88e\" data-element_type=\"container\">\n\t\t<div class=\"elementor-element elementor-element-1d4013d e-con-full e-flex e-con e-child\" data-id=\"1d4013d\" data-element_type=\"container\" data-settings=\"{&quot;background_background&quot;:&quot;classic&quot;}\">\n\t\t\t\t<div class=\"elementor-element elementor-element-7ecfeeb elementor-widget elementor-widget-image\" data-id=\"7ecfeeb\" data-element_type=\"widget\" data-widget_type=\"image.default\">\n\t\t\t\t<div class=\"elementor-widget-container\">\n\t\t\t\t\t\t\t\t\t\t\t\t\t\t\t<img decoding=\"async\" width=\"1482\" height=\"732\" src=\"https:\/\/www.isoltech.it\/wp-content\/uploads\/2024\/10\/TABELLA-1-Caratteristiche-tecniche-della-macchina-IBP-08-FRANCESE.png\" class=\"attachment-full size-full wp-image-5946\" alt=\"\" srcset=\"https:\/\/www.isoltech.it\/wp-content\/uploads\/2024\/10\/TABELLA-1-Caratteristiche-tecniche-della-macchina-IBP-08-FRANCESE.png 1482w, https:\/\/www.isoltech.it\/wp-content\/uploads\/2024\/10\/TABELLA-1-Caratteristiche-tecniche-della-macchina-IBP-08-FRANCESE-300x148.png 300w, https:\/\/www.isoltech.it\/wp-content\/uploads\/2024\/10\/TABELLA-1-Caratteristiche-tecniche-della-macchina-IBP-08-FRANCESE-1024x506.png 1024w, https:\/\/www.isoltech.it\/wp-content\/uploads\/2024\/10\/TABELLA-1-Caratteristiche-tecniche-della-macchina-IBP-08-FRANCESE-768x379.png 768w\" sizes=\"(max-width: 1482px) 100vw, 1482px\" \/>\t\t\t\t\t\t\t\t\t\t\t\t\t\t\t<\/div>\n\t\t\t\t<\/div>\n\t\t\t\t<\/div>\n\t\t\t\t<\/div>\n\t\t\t\t<\/div>\n\t\t\t\t\t<\/div>\n\t\t\t\t<\/div>\n\t\t<div class=\"elementor-element elementor-element-fba3f25 e-con-full e-flex e-con e-parent\" data-id=\"fba3f25\" data-element_type=\"container\">\n\t\t<div class=\"elementor-element elementor-element-934b0d9 e-con-full e-flex e-con e-child\" data-id=\"934b0d9\" data-element_type=\"container\" data-settings=\"{&quot;background_background&quot;:&quot;classic&quot;}\">\n\t\t<div class=\"elementor-element elementor-element-44352b1 e-con-full e-flex e-con e-child\" data-id=\"44352b1\" data-element_type=\"container\">\n\t\t\t\t<div class=\"elementor-element elementor-element-2c50fdf animated-slow elementor-invisible elementor-widget elementor-widget-jkit_heading\" data-id=\"2c50fdf\" data-element_type=\"widget\" data-settings=\"{&quot;_animation&quot;:&quot;fadeInUp&quot;}\" data-widget_type=\"jkit_heading.default\">\n\t\t\t\t<div class=\"elementor-widget-container\">\n\t\t\t\t\t<div  class=\"jeg-elementor-kit jkit-heading  align-center align-tablet- align-mobile- jeg_module__1_69def74ce9d0f\" ><div class=\"heading-section-title  display-inline-block\"><h5 class=\"heading-title\"><span class=\"style-color\"><span>INFORMATIONS<\/span><\/span><\/h5><\/div><\/div>\t\t\t\t<\/div>\n\t\t\t\t<\/div>\n\t\t\t\t<div class=\"elementor-element elementor-element-93f099f elementor-widget elementor-widget-heading\" data-id=\"93f099f\" data-element_type=\"widget\" data-widget_type=\"heading.default\">\n\t\t\t\t<div class=\"elementor-widget-container\">\n\t\t\t\t\t<h2 class=\"elementor-heading-title elementor-size-default\">Avez-vous besoin d\u2019une application autre que celles list\u00e9es ?\n<\/h2>\t\t\t\t<\/div>\n\t\t\t\t<\/div>\n\t\t\t\t<div class=\"elementor-element elementor-element-923d9e5 elementor-widget elementor-widget-text-editor\" data-id=\"923d9e5\" data-element_type=\"widget\" data-widget_type=\"text-editor.default\">\n\t\t\t\t<div class=\"elementor-widget-container\">\n\t\t\t\t\t\t\t\t\t<p>Notre personnel sp\u00e9cialis\u00e9 est \u00e0 votre disposition<\/p>\t\t\t\t\t\t\t\t<\/div>\n\t\t\t\t<\/div>\n\t\t\t\t<div class=\"elementor-element elementor-element-656457c elementor-align-center elementor-widget elementor-widget-button\" data-id=\"656457c\" data-element_type=\"widget\" data-widget_type=\"button.default\">\n\t\t\t\t<div class=\"elementor-widget-container\">\n\t\t\t\t\t\t\t\t\t<div class=\"elementor-button-wrapper\">\n\t\t\t\t\t<a class=\"elementor-button elementor-button-link elementor-size-sm\" href=\"https:\/\/www.isoltech.it\/fr\/contacts\/\">\n\t\t\t\t\t\t<span class=\"elementor-button-content-wrapper\">\n\t\t\t\t\t\t\t\t\t<span class=\"elementor-button-text\">Contactez-nous maintenant<\/span>\n\t\t\t\t\t<\/span>\n\t\t\t\t\t<\/a>\n\t\t\t\t<\/div>\n\t\t\t\t\t\t\t\t<\/div>\n\t\t\t\t<\/div>\n\t\t\t\t<\/div>\n\t\t\t\t<\/div>\n\t\t\t\t<\/div>\n\t\t\t\t<\/div>\n\t\t","protected":false},"excerpt":{"rendered":"<p>Machines et installations MACHINES ET INSTALLATIONS Machine pour la production de sous-couches en b\u00e9ton cellulaire | IBP-08 L&rsquo;IBP-08 est la machine id\u00e9ale pour la production de sous-couches en b\u00e9ton cellulaire de haute qualit\u00e9. Avec une capacit\u00e9 de production de 7-10 m\u00b3\/heure, l&rsquo;efficacit\u00e9, la polyvalence, la praticit\u00e9 et la simplicit\u00e9 sont les crit\u00e8res fondamentaux qui ont [&hellip;]<\/p>\n","protected":false},"author":1,"featured_media":0,"parent":0,"menu_order":0,"comment_status":"closed","ping_status":"closed","template":"elementor_header_footer","meta":{"footnotes":""},"class_list":["post-5941","page","type-page","status-publish","hentry"],"yoast_head":"<!-- This site is optimized with the Yoast SEO plugin v25.3 - https:\/\/yoast.com\/wordpress\/plugins\/seo\/ -->\n<title>Machine pour la production de sous-couches en b\u00e9ton cellulaire - Isoltech<\/title>\n<meta name=\"description\" content=\"IBP-08 est une machine pour la production de blocs en b\u00e9ton cellulaire avec sable de densit\u00e9 moyenne, id\u00e9ale pour les sous-couches. Capacit\u00e9 de production de 7-10 m\u00b3\/heure.\" \/>\n<meta name=\"robots\" content=\"index, follow, max-snippet:-1, max-image-preview:large, max-video-preview:-1\" \/>\n<link rel=\"canonical\" href=\"https:\/\/www.isoltech.it\/fr\/production-machine-substrats-beton-cellulaire\/\" \/>\n<meta property=\"og:locale\" content=\"fr_FR\" \/>\n<meta property=\"og:type\" content=\"article\" \/>\n<meta property=\"og:title\" content=\"Machine pour la production de sous-couches en b\u00e9ton cellulaire - Isoltech\" \/>\n<meta property=\"og:description\" content=\"IBP-08 est une machine pour la production de blocs en b\u00e9ton cellulaire avec sable de densit\u00e9 moyenne, id\u00e9ale pour les sous-couches. Capacit\u00e9 de production de 7-10 m\u00b3\/heure.\" \/>\n<meta property=\"og:url\" content=\"https:\/\/www.isoltech.it\/fr\/production-machine-substrats-beton-cellulaire\/\" \/>\n<meta property=\"og:site_name\" content=\"Isoltech\" \/>\n<meta property=\"article:modified_time\" content=\"2024-11-25T15:34:01+00:00\" \/>\n<meta property=\"og:image\" content=\"https:\/\/www.isoltech.it\/wp-content\/uploads\/2024\/10\/macchina-sottofondi.jpg\" \/>\n<meta name=\"twitter:card\" content=\"summary_large_image\" \/>\n<meta name=\"twitter:label1\" content=\"Dur\u00e9e de lecture estim\u00e9e\" \/>\n\t<meta name=\"twitter:data1\" content=\"2 minutes\" \/>\n<script type=\"application\/ld+json\" class=\"yoast-schema-graph\">{\"@context\":\"https:\/\/schema.org\",\"@graph\":[{\"@type\":\"WebPage\",\"@id\":\"https:\/\/www.isoltech.it\/fr\/production-machine-substrats-beton-cellulaire\/\",\"url\":\"https:\/\/www.isoltech.it\/fr\/production-machine-substrats-beton-cellulaire\/\",\"name\":\"Machine pour la production de sous-couches en b\u00e9ton cellulaire - Isoltech\",\"isPartOf\":{\"@id\":\"https:\/\/www.isoltech.it\/fr\/#website\"},\"primaryImageOfPage\":{\"@id\":\"https:\/\/www.isoltech.it\/fr\/production-machine-substrats-beton-cellulaire\/#primaryimage\"},\"image\":{\"@id\":\"https:\/\/www.isoltech.it\/fr\/production-machine-substrats-beton-cellulaire\/#primaryimage\"},\"thumbnailUrl\":\"https:\/\/www.isoltech.it\/wp-content\/uploads\/2024\/10\/macchina-sottofondi.jpg\",\"datePublished\":\"2024-09-03T13:50:08+00:00\",\"dateModified\":\"2024-11-25T15:34:01+00:00\",\"description\":\"IBP-08 est une machine pour la production de blocs en b\u00e9ton cellulaire avec sable de densit\u00e9 moyenne, id\u00e9ale pour les sous-couches. Capacit\u00e9 de production de 7-10 m\u00b3\/heure.\",\"breadcrumb\":{\"@id\":\"https:\/\/www.isoltech.it\/fr\/production-machine-substrats-beton-cellulaire\/#breadcrumb\"},\"inLanguage\":\"fr-FR\",\"potentialAction\":[{\"@type\":\"ReadAction\",\"target\":[\"https:\/\/www.isoltech.it\/fr\/production-machine-substrats-beton-cellulaire\/\"]}]},{\"@type\":\"ImageObject\",\"inLanguage\":\"fr-FR\",\"@id\":\"https:\/\/www.isoltech.it\/fr\/production-machine-substrats-beton-cellulaire\/#primaryimage\",\"url\":\"https:\/\/www.isoltech.it\/wp-content\/uploads\/2024\/10\/macchina-sottofondi.jpg\",\"contentUrl\":\"https:\/\/www.isoltech.it\/wp-content\/uploads\/2024\/10\/macchina-sottofondi.jpg\"},{\"@type\":\"BreadcrumbList\",\"@id\":\"https:\/\/www.isoltech.it\/fr\/production-machine-substrats-beton-cellulaire\/#breadcrumb\",\"itemListElement\":[{\"@type\":\"ListItem\",\"position\":1,\"name\":\"Home\",\"item\":\"https:\/\/www.isoltech.it\/fr\/\"},{\"@type\":\"ListItem\",\"position\":2,\"name\":\"\u00a0Machine pour la production de sous-couches en b\u00e9ton cellulaire | IBP-08\"}]},{\"@type\":\"WebSite\",\"@id\":\"https:\/\/www.isoltech.it\/fr\/#website\",\"url\":\"https:\/\/www.isoltech.it\/fr\/\",\"name\":\"Isoltech\",\"description\":\"cemento cellulare\",\"potentialAction\":[{\"@type\":\"SearchAction\",\"target\":{\"@type\":\"EntryPoint\",\"urlTemplate\":\"https:\/\/www.isoltech.it\/fr\/?s={search_term_string}\"},\"query-input\":{\"@type\":\"PropertyValueSpecification\",\"valueRequired\":true,\"valueName\":\"search_term_string\"}}],\"inLanguage\":\"fr-FR\"}]}<\/script>\n<!-- \/ Yoast SEO plugin. -->","yoast_head_json":{"title":"Machine pour la production de sous-couches en b\u00e9ton cellulaire - Isoltech","description":"IBP-08 est une machine pour la production de blocs en b\u00e9ton cellulaire avec sable de densit\u00e9 moyenne, id\u00e9ale pour les sous-couches. Capacit\u00e9 de production de 7-10 m\u00b3\/heure.","robots":{"index":"index","follow":"follow","max-snippet":"max-snippet:-1","max-image-preview":"max-image-preview:large","max-video-preview":"max-video-preview:-1"},"canonical":"https:\/\/www.isoltech.it\/fr\/production-machine-substrats-beton-cellulaire\/","og_locale":"fr_FR","og_type":"article","og_title":"Machine pour la production de sous-couches en b\u00e9ton cellulaire - Isoltech","og_description":"IBP-08 est une machine pour la production de blocs en b\u00e9ton cellulaire avec sable de densit\u00e9 moyenne, id\u00e9ale pour les sous-couches. Capacit\u00e9 de production de 7-10 m\u00b3\/heure.","og_url":"https:\/\/www.isoltech.it\/fr\/production-machine-substrats-beton-cellulaire\/","og_site_name":"Isoltech","article_modified_time":"2024-11-25T15:34:01+00:00","og_image":[{"url":"https:\/\/www.isoltech.it\/wp-content\/uploads\/2024\/10\/macchina-sottofondi.jpg","type":"","width":"","height":""}],"twitter_card":"summary_large_image","twitter_misc":{"Dur\u00e9e de lecture estim\u00e9e":"2 minutes"},"schema":{"@context":"https:\/\/schema.org","@graph":[{"@type":"WebPage","@id":"https:\/\/www.isoltech.it\/fr\/production-machine-substrats-beton-cellulaire\/","url":"https:\/\/www.isoltech.it\/fr\/production-machine-substrats-beton-cellulaire\/","name":"Machine pour la production de sous-couches en b\u00e9ton cellulaire - Isoltech","isPartOf":{"@id":"https:\/\/www.isoltech.it\/fr\/#website"},"primaryImageOfPage":{"@id":"https:\/\/www.isoltech.it\/fr\/production-machine-substrats-beton-cellulaire\/#primaryimage"},"image":{"@id":"https:\/\/www.isoltech.it\/fr\/production-machine-substrats-beton-cellulaire\/#primaryimage"},"thumbnailUrl":"https:\/\/www.isoltech.it\/wp-content\/uploads\/2024\/10\/macchina-sottofondi.jpg","datePublished":"2024-09-03T13:50:08+00:00","dateModified":"2024-11-25T15:34:01+00:00","description":"IBP-08 est une machine pour la production de blocs en b\u00e9ton cellulaire avec sable de densit\u00e9 moyenne, id\u00e9ale pour les sous-couches. Capacit\u00e9 de production de 7-10 m\u00b3\/heure.","breadcrumb":{"@id":"https:\/\/www.isoltech.it\/fr\/production-machine-substrats-beton-cellulaire\/#breadcrumb"},"inLanguage":"fr-FR","potentialAction":[{"@type":"ReadAction","target":["https:\/\/www.isoltech.it\/fr\/production-machine-substrats-beton-cellulaire\/"]}]},{"@type":"ImageObject","inLanguage":"fr-FR","@id":"https:\/\/www.isoltech.it\/fr\/production-machine-substrats-beton-cellulaire\/#primaryimage","url":"https:\/\/www.isoltech.it\/wp-content\/uploads\/2024\/10\/macchina-sottofondi.jpg","contentUrl":"https:\/\/www.isoltech.it\/wp-content\/uploads\/2024\/10\/macchina-sottofondi.jpg"},{"@type":"BreadcrumbList","@id":"https:\/\/www.isoltech.it\/fr\/production-machine-substrats-beton-cellulaire\/#breadcrumb","itemListElement":[{"@type":"ListItem","position":1,"name":"Home","item":"https:\/\/www.isoltech.it\/fr\/"},{"@type":"ListItem","position":2,"name":"\u00a0Machine pour la production de sous-couches en b\u00e9ton cellulaire | IBP-08"}]},{"@type":"WebSite","@id":"https:\/\/www.isoltech.it\/fr\/#website","url":"https:\/\/www.isoltech.it\/fr\/","name":"Isoltech","description":"cemento cellulare","potentialAction":[{"@type":"SearchAction","target":{"@type":"EntryPoint","urlTemplate":"https:\/\/www.isoltech.it\/fr\/?s={search_term_string}"},"query-input":{"@type":"PropertyValueSpecification","valueRequired":true,"valueName":"search_term_string"}}],"inLanguage":"fr-FR"}]}},"_links":{"self":[{"href":"https:\/\/www.isoltech.it\/fr\/wp-json\/wp\/v2\/pages\/5941","targetHints":{"allow":["GET"]}}],"collection":[{"href":"https:\/\/www.isoltech.it\/fr\/wp-json\/wp\/v2\/pages"}],"about":[{"href":"https:\/\/www.isoltech.it\/fr\/wp-json\/wp\/v2\/types\/page"}],"author":[{"embeddable":true,"href":"https:\/\/www.isoltech.it\/fr\/wp-json\/wp\/v2\/users\/1"}],"replies":[{"embeddable":true,"href":"https:\/\/www.isoltech.it\/fr\/wp-json\/wp\/v2\/comments?post=5941"}],"version-history":[{"count":4,"href":"https:\/\/www.isoltech.it\/fr\/wp-json\/wp\/v2\/pages\/5941\/revisions"}],"predecessor-version":[{"id":5952,"href":"https:\/\/www.isoltech.it\/fr\/wp-json\/wp\/v2\/pages\/5941\/revisions\/5952"}],"wp:attachment":[{"href":"https:\/\/www.isoltech.it\/fr\/wp-json\/wp\/v2\/media?parent=5941"}],"curies":[{"name":"wp","href":"https:\/\/api.w.org\/{rel}","templated":true}]}}